{"id":99681,"date":"2025-04-10T12:22:05","date_gmt":"2025-04-10T10:22:05","guid":{"rendered":"https:\/\/www.tetrachim.com\/product\/placage-zinc-nickel-a-electrolyte\/"},"modified":"2026-05-13T23:06:35","modified_gmt":"2026-05-13T21:06:35","slug":"placage-zinc-nickel-a-electrolyte","status":"publish","type":"product","link":"https:\/\/www.tetrachim.com\/fr\/produit\/placage-zinc-nickel-a-electrolyte\/","title":{"rendered":"Placage Zinc-Nickel A Electrolyte"},"content":{"rendered":"<p>L&rsquo;\u00e9lectrolyte de m\u00e9tallisation Zn-Ni A n\u00e9cessite une pr\u00e9paration de surface sp\u00e9cifique pour assurer une bonne adh\u00e9rence au m\u00e9tal. Les produits de nettoyage et d&rsquo;appr\u00eat de Lorilleux sont \u00e9galement disponibles dans la gamme Tetrachim. <\/p>\n","protected":false},"excerpt":{"rendered":"<p>L&rsquo;alliage Zinc-Nickel A est un \u00e9lectrolyte de placage d\u00e9velopp\u00e9 pour le processus d&rsquo;\u00e9lectrolyse s\u00e9lective. Il s&rsquo;agit d&rsquo;une solution \u00e0 base d&rsquo;eau contenant des ions m\u00e9talliques qui seront d\u00e9pos\u00e9s sur des substrats m\u00e9talliques. L&rsquo;alliage Zn-Ni A offre une excellente protection contre la corrosion et une r\u00e9sistance \u00e0 l&rsquo;usure. Il est principalement utilis\u00e9 comme substitut du cadmium dans les applications a\u00e9rospatiales.   <\/p>\n","protected":false},"featured_media":97547,"template":"","meta":[],"product_brand":[],"product_cat":[474],"product_tag":[],"class_list":{"0":"post-99681","1":"product","2":"type-product","3":"status-publish","4":"has-post-thumbnail","6":"supplier-lorilleux-fr","7":"market-aeronautique","8":"market-energie-electricite","9":"market-papier-textile","10":"property-resistance-a-lusure","11":"property-resistance-a-la-corrosion","12":"product_cat-electrolytes-pour-electrolyse-selective","13":"product_shipping_class-danger-fr","15":"first","16":"onbackorder","17":"taxable","18":"shipping-taxable","19":"purchasable","20":"product-type-simple"},"yoast_head":"<!-- This site is optimized with the Yoast SEO plugin v27.5 - https:\/\/yoast.com\/product\/yoast-seo-wordpress\/ -->\n<title>Placage Zinc-Nickel A Electrolyte - Tetrachim<\/title>\n<meta name=\"robots\" content=\"index, follow, max-snippet:-1, max-image-preview:large, max-video-preview:-1\" \/>\n<link rel=\"canonical\" href=\"https:\/\/www.tetrachim.com\/fr\/produit\/placage-zinc-nickel-a-electrolyte\/\" \/>\n<meta property=\"og:locale\" content=\"fr_FR\" \/>\n<meta property=\"og:type\" content=\"article\" \/>\n<meta property=\"og:title\" content=\"Placage Zinc-Nickel A Electrolyte - Tetrachim\" \/>\n<meta property=\"og:description\" content=\"L&#039;alliage Zinc-Nickel A est un \u00e9lectrolyte de placage d\u00e9velopp\u00e9 pour le processus d&#039;\u00e9lectrolyse s\u00e9lective. Il s&#039;agit d&#039;une solution \u00e0 base d&#039;eau contenant des ions m\u00e9talliques qui seront d\u00e9pos\u00e9s sur des substrats m\u00e9talliques. L&#039;alliage Zn-Ni A offre une excellente protection contre la corrosion et une r\u00e9sistance \u00e0 l&#039;usure. Il est principalement utilis\u00e9 comme substitut du cadmium dans les applications a\u00e9rospatiales.\" \/>\n<meta property=\"og:url\" content=\"https:\/\/www.tetrachim.com\/fr\/produit\/placage-zinc-nickel-a-electrolyte\/\" \/>\n<meta property=\"og:site_name\" content=\"Tetrachim\" \/>\n<meta property=\"article:modified_time\" content=\"2026-05-13T21:06:35+00:00\" \/>\n<meta property=\"og:image\" content=\"https:\/\/www.tetrachim.com\/wp-content\/uploads\/2025\/04\/Packshot-Alliage-Zn-Ni-A-1.jpg\" \/>\n\t<meta property=\"og:image:width\" content=\"576\" \/>\n\t<meta property=\"og:image:height\" content=\"593\" \/>\n\t<meta property=\"og:image:type\" content=\"image\/jpeg\" \/>\n<meta name=\"twitter:card\" content=\"summary_large_image\" \/>\n<meta name=\"twitter:site\" content=\"@Tetrachim\" \/>\n<script type=\"application\/ld+json\" class=\"yoast-schema-graph\">{\"@context\":\"https:\\\/\\\/schema.org\",\"@graph\":[{\"@type\":\"WebPage\",\"@id\":\"https:\\\/\\\/www.tetrachim.com\\\/fr\\\/produit\\\/placage-zinc-nickel-a-electrolyte\\\/\",\"url\":\"https:\\\/\\\/www.tetrachim.com\\\/fr\\\/produit\\\/placage-zinc-nickel-a-electrolyte\\\/\",\"name\":\"Placage Zinc-Nickel A Electrolyte - Tetrachim\",\"isPartOf\":{\"@id\":\"https:\\\/\\\/www.tetrachim.com\\\/fr\\\/#website\"},\"primaryImageOfPage\":{\"@id\":\"https:\\\/\\\/www.tetrachim.com\\\/fr\\\/produit\\\/placage-zinc-nickel-a-electrolyte\\\/#primaryimage\"},\"image\":{\"@id\":\"https:\\\/\\\/www.tetrachim.com\\\/fr\\\/produit\\\/placage-zinc-nickel-a-electrolyte\\\/#primaryimage\"},\"thumbnailUrl\":\"https:\\\/\\\/www.tetrachim.com\\\/wp-content\\\/uploads\\\/2025\\\/04\\\/Packshot-Alliage-Zn-Ni-A-1.jpg\",\"datePublished\":\"2025-04-10T10:22:05+00:00\",\"dateModified\":\"2026-05-13T21:06:35+00:00\",\"breadcrumb\":{\"@id\":\"https:\\\/\\\/www.tetrachim.com\\\/fr\\\/produit\\\/placage-zinc-nickel-a-electrolyte\\\/#breadcrumb\"},\"inLanguage\":\"fr-FR\",\"potentialAction\":[{\"@type\":\"ReadAction\",\"target\":[\"https:\\\/\\\/www.tetrachim.com\\\/fr\\\/produit\\\/placage-zinc-nickel-a-electrolyte\\\/\"]}]},{\"@type\":\"ImageObject\",\"inLanguage\":\"fr-FR\",\"@id\":\"https:\\\/\\\/www.tetrachim.com\\\/fr\\\/produit\\\/placage-zinc-nickel-a-electrolyte\\\/#primaryimage\",\"url\":\"https:\\\/\\\/www.tetrachim.com\\\/wp-content\\\/uploads\\\/2025\\\/04\\\/Packshot-Alliage-Zn-Ni-A-1.jpg\",\"contentUrl\":\"https:\\\/\\\/www.tetrachim.com\\\/wp-content\\\/uploads\\\/2025\\\/04\\\/Packshot-Alliage-Zn-Ni-A-1.jpg\",\"width\":576,\"height\":593},{\"@type\":\"BreadcrumbList\",\"@id\":\"https:\\\/\\\/www.tetrachim.com\\\/fr\\\/produit\\\/placage-zinc-nickel-a-electrolyte\\\/#breadcrumb\",\"itemListElement\":[{\"@type\":\"ListItem\",\"position\":1,\"name\":\"\",\"item\":\"https:\\\/\\\/www.tetrachim.com\\\/fr\\\/\"},{\"@type\":\"ListItem\",\"position\":2,\"name\":\"Boutique\",\"item\":\"https:\\\/\\\/www.tetrachim.com\\\/fr\\\/boutique\\\/\"},{\"@type\":\"ListItem\",\"position\":3,\"name\":\"Placage Zinc-Nickel A Electrolyte\"}]},{\"@type\":\"WebSite\",\"@id\":\"https:\\\/\\\/www.tetrachim.com\\\/fr\\\/#website\",\"url\":\"https:\\\/\\\/www.tetrachim.com\\\/fr\\\/\",\"name\":\"Tetrachim\",\"description\":\"Rev\u00eatements high-tech\",\"publisher\":{\"@id\":\"https:\\\/\\\/www.tetrachim.com\\\/fr\\\/#organization\"},\"potentialAction\":[{\"@type\":\"SearchAction\",\"target\":{\"@type\":\"EntryPoint\",\"urlTemplate\":\"https:\\\/\\\/www.tetrachim.com\\\/fr\\\/?s={search_term_string}\"},\"query-input\":{\"@type\":\"PropertyValueSpecification\",\"valueRequired\":true,\"valueName\":\"search_term_string\"}}],\"inLanguage\":\"fr-FR\"},{\"@type\":\"Organization\",\"@id\":\"https:\\\/\\\/www.tetrachim.com\\\/fr\\\/#organization\",\"name\":\"Tetrachim\",\"url\":\"https:\\\/\\\/www.tetrachim.com\\\/fr\\\/\",\"logo\":{\"@type\":\"ImageObject\",\"inLanguage\":\"fr-FR\",\"@id\":\"https:\\\/\\\/www.tetrachim.com\\\/fr\\\/#\\\/schema\\\/logo\\\/image\\\/\",\"url\":\"https:\\\/\\\/www.tetrachim.com\\\/wp-content\\\/uploads\\\/2020\\\/07\\\/logo-tetrachim.png\",\"contentUrl\":\"https:\\\/\\\/www.tetrachim.com\\\/wp-content\\\/uploads\\\/2020\\\/07\\\/logo-tetrachim.png\",\"width\":244,\"height\":51,\"caption\":\"Tetrachim\"},\"image\":{\"@id\":\"https:\\\/\\\/www.tetrachim.com\\\/fr\\\/#\\\/schema\\\/logo\\\/image\\\/\"},\"sameAs\":[\"https:\\\/\\\/x.com\\\/Tetrachim\",\"https:\\\/\\\/www.linkedin.com\\\/company\\\/tetrachim\\\/\"]}]}<\/script>\n<!-- \/ Yoast SEO plugin. -->","yoast_head_json":{"title":"Placage Zinc-Nickel A Electrolyte - Tetrachim","robots":{"index":"index","follow":"follow","max-snippet":"max-snippet:-1","max-image-preview":"max-image-preview:large","max-video-preview":"max-video-preview:-1"},"canonical":"https:\/\/www.tetrachim.com\/fr\/produit\/placage-zinc-nickel-a-electrolyte\/","og_locale":"fr_FR","og_type":"article","og_title":"Placage Zinc-Nickel A Electrolyte - Tetrachim","og_description":"L'alliage Zinc-Nickel A est un \u00e9lectrolyte de placage d\u00e9velopp\u00e9 pour le processus d'\u00e9lectrolyse s\u00e9lective. Il s'agit d'une solution \u00e0 base d'eau contenant des ions m\u00e9talliques qui seront d\u00e9pos\u00e9s sur des substrats m\u00e9talliques. L'alliage Zn-Ni A offre une excellente protection contre la corrosion et une r\u00e9sistance \u00e0 l'usure. Il est principalement utilis\u00e9 comme substitut du cadmium dans les applications a\u00e9rospatiales.","og_url":"https:\/\/www.tetrachim.com\/fr\/produit\/placage-zinc-nickel-a-electrolyte\/","og_site_name":"Tetrachim","article_modified_time":"2026-05-13T21:06:35+00:00","og_image":[{"width":576,"height":593,"url":"https:\/\/www.tetrachim.com\/wp-content\/uploads\/2025\/04\/Packshot-Alliage-Zn-Ni-A-1.jpg","type":"image\/jpeg"}],"twitter_card":"summary_large_image","twitter_site":"@Tetrachim","schema":{"@context":"https:\/\/schema.org","@graph":[{"@type":"WebPage","@id":"https:\/\/www.tetrachim.com\/fr\/produit\/placage-zinc-nickel-a-electrolyte\/","url":"https:\/\/www.tetrachim.com\/fr\/produit\/placage-zinc-nickel-a-electrolyte\/","name":"Placage Zinc-Nickel A Electrolyte - Tetrachim","isPartOf":{"@id":"https:\/\/www.tetrachim.com\/fr\/#website"},"primaryImageOfPage":{"@id":"https:\/\/www.tetrachim.com\/fr\/produit\/placage-zinc-nickel-a-electrolyte\/#primaryimage"},"image":{"@id":"https:\/\/www.tetrachim.com\/fr\/produit\/placage-zinc-nickel-a-electrolyte\/#primaryimage"},"thumbnailUrl":"https:\/\/www.tetrachim.com\/wp-content\/uploads\/2025\/04\/Packshot-Alliage-Zn-Ni-A-1.jpg","datePublished":"2025-04-10T10:22:05+00:00","dateModified":"2026-05-13T21:06:35+00:00","breadcrumb":{"@id":"https:\/\/www.tetrachim.com\/fr\/produit\/placage-zinc-nickel-a-electrolyte\/#breadcrumb"},"inLanguage":"fr-FR","potentialAction":[{"@type":"ReadAction","target":["https:\/\/www.tetrachim.com\/fr\/produit\/placage-zinc-nickel-a-electrolyte\/"]}]},{"@type":"ImageObject","inLanguage":"fr-FR","@id":"https:\/\/www.tetrachim.com\/fr\/produit\/placage-zinc-nickel-a-electrolyte\/#primaryimage","url":"https:\/\/www.tetrachim.com\/wp-content\/uploads\/2025\/04\/Packshot-Alliage-Zn-Ni-A-1.jpg","contentUrl":"https:\/\/www.tetrachim.com\/wp-content\/uploads\/2025\/04\/Packshot-Alliage-Zn-Ni-A-1.jpg","width":576,"height":593},{"@type":"BreadcrumbList","@id":"https:\/\/www.tetrachim.com\/fr\/produit\/placage-zinc-nickel-a-electrolyte\/#breadcrumb","itemListElement":[{"@type":"ListItem","position":1,"name":"","item":"https:\/\/www.tetrachim.com\/fr\/"},{"@type":"ListItem","position":2,"name":"Boutique","item":"https:\/\/www.tetrachim.com\/fr\/boutique\/"},{"@type":"ListItem","position":3,"name":"Placage Zinc-Nickel A Electrolyte"}]},{"@type":"WebSite","@id":"https:\/\/www.tetrachim.com\/fr\/#website","url":"https:\/\/www.tetrachim.com\/fr\/","name":"Tetrachim","description":"Rev\u00eatements high-tech","publisher":{"@id":"https:\/\/www.tetrachim.com\/fr\/#organization"},"potentialAction":[{"@type":"SearchAction","target":{"@type":"EntryPoint","urlTemplate":"https:\/\/www.tetrachim.com\/fr\/?s={search_term_string}"},"query-input":{"@type":"PropertyValueSpecification","valueRequired":true,"valueName":"search_term_string"}}],"inLanguage":"fr-FR"},{"@type":"Organization","@id":"https:\/\/www.tetrachim.com\/fr\/#organization","name":"Tetrachim","url":"https:\/\/www.tetrachim.com\/fr\/","logo":{"@type":"ImageObject","inLanguage":"fr-FR","@id":"https:\/\/www.tetrachim.com\/fr\/#\/schema\/logo\/image\/","url":"https:\/\/www.tetrachim.com\/wp-content\/uploads\/2020\/07\/logo-tetrachim.png","contentUrl":"https:\/\/www.tetrachim.com\/wp-content\/uploads\/2020\/07\/logo-tetrachim.png","width":244,"height":51,"caption":"Tetrachim"},"image":{"@id":"https:\/\/www.tetrachim.com\/fr\/#\/schema\/logo\/image\/"},"sameAs":["https:\/\/x.com\/Tetrachim","https:\/\/www.linkedin.com\/company\/tetrachim\/"]}]}},"tiered_pricing_type":"fixed","tiered_pricing_fixed_rules":[],"tiered_pricing_product_settings":{"layout":"default","base_unit_name":{"singular":null,"plural":null},"default_variation":null},"tiered_pricing_minimum_quantity":null,"tiered_pricing_roles_data":[],"tiered_pricing_percentage_rules":[],"_links":{"self":[{"href":"https:\/\/www.tetrachim.com\/fr\/wp-json\/wp\/v2\/product\/99681","targetHints":{"allow":["GET"]}}],"collection":[{"href":"https:\/\/www.tetrachim.com\/fr\/wp-json\/wp\/v2\/product"}],"about":[{"href":"https:\/\/www.tetrachim.com\/fr\/wp-json\/wp\/v2\/types\/product"}],"wp:featuredmedia":[{"embeddable":true,"href":"https:\/\/www.tetrachim.com\/fr\/wp-json\/wp\/v2\/media\/97547"}],"wp:attachment":[{"href":"https:\/\/www.tetrachim.com\/fr\/wp-json\/wp\/v2\/media?parent=99681"}],"wp:term":[{"taxonomy":"product_brand","embeddable":true,"href":"https:\/\/www.tetrachim.com\/fr\/wp-json\/wp\/v2\/product_brand?post=99681"},{"taxonomy":"product_cat","embeddable":true,"href":"https:\/\/www.tetrachim.com\/fr\/wp-json\/wp\/v2\/product_cat?post=99681"},{"taxonomy":"product_tag","embeddable":true,"href":"https:\/\/www.tetrachim.com\/fr\/wp-json\/wp\/v2\/product_tag?post=99681"}],"curies":[{"name":"wp","href":"https:\/\/api.w.org\/{rel}","templated":true}]}}