{"id":99701,"date":"2022-12-16T06:46:56","date_gmt":"2022-12-16T05:46:56","guid":{"rendered":"https:\/\/www.tetrachim.com\/product\/esy-orange-7705\/"},"modified":"2026-04-26T00:09:21","modified_gmt":"2026-04-25T22:09:21","slug":"esy-orange-7705","status":"publish","type":"product","link":"https:\/\/www.tetrachim.com\/fr\/produit\/esy-orange-7705\/","title":{"rendered":"ESY Orange 7705"},"content":{"rendered":"<p>Les poudres fines Rilsan\u00ae sont des poudres de polyamide 11 biosourc\u00e9 de haute performance produites \u00e0 partir d&rsquo;huile de ricin. Les polyamides thermoplastiques sont utilis\u00e9s pour rev\u00eatir les substrats m\u00e9talliques en raison de leurs caract\u00e9ristiques exceptionnelles, notamment la r\u00e9sistance \u00e0 l&rsquo;abrasion, \u00e0 la corrosion et aux chocs, la r\u00e9duction du bruit, la flexibilit\u00e9 et le faible coefficient de frottement.  Les grades Rilsan\u00ae ESY sont con\u00e7us pour le rev\u00eatement de pi\u00e8ces m\u00e9talliques par pulv\u00e9risation \u00e9lectrostatique.<\/p>\n","protected":false},"excerpt":{"rendered":"<p>Les poudres fines Rilsan\u00ae sont des rev\u00eatements polyamides biosourc\u00e9s qui offrent une grande protection contre la haute tension tout en offrant une excellente flexibilit\u00e9, une r\u00e9sistance aux chocs et \u00e0 l&rsquo;abrasion, une protection contre la corrosion et une r\u00e9sistance aux UV. Le Rilsan\u00ae ESY Orange 7705 offre une bonne isolation \u00e9lectrique, m\u00eame \u00e0 faible \u00e9paisseur. <\/p>\n","protected":false},"featured_media":88965,"template":"","meta":[],"product_brand":[],"product_cat":[479,473],"product_tag":[],"class_list":{"0":"post-99701","1":"product","2":"type-product","3":"status-publish","4":"has-post-thumbnail","6":"supplier-arkema-fr","7":"market-aeronautique","8":"market-automotive-fr","9":"market-electronique-semi-conducteurs","10":"market-energie-electricite","11":"market-sante","12":"market-papier-textile","13":"property-resistance-a-la-corrosion","14":"property-resistance-chimique","15":"property-resistance-a-labrasion","16":"property-isolation","17":"product_cat-rilsan-poudres-fines","18":"product_cat-revetements-eco-responsables","20":"first","21":"instock","22":"taxable","23":"shipping-taxable","24":"purchasable","25":"product-type-simple"},"yoast_head":"<!-- This site is optimized with the Yoast SEO plugin v27.4 - https:\/\/yoast.com\/product\/yoast-seo-wordpress\/ -->\n<title>ESY Orange 7705 - Tetrachim<\/title>\n<meta name=\"robots\" content=\"index, follow, max-snippet:-1, max-image-preview:large, max-video-preview:-1\" \/>\n<link rel=\"canonical\" href=\"https:\/\/www.tetrachim.com\/fr\/produit\/esy-orange-7705\/\" \/>\n<meta property=\"og:locale\" content=\"fr_FR\" \/>\n<meta property=\"og:type\" content=\"article\" \/>\n<meta property=\"og:title\" content=\"ESY Orange 7705 - Tetrachim\" \/>\n<meta property=\"og:description\" content=\"Les poudres fines Rilsan\u00ae sont des rev\u00eatements polyamides biosourc\u00e9s qui offrent une grande protection contre la haute tension tout en offrant une excellente flexibilit\u00e9, une r\u00e9sistance aux chocs et \u00e0 l&#039;abrasion, une protection contre la corrosion et une r\u00e9sistance aux UV. Le Rilsan\u00ae ESY Orange 7705 offre une bonne isolation \u00e9lectrique, m\u00eame \u00e0 faible \u00e9paisseur.\" \/>\n<meta property=\"og:url\" content=\"https:\/\/www.tetrachim.com\/fr\/produit\/esy-orange-7705\/\" \/>\n<meta property=\"og:site_name\" content=\"Tetrachim\" \/>\n<meta property=\"article:modified_time\" content=\"2026-04-25T22:09:21+00:00\" \/>\n<meta property=\"og:image\" content=\"https:\/\/www.tetrachim.com\/wp-content\/uploads\/2020\/10\/Rilsan-sac.jpg\" \/>\n\t<meta property=\"og:image:width\" content=\"900\" \/>\n\t<meta property=\"og:image:height\" content=\"900\" \/>\n\t<meta property=\"og:image:type\" content=\"image\/jpeg\" \/>\n<meta name=\"twitter:card\" content=\"summary_large_image\" \/>\n<meta name=\"twitter:site\" content=\"@Tetrachim\" \/>\n<script type=\"application\/ld+json\" class=\"yoast-schema-graph\">{\"@context\":\"https:\\\/\\\/schema.org\",\"@graph\":[{\"@type\":\"WebPage\",\"@id\":\"https:\\\/\\\/www.tetrachim.com\\\/fr\\\/produit\\\/esy-orange-7705\\\/\",\"url\":\"https:\\\/\\\/www.tetrachim.com\\\/fr\\\/produit\\\/esy-orange-7705\\\/\",\"name\":\"ESY Orange 7705 - Tetrachim\",\"isPartOf\":{\"@id\":\"https:\\\/\\\/www.tetrachim.com\\\/fr\\\/#website\"},\"primaryImageOfPage\":{\"@id\":\"https:\\\/\\\/www.tetrachim.com\\\/fr\\\/produit\\\/esy-orange-7705\\\/#primaryimage\"},\"image\":{\"@id\":\"https:\\\/\\\/www.tetrachim.com\\\/fr\\\/produit\\\/esy-orange-7705\\\/#primaryimage\"},\"thumbnailUrl\":\"https:\\\/\\\/www.tetrachim.com\\\/wp-content\\\/uploads\\\/2020\\\/10\\\/Rilsan-sac.jpg\",\"datePublished\":\"2022-12-16T05:46:56+00:00\",\"dateModified\":\"2026-04-25T22:09:21+00:00\",\"breadcrumb\":{\"@id\":\"https:\\\/\\\/www.tetrachim.com\\\/fr\\\/produit\\\/esy-orange-7705\\\/#breadcrumb\"},\"inLanguage\":\"fr-FR\",\"potentialAction\":[{\"@type\":\"ReadAction\",\"target\":[\"https:\\\/\\\/www.tetrachim.com\\\/fr\\\/produit\\\/esy-orange-7705\\\/\"]}]},{\"@type\":\"ImageObject\",\"inLanguage\":\"fr-FR\",\"@id\":\"https:\\\/\\\/www.tetrachim.com\\\/fr\\\/produit\\\/esy-orange-7705\\\/#primaryimage\",\"url\":\"https:\\\/\\\/www.tetrachim.com\\\/wp-content\\\/uploads\\\/2020\\\/10\\\/Rilsan-sac.jpg\",\"contentUrl\":\"https:\\\/\\\/www.tetrachim.com\\\/wp-content\\\/uploads\\\/2020\\\/10\\\/Rilsan-sac.jpg\",\"width\":900,\"height\":900},{\"@type\":\"BreadcrumbList\",\"@id\":\"https:\\\/\\\/www.tetrachim.com\\\/fr\\\/produit\\\/esy-orange-7705\\\/#breadcrumb\",\"itemListElement\":[{\"@type\":\"ListItem\",\"position\":1,\"name\":\"\",\"item\":\"https:\\\/\\\/www.tetrachim.com\\\/fr\\\/\"},{\"@type\":\"ListItem\",\"position\":2,\"name\":\"Boutique\",\"item\":\"https:\\\/\\\/www.tetrachim.com\\\/fr\\\/boutique\\\/\"},{\"@type\":\"ListItem\",\"position\":3,\"name\":\"ESY Orange 7705\"}]},{\"@type\":\"WebSite\",\"@id\":\"https:\\\/\\\/www.tetrachim.com\\\/fr\\\/#website\",\"url\":\"https:\\\/\\\/www.tetrachim.com\\\/fr\\\/\",\"name\":\"Tetrachim\",\"description\":\"Rev\u00eatements high-tech\",\"publisher\":{\"@id\":\"https:\\\/\\\/www.tetrachim.com\\\/fr\\\/#organization\"},\"potentialAction\":[{\"@type\":\"SearchAction\",\"target\":{\"@type\":\"EntryPoint\",\"urlTemplate\":\"https:\\\/\\\/www.tetrachim.com\\\/fr\\\/?s={search_term_string}\"},\"query-input\":{\"@type\":\"PropertyValueSpecification\",\"valueRequired\":true,\"valueName\":\"search_term_string\"}}],\"inLanguage\":\"fr-FR\"},{\"@type\":\"Organization\",\"@id\":\"https:\\\/\\\/www.tetrachim.com\\\/fr\\\/#organization\",\"name\":\"Tetrachim\",\"url\":\"https:\\\/\\\/www.tetrachim.com\\\/fr\\\/\",\"logo\":{\"@type\":\"ImageObject\",\"inLanguage\":\"fr-FR\",\"@id\":\"https:\\\/\\\/www.tetrachim.com\\\/fr\\\/#\\\/schema\\\/logo\\\/image\\\/\",\"url\":\"https:\\\/\\\/www.tetrachim.com\\\/wp-content\\\/uploads\\\/2020\\\/07\\\/logo-tetrachim.png\",\"contentUrl\":\"https:\\\/\\\/www.tetrachim.com\\\/wp-content\\\/uploads\\\/2020\\\/07\\\/logo-tetrachim.png\",\"width\":244,\"height\":51,\"caption\":\"Tetrachim\"},\"image\":{\"@id\":\"https:\\\/\\\/www.tetrachim.com\\\/fr\\\/#\\\/schema\\\/logo\\\/image\\\/\"},\"sameAs\":[\"https:\\\/\\\/x.com\\\/Tetrachim\",\"https:\\\/\\\/www.linkedin.com\\\/company\\\/tetrachim\\\/\"]}]}<\/script>\n<!-- \/ Yoast SEO plugin. -->","yoast_head_json":{"title":"ESY Orange 7705 - Tetrachim","robots":{"index":"index","follow":"follow","max-snippet":"max-snippet:-1","max-image-preview":"max-image-preview:large","max-video-preview":"max-video-preview:-1"},"canonical":"https:\/\/www.tetrachim.com\/fr\/produit\/esy-orange-7705\/","og_locale":"fr_FR","og_type":"article","og_title":"ESY Orange 7705 - Tetrachim","og_description":"Les poudres fines Rilsan\u00ae sont des rev\u00eatements polyamides biosourc\u00e9s qui offrent une grande protection contre la haute tension tout en offrant une excellente flexibilit\u00e9, une r\u00e9sistance aux chocs et \u00e0 l'abrasion, une protection contre la corrosion et une r\u00e9sistance aux UV. Le Rilsan\u00ae ESY Orange 7705 offre une bonne isolation \u00e9lectrique, m\u00eame \u00e0 faible \u00e9paisseur.","og_url":"https:\/\/www.tetrachim.com\/fr\/produit\/esy-orange-7705\/","og_site_name":"Tetrachim","article_modified_time":"2026-04-25T22:09:21+00:00","og_image":[{"width":900,"height":900,"url":"https:\/\/www.tetrachim.com\/wp-content\/uploads\/2020\/10\/Rilsan-sac.jpg","type":"image\/jpeg"}],"twitter_card":"summary_large_image","twitter_site":"@Tetrachim","schema":{"@context":"https:\/\/schema.org","@graph":[{"@type":"WebPage","@id":"https:\/\/www.tetrachim.com\/fr\/produit\/esy-orange-7705\/","url":"https:\/\/www.tetrachim.com\/fr\/produit\/esy-orange-7705\/","name":"ESY Orange 7705 - Tetrachim","isPartOf":{"@id":"https:\/\/www.tetrachim.com\/fr\/#website"},"primaryImageOfPage":{"@id":"https:\/\/www.tetrachim.com\/fr\/produit\/esy-orange-7705\/#primaryimage"},"image":{"@id":"https:\/\/www.tetrachim.com\/fr\/produit\/esy-orange-7705\/#primaryimage"},"thumbnailUrl":"https:\/\/www.tetrachim.com\/wp-content\/uploads\/2020\/10\/Rilsan-sac.jpg","datePublished":"2022-12-16T05:46:56+00:00","dateModified":"2026-04-25T22:09:21+00:00","breadcrumb":{"@id":"https:\/\/www.tetrachim.com\/fr\/produit\/esy-orange-7705\/#breadcrumb"},"inLanguage":"fr-FR","potentialAction":[{"@type":"ReadAction","target":["https:\/\/www.tetrachim.com\/fr\/produit\/esy-orange-7705\/"]}]},{"@type":"ImageObject","inLanguage":"fr-FR","@id":"https:\/\/www.tetrachim.com\/fr\/produit\/esy-orange-7705\/#primaryimage","url":"https:\/\/www.tetrachim.com\/wp-content\/uploads\/2020\/10\/Rilsan-sac.jpg","contentUrl":"https:\/\/www.tetrachim.com\/wp-content\/uploads\/2020\/10\/Rilsan-sac.jpg","width":900,"height":900},{"@type":"BreadcrumbList","@id":"https:\/\/www.tetrachim.com\/fr\/produit\/esy-orange-7705\/#breadcrumb","itemListElement":[{"@type":"ListItem","position":1,"name":"","item":"https:\/\/www.tetrachim.com\/fr\/"},{"@type":"ListItem","position":2,"name":"Boutique","item":"https:\/\/www.tetrachim.com\/fr\/boutique\/"},{"@type":"ListItem","position":3,"name":"ESY Orange 7705"}]},{"@type":"WebSite","@id":"https:\/\/www.tetrachim.com\/fr\/#website","url":"https:\/\/www.tetrachim.com\/fr\/","name":"Tetrachim","description":"Rev\u00eatements high-tech","publisher":{"@id":"https:\/\/www.tetrachim.com\/fr\/#organization"},"potentialAction":[{"@type":"SearchAction","target":{"@type":"EntryPoint","urlTemplate":"https:\/\/www.tetrachim.com\/fr\/?s={search_term_string}"},"query-input":{"@type":"PropertyValueSpecification","valueRequired":true,"valueName":"search_term_string"}}],"inLanguage":"fr-FR"},{"@type":"Organization","@id":"https:\/\/www.tetrachim.com\/fr\/#organization","name":"Tetrachim","url":"https:\/\/www.tetrachim.com\/fr\/","logo":{"@type":"ImageObject","inLanguage":"fr-FR","@id":"https:\/\/www.tetrachim.com\/fr\/#\/schema\/logo\/image\/","url":"https:\/\/www.tetrachim.com\/wp-content\/uploads\/2020\/07\/logo-tetrachim.png","contentUrl":"https:\/\/www.tetrachim.com\/wp-content\/uploads\/2020\/07\/logo-tetrachim.png","width":244,"height":51,"caption":"Tetrachim"},"image":{"@id":"https:\/\/www.tetrachim.com\/fr\/#\/schema\/logo\/image\/"},"sameAs":["https:\/\/x.com\/Tetrachim","https:\/\/www.linkedin.com\/company\/tetrachim\/"]}]}},"tiered_pricing_type":"fixed","tiered_pricing_fixed_rules":[],"tiered_pricing_product_settings":{"layout":"default","base_unit_name":{"singular":null,"plural":null},"default_variation":null},"tiered_pricing_minimum_quantity":null,"tiered_pricing_roles_data":[],"tiered_pricing_percentage_rules":[],"_links":{"self":[{"href":"https:\/\/www.tetrachim.com\/fr\/wp-json\/wp\/v2\/product\/99701","targetHints":{"allow":["GET"]}}],"collection":[{"href":"https:\/\/www.tetrachim.com\/fr\/wp-json\/wp\/v2\/product"}],"about":[{"href":"https:\/\/www.tetrachim.com\/fr\/wp-json\/wp\/v2\/types\/product"}],"wp:featuredmedia":[{"embeddable":true,"href":"https:\/\/www.tetrachim.com\/fr\/wp-json\/wp\/v2\/media\/88965"}],"wp:attachment":[{"href":"https:\/\/www.tetrachim.com\/fr\/wp-json\/wp\/v2\/media?parent=99701"}],"wp:term":[{"taxonomy":"product_brand","embeddable":true,"href":"https:\/\/www.tetrachim.com\/fr\/wp-json\/wp\/v2\/product_brand?post=99701"},{"taxonomy":"product_cat","embeddable":true,"href":"https:\/\/www.tetrachim.com\/fr\/wp-json\/wp\/v2\/product_cat?post=99701"},{"taxonomy":"product_tag","embeddable":true,"href":"https:\/\/www.tetrachim.com\/fr\/wp-json\/wp\/v2\/product_tag?post=99701"}],"curies":[{"name":"wp","href":"https:\/\/api.w.org\/{rel}","templated":true}]}}