{"id":99703,"date":"2023-01-03T16:53:26","date_gmt":"2023-01-03T15:53:26","guid":{"rendered":"https:\/\/www.tetrachim.com\/product\/kepstan-6002-pl\/"},"modified":"2026-05-11T18:43:51","modified_gmt":"2026-05-11T16:43:51","slug":"kepstan-6002-pl","status":"publish","type":"product","link":"https:\/\/www.tetrachim.com\/fr\/produit\/kepstan-6002-pl\/","title":{"rendered":"Kepstan 6002 PL"},"content":{"rendered":"<p>Les rev\u00eatements en poudre \u00e0 base de Kepstan\u00ae PEKK offrent une combinaison exceptionnelle de propri\u00e9t\u00e9s physiques et de facilit\u00e9 d&rsquo;application qui en font le choix id\u00e9al pour vos applications de rev\u00eatement exigeantes.<\/p>\n<p>Kepstan\u00ae PEKK fait partie de la famille des polym\u00e8res \u00e0 tr\u00e8s haute performance PAEK. Sa structure unique de copolym\u00e8re donne un mat\u00e9riau \u00e0 polarit\u00e9 \u00e9lev\u00e9e, \u00e0 point de fusion relativement bas et \u00e0 taux de cristallisation lent. Ces propri\u00e9t\u00e9s rendent le Kepstan\u00ae PEKK plus facile \u00e0 appliquer que d&rsquo;autres rev\u00eatements, tout en pr\u00e9sentant des caract\u00e9ristiques de performance parmi les plus \u00e9lev\u00e9es qui soient.  <\/p>\n","protected":false},"excerpt":{"rendered":"<p>Les rev\u00eatements en poudre Kepstan\u00ae PEKK sont \u00e0 base de poly\u00e9ther-c\u00e9tone-c\u00e9tone. Il s&rsquo;agit du rev\u00eatement en poudre le plus performant d&rsquo;Arkema, qui peut survivre \u00e0 une exposition \u00e0 des temp\u00e9ratures \u00e9lev\u00e9es d&rsquo;utilisation continue et \u00e0 des environnements corrosifs, tout en conservant une bonne r\u00e9sistance \u00e0 l&rsquo;abrasion. Ce type de rev\u00eatement Kepstan\u00ae PEKK peut \u00eatre appliqu\u00e9 par pulv\u00e9risation \u00e9lectrostatique ou par immersion en lit fluidis\u00e9.  <\/p>\n","protected":false},"featured_media":91175,"template":"","meta":[],"product_brand":[],"product_cat":[475],"product_tag":[],"class_list":{"0":"post-99703","1":"product","2":"type-product","3":"status-publish","4":"has-post-thumbnail","6":"supplier-arkema-fr","7":"market-aeronautique","8":"market-chimie-eau","9":"market-energie-electricite","10":"property-resistance-a-labrasion","11":"property-isolation","12":"property-resistance-en-temperature","13":"property-resistance-chimique","14":"product_cat-kepstan-pekk-fr","16":"first","17":"onbackorder","18":"taxable","19":"shipping-taxable","20":"purchasable","21":"product-type-simple"},"yoast_head":"<!-- This site is optimized with the Yoast SEO plugin v27.5 - https:\/\/yoast.com\/product\/yoast-seo-wordpress\/ -->\n<title>Kepstan 6002 PL - Tetrachim<\/title>\n<meta name=\"robots\" content=\"index, follow, max-snippet:-1, max-image-preview:large, max-video-preview:-1\" \/>\n<link rel=\"canonical\" href=\"https:\/\/www.tetrachim.com\/fr\/produit\/kepstan-6002-pl\/\" \/>\n<meta property=\"og:locale\" content=\"fr_FR\" \/>\n<meta property=\"og:type\" content=\"article\" \/>\n<meta property=\"og:title\" content=\"Kepstan 6002 PL - Tetrachim\" \/>\n<meta property=\"og:description\" content=\"Les rev\u00eatements en poudre Kepstan\u00ae PEKK sont \u00e0 base de poly\u00e9ther-c\u00e9tone-c\u00e9tone. Il s&#039;agit du rev\u00eatement en poudre le plus performant d&#039;Arkema, qui peut survivre \u00e0 une exposition \u00e0 des temp\u00e9ratures \u00e9lev\u00e9es d&#039;utilisation continue et \u00e0 des environnements corrosifs, tout en conservant une bonne r\u00e9sistance \u00e0 l&#039;abrasion. Ce type de rev\u00eatement Kepstan\u00ae PEKK peut \u00eatre appliqu\u00e9 par pulv\u00e9risation \u00e9lectrostatique ou par immersion en lit fluidis\u00e9.\" \/>\n<meta property=\"og:url\" content=\"https:\/\/www.tetrachim.com\/fr\/produit\/kepstan-6002-pl\/\" \/>\n<meta property=\"og:site_name\" content=\"Tetrachim\" \/>\n<meta property=\"article:modified_time\" content=\"2026-05-11T16:43:51+00:00\" \/>\n<meta property=\"og:image\" content=\"https:\/\/www.tetrachim.com\/wp-content\/uploads\/2020\/11\/Tetrachim-PICTO_POT_TC.jpg\" \/>\n\t<meta property=\"og:image:width\" content=\"900\" \/>\n\t<meta property=\"og:image:height\" content=\"900\" \/>\n\t<meta property=\"og:image:type\" content=\"image\/jpeg\" \/>\n<meta name=\"twitter:card\" content=\"summary_large_image\" \/>\n<meta name=\"twitter:site\" content=\"@Tetrachim\" \/>\n<meta name=\"twitter:label1\" content=\"Dur\u00e9e de lecture estim\u00e9e\" \/>\n\t<meta name=\"twitter:data1\" content=\"1 minute\" \/>\n<script type=\"application\/ld+json\" class=\"yoast-schema-graph\">{\"@context\":\"https:\\\/\\\/schema.org\",\"@graph\":[{\"@type\":\"WebPage\",\"@id\":\"https:\\\/\\\/www.tetrachim.com\\\/fr\\\/produit\\\/kepstan-6002-pl\\\/\",\"url\":\"https:\\\/\\\/www.tetrachim.com\\\/fr\\\/produit\\\/kepstan-6002-pl\\\/\",\"name\":\"Kepstan 6002 PL - Tetrachim\",\"isPartOf\":{\"@id\":\"https:\\\/\\\/www.tetrachim.com\\\/fr\\\/#website\"},\"primaryImageOfPage\":{\"@id\":\"https:\\\/\\\/www.tetrachim.com\\\/fr\\\/produit\\\/kepstan-6002-pl\\\/#primaryimage\"},\"image\":{\"@id\":\"https:\\\/\\\/www.tetrachim.com\\\/fr\\\/produit\\\/kepstan-6002-pl\\\/#primaryimage\"},\"thumbnailUrl\":\"https:\\\/\\\/www.tetrachim.com\\\/wp-content\\\/uploads\\\/2020\\\/11\\\/Tetrachim-PICTO_POT_TC.jpg\",\"datePublished\":\"2023-01-03T15:53:26+00:00\",\"dateModified\":\"2026-05-11T16:43:51+00:00\",\"breadcrumb\":{\"@id\":\"https:\\\/\\\/www.tetrachim.com\\\/fr\\\/produit\\\/kepstan-6002-pl\\\/#breadcrumb\"},\"inLanguage\":\"fr-FR\",\"potentialAction\":[{\"@type\":\"ReadAction\",\"target\":[\"https:\\\/\\\/www.tetrachim.com\\\/fr\\\/produit\\\/kepstan-6002-pl\\\/\"]}]},{\"@type\":\"ImageObject\",\"inLanguage\":\"fr-FR\",\"@id\":\"https:\\\/\\\/www.tetrachim.com\\\/fr\\\/produit\\\/kepstan-6002-pl\\\/#primaryimage\",\"url\":\"https:\\\/\\\/www.tetrachim.com\\\/wp-content\\\/uploads\\\/2020\\\/11\\\/Tetrachim-PICTO_POT_TC.jpg\",\"contentUrl\":\"https:\\\/\\\/www.tetrachim.com\\\/wp-content\\\/uploads\\\/2020\\\/11\\\/Tetrachim-PICTO_POT_TC.jpg\",\"width\":900,\"height\":900},{\"@type\":\"BreadcrumbList\",\"@id\":\"https:\\\/\\\/www.tetrachim.com\\\/fr\\\/produit\\\/kepstan-6002-pl\\\/#breadcrumb\",\"itemListElement\":[{\"@type\":\"ListItem\",\"position\":1,\"name\":\"\",\"item\":\"https:\\\/\\\/www.tetrachim.com\\\/fr\\\/\"},{\"@type\":\"ListItem\",\"position\":2,\"name\":\"Boutique\",\"item\":\"https:\\\/\\\/www.tetrachim.com\\\/fr\\\/boutique\\\/\"},{\"@type\":\"ListItem\",\"position\":3,\"name\":\"Kepstan 6002 PL\"}]},{\"@type\":\"WebSite\",\"@id\":\"https:\\\/\\\/www.tetrachim.com\\\/fr\\\/#website\",\"url\":\"https:\\\/\\\/www.tetrachim.com\\\/fr\\\/\",\"name\":\"Tetrachim\",\"description\":\"Rev\u00eatements high-tech\",\"publisher\":{\"@id\":\"https:\\\/\\\/www.tetrachim.com\\\/fr\\\/#organization\"},\"potentialAction\":[{\"@type\":\"SearchAction\",\"target\":{\"@type\":\"EntryPoint\",\"urlTemplate\":\"https:\\\/\\\/www.tetrachim.com\\\/fr\\\/?s={search_term_string}\"},\"query-input\":{\"@type\":\"PropertyValueSpecification\",\"valueRequired\":true,\"valueName\":\"search_term_string\"}}],\"inLanguage\":\"fr-FR\"},{\"@type\":\"Organization\",\"@id\":\"https:\\\/\\\/www.tetrachim.com\\\/fr\\\/#organization\",\"name\":\"Tetrachim\",\"url\":\"https:\\\/\\\/www.tetrachim.com\\\/fr\\\/\",\"logo\":{\"@type\":\"ImageObject\",\"inLanguage\":\"fr-FR\",\"@id\":\"https:\\\/\\\/www.tetrachim.com\\\/fr\\\/#\\\/schema\\\/logo\\\/image\\\/\",\"url\":\"https:\\\/\\\/www.tetrachim.com\\\/wp-content\\\/uploads\\\/2020\\\/07\\\/logo-tetrachim.png\",\"contentUrl\":\"https:\\\/\\\/www.tetrachim.com\\\/wp-content\\\/uploads\\\/2020\\\/07\\\/logo-tetrachim.png\",\"width\":244,\"height\":51,\"caption\":\"Tetrachim\"},\"image\":{\"@id\":\"https:\\\/\\\/www.tetrachim.com\\\/fr\\\/#\\\/schema\\\/logo\\\/image\\\/\"},\"sameAs\":[\"https:\\\/\\\/x.com\\\/Tetrachim\",\"https:\\\/\\\/www.linkedin.com\\\/company\\\/tetrachim\\\/\"]}]}<\/script>\n<!-- \/ Yoast SEO plugin. -->","yoast_head_json":{"title":"Kepstan 6002 PL - Tetrachim","robots":{"index":"index","follow":"follow","max-snippet":"max-snippet:-1","max-image-preview":"max-image-preview:large","max-video-preview":"max-video-preview:-1"},"canonical":"https:\/\/www.tetrachim.com\/fr\/produit\/kepstan-6002-pl\/","og_locale":"fr_FR","og_type":"article","og_title":"Kepstan 6002 PL - Tetrachim","og_description":"Les rev\u00eatements en poudre Kepstan\u00ae PEKK sont \u00e0 base de poly\u00e9ther-c\u00e9tone-c\u00e9tone. Il s'agit du rev\u00eatement en poudre le plus performant d'Arkema, qui peut survivre \u00e0 une exposition \u00e0 des temp\u00e9ratures \u00e9lev\u00e9es d'utilisation continue et \u00e0 des environnements corrosifs, tout en conservant une bonne r\u00e9sistance \u00e0 l'abrasion. Ce type de rev\u00eatement Kepstan\u00ae PEKK peut \u00eatre appliqu\u00e9 par pulv\u00e9risation \u00e9lectrostatique ou par immersion en lit fluidis\u00e9.","og_url":"https:\/\/www.tetrachim.com\/fr\/produit\/kepstan-6002-pl\/","og_site_name":"Tetrachim","article_modified_time":"2026-05-11T16:43:51+00:00","og_image":[{"width":900,"height":900,"url":"https:\/\/www.tetrachim.com\/wp-content\/uploads\/2020\/11\/Tetrachim-PICTO_POT_TC.jpg","type":"image\/jpeg"}],"twitter_card":"summary_large_image","twitter_site":"@Tetrachim","twitter_misc":{"Dur\u00e9e de lecture estim\u00e9e":"1 minute"},"schema":{"@context":"https:\/\/schema.org","@graph":[{"@type":"WebPage","@id":"https:\/\/www.tetrachim.com\/fr\/produit\/kepstan-6002-pl\/","url":"https:\/\/www.tetrachim.com\/fr\/produit\/kepstan-6002-pl\/","name":"Kepstan 6002 PL - Tetrachim","isPartOf":{"@id":"https:\/\/www.tetrachim.com\/fr\/#website"},"primaryImageOfPage":{"@id":"https:\/\/www.tetrachim.com\/fr\/produit\/kepstan-6002-pl\/#primaryimage"},"image":{"@id":"https:\/\/www.tetrachim.com\/fr\/produit\/kepstan-6002-pl\/#primaryimage"},"thumbnailUrl":"https:\/\/www.tetrachim.com\/wp-content\/uploads\/2020\/11\/Tetrachim-PICTO_POT_TC.jpg","datePublished":"2023-01-03T15:53:26+00:00","dateModified":"2026-05-11T16:43:51+00:00","breadcrumb":{"@id":"https:\/\/www.tetrachim.com\/fr\/produit\/kepstan-6002-pl\/#breadcrumb"},"inLanguage":"fr-FR","potentialAction":[{"@type":"ReadAction","target":["https:\/\/www.tetrachim.com\/fr\/produit\/kepstan-6002-pl\/"]}]},{"@type":"ImageObject","inLanguage":"fr-FR","@id":"https:\/\/www.tetrachim.com\/fr\/produit\/kepstan-6002-pl\/#primaryimage","url":"https:\/\/www.tetrachim.com\/wp-content\/uploads\/2020\/11\/Tetrachim-PICTO_POT_TC.jpg","contentUrl":"https:\/\/www.tetrachim.com\/wp-content\/uploads\/2020\/11\/Tetrachim-PICTO_POT_TC.jpg","width":900,"height":900},{"@type":"BreadcrumbList","@id":"https:\/\/www.tetrachim.com\/fr\/produit\/kepstan-6002-pl\/#breadcrumb","itemListElement":[{"@type":"ListItem","position":1,"name":"","item":"https:\/\/www.tetrachim.com\/fr\/"},{"@type":"ListItem","position":2,"name":"Boutique","item":"https:\/\/www.tetrachim.com\/fr\/boutique\/"},{"@type":"ListItem","position":3,"name":"Kepstan 6002 PL"}]},{"@type":"WebSite","@id":"https:\/\/www.tetrachim.com\/fr\/#website","url":"https:\/\/www.tetrachim.com\/fr\/","name":"Tetrachim","description":"Rev\u00eatements high-tech","publisher":{"@id":"https:\/\/www.tetrachim.com\/fr\/#organization"},"potentialAction":[{"@type":"SearchAction","target":{"@type":"EntryPoint","urlTemplate":"https:\/\/www.tetrachim.com\/fr\/?s={search_term_string}"},"query-input":{"@type":"PropertyValueSpecification","valueRequired":true,"valueName":"search_term_string"}}],"inLanguage":"fr-FR"},{"@type":"Organization","@id":"https:\/\/www.tetrachim.com\/fr\/#organization","name":"Tetrachim","url":"https:\/\/www.tetrachim.com\/fr\/","logo":{"@type":"ImageObject","inLanguage":"fr-FR","@id":"https:\/\/www.tetrachim.com\/fr\/#\/schema\/logo\/image\/","url":"https:\/\/www.tetrachim.com\/wp-content\/uploads\/2020\/07\/logo-tetrachim.png","contentUrl":"https:\/\/www.tetrachim.com\/wp-content\/uploads\/2020\/07\/logo-tetrachim.png","width":244,"height":51,"caption":"Tetrachim"},"image":{"@id":"https:\/\/www.tetrachim.com\/fr\/#\/schema\/logo\/image\/"},"sameAs":["https:\/\/x.com\/Tetrachim","https:\/\/www.linkedin.com\/company\/tetrachim\/"]}]}},"tiered_pricing_type":"fixed","tiered_pricing_fixed_rules":[],"tiered_pricing_product_settings":{"layout":"default","base_unit_name":{"singular":null,"plural":null},"default_variation":null},"tiered_pricing_minimum_quantity":null,"tiered_pricing_roles_data":[],"tiered_pricing_percentage_rules":[],"_links":{"self":[{"href":"https:\/\/www.tetrachim.com\/fr\/wp-json\/wp\/v2\/product\/99703","targetHints":{"allow":["GET"]}}],"collection":[{"href":"https:\/\/www.tetrachim.com\/fr\/wp-json\/wp\/v2\/product"}],"about":[{"href":"https:\/\/www.tetrachim.com\/fr\/wp-json\/wp\/v2\/types\/product"}],"wp:featuredmedia":[{"embeddable":true,"href":"https:\/\/www.tetrachim.com\/fr\/wp-json\/wp\/v2\/media\/91175"}],"wp:attachment":[{"href":"https:\/\/www.tetrachim.com\/fr\/wp-json\/wp\/v2\/media?parent=99703"}],"wp:term":[{"taxonomy":"product_brand","embeddable":true,"href":"https:\/\/www.tetrachim.com\/fr\/wp-json\/wp\/v2\/product_brand?post=99703"},{"taxonomy":"product_cat","embeddable":true,"href":"https:\/\/www.tetrachim.com\/fr\/wp-json\/wp\/v2\/product_cat?post=99703"},{"taxonomy":"product_tag","embeddable":true,"href":"https:\/\/www.tetrachim.com\/fr\/wp-json\/wp\/v2\/product_tag?post=99703"}],"curies":[{"name":"wp","href":"https:\/\/api.w.org\/{rel}","templated":true}]}}