{"id":99705,"date":"2023-02-09T10:22:50","date_gmt":"2023-02-09T09:22:50","guid":{"rendered":"https:\/\/www.tetrachim.com\/product\/532g-8111-topcoat-fep-clear\/"},"modified":"2026-04-09T14:58:46","modified_gmt":"2026-04-09T12:58:46","slug":"532g-8111-finition-fep-poudre-transparente","status":"publish","type":"product","link":"https:\/\/www.tetrachim.com\/fr\/produit\/532g-8111-finition-fep-poudre-transparente\/","title":{"rendered":"532G-8111 Finition FEP Poudre Transparente"},"content":{"rendered":"<p>Les poudres de FEP offrent une r\u00e9sistance \u00e9lev\u00e9e \u00e0 la temp\u00e9rature, un excellent d\u00e9moulage et la capacit\u00e9 de recouvrir uniform\u00e9ment diverses formes complexes de films \u00e9pais ou minces. Le poids mol\u00e9culaire (PM) de la poudre influence la r\u00e9sistance aux propri\u00e9t\u00e9s m\u00e9caniques et\/ou thermiques, plus le PM est \u00e9lev\u00e9, plus la r\u00e9sistance du polym\u00e8re \u00e0 la fatigue\/\u00e0 la fissuration sous contrainte est \u00e9lev\u00e9e. Le taux de fluidit\u00e9 (MFR) de la poudre influence la m\u00e9thodologie d&rsquo;application, plus le MFR est \u00e9lev\u00e9, meilleur est l&rsquo;\u00e9coulement et plus lisse est le film.<\/p>\n","protected":false},"excerpt":{"rendered":"<p>Poudre de polym\u00e8re FEP de conception nouvelle, offrant une douceur accrue et une faible porosit\u00e9, ce qui se traduit par d&rsquo;excellentes propri\u00e9t\u00e9s de d\u00e9moulage et de r\u00e9sistance \u00e0 la perm\u00e9ation. Gr\u00e2ce \u00e0 la nature du polym\u00e8re et \u00e0 la distribution optimis\u00e9e de la taille des particules, les formes complexes peuvent facilement \u00eatre recouvertes de films \u00e9pais ou minces.<\/p>\n","protected":false},"featured_media":95424,"template":"","meta":[],"product_brand":[],"product_cat":[483],"product_tag":[],"class_list":{"0":"post-99705","1":"product","2":"type-product","3":"status-publish","4":"has-post-thumbnail","6":"supplier-chemours-fr","7":"market-alimentaire-boulangerie-industrielle","8":"market-emballage","9":"market-papier-textile","10":"property-anti-adherence","11":"property-resistance-chimique","12":"property-resistance-a-la-corrosion","13":"property-resistance-en-temperature","14":"product_cat-teflon-revetements-industriels","16":"first","17":"instock","18":"taxable","19":"shipping-taxable","20":"purchasable","21":"product-type-simple"},"yoast_head":"<!-- This site is optimized with the Yoast SEO plugin v27.3 - https:\/\/yoast.com\/product\/yoast-seo-wordpress\/ -->\n<title>532G-8111 Finition FEP Poudre Transparente - Tetrachim<\/title>\n<meta name=\"robots\" content=\"index, follow, max-snippet:-1, max-image-preview:large, max-video-preview:-1\" \/>\n<link rel=\"canonical\" href=\"https:\/\/www.tetrachim.com\/fr\/produit\/532g-8111-finition-fep-poudre-transparente\/\" \/>\n<meta property=\"og:locale\" content=\"fr_FR\" \/>\n<meta property=\"og:type\" content=\"article\" \/>\n<meta property=\"og:title\" content=\"532G-8111 Finition FEP Poudre Transparente - Tetrachim\" \/>\n<meta property=\"og:description\" content=\"Poudre de polym\u00e8re FEP de conception nouvelle, offrant une douceur accrue et une faible porosit\u00e9, ce qui se traduit par d&#039;excellentes propri\u00e9t\u00e9s de d\u00e9moulage et de r\u00e9sistance \u00e0 la perm\u00e9ation. Gr\u00e2ce \u00e0 la nature du polym\u00e8re et \u00e0 la distribution optimis\u00e9e de la taille des particules, les formes complexes peuvent facilement \u00eatre recouvertes de films \u00e9pais ou minces.\" \/>\n<meta property=\"og:url\" content=\"https:\/\/www.tetrachim.com\/fr\/produit\/532g-8111-finition-fep-poudre-transparente\/\" \/>\n<meta property=\"og:site_name\" content=\"Tetrachim\" \/>\n<meta property=\"article:modified_time\" content=\"2026-04-09T12:58:46+00:00\" \/>\n<meta property=\"og:image\" content=\"https:\/\/www.tetrachim.com\/wp-content\/uploads\/2020\/11\/532G8111-300x300-1.jpg\" \/>\n\t<meta property=\"og:image:width\" content=\"300\" \/>\n\t<meta property=\"og:image:height\" content=\"300\" \/>\n\t<meta property=\"og:image:type\" content=\"image\/jpeg\" \/>\n<meta name=\"twitter:card\" content=\"summary_large_image\" \/>\n<meta name=\"twitter:site\" content=\"@Tetrachim\" \/>\n<meta name=\"twitter:label1\" content=\"Dur\u00e9e de lecture estim\u00e9e\" \/>\n\t<meta name=\"twitter:data1\" content=\"1 minute\" \/>\n<script type=\"application\/ld+json\" class=\"yoast-schema-graph\">{\"@context\":\"https:\\\/\\\/schema.org\",\"@graph\":[{\"@type\":\"WebPage\",\"@id\":\"https:\\\/\\\/www.tetrachim.com\\\/fr\\\/produit\\\/532g-8111-finition-fep-poudre-transparente\\\/\",\"url\":\"https:\\\/\\\/www.tetrachim.com\\\/fr\\\/produit\\\/532g-8111-finition-fep-poudre-transparente\\\/\",\"name\":\"532G-8111 Finition FEP Poudre Transparente - Tetrachim\",\"isPartOf\":{\"@id\":\"https:\\\/\\\/www.tetrachim.com\\\/fr\\\/#website\"},\"primaryImageOfPage\":{\"@id\":\"https:\\\/\\\/www.tetrachim.com\\\/fr\\\/produit\\\/532g-8111-finition-fep-poudre-transparente\\\/#primaryimage\"},\"image\":{\"@id\":\"https:\\\/\\\/www.tetrachim.com\\\/fr\\\/produit\\\/532g-8111-finition-fep-poudre-transparente\\\/#primaryimage\"},\"thumbnailUrl\":\"https:\\\/\\\/www.tetrachim.com\\\/wp-content\\\/uploads\\\/2020\\\/11\\\/532G8111-300x300-1.jpg\",\"datePublished\":\"2023-02-09T09:22:50+00:00\",\"dateModified\":\"2026-04-09T12:58:46+00:00\",\"breadcrumb\":{\"@id\":\"https:\\\/\\\/www.tetrachim.com\\\/fr\\\/produit\\\/532g-8111-finition-fep-poudre-transparente\\\/#breadcrumb\"},\"inLanguage\":\"fr-FR\",\"potentialAction\":[{\"@type\":\"ReadAction\",\"target\":[\"https:\\\/\\\/www.tetrachim.com\\\/fr\\\/produit\\\/532g-8111-finition-fep-poudre-transparente\\\/\"]}]},{\"@type\":\"ImageObject\",\"inLanguage\":\"fr-FR\",\"@id\":\"https:\\\/\\\/www.tetrachim.com\\\/fr\\\/produit\\\/532g-8111-finition-fep-poudre-transparente\\\/#primaryimage\",\"url\":\"https:\\\/\\\/www.tetrachim.com\\\/wp-content\\\/uploads\\\/2020\\\/11\\\/532G8111-300x300-1.jpg\",\"contentUrl\":\"https:\\\/\\\/www.tetrachim.com\\\/wp-content\\\/uploads\\\/2020\\\/11\\\/532G8111-300x300-1.jpg\",\"width\":300,\"height\":300},{\"@type\":\"BreadcrumbList\",\"@id\":\"https:\\\/\\\/www.tetrachim.com\\\/fr\\\/produit\\\/532g-8111-finition-fep-poudre-transparente\\\/#breadcrumb\",\"itemListElement\":[{\"@type\":\"ListItem\",\"position\":1,\"name\":\"\",\"item\":\"https:\\\/\\\/www.tetrachim.com\\\/fr\\\/\"},{\"@type\":\"ListItem\",\"position\":2,\"name\":\"Boutique\",\"item\":\"https:\\\/\\\/www.tetrachim.com\\\/fr\\\/boutique\\\/\"},{\"@type\":\"ListItem\",\"position\":3,\"name\":\"532G-8111 Finition FEP Poudre Transparente\"}]},{\"@type\":\"WebSite\",\"@id\":\"https:\\\/\\\/www.tetrachim.com\\\/fr\\\/#website\",\"url\":\"https:\\\/\\\/www.tetrachim.com\\\/fr\\\/\",\"name\":\"Tetrachim\",\"description\":\"Rev\u00eatements high-tech\",\"publisher\":{\"@id\":\"https:\\\/\\\/www.tetrachim.com\\\/fr\\\/#organization\"},\"potentialAction\":[{\"@type\":\"SearchAction\",\"target\":{\"@type\":\"EntryPoint\",\"urlTemplate\":\"https:\\\/\\\/www.tetrachim.com\\\/fr\\\/?s={search_term_string}\"},\"query-input\":{\"@type\":\"PropertyValueSpecification\",\"valueRequired\":true,\"valueName\":\"search_term_string\"}}],\"inLanguage\":\"fr-FR\"},{\"@type\":\"Organization\",\"@id\":\"https:\\\/\\\/www.tetrachim.com\\\/fr\\\/#organization\",\"name\":\"Tetrachim\",\"url\":\"https:\\\/\\\/www.tetrachim.com\\\/fr\\\/\",\"logo\":{\"@type\":\"ImageObject\",\"inLanguage\":\"fr-FR\",\"@id\":\"https:\\\/\\\/www.tetrachim.com\\\/fr\\\/#\\\/schema\\\/logo\\\/image\\\/\",\"url\":\"https:\\\/\\\/www.tetrachim.com\\\/wp-content\\\/uploads\\\/2020\\\/07\\\/logo-tetrachim.png\",\"contentUrl\":\"https:\\\/\\\/www.tetrachim.com\\\/wp-content\\\/uploads\\\/2020\\\/07\\\/logo-tetrachim.png\",\"width\":244,\"height\":51,\"caption\":\"Tetrachim\"},\"image\":{\"@id\":\"https:\\\/\\\/www.tetrachim.com\\\/fr\\\/#\\\/schema\\\/logo\\\/image\\\/\"},\"sameAs\":[\"https:\\\/\\\/x.com\\\/Tetrachim\",\"https:\\\/\\\/www.linkedin.com\\\/company\\\/tetrachim\\\/\"]}]}<\/script>\n<!-- \/ Yoast SEO plugin. -->","yoast_head_json":{"title":"532G-8111 Finition FEP Poudre Transparente - Tetrachim","robots":{"index":"index","follow":"follow","max-snippet":"max-snippet:-1","max-image-preview":"max-image-preview:large","max-video-preview":"max-video-preview:-1"},"canonical":"https:\/\/www.tetrachim.com\/fr\/produit\/532g-8111-finition-fep-poudre-transparente\/","og_locale":"fr_FR","og_type":"article","og_title":"532G-8111 Finition FEP Poudre Transparente - Tetrachim","og_description":"Poudre de polym\u00e8re FEP de conception nouvelle, offrant une douceur accrue et une faible porosit\u00e9, ce qui se traduit par d'excellentes propri\u00e9t\u00e9s de d\u00e9moulage et de r\u00e9sistance \u00e0 la perm\u00e9ation. Gr\u00e2ce \u00e0 la nature du polym\u00e8re et \u00e0 la distribution optimis\u00e9e de la taille des particules, les formes complexes peuvent facilement \u00eatre recouvertes de films \u00e9pais ou minces.","og_url":"https:\/\/www.tetrachim.com\/fr\/produit\/532g-8111-finition-fep-poudre-transparente\/","og_site_name":"Tetrachim","article_modified_time":"2026-04-09T12:58:46+00:00","og_image":[{"width":300,"height":300,"url":"https:\/\/www.tetrachim.com\/wp-content\/uploads\/2020\/11\/532G8111-300x300-1.jpg","type":"image\/jpeg"}],"twitter_card":"summary_large_image","twitter_site":"@Tetrachim","twitter_misc":{"Dur\u00e9e de lecture estim\u00e9e":"1 minute"},"schema":{"@context":"https:\/\/schema.org","@graph":[{"@type":"WebPage","@id":"https:\/\/www.tetrachim.com\/fr\/produit\/532g-8111-finition-fep-poudre-transparente\/","url":"https:\/\/www.tetrachim.com\/fr\/produit\/532g-8111-finition-fep-poudre-transparente\/","name":"532G-8111 Finition FEP Poudre Transparente - Tetrachim","isPartOf":{"@id":"https:\/\/www.tetrachim.com\/fr\/#website"},"primaryImageOfPage":{"@id":"https:\/\/www.tetrachim.com\/fr\/produit\/532g-8111-finition-fep-poudre-transparente\/#primaryimage"},"image":{"@id":"https:\/\/www.tetrachim.com\/fr\/produit\/532g-8111-finition-fep-poudre-transparente\/#primaryimage"},"thumbnailUrl":"https:\/\/www.tetrachim.com\/wp-content\/uploads\/2020\/11\/532G8111-300x300-1.jpg","datePublished":"2023-02-09T09:22:50+00:00","dateModified":"2026-04-09T12:58:46+00:00","breadcrumb":{"@id":"https:\/\/www.tetrachim.com\/fr\/produit\/532g-8111-finition-fep-poudre-transparente\/#breadcrumb"},"inLanguage":"fr-FR","potentialAction":[{"@type":"ReadAction","target":["https:\/\/www.tetrachim.com\/fr\/produit\/532g-8111-finition-fep-poudre-transparente\/"]}]},{"@type":"ImageObject","inLanguage":"fr-FR","@id":"https:\/\/www.tetrachim.com\/fr\/produit\/532g-8111-finition-fep-poudre-transparente\/#primaryimage","url":"https:\/\/www.tetrachim.com\/wp-content\/uploads\/2020\/11\/532G8111-300x300-1.jpg","contentUrl":"https:\/\/www.tetrachim.com\/wp-content\/uploads\/2020\/11\/532G8111-300x300-1.jpg","width":300,"height":300},{"@type":"BreadcrumbList","@id":"https:\/\/www.tetrachim.com\/fr\/produit\/532g-8111-finition-fep-poudre-transparente\/#breadcrumb","itemListElement":[{"@type":"ListItem","position":1,"name":"","item":"https:\/\/www.tetrachim.com\/fr\/"},{"@type":"ListItem","position":2,"name":"Boutique","item":"https:\/\/www.tetrachim.com\/fr\/boutique\/"},{"@type":"ListItem","position":3,"name":"532G-8111 Finition FEP Poudre Transparente"}]},{"@type":"WebSite","@id":"https:\/\/www.tetrachim.com\/fr\/#website","url":"https:\/\/www.tetrachim.com\/fr\/","name":"Tetrachim","description":"Rev\u00eatements high-tech","publisher":{"@id":"https:\/\/www.tetrachim.com\/fr\/#organization"},"potentialAction":[{"@type":"SearchAction","target":{"@type":"EntryPoint","urlTemplate":"https:\/\/www.tetrachim.com\/fr\/?s={search_term_string}"},"query-input":{"@type":"PropertyValueSpecification","valueRequired":true,"valueName":"search_term_string"}}],"inLanguage":"fr-FR"},{"@type":"Organization","@id":"https:\/\/www.tetrachim.com\/fr\/#organization","name":"Tetrachim","url":"https:\/\/www.tetrachim.com\/fr\/","logo":{"@type":"ImageObject","inLanguage":"fr-FR","@id":"https:\/\/www.tetrachim.com\/fr\/#\/schema\/logo\/image\/","url":"https:\/\/www.tetrachim.com\/wp-content\/uploads\/2020\/07\/logo-tetrachim.png","contentUrl":"https:\/\/www.tetrachim.com\/wp-content\/uploads\/2020\/07\/logo-tetrachim.png","width":244,"height":51,"caption":"Tetrachim"},"image":{"@id":"https:\/\/www.tetrachim.com\/fr\/#\/schema\/logo\/image\/"},"sameAs":["https:\/\/x.com\/Tetrachim","https:\/\/www.linkedin.com\/company\/tetrachim\/"]}]}},"tiered_pricing_type":"fixed","tiered_pricing_fixed_rules":[],"tiered_pricing_product_settings":{"layout":"default","base_unit_name":{"singular":null,"plural":null},"default_variation":null},"tiered_pricing_minimum_quantity":null,"tiered_pricing_roles_data":[],"tiered_pricing_percentage_rules":[],"_links":{"self":[{"href":"https:\/\/www.tetrachim.com\/fr\/wp-json\/wp\/v2\/product\/99705","targetHints":{"allow":["GET"]}}],"collection":[{"href":"https:\/\/www.tetrachim.com\/fr\/wp-json\/wp\/v2\/product"}],"about":[{"href":"https:\/\/www.tetrachim.com\/fr\/wp-json\/wp\/v2\/types\/product"}],"wp:featuredmedia":[{"embeddable":true,"href":"https:\/\/www.tetrachim.com\/fr\/wp-json\/wp\/v2\/media\/95424"}],"wp:attachment":[{"href":"https:\/\/www.tetrachim.com\/fr\/wp-json\/wp\/v2\/media?parent=99705"}],"wp:term":[{"taxonomy":"product_brand","embeddable":true,"href":"https:\/\/www.tetrachim.com\/fr\/wp-json\/wp\/v2\/product_brand?post=99705"},{"taxonomy":"product_cat","embeddable":true,"href":"https:\/\/www.tetrachim.com\/fr\/wp-json\/wp\/v2\/product_cat?post=99705"},{"taxonomy":"product_tag","embeddable":true,"href":"https:\/\/www.tetrachim.com\/fr\/wp-json\/wp\/v2\/product_tag?post=99705"}],"curies":[{"name":"wp","href":"https:\/\/api.w.org\/{rel}","templated":true}]}}