{"id":99708,"date":"2023-02-21T17:29:25","date_gmt":"2023-02-21T16:29:25","guid":{"rendered":"https:\/\/www.tetrachim.com\/product\/kit-de-demarrage-master-jet-3\/"},"modified":"2026-04-10T13:46:40","modified_gmt":"2026-04-10T11:46:40","slug":"kit-de-demarrage-master-jet-3","status":"publish","type":"product","link":"https:\/\/www.tetrachim.com\/fr\/produit\/kit-de-demarrage-master-jet-3\/","title":{"rendered":"Kit de d\u00e9marrage MASTER-Jet 3"},"content":{"rendered":"<p>MASTER-JET 3 est le meilleur pistolet \u00e0 flamme manuel de sa cat\u00e9gorie. Sa productivit\u00e9, sa polyvalence et sa simplicit\u00e9 offrent \u00e0 l&rsquo;utilisateur une exp\u00e9rience in\u00e9gal\u00e9e pour un dispositif manuel de pulv\u00e9risation \u00e0 flamme.<br \/>\nIl est capable de pulv\u00e9riser des rev\u00eatements c\u00e9ramiques, m\u00e9talliques et carbures \u00e0 l&rsquo;aide de fils, de Flexicord ou de tiges Rokide\u00ae en grandes s\u00e9ries, avec un moteur lent\/rapide permettant de couvrir le zinc jusqu&rsquo;\u00e0 l&rsquo;acier sans changer de pistolet.<br \/>\nGr\u00e2ce \u00e0 son moteur sans balais d&rsquo;une tr\u00e8s grande long\u00e9vit\u00e9 et d&rsquo;une grande efficacit\u00e9 \u00e9nerg\u00e9tique, l&rsquo;alimentation en mat\u00e9riau est pr\u00e9cise et reproductible.<br \/>\nLe pistolet offre une excellente efficacit\u00e9 de pulv\u00e9risation avec de faibles co\u00fbts d&rsquo;investissement et une faible consommation de gaz, ce qui en fait une solution de pulv\u00e9risation tr\u00e8s rentable pour produire des rev\u00eatements pour une vari\u00e9t\u00e9 d&rsquo;applications.<br \/>\nLe pistolet ergonomique et tr\u00e8s l\u00e9ger peut \u00eatre utilis\u00e9 manuellement ou avec un robot, ce qui constitue une alternative optimale pour le rev\u00eatement de formes compliqu\u00e9es et de grandes surfaces.<\/p>\n","protected":false},"excerpt":{"rendered":"<p>MASTER-JET 3 est le meilleur pistolet \u00e0 flamme manuel de sa cat\u00e9gorie. Sa productivit\u00e9, sa polyvalence et sa simplicit\u00e9 offrent \u00e0 l&rsquo;utilisateur une exp\u00e9rience in\u00e9gal\u00e9e pour un dispositif manuel de pulv\u00e9risation \u00e0 flamme.<\/p>\n","protected":false},"featured_media":95016,"template":"","meta":[],"product_brand":[],"product_cat":[480],"product_tag":[],"class_list":{"0":"post-99708","1":"product","2":"type-product","3":"status-publish","4":"has-post-thumbnail","6":"supplier-saint-gobain-fr","7":"market-aeronautique","8":"market-alimentaire-boulangerie-industrielle","9":"market-emballage","10":"market-papier-textile","11":"product_cat-equipement-saint-gobain","13":"first","14":"onbackorder","15":"taxable","16":"shipping-taxable","17":"purchasable","18":"product-type-simple"},"yoast_head":"<!-- This site is optimized with the Yoast SEO plugin v27.3 - https:\/\/yoast.com\/product\/yoast-seo-wordpress\/ -->\n<title>Kit de d\u00e9marrage MASTER-Jet 3 - Tetrachim<\/title>\n<meta name=\"robots\" content=\"index, follow, max-snippet:-1, max-image-preview:large, max-video-preview:-1\" \/>\n<link rel=\"canonical\" href=\"https:\/\/www.tetrachim.com\/fr\/produit\/kit-de-demarrage-master-jet-3\/\" \/>\n<meta property=\"og:locale\" content=\"fr_FR\" \/>\n<meta property=\"og:type\" content=\"article\" \/>\n<meta property=\"og:title\" content=\"Kit de d\u00e9marrage MASTER-Jet 3 - Tetrachim\" \/>\n<meta property=\"og:description\" content=\"MASTER-JET 3 est le meilleur pistolet \u00e0 flamme manuel de sa cat\u00e9gorie. Sa productivit\u00e9, sa polyvalence et sa simplicit\u00e9 offrent \u00e0 l&#039;utilisateur une exp\u00e9rience in\u00e9gal\u00e9e pour un dispositif manuel de pulv\u00e9risation \u00e0 flamme.\" \/>\n<meta property=\"og:url\" content=\"https:\/\/www.tetrachim.com\/fr\/produit\/kit-de-demarrage-master-jet-3\/\" \/>\n<meta property=\"og:site_name\" content=\"Tetrachim\" \/>\n<meta property=\"article:modified_time\" content=\"2026-04-10T11:46:40+00:00\" \/>\n<meta property=\"og:image\" content=\"https:\/\/www.tetrachim.com\/wp-content\/uploads\/2022\/12\/3-guns-MASTER-JET.jpg\" \/>\n\t<meta property=\"og:image:width\" content=\"640\" \/>\n\t<meta property=\"og:image:height\" content=\"540\" \/>\n\t<meta property=\"og:image:type\" content=\"image\/jpeg\" \/>\n<meta name=\"twitter:card\" content=\"summary_large_image\" \/>\n<meta name=\"twitter:site\" content=\"@Tetrachim\" \/>\n<meta name=\"twitter:label1\" content=\"Dur\u00e9e de lecture estim\u00e9e\" \/>\n\t<meta name=\"twitter:data1\" content=\"1 minute\" \/>\n<script type=\"application\/ld+json\" class=\"yoast-schema-graph\">{\"@context\":\"https:\\\/\\\/schema.org\",\"@graph\":[{\"@type\":\"WebPage\",\"@id\":\"https:\\\/\\\/www.tetrachim.com\\\/fr\\\/produit\\\/kit-de-demarrage-master-jet-3\\\/\",\"url\":\"https:\\\/\\\/www.tetrachim.com\\\/fr\\\/produit\\\/kit-de-demarrage-master-jet-3\\\/\",\"name\":\"Kit de d\u00e9marrage MASTER-Jet 3 - Tetrachim\",\"isPartOf\":{\"@id\":\"https:\\\/\\\/www.tetrachim.com\\\/fr\\\/#website\"},\"primaryImageOfPage\":{\"@id\":\"https:\\\/\\\/www.tetrachim.com\\\/fr\\\/produit\\\/kit-de-demarrage-master-jet-3\\\/#primaryimage\"},\"image\":{\"@id\":\"https:\\\/\\\/www.tetrachim.com\\\/fr\\\/produit\\\/kit-de-demarrage-master-jet-3\\\/#primaryimage\"},\"thumbnailUrl\":\"https:\\\/\\\/www.tetrachim.com\\\/wp-content\\\/uploads\\\/2022\\\/12\\\/3-guns-MASTER-JET.jpg\",\"datePublished\":\"2023-02-21T16:29:25+00:00\",\"dateModified\":\"2026-04-10T11:46:40+00:00\",\"breadcrumb\":{\"@id\":\"https:\\\/\\\/www.tetrachim.com\\\/fr\\\/produit\\\/kit-de-demarrage-master-jet-3\\\/#breadcrumb\"},\"inLanguage\":\"fr-FR\",\"potentialAction\":[{\"@type\":\"ReadAction\",\"target\":[\"https:\\\/\\\/www.tetrachim.com\\\/fr\\\/produit\\\/kit-de-demarrage-master-jet-3\\\/\"]}]},{\"@type\":\"ImageObject\",\"inLanguage\":\"fr-FR\",\"@id\":\"https:\\\/\\\/www.tetrachim.com\\\/fr\\\/produit\\\/kit-de-demarrage-master-jet-3\\\/#primaryimage\",\"url\":\"https:\\\/\\\/www.tetrachim.com\\\/wp-content\\\/uploads\\\/2022\\\/12\\\/3-guns-MASTER-JET.jpg\",\"contentUrl\":\"https:\\\/\\\/www.tetrachim.com\\\/wp-content\\\/uploads\\\/2022\\\/12\\\/3-guns-MASTER-JET.jpg\",\"width\":640,\"height\":540},{\"@type\":\"BreadcrumbList\",\"@id\":\"https:\\\/\\\/www.tetrachim.com\\\/fr\\\/produit\\\/kit-de-demarrage-master-jet-3\\\/#breadcrumb\",\"itemListElement\":[{\"@type\":\"ListItem\",\"position\":1,\"name\":\"\",\"item\":\"https:\\\/\\\/www.tetrachim.com\\\/fr\\\/\"},{\"@type\":\"ListItem\",\"position\":2,\"name\":\"Boutique\",\"item\":\"https:\\\/\\\/www.tetrachim.com\\\/fr\\\/boutique\\\/\"},{\"@type\":\"ListItem\",\"position\":3,\"name\":\"Kit de d\u00e9marrage MASTER-Jet 3\"}]},{\"@type\":\"WebSite\",\"@id\":\"https:\\\/\\\/www.tetrachim.com\\\/fr\\\/#website\",\"url\":\"https:\\\/\\\/www.tetrachim.com\\\/fr\\\/\",\"name\":\"Tetrachim\",\"description\":\"Rev\u00eatements high-tech\",\"publisher\":{\"@id\":\"https:\\\/\\\/www.tetrachim.com\\\/fr\\\/#organization\"},\"potentialAction\":[{\"@type\":\"SearchAction\",\"target\":{\"@type\":\"EntryPoint\",\"urlTemplate\":\"https:\\\/\\\/www.tetrachim.com\\\/fr\\\/?s={search_term_string}\"},\"query-input\":{\"@type\":\"PropertyValueSpecification\",\"valueRequired\":true,\"valueName\":\"search_term_string\"}}],\"inLanguage\":\"fr-FR\"},{\"@type\":\"Organization\",\"@id\":\"https:\\\/\\\/www.tetrachim.com\\\/fr\\\/#organization\",\"name\":\"Tetrachim\",\"url\":\"https:\\\/\\\/www.tetrachim.com\\\/fr\\\/\",\"logo\":{\"@type\":\"ImageObject\",\"inLanguage\":\"fr-FR\",\"@id\":\"https:\\\/\\\/www.tetrachim.com\\\/fr\\\/#\\\/schema\\\/logo\\\/image\\\/\",\"url\":\"https:\\\/\\\/www.tetrachim.com\\\/wp-content\\\/uploads\\\/2020\\\/07\\\/logo-tetrachim.png\",\"contentUrl\":\"https:\\\/\\\/www.tetrachim.com\\\/wp-content\\\/uploads\\\/2020\\\/07\\\/logo-tetrachim.png\",\"width\":244,\"height\":51,\"caption\":\"Tetrachim\"},\"image\":{\"@id\":\"https:\\\/\\\/www.tetrachim.com\\\/fr\\\/#\\\/schema\\\/logo\\\/image\\\/\"},\"sameAs\":[\"https:\\\/\\\/x.com\\\/Tetrachim\",\"https:\\\/\\\/www.linkedin.com\\\/company\\\/tetrachim\\\/\"]}]}<\/script>\n<!-- \/ Yoast SEO plugin. -->","yoast_head_json":{"title":"Kit de d\u00e9marrage MASTER-Jet 3 - Tetrachim","robots":{"index":"index","follow":"follow","max-snippet":"max-snippet:-1","max-image-preview":"max-image-preview:large","max-video-preview":"max-video-preview:-1"},"canonical":"https:\/\/www.tetrachim.com\/fr\/produit\/kit-de-demarrage-master-jet-3\/","og_locale":"fr_FR","og_type":"article","og_title":"Kit de d\u00e9marrage MASTER-Jet 3 - Tetrachim","og_description":"MASTER-JET 3 est le meilleur pistolet \u00e0 flamme manuel de sa cat\u00e9gorie. Sa productivit\u00e9, sa polyvalence et sa simplicit\u00e9 offrent \u00e0 l'utilisateur une exp\u00e9rience in\u00e9gal\u00e9e pour un dispositif manuel de pulv\u00e9risation \u00e0 flamme.","og_url":"https:\/\/www.tetrachim.com\/fr\/produit\/kit-de-demarrage-master-jet-3\/","og_site_name":"Tetrachim","article_modified_time":"2026-04-10T11:46:40+00:00","og_image":[{"width":640,"height":540,"url":"https:\/\/www.tetrachim.com\/wp-content\/uploads\/2022\/12\/3-guns-MASTER-JET.jpg","type":"image\/jpeg"}],"twitter_card":"summary_large_image","twitter_site":"@Tetrachim","twitter_misc":{"Dur\u00e9e de lecture estim\u00e9e":"1 minute"},"schema":{"@context":"https:\/\/schema.org","@graph":[{"@type":"WebPage","@id":"https:\/\/www.tetrachim.com\/fr\/produit\/kit-de-demarrage-master-jet-3\/","url":"https:\/\/www.tetrachim.com\/fr\/produit\/kit-de-demarrage-master-jet-3\/","name":"Kit de d\u00e9marrage MASTER-Jet 3 - Tetrachim","isPartOf":{"@id":"https:\/\/www.tetrachim.com\/fr\/#website"},"primaryImageOfPage":{"@id":"https:\/\/www.tetrachim.com\/fr\/produit\/kit-de-demarrage-master-jet-3\/#primaryimage"},"image":{"@id":"https:\/\/www.tetrachim.com\/fr\/produit\/kit-de-demarrage-master-jet-3\/#primaryimage"},"thumbnailUrl":"https:\/\/www.tetrachim.com\/wp-content\/uploads\/2022\/12\/3-guns-MASTER-JET.jpg","datePublished":"2023-02-21T16:29:25+00:00","dateModified":"2026-04-10T11:46:40+00:00","breadcrumb":{"@id":"https:\/\/www.tetrachim.com\/fr\/produit\/kit-de-demarrage-master-jet-3\/#breadcrumb"},"inLanguage":"fr-FR","potentialAction":[{"@type":"ReadAction","target":["https:\/\/www.tetrachim.com\/fr\/produit\/kit-de-demarrage-master-jet-3\/"]}]},{"@type":"ImageObject","inLanguage":"fr-FR","@id":"https:\/\/www.tetrachim.com\/fr\/produit\/kit-de-demarrage-master-jet-3\/#primaryimage","url":"https:\/\/www.tetrachim.com\/wp-content\/uploads\/2022\/12\/3-guns-MASTER-JET.jpg","contentUrl":"https:\/\/www.tetrachim.com\/wp-content\/uploads\/2022\/12\/3-guns-MASTER-JET.jpg","width":640,"height":540},{"@type":"BreadcrumbList","@id":"https:\/\/www.tetrachim.com\/fr\/produit\/kit-de-demarrage-master-jet-3\/#breadcrumb","itemListElement":[{"@type":"ListItem","position":1,"name":"","item":"https:\/\/www.tetrachim.com\/fr\/"},{"@type":"ListItem","position":2,"name":"Boutique","item":"https:\/\/www.tetrachim.com\/fr\/boutique\/"},{"@type":"ListItem","position":3,"name":"Kit de d\u00e9marrage MASTER-Jet 3"}]},{"@type":"WebSite","@id":"https:\/\/www.tetrachim.com\/fr\/#website","url":"https:\/\/www.tetrachim.com\/fr\/","name":"Tetrachim","description":"Rev\u00eatements high-tech","publisher":{"@id":"https:\/\/www.tetrachim.com\/fr\/#organization"},"potentialAction":[{"@type":"SearchAction","target":{"@type":"EntryPoint","urlTemplate":"https:\/\/www.tetrachim.com\/fr\/?s={search_term_string}"},"query-input":{"@type":"PropertyValueSpecification","valueRequired":true,"valueName":"search_term_string"}}],"inLanguage":"fr-FR"},{"@type":"Organization","@id":"https:\/\/www.tetrachim.com\/fr\/#organization","name":"Tetrachim","url":"https:\/\/www.tetrachim.com\/fr\/","logo":{"@type":"ImageObject","inLanguage":"fr-FR","@id":"https:\/\/www.tetrachim.com\/fr\/#\/schema\/logo\/image\/","url":"https:\/\/www.tetrachim.com\/wp-content\/uploads\/2020\/07\/logo-tetrachim.png","contentUrl":"https:\/\/www.tetrachim.com\/wp-content\/uploads\/2020\/07\/logo-tetrachim.png","width":244,"height":51,"caption":"Tetrachim"},"image":{"@id":"https:\/\/www.tetrachim.com\/fr\/#\/schema\/logo\/image\/"},"sameAs":["https:\/\/x.com\/Tetrachim","https:\/\/www.linkedin.com\/company\/tetrachim\/"]}]}},"tiered_pricing_type":"fixed","tiered_pricing_fixed_rules":[],"tiered_pricing_product_settings":{"layout":"default","base_unit_name":{"singular":null,"plural":null},"default_variation":null},"tiered_pricing_minimum_quantity":null,"tiered_pricing_roles_data":[],"tiered_pricing_percentage_rules":[],"_links":{"self":[{"href":"https:\/\/www.tetrachim.com\/fr\/wp-json\/wp\/v2\/product\/99708","targetHints":{"allow":["GET"]}}],"collection":[{"href":"https:\/\/www.tetrachim.com\/fr\/wp-json\/wp\/v2\/product"}],"about":[{"href":"https:\/\/www.tetrachim.com\/fr\/wp-json\/wp\/v2\/types\/product"}],"wp:featuredmedia":[{"embeddable":true,"href":"https:\/\/www.tetrachim.com\/fr\/wp-json\/wp\/v2\/media\/95016"}],"wp:attachment":[{"href":"https:\/\/www.tetrachim.com\/fr\/wp-json\/wp\/v2\/media?parent=99708"}],"wp:term":[{"taxonomy":"product_brand","embeddable":true,"href":"https:\/\/www.tetrachim.com\/fr\/wp-json\/wp\/v2\/product_brand?post=99708"},{"taxonomy":"product_cat","embeddable":true,"href":"https:\/\/www.tetrachim.com\/fr\/wp-json\/wp\/v2\/product_cat?post=99708"},{"taxonomy":"product_tag","embeddable":true,"href":"https:\/\/www.tetrachim.com\/fr\/wp-json\/wp\/v2\/product_tag?post=99708"}],"curies":[{"name":"wp","href":"https:\/\/api.w.org\/{rel}","templated":true}]}}