{"id":99711,"date":"2023-03-07T09:28:54","date_gmt":"2023-03-07T08:28:54","guid":{"rendered":"https:\/\/www.tetrachim.com\/product\/kit-sensor-inkxperience-de-henkel\/"},"modified":"2026-04-30T10:50:10","modified_gmt":"2026-04-30T08:50:10","slug":"kit-sensor-inkxperience-de-henkel","status":"publish","type":"product","link":"https:\/\/www.tetrachim.com\/fr\/produit\/kit-sensor-inkxperience-de-henkel\/","title":{"rendered":"Kit Sensor INKXPERIENCE de Henkel"},"content":{"rendered":"<p>Le kit Sensor INKXPERIENCE de Henkel vous permet d&rsquo;acqu\u00e9rir une exp\u00e9rience pratique de quatre fonctionnalit\u00e9s diff\u00e9rentes de capteurs \u00e9lectroniques imprim\u00e9s, notamment :<\/p>\n<ul>\n<li><span class=\"values\">Capteur de d\u00e9tection de fuites (2 pi\u00e8ces) : une bande de capteur r\u00e9sistive imprim\u00e9e qui peut d\u00e9tecter la pr\u00e9sence d&rsquo;eau.<\/span><\/li>\n<li><span class=\"values\">Capteur de niveau de liquide sans contact (2 pi\u00e8ces) : un capteur capacitif imprim\u00e9 qui peut surveiller le niveau de liquide depuis l&rsquo;ext\u00e9rieur de tout r\u00e9cipient non m\u00e9tallique.<\/span><\/li>\n<li><span class=\"values\">Chauffage \u00e0 coefficient de temp\u00e9rature positif (CTP) (2 pi\u00e8ces) : coussin chauffant \u00e0 coefficient de temp\u00e9rature positif (CTP) qui chauffe rapidement, s&rsquo;autor\u00e9gule et assure un chauffage uniforme de la surface.<\/span><\/li>\n<li><span class=\"values\">Capteur \u00e0 r\u00e9sistance sensible \u00e0 la force (FSR) \u00e0 zone unique (2 pi\u00e8ces) : capteur de force imprim\u00e9 avec une zone de d\u00e9tection.<\/span><\/li>\n<li><span class=\"values\">Capteur \u00e0 r\u00e9sistance sensible \u00e0 la force multizone (FSR) (2 pi\u00e8ces) : capteur de force imprim\u00e9 avec deux zones de d\u00e9tection permettant d&rsquo;obtenir une sensibilit\u00e9 \u00e0 la force \u00e9lev\u00e9e et une sensibilit\u00e9 \u00e0 la force faible.<\/span><\/li>\n<li><span class=\"values\">Carte de connexion<\/span><\/li>\n<li><span class=\"values\">C\u00e2ble de raccordement<\/span><\/li>\n<\/ul>\n<p>Le kit INKxperience pour capteurs est pr\u00e9configur\u00e9 avec le mat\u00e9riel et les logiciels, offrant aux ing\u00e9nieurs une configuration facile pour une id\u00e9ation rapide, des tests technologiques et un premier prototypage, le tout \u00e0 partir d&rsquo;une seule bo\u00eete.<\/p>\n<p>Mat\u00e9riel suppl\u00e9mentaire n\u00e9cessaire : <span class=\"values\">alimentation \u00e9lectrique, ordinateur portable\/ordinateur pour la lecture des donn\u00e9es.<\/span><\/p>\n<p>&nbsp;<\/p>\n","protected":false},"excerpt":{"rendered":"<p>Le kit Sensor INKXPERIENCE de Henkel comprend quatre types de capteurs imprim\u00e9s diff\u00e9rents, y compris les connecteurs, le mat\u00e9riel et le logiciel. Pr\u00e9configur\u00e9 avec acc\u00e8s imm\u00e9diat aux donn\u00e9es. Installation facile. Id\u00e9ation rapide et preuve de concept.    <\/p>\n","protected":false},"featured_media":95343,"template":"","meta":[],"product_brand":[],"product_cat":[477],"product_tag":[],"class_list":{"0":"post-99711","1":"product","2":"type-product","3":"status-publish","4":"has-post-thumbnail","6":"supplier-henkel-fr","7":"market-automotive-fr","8":"market-electronique-semi-conducteurs","9":"market-sante","10":"property-conducteur","11":"product_cat-loctite-materiaux-electroniques","13":"first","14":"instock","15":"taxable","16":"shipping-taxable","17":"purchasable","18":"product-type-simple"},"yoast_head":"<!-- This site is optimized with the Yoast SEO plugin v27.5 - https:\/\/yoast.com\/product\/yoast-seo-wordpress\/ -->\n<title>Kit Sensor INKXPERIENCE de Henkel - Tetrachim<\/title>\n<meta name=\"robots\" content=\"index, follow, max-snippet:-1, max-image-preview:large, max-video-preview:-1\" \/>\n<link rel=\"canonical\" href=\"https:\/\/www.tetrachim.com\/fr\/produit\/kit-sensor-inkxperience-de-henkel\/\" \/>\n<meta property=\"og:locale\" content=\"fr_FR\" \/>\n<meta property=\"og:type\" content=\"article\" \/>\n<meta property=\"og:title\" content=\"Kit Sensor INKXPERIENCE de Henkel - Tetrachim\" \/>\n<meta property=\"og:description\" content=\"Le kit Sensor INKXPERIENCE de Henkel comprend quatre types de capteurs imprim\u00e9s diff\u00e9rents, y compris les connecteurs, le mat\u00e9riel et le logiciel. Pr\u00e9configur\u00e9 avec acc\u00e8s imm\u00e9diat aux donn\u00e9es. Installation facile. Id\u00e9ation rapide et preuve de concept.\" \/>\n<meta property=\"og:url\" content=\"https:\/\/www.tetrachim.com\/fr\/produit\/kit-sensor-inkxperience-de-henkel\/\" \/>\n<meta property=\"og:site_name\" content=\"Tetrachim\" \/>\n<meta property=\"article:modified_time\" content=\"2026-04-30T08:50:10+00:00\" \/>\n<meta property=\"og:image\" content=\"https:\/\/www.tetrachim.com\/wp-content\/uploads\/2023\/03\/sensor-inkxperience-kit.jpg\" \/>\n\t<meta property=\"og:image:width\" content=\"1024\" \/>\n\t<meta property=\"og:image:height\" content=\"1024\" \/>\n\t<meta property=\"og:image:type\" content=\"image\/jpeg\" \/>\n<meta name=\"twitter:card\" content=\"summary_large_image\" \/>\n<meta name=\"twitter:site\" content=\"@Tetrachim\" \/>\n<meta name=\"twitter:label1\" content=\"Dur\u00e9e de lecture estim\u00e9e\" \/>\n\t<meta name=\"twitter:data1\" content=\"1 minute\" \/>\n<script type=\"application\/ld+json\" class=\"yoast-schema-graph\">{\"@context\":\"https:\\\/\\\/schema.org\",\"@graph\":[{\"@type\":\"WebPage\",\"@id\":\"https:\\\/\\\/www.tetrachim.com\\\/fr\\\/produit\\\/kit-sensor-inkxperience-de-henkel\\\/\",\"url\":\"https:\\\/\\\/www.tetrachim.com\\\/fr\\\/produit\\\/kit-sensor-inkxperience-de-henkel\\\/\",\"name\":\"Kit Sensor INKXPERIENCE de Henkel - Tetrachim\",\"isPartOf\":{\"@id\":\"https:\\\/\\\/www.tetrachim.com\\\/fr\\\/#website\"},\"primaryImageOfPage\":{\"@id\":\"https:\\\/\\\/www.tetrachim.com\\\/fr\\\/produit\\\/kit-sensor-inkxperience-de-henkel\\\/#primaryimage\"},\"image\":{\"@id\":\"https:\\\/\\\/www.tetrachim.com\\\/fr\\\/produit\\\/kit-sensor-inkxperience-de-henkel\\\/#primaryimage\"},\"thumbnailUrl\":\"https:\\\/\\\/www.tetrachim.com\\\/wp-content\\\/uploads\\\/2023\\\/03\\\/sensor-inkxperience-kit.jpg\",\"datePublished\":\"2023-03-07T08:28:54+00:00\",\"dateModified\":\"2026-04-30T08:50:10+00:00\",\"breadcrumb\":{\"@id\":\"https:\\\/\\\/www.tetrachim.com\\\/fr\\\/produit\\\/kit-sensor-inkxperience-de-henkel\\\/#breadcrumb\"},\"inLanguage\":\"fr-FR\",\"potentialAction\":[{\"@type\":\"ReadAction\",\"target\":[\"https:\\\/\\\/www.tetrachim.com\\\/fr\\\/produit\\\/kit-sensor-inkxperience-de-henkel\\\/\"]}]},{\"@type\":\"ImageObject\",\"inLanguage\":\"fr-FR\",\"@id\":\"https:\\\/\\\/www.tetrachim.com\\\/fr\\\/produit\\\/kit-sensor-inkxperience-de-henkel\\\/#primaryimage\",\"url\":\"https:\\\/\\\/www.tetrachim.com\\\/wp-content\\\/uploads\\\/2023\\\/03\\\/sensor-inkxperience-kit.jpg\",\"contentUrl\":\"https:\\\/\\\/www.tetrachim.com\\\/wp-content\\\/uploads\\\/2023\\\/03\\\/sensor-inkxperience-kit.jpg\",\"width\":1024,\"height\":1024},{\"@type\":\"BreadcrumbList\",\"@id\":\"https:\\\/\\\/www.tetrachim.com\\\/fr\\\/produit\\\/kit-sensor-inkxperience-de-henkel\\\/#breadcrumb\",\"itemListElement\":[{\"@type\":\"ListItem\",\"position\":1,\"name\":\"\",\"item\":\"https:\\\/\\\/www.tetrachim.com\\\/fr\\\/\"},{\"@type\":\"ListItem\",\"position\":2,\"name\":\"Boutique\",\"item\":\"https:\\\/\\\/www.tetrachim.com\\\/fr\\\/boutique\\\/\"},{\"@type\":\"ListItem\",\"position\":3,\"name\":\"Kit Sensor INKXPERIENCE de Henkel\"}]},{\"@type\":\"WebSite\",\"@id\":\"https:\\\/\\\/www.tetrachim.com\\\/fr\\\/#website\",\"url\":\"https:\\\/\\\/www.tetrachim.com\\\/fr\\\/\",\"name\":\"Tetrachim\",\"description\":\"Rev\u00eatements high-tech\",\"publisher\":{\"@id\":\"https:\\\/\\\/www.tetrachim.com\\\/fr\\\/#organization\"},\"potentialAction\":[{\"@type\":\"SearchAction\",\"target\":{\"@type\":\"EntryPoint\",\"urlTemplate\":\"https:\\\/\\\/www.tetrachim.com\\\/fr\\\/?s={search_term_string}\"},\"query-input\":{\"@type\":\"PropertyValueSpecification\",\"valueRequired\":true,\"valueName\":\"search_term_string\"}}],\"inLanguage\":\"fr-FR\"},{\"@type\":\"Organization\",\"@id\":\"https:\\\/\\\/www.tetrachim.com\\\/fr\\\/#organization\",\"name\":\"Tetrachim\",\"url\":\"https:\\\/\\\/www.tetrachim.com\\\/fr\\\/\",\"logo\":{\"@type\":\"ImageObject\",\"inLanguage\":\"fr-FR\",\"@id\":\"https:\\\/\\\/www.tetrachim.com\\\/fr\\\/#\\\/schema\\\/logo\\\/image\\\/\",\"url\":\"https:\\\/\\\/www.tetrachim.com\\\/wp-content\\\/uploads\\\/2020\\\/07\\\/logo-tetrachim.png\",\"contentUrl\":\"https:\\\/\\\/www.tetrachim.com\\\/wp-content\\\/uploads\\\/2020\\\/07\\\/logo-tetrachim.png\",\"width\":244,\"height\":51,\"caption\":\"Tetrachim\"},\"image\":{\"@id\":\"https:\\\/\\\/www.tetrachim.com\\\/fr\\\/#\\\/schema\\\/logo\\\/image\\\/\"},\"sameAs\":[\"https:\\\/\\\/x.com\\\/Tetrachim\",\"https:\\\/\\\/www.linkedin.com\\\/company\\\/tetrachim\\\/\"]}]}<\/script>\n<!-- \/ Yoast SEO plugin. -->","yoast_head_json":{"title":"Kit Sensor INKXPERIENCE de Henkel - Tetrachim","robots":{"index":"index","follow":"follow","max-snippet":"max-snippet:-1","max-image-preview":"max-image-preview:large","max-video-preview":"max-video-preview:-1"},"canonical":"https:\/\/www.tetrachim.com\/fr\/produit\/kit-sensor-inkxperience-de-henkel\/","og_locale":"fr_FR","og_type":"article","og_title":"Kit Sensor INKXPERIENCE de Henkel - Tetrachim","og_description":"Le kit Sensor INKXPERIENCE de Henkel comprend quatre types de capteurs imprim\u00e9s diff\u00e9rents, y compris les connecteurs, le mat\u00e9riel et le logiciel. Pr\u00e9configur\u00e9 avec acc\u00e8s imm\u00e9diat aux donn\u00e9es. Installation facile. Id\u00e9ation rapide et preuve de concept.","og_url":"https:\/\/www.tetrachim.com\/fr\/produit\/kit-sensor-inkxperience-de-henkel\/","og_site_name":"Tetrachim","article_modified_time":"2026-04-30T08:50:10+00:00","og_image":[{"width":1024,"height":1024,"url":"https:\/\/www.tetrachim.com\/wp-content\/uploads\/2023\/03\/sensor-inkxperience-kit.jpg","type":"image\/jpeg"}],"twitter_card":"summary_large_image","twitter_site":"@Tetrachim","twitter_misc":{"Dur\u00e9e de lecture estim\u00e9e":"1 minute"},"schema":{"@context":"https:\/\/schema.org","@graph":[{"@type":"WebPage","@id":"https:\/\/www.tetrachim.com\/fr\/produit\/kit-sensor-inkxperience-de-henkel\/","url":"https:\/\/www.tetrachim.com\/fr\/produit\/kit-sensor-inkxperience-de-henkel\/","name":"Kit Sensor INKXPERIENCE de Henkel - Tetrachim","isPartOf":{"@id":"https:\/\/www.tetrachim.com\/fr\/#website"},"primaryImageOfPage":{"@id":"https:\/\/www.tetrachim.com\/fr\/produit\/kit-sensor-inkxperience-de-henkel\/#primaryimage"},"image":{"@id":"https:\/\/www.tetrachim.com\/fr\/produit\/kit-sensor-inkxperience-de-henkel\/#primaryimage"},"thumbnailUrl":"https:\/\/www.tetrachim.com\/wp-content\/uploads\/2023\/03\/sensor-inkxperience-kit.jpg","datePublished":"2023-03-07T08:28:54+00:00","dateModified":"2026-04-30T08:50:10+00:00","breadcrumb":{"@id":"https:\/\/www.tetrachim.com\/fr\/produit\/kit-sensor-inkxperience-de-henkel\/#breadcrumb"},"inLanguage":"fr-FR","potentialAction":[{"@type":"ReadAction","target":["https:\/\/www.tetrachim.com\/fr\/produit\/kit-sensor-inkxperience-de-henkel\/"]}]},{"@type":"ImageObject","inLanguage":"fr-FR","@id":"https:\/\/www.tetrachim.com\/fr\/produit\/kit-sensor-inkxperience-de-henkel\/#primaryimage","url":"https:\/\/www.tetrachim.com\/wp-content\/uploads\/2023\/03\/sensor-inkxperience-kit.jpg","contentUrl":"https:\/\/www.tetrachim.com\/wp-content\/uploads\/2023\/03\/sensor-inkxperience-kit.jpg","width":1024,"height":1024},{"@type":"BreadcrumbList","@id":"https:\/\/www.tetrachim.com\/fr\/produit\/kit-sensor-inkxperience-de-henkel\/#breadcrumb","itemListElement":[{"@type":"ListItem","position":1,"name":"","item":"https:\/\/www.tetrachim.com\/fr\/"},{"@type":"ListItem","position":2,"name":"Boutique","item":"https:\/\/www.tetrachim.com\/fr\/boutique\/"},{"@type":"ListItem","position":3,"name":"Kit Sensor INKXPERIENCE de Henkel"}]},{"@type":"WebSite","@id":"https:\/\/www.tetrachim.com\/fr\/#website","url":"https:\/\/www.tetrachim.com\/fr\/","name":"Tetrachim","description":"Rev\u00eatements high-tech","publisher":{"@id":"https:\/\/www.tetrachim.com\/fr\/#organization"},"potentialAction":[{"@type":"SearchAction","target":{"@type":"EntryPoint","urlTemplate":"https:\/\/www.tetrachim.com\/fr\/?s={search_term_string}"},"query-input":{"@type":"PropertyValueSpecification","valueRequired":true,"valueName":"search_term_string"}}],"inLanguage":"fr-FR"},{"@type":"Organization","@id":"https:\/\/www.tetrachim.com\/fr\/#organization","name":"Tetrachim","url":"https:\/\/www.tetrachim.com\/fr\/","logo":{"@type":"ImageObject","inLanguage":"fr-FR","@id":"https:\/\/www.tetrachim.com\/fr\/#\/schema\/logo\/image\/","url":"https:\/\/www.tetrachim.com\/wp-content\/uploads\/2020\/07\/logo-tetrachim.png","contentUrl":"https:\/\/www.tetrachim.com\/wp-content\/uploads\/2020\/07\/logo-tetrachim.png","width":244,"height":51,"caption":"Tetrachim"},"image":{"@id":"https:\/\/www.tetrachim.com\/fr\/#\/schema\/logo\/image\/"},"sameAs":["https:\/\/x.com\/Tetrachim","https:\/\/www.linkedin.com\/company\/tetrachim\/"]}]}},"tiered_pricing_type":"fixed","tiered_pricing_fixed_rules":[],"tiered_pricing_product_settings":{"layout":"default","base_unit_name":{"singular":null,"plural":null},"default_variation":null},"tiered_pricing_minimum_quantity":null,"tiered_pricing_roles_data":[],"tiered_pricing_percentage_rules":[],"_links":{"self":[{"href":"https:\/\/www.tetrachim.com\/fr\/wp-json\/wp\/v2\/product\/99711","targetHints":{"allow":["GET"]}}],"collection":[{"href":"https:\/\/www.tetrachim.com\/fr\/wp-json\/wp\/v2\/product"}],"about":[{"href":"https:\/\/www.tetrachim.com\/fr\/wp-json\/wp\/v2\/types\/product"}],"wp:featuredmedia":[{"embeddable":true,"href":"https:\/\/www.tetrachim.com\/fr\/wp-json\/wp\/v2\/media\/95343"}],"wp:attachment":[{"href":"https:\/\/www.tetrachim.com\/fr\/wp-json\/wp\/v2\/media?parent=99711"}],"wp:term":[{"taxonomy":"product_brand","embeddable":true,"href":"https:\/\/www.tetrachim.com\/fr\/wp-json\/wp\/v2\/product_brand?post=99711"},{"taxonomy":"product_cat","embeddable":true,"href":"https:\/\/www.tetrachim.com\/fr\/wp-json\/wp\/v2\/product_cat?post=99711"},{"taxonomy":"product_tag","embeddable":true,"href":"https:\/\/www.tetrachim.com\/fr\/wp-json\/wp\/v2\/product_tag?post=99711"}],"curies":[{"name":"wp","href":"https:\/\/api.w.org\/{rel}","templated":true}]}}