{"id":99727,"date":"2020-11-15T17:05:31","date_gmt":"2020-11-15T16:05:31","guid":{"rendered":"https:\/\/www.tetrachim.com\/product\/es-blanc-white-1464-ec\/"},"modified":"2026-05-02T14:22:58","modified_gmt":"2026-05-02T12:22:58","slug":"es-blanc-white-1464-ec","status":"publish","type":"product","link":"https:\/\/www.tetrachim.com\/fr\/produit\/es-blanc-white-1464-ec\/","title":{"rendered":"ES Blanc\/White 1464 EC"},"content":{"rendered":"<p>Le polyamide 11 est un polym\u00e8re compos\u00e9 \u00e0 100 % de carbone organique renouvelable. Les additifs n\u00e9cessaires \u00e0 sa formulation repr\u00e9sentent une part insignifiante du polym\u00e8re fini.  Les poudres fines Rilsan\u00ae sont des rev\u00eatements respectueux de l&rsquo;environnement, elles ne lib\u00e8rent aucun compos\u00e9 organique volatil et sont exemptes de pigments \u00e0 base de m\u00e9taux lourds, de bisph\u00e9nol A, de phtalates, d&rsquo;halog\u00e8nes, d&rsquo;isocyanates et d&rsquo;agents de durcissement. L&rsquo;huile de ricin est 100 % v\u00e9g\u00e9tale, biod\u00e9gradable, naturelle, non toxique et renouvelable.  Les poudres fines Rilsan\u00ae sont un choix responsable pour les personnes soucieuses de l&rsquo;environnement.<\/p>\n","protected":false},"excerpt":{"rendered":"<p>Les poudres fines Rilsan\u00ae sont des poudres de polyamide 11 biosourc\u00e9 de haute performance produites \u00e0 partir d&rsquo;huile de ricin. Les polyamides thermoplastiques sont utilis\u00e9s pour rev\u00eatir les substrats m\u00e9talliques en raison de leurs caract\u00e9ristiques exceptionnelles, notamment la r\u00e9sistance \u00e0 l&rsquo;abrasion, \u00e0 la corrosion et aux chocs, la r\u00e9duction du bruit, la flexibilit\u00e9 et le faible coefficient de frottement. Les grades Rilsan\u00ae ES doivent \u00eatre appliqu\u00e9s \u00e0 l&rsquo;aide d&rsquo;un \u00e9quipement de pulv\u00e9risation corona de type \u00e0 polarit\u00e9 positive ou de type tribo.  <\/p>\n","protected":false},"featured_media":88965,"template":"","meta":[],"product_brand":[],"product_cat":[473,479],"product_tag":[],"class_list":{"0":"post-99727","1":"product","2":"type-product","3":"status-publish","4":"has-post-thumbnail","6":"supplier-arkema-fr","7":"market-aeronautique","8":"market-automotive-fr","9":"market-chimie-eau","10":"market-energie-electricite","11":"market-alimentaire-boulangerie-industrielle","12":"market-sante","13":"market-papier-textile","14":"property-resistance-a-la-corrosion","15":"property-resistance-chimique","16":"property-resistance-a-labrasion","17":"property-isolation","18":"property-agree-alimentaire","19":"product_cat-revetements-eco-responsables","20":"product_cat-rilsan-poudres-fines","22":"first","23":"onbackorder","24":"taxable","25":"shipping-taxable","26":"purchasable","27":"product-type-simple"},"yoast_head":"<!-- This site is optimized with the Yoast SEO plugin v27.5 - https:\/\/yoast.com\/product\/yoast-seo-wordpress\/ -->\n<title>ES Blanc\/White 1464 EC - Tetrachim<\/title>\n<meta name=\"robots\" content=\"index, follow, max-snippet:-1, max-image-preview:large, max-video-preview:-1\" \/>\n<link rel=\"canonical\" href=\"https:\/\/www.tetrachim.com\/fr\/produit\/es-blanc-white-1464-ec\/\" \/>\n<meta property=\"og:locale\" content=\"fr_FR\" \/>\n<meta property=\"og:type\" content=\"article\" \/>\n<meta property=\"og:title\" content=\"ES Blanc\/White 1464 EC - Tetrachim\" \/>\n<meta property=\"og:description\" content=\"Les poudres fines Rilsan\u00ae sont des poudres de polyamide 11 biosourc\u00e9 de haute performance produites \u00e0 partir d&#039;huile de ricin. Les polyamides thermoplastiques sont utilis\u00e9s pour rev\u00eatir les substrats m\u00e9talliques en raison de leurs caract\u00e9ristiques exceptionnelles, notamment la r\u00e9sistance \u00e0 l&#039;abrasion, \u00e0 la corrosion et aux chocs, la r\u00e9duction du bruit, la flexibilit\u00e9 et le faible coefficient de frottement. Les grades Rilsan\u00ae ES doivent \u00eatre appliqu\u00e9s \u00e0 l&#039;aide d&#039;un \u00e9quipement de pulv\u00e9risation corona de type \u00e0 polarit\u00e9 positive ou de type tribo.\" \/>\n<meta property=\"og:url\" content=\"https:\/\/www.tetrachim.com\/fr\/produit\/es-blanc-white-1464-ec\/\" \/>\n<meta property=\"og:site_name\" content=\"Tetrachim\" \/>\n<meta property=\"article:modified_time\" content=\"2026-05-02T12:22:58+00:00\" \/>\n<meta property=\"og:image\" content=\"https:\/\/www.tetrachim.com\/wp-content\/uploads\/2020\/10\/Rilsan-sac.jpg\" \/>\n\t<meta property=\"og:image:width\" content=\"900\" \/>\n\t<meta property=\"og:image:height\" content=\"900\" \/>\n\t<meta property=\"og:image:type\" content=\"image\/jpeg\" \/>\n<meta name=\"twitter:card\" content=\"summary_large_image\" \/>\n<meta name=\"twitter:site\" content=\"@Tetrachim\" \/>\n<script type=\"application\/ld+json\" class=\"yoast-schema-graph\">{\"@context\":\"https:\\\/\\\/schema.org\",\"@graph\":[{\"@type\":\"WebPage\",\"@id\":\"https:\\\/\\\/www.tetrachim.com\\\/fr\\\/produit\\\/es-blanc-white-1464-ec\\\/\",\"url\":\"https:\\\/\\\/www.tetrachim.com\\\/fr\\\/produit\\\/es-blanc-white-1464-ec\\\/\",\"name\":\"ES Blanc\\\/White 1464 EC - Tetrachim\",\"isPartOf\":{\"@id\":\"https:\\\/\\\/www.tetrachim.com\\\/fr\\\/#website\"},\"primaryImageOfPage\":{\"@id\":\"https:\\\/\\\/www.tetrachim.com\\\/fr\\\/produit\\\/es-blanc-white-1464-ec\\\/#primaryimage\"},\"image\":{\"@id\":\"https:\\\/\\\/www.tetrachim.com\\\/fr\\\/produit\\\/es-blanc-white-1464-ec\\\/#primaryimage\"},\"thumbnailUrl\":\"https:\\\/\\\/www.tetrachim.com\\\/wp-content\\\/uploads\\\/2020\\\/10\\\/Rilsan-sac.jpg\",\"datePublished\":\"2020-11-15T16:05:31+00:00\",\"dateModified\":\"2026-05-02T12:22:58+00:00\",\"breadcrumb\":{\"@id\":\"https:\\\/\\\/www.tetrachim.com\\\/fr\\\/produit\\\/es-blanc-white-1464-ec\\\/#breadcrumb\"},\"inLanguage\":\"fr-FR\",\"potentialAction\":[{\"@type\":\"ReadAction\",\"target\":[\"https:\\\/\\\/www.tetrachim.com\\\/fr\\\/produit\\\/es-blanc-white-1464-ec\\\/\"]}]},{\"@type\":\"ImageObject\",\"inLanguage\":\"fr-FR\",\"@id\":\"https:\\\/\\\/www.tetrachim.com\\\/fr\\\/produit\\\/es-blanc-white-1464-ec\\\/#primaryimage\",\"url\":\"https:\\\/\\\/www.tetrachim.com\\\/wp-content\\\/uploads\\\/2020\\\/10\\\/Rilsan-sac.jpg\",\"contentUrl\":\"https:\\\/\\\/www.tetrachim.com\\\/wp-content\\\/uploads\\\/2020\\\/10\\\/Rilsan-sac.jpg\",\"width\":900,\"height\":900},{\"@type\":\"BreadcrumbList\",\"@id\":\"https:\\\/\\\/www.tetrachim.com\\\/fr\\\/produit\\\/es-blanc-white-1464-ec\\\/#breadcrumb\",\"itemListElement\":[{\"@type\":\"ListItem\",\"position\":1,\"name\":\"\",\"item\":\"https:\\\/\\\/www.tetrachim.com\\\/fr\\\/\"},{\"@type\":\"ListItem\",\"position\":2,\"name\":\"Boutique\",\"item\":\"https:\\\/\\\/www.tetrachim.com\\\/fr\\\/boutique\\\/\"},{\"@type\":\"ListItem\",\"position\":3,\"name\":\"ES Blanc\\\/White 1464 EC\"}]},{\"@type\":\"WebSite\",\"@id\":\"https:\\\/\\\/www.tetrachim.com\\\/fr\\\/#website\",\"url\":\"https:\\\/\\\/www.tetrachim.com\\\/fr\\\/\",\"name\":\"Tetrachim\",\"description\":\"Rev\u00eatements high-tech\",\"publisher\":{\"@id\":\"https:\\\/\\\/www.tetrachim.com\\\/fr\\\/#organization\"},\"potentialAction\":[{\"@type\":\"SearchAction\",\"target\":{\"@type\":\"EntryPoint\",\"urlTemplate\":\"https:\\\/\\\/www.tetrachim.com\\\/fr\\\/?s={search_term_string}\"},\"query-input\":{\"@type\":\"PropertyValueSpecification\",\"valueRequired\":true,\"valueName\":\"search_term_string\"}}],\"inLanguage\":\"fr-FR\"},{\"@type\":\"Organization\",\"@id\":\"https:\\\/\\\/www.tetrachim.com\\\/fr\\\/#organization\",\"name\":\"Tetrachim\",\"url\":\"https:\\\/\\\/www.tetrachim.com\\\/fr\\\/\",\"logo\":{\"@type\":\"ImageObject\",\"inLanguage\":\"fr-FR\",\"@id\":\"https:\\\/\\\/www.tetrachim.com\\\/fr\\\/#\\\/schema\\\/logo\\\/image\\\/\",\"url\":\"https:\\\/\\\/www.tetrachim.com\\\/wp-content\\\/uploads\\\/2020\\\/07\\\/logo-tetrachim.png\",\"contentUrl\":\"https:\\\/\\\/www.tetrachim.com\\\/wp-content\\\/uploads\\\/2020\\\/07\\\/logo-tetrachim.png\",\"width\":244,\"height\":51,\"caption\":\"Tetrachim\"},\"image\":{\"@id\":\"https:\\\/\\\/www.tetrachim.com\\\/fr\\\/#\\\/schema\\\/logo\\\/image\\\/\"},\"sameAs\":[\"https:\\\/\\\/x.com\\\/Tetrachim\",\"https:\\\/\\\/www.linkedin.com\\\/company\\\/tetrachim\\\/\"]}]}<\/script>\n<!-- \/ Yoast SEO plugin. -->","yoast_head_json":{"title":"ES Blanc\/White 1464 EC - Tetrachim","robots":{"index":"index","follow":"follow","max-snippet":"max-snippet:-1","max-image-preview":"max-image-preview:large","max-video-preview":"max-video-preview:-1"},"canonical":"https:\/\/www.tetrachim.com\/fr\/produit\/es-blanc-white-1464-ec\/","og_locale":"fr_FR","og_type":"article","og_title":"ES Blanc\/White 1464 EC - Tetrachim","og_description":"Les poudres fines Rilsan\u00ae sont des poudres de polyamide 11 biosourc\u00e9 de haute performance produites \u00e0 partir d'huile de ricin. Les polyamides thermoplastiques sont utilis\u00e9s pour rev\u00eatir les substrats m\u00e9talliques en raison de leurs caract\u00e9ristiques exceptionnelles, notamment la r\u00e9sistance \u00e0 l'abrasion, \u00e0 la corrosion et aux chocs, la r\u00e9duction du bruit, la flexibilit\u00e9 et le faible coefficient de frottement. Les grades Rilsan\u00ae ES doivent \u00eatre appliqu\u00e9s \u00e0 l'aide d'un \u00e9quipement de pulv\u00e9risation corona de type \u00e0 polarit\u00e9 positive ou de type tribo.","og_url":"https:\/\/www.tetrachim.com\/fr\/produit\/es-blanc-white-1464-ec\/","og_site_name":"Tetrachim","article_modified_time":"2026-05-02T12:22:58+00:00","og_image":[{"width":900,"height":900,"url":"https:\/\/www.tetrachim.com\/wp-content\/uploads\/2020\/10\/Rilsan-sac.jpg","type":"image\/jpeg"}],"twitter_card":"summary_large_image","twitter_site":"@Tetrachim","schema":{"@context":"https:\/\/schema.org","@graph":[{"@type":"WebPage","@id":"https:\/\/www.tetrachim.com\/fr\/produit\/es-blanc-white-1464-ec\/","url":"https:\/\/www.tetrachim.com\/fr\/produit\/es-blanc-white-1464-ec\/","name":"ES Blanc\/White 1464 EC - Tetrachim","isPartOf":{"@id":"https:\/\/www.tetrachim.com\/fr\/#website"},"primaryImageOfPage":{"@id":"https:\/\/www.tetrachim.com\/fr\/produit\/es-blanc-white-1464-ec\/#primaryimage"},"image":{"@id":"https:\/\/www.tetrachim.com\/fr\/produit\/es-blanc-white-1464-ec\/#primaryimage"},"thumbnailUrl":"https:\/\/www.tetrachim.com\/wp-content\/uploads\/2020\/10\/Rilsan-sac.jpg","datePublished":"2020-11-15T16:05:31+00:00","dateModified":"2026-05-02T12:22:58+00:00","breadcrumb":{"@id":"https:\/\/www.tetrachim.com\/fr\/produit\/es-blanc-white-1464-ec\/#breadcrumb"},"inLanguage":"fr-FR","potentialAction":[{"@type":"ReadAction","target":["https:\/\/www.tetrachim.com\/fr\/produit\/es-blanc-white-1464-ec\/"]}]},{"@type":"ImageObject","inLanguage":"fr-FR","@id":"https:\/\/www.tetrachim.com\/fr\/produit\/es-blanc-white-1464-ec\/#primaryimage","url":"https:\/\/www.tetrachim.com\/wp-content\/uploads\/2020\/10\/Rilsan-sac.jpg","contentUrl":"https:\/\/www.tetrachim.com\/wp-content\/uploads\/2020\/10\/Rilsan-sac.jpg","width":900,"height":900},{"@type":"BreadcrumbList","@id":"https:\/\/www.tetrachim.com\/fr\/produit\/es-blanc-white-1464-ec\/#breadcrumb","itemListElement":[{"@type":"ListItem","position":1,"name":"","item":"https:\/\/www.tetrachim.com\/fr\/"},{"@type":"ListItem","position":2,"name":"Boutique","item":"https:\/\/www.tetrachim.com\/fr\/boutique\/"},{"@type":"ListItem","position":3,"name":"ES Blanc\/White 1464 EC"}]},{"@type":"WebSite","@id":"https:\/\/www.tetrachim.com\/fr\/#website","url":"https:\/\/www.tetrachim.com\/fr\/","name":"Tetrachim","description":"Rev\u00eatements high-tech","publisher":{"@id":"https:\/\/www.tetrachim.com\/fr\/#organization"},"potentialAction":[{"@type":"SearchAction","target":{"@type":"EntryPoint","urlTemplate":"https:\/\/www.tetrachim.com\/fr\/?s={search_term_string}"},"query-input":{"@type":"PropertyValueSpecification","valueRequired":true,"valueName":"search_term_string"}}],"inLanguage":"fr-FR"},{"@type":"Organization","@id":"https:\/\/www.tetrachim.com\/fr\/#organization","name":"Tetrachim","url":"https:\/\/www.tetrachim.com\/fr\/","logo":{"@type":"ImageObject","inLanguage":"fr-FR","@id":"https:\/\/www.tetrachim.com\/fr\/#\/schema\/logo\/image\/","url":"https:\/\/www.tetrachim.com\/wp-content\/uploads\/2020\/07\/logo-tetrachim.png","contentUrl":"https:\/\/www.tetrachim.com\/wp-content\/uploads\/2020\/07\/logo-tetrachim.png","width":244,"height":51,"caption":"Tetrachim"},"image":{"@id":"https:\/\/www.tetrachim.com\/fr\/#\/schema\/logo\/image\/"},"sameAs":["https:\/\/x.com\/Tetrachim","https:\/\/www.linkedin.com\/company\/tetrachim\/"]}]}},"tiered_pricing_type":"fixed","tiered_pricing_fixed_rules":{"5":543,"15":520,"25":500},"tiered_pricing_product_settings":{"layout":"default","base_unit_name":{"singular":null,"plural":null},"default_variation":null},"tiered_pricing_minimum_quantity":null,"tiered_pricing_roles_data":[],"tiered_pricing_percentage_rules":[],"_links":{"self":[{"href":"https:\/\/www.tetrachim.com\/fr\/wp-json\/wp\/v2\/product\/99727","targetHints":{"allow":["GET"]}}],"collection":[{"href":"https:\/\/www.tetrachim.com\/fr\/wp-json\/wp\/v2\/product"}],"about":[{"href":"https:\/\/www.tetrachim.com\/fr\/wp-json\/wp\/v2\/types\/product"}],"wp:featuredmedia":[{"embeddable":true,"href":"https:\/\/www.tetrachim.com\/fr\/wp-json\/wp\/v2\/media\/88965"}],"wp:attachment":[{"href":"https:\/\/www.tetrachim.com\/fr\/wp-json\/wp\/v2\/media?parent=99727"}],"wp:term":[{"taxonomy":"product_brand","embeddable":true,"href":"https:\/\/www.tetrachim.com\/fr\/wp-json\/wp\/v2\/product_brand?post=99727"},{"taxonomy":"product_cat","embeddable":true,"href":"https:\/\/www.tetrachim.com\/fr\/wp-json\/wp\/v2\/product_cat?post=99727"},{"taxonomy":"product_tag","embeddable":true,"href":"https:\/\/www.tetrachim.com\/fr\/wp-json\/wp\/v2\/product_tag?post=99727"}],"curies":[{"name":"wp","href":"https:\/\/api.w.org\/{rel}","templated":true}]}}