{"id":99780,"date":"2021-06-03T16:38:19","date_gmt":"2021-06-03T14:38:19","guid":{"rendered":"https:\/\/www.tetrachim.com\/product\/204pr-premium-oxyde-de-zirconium-stabilise-a-lyttrium-8\/"},"modified":"2026-04-04T17:45:54","modified_gmt":"2026-04-04T15:45:54","slug":"204pr-premium-oxyde-de-zirconium-stabilise-a-lyttrium-8","status":"publish","type":"product","link":"https:\/\/www.tetrachim.com\/fr\/produit\/204pr-premium-oxyde-de-zirconium-stabilise-a-lyttrium-8\/","title":{"rendered":"#204PR Premium oxyde de zirconium stabilis\u00e9 \u00e0 l&rsquo;yttrium 8%."},"content":{"rendered":"<p>Le Saint-Gobain #204PR, oxyde de zirconium Premium 8 % stabilis\u00e9 \u00e0 l&rsquo;yttrium, est con\u00e7u avec une forme sph\u00e9rique qui produit des taux d&rsquo;accumulation plus uniformes sans obstruction ou pulsation des lignes d&rsquo;alimentation. Les particules creuses permettent une fusion plus compl\u00e8te et une meilleure efficacit\u00e9 des d\u00e9p\u00f4ts. La qualit\u00e9 Premium est recommand\u00e9e pour obtenir des niveaux de porosit\u00e9 plus \u00e9lev\u00e9s afin d&rsquo;optimiser la dur\u00e9e de vie du rev\u00eatement.  <\/p>\n","protected":false},"excerpt":{"rendered":"<p>Le #204PR est une poudre c\u00e9ramique pour projection thermique compos\u00e9e de 92% de ZrO2 et de 8% de Y2O3 (oxyde de zirconium premium stabilis\u00e9 \u00e0 l&rsquo;yttrium).<\/p>\n","protected":false},"featured_media":96833,"template":"","meta":[],"product_brand":[],"product_cat":[481],"product_tag":[],"class_list":{"0":"post-99780","1":"product","2":"type-product","3":"status-publish","4":"has-post-thumbnail","6":"supplier-saint-gobain-fr","7":"market-aeronautique","8":"market-automotive-fr","9":"market-electronique-semi-conducteurs","10":"market-energie-electricite","11":"market-papier-textile","12":"property-resistance-a-la-corrosion","13":"property-resistance-en-temperature","14":"property-resistance-a-lusure","15":"product_cat-poudres-saint-gobain-pour-projection-thermique","17":"first","18":"onbackorder","19":"taxable","20":"shipping-taxable","21":"purchasable","22":"product-type-simple"},"yoast_head":"<!-- This site is optimized with the Yoast SEO plugin v27.3 - https:\/\/yoast.com\/product\/yoast-seo-wordpress\/ -->\n<title>#204PR Premium oxyde de zirconium stabilis\u00e9 \u00e0 l&#039;yttrium 8%. - Tetrachim<\/title>\n<meta name=\"robots\" content=\"index, follow, max-snippet:-1, max-image-preview:large, max-video-preview:-1\" \/>\n<link rel=\"canonical\" href=\"https:\/\/www.tetrachim.com\/fr\/produit\/204pr-premium-oxyde-de-zirconium-stabilise-a-lyttrium-8\/\" \/>\n<meta property=\"og:locale\" content=\"fr_FR\" \/>\n<meta property=\"og:type\" content=\"article\" \/>\n<meta property=\"og:title\" content=\"#204PR Premium oxyde de zirconium stabilis\u00e9 \u00e0 l&#039;yttrium 8%. - Tetrachim\" \/>\n<meta property=\"og:description\" content=\"Le #204PR est une poudre c\u00e9ramique pour projection thermique compos\u00e9e de 92% de ZrO2 et de 8% de Y2O3 (oxyde de zirconium premium stabilis\u00e9 \u00e0 l&#039;yttrium).\" \/>\n<meta property=\"og:url\" content=\"https:\/\/www.tetrachim.com\/fr\/produit\/204pr-premium-oxyde-de-zirconium-stabilise-a-lyttrium-8\/\" \/>\n<meta property=\"og:site_name\" content=\"Tetrachim\" \/>\n<meta property=\"article:modified_time\" content=\"2026-04-04T15:45:54+00:00\" \/>\n<meta property=\"og:image\" content=\"https:\/\/www.tetrachim.com\/wp-content\/uploads\/2025\/02\/Packshot_TSP-bottle.png\" \/>\n\t<meta property=\"og:image:width\" content=\"480\" \/>\n\t<meta property=\"og:image:height\" content=\"615\" \/>\n\t<meta property=\"og:image:type\" content=\"image\/png\" \/>\n<meta name=\"twitter:card\" content=\"summary_large_image\" \/>\n<meta name=\"twitter:site\" content=\"@Tetrachim\" \/>\n<script type=\"application\/ld+json\" class=\"yoast-schema-graph\">{\"@context\":\"https:\\\/\\\/schema.org\",\"@graph\":[{\"@type\":\"WebPage\",\"@id\":\"https:\\\/\\\/www.tetrachim.com\\\/fr\\\/produit\\\/204pr-premium-oxyde-de-zirconium-stabilise-a-lyttrium-8\\\/\",\"url\":\"https:\\\/\\\/www.tetrachim.com\\\/fr\\\/produit\\\/204pr-premium-oxyde-de-zirconium-stabilise-a-lyttrium-8\\\/\",\"name\":\"#204PR Premium oxyde de zirconium stabilis\u00e9 \u00e0 l'yttrium 8%. - Tetrachim\",\"isPartOf\":{\"@id\":\"https:\\\/\\\/www.tetrachim.com\\\/fr\\\/#website\"},\"primaryImageOfPage\":{\"@id\":\"https:\\\/\\\/www.tetrachim.com\\\/fr\\\/produit\\\/204pr-premium-oxyde-de-zirconium-stabilise-a-lyttrium-8\\\/#primaryimage\"},\"image\":{\"@id\":\"https:\\\/\\\/www.tetrachim.com\\\/fr\\\/produit\\\/204pr-premium-oxyde-de-zirconium-stabilise-a-lyttrium-8\\\/#primaryimage\"},\"thumbnailUrl\":\"https:\\\/\\\/www.tetrachim.com\\\/wp-content\\\/uploads\\\/2025\\\/02\\\/Packshot_TSP-bottle.png\",\"datePublished\":\"2021-06-03T14:38:19+00:00\",\"dateModified\":\"2026-04-04T15:45:54+00:00\",\"breadcrumb\":{\"@id\":\"https:\\\/\\\/www.tetrachim.com\\\/fr\\\/produit\\\/204pr-premium-oxyde-de-zirconium-stabilise-a-lyttrium-8\\\/#breadcrumb\"},\"inLanguage\":\"fr-FR\",\"potentialAction\":[{\"@type\":\"ReadAction\",\"target\":[\"https:\\\/\\\/www.tetrachim.com\\\/fr\\\/produit\\\/204pr-premium-oxyde-de-zirconium-stabilise-a-lyttrium-8\\\/\"]}]},{\"@type\":\"ImageObject\",\"inLanguage\":\"fr-FR\",\"@id\":\"https:\\\/\\\/www.tetrachim.com\\\/fr\\\/produit\\\/204pr-premium-oxyde-de-zirconium-stabilise-a-lyttrium-8\\\/#primaryimage\",\"url\":\"https:\\\/\\\/www.tetrachim.com\\\/wp-content\\\/uploads\\\/2025\\\/02\\\/Packshot_TSP-bottle.png\",\"contentUrl\":\"https:\\\/\\\/www.tetrachim.com\\\/wp-content\\\/uploads\\\/2025\\\/02\\\/Packshot_TSP-bottle.png\",\"width\":480,\"height\":615},{\"@type\":\"BreadcrumbList\",\"@id\":\"https:\\\/\\\/www.tetrachim.com\\\/fr\\\/produit\\\/204pr-premium-oxyde-de-zirconium-stabilise-a-lyttrium-8\\\/#breadcrumb\",\"itemListElement\":[{\"@type\":\"ListItem\",\"position\":1,\"name\":\"\",\"item\":\"https:\\\/\\\/www.tetrachim.com\\\/fr\\\/\"},{\"@type\":\"ListItem\",\"position\":2,\"name\":\"Boutique\",\"item\":\"https:\\\/\\\/www.tetrachim.com\\\/fr\\\/boutique\\\/\"},{\"@type\":\"ListItem\",\"position\":3,\"name\":\"#204PR Premium oxyde de zirconium stabilis\u00e9 \u00e0 l'yttrium 8%.\"}]},{\"@type\":\"WebSite\",\"@id\":\"https:\\\/\\\/www.tetrachim.com\\\/fr\\\/#website\",\"url\":\"https:\\\/\\\/www.tetrachim.com\\\/fr\\\/\",\"name\":\"Tetrachim\",\"description\":\"Rev\u00eatements high-tech\",\"publisher\":{\"@id\":\"https:\\\/\\\/www.tetrachim.com\\\/fr\\\/#organization\"},\"potentialAction\":[{\"@type\":\"SearchAction\",\"target\":{\"@type\":\"EntryPoint\",\"urlTemplate\":\"https:\\\/\\\/www.tetrachim.com\\\/fr\\\/?s={search_term_string}\"},\"query-input\":{\"@type\":\"PropertyValueSpecification\",\"valueRequired\":true,\"valueName\":\"search_term_string\"}}],\"inLanguage\":\"fr-FR\"},{\"@type\":\"Organization\",\"@id\":\"https:\\\/\\\/www.tetrachim.com\\\/fr\\\/#organization\",\"name\":\"Tetrachim\",\"url\":\"https:\\\/\\\/www.tetrachim.com\\\/fr\\\/\",\"logo\":{\"@type\":\"ImageObject\",\"inLanguage\":\"fr-FR\",\"@id\":\"https:\\\/\\\/www.tetrachim.com\\\/fr\\\/#\\\/schema\\\/logo\\\/image\\\/\",\"url\":\"https:\\\/\\\/www.tetrachim.com\\\/wp-content\\\/uploads\\\/2020\\\/07\\\/logo-tetrachim.png\",\"contentUrl\":\"https:\\\/\\\/www.tetrachim.com\\\/wp-content\\\/uploads\\\/2020\\\/07\\\/logo-tetrachim.png\",\"width\":244,\"height\":51,\"caption\":\"Tetrachim\"},\"image\":{\"@id\":\"https:\\\/\\\/www.tetrachim.com\\\/fr\\\/#\\\/schema\\\/logo\\\/image\\\/\"},\"sameAs\":[\"https:\\\/\\\/x.com\\\/Tetrachim\",\"https:\\\/\\\/www.linkedin.com\\\/company\\\/tetrachim\\\/\"]}]}<\/script>\n<!-- \/ Yoast SEO plugin. -->","yoast_head_json":{"title":"#204PR Premium oxyde de zirconium stabilis\u00e9 \u00e0 l'yttrium 8%. - Tetrachim","robots":{"index":"index","follow":"follow","max-snippet":"max-snippet:-1","max-image-preview":"max-image-preview:large","max-video-preview":"max-video-preview:-1"},"canonical":"https:\/\/www.tetrachim.com\/fr\/produit\/204pr-premium-oxyde-de-zirconium-stabilise-a-lyttrium-8\/","og_locale":"fr_FR","og_type":"article","og_title":"#204PR Premium oxyde de zirconium stabilis\u00e9 \u00e0 l'yttrium 8%. - Tetrachim","og_description":"Le #204PR est une poudre c\u00e9ramique pour projection thermique compos\u00e9e de 92% de ZrO2 et de 8% de Y2O3 (oxyde de zirconium premium stabilis\u00e9 \u00e0 l'yttrium).","og_url":"https:\/\/www.tetrachim.com\/fr\/produit\/204pr-premium-oxyde-de-zirconium-stabilise-a-lyttrium-8\/","og_site_name":"Tetrachim","article_modified_time":"2026-04-04T15:45:54+00:00","og_image":[{"width":480,"height":615,"url":"https:\/\/www.tetrachim.com\/wp-content\/uploads\/2025\/02\/Packshot_TSP-bottle.png","type":"image\/png"}],"twitter_card":"summary_large_image","twitter_site":"@Tetrachim","schema":{"@context":"https:\/\/schema.org","@graph":[{"@type":"WebPage","@id":"https:\/\/www.tetrachim.com\/fr\/produit\/204pr-premium-oxyde-de-zirconium-stabilise-a-lyttrium-8\/","url":"https:\/\/www.tetrachim.com\/fr\/produit\/204pr-premium-oxyde-de-zirconium-stabilise-a-lyttrium-8\/","name":"#204PR Premium oxyde de zirconium stabilis\u00e9 \u00e0 l'yttrium 8%. - Tetrachim","isPartOf":{"@id":"https:\/\/www.tetrachim.com\/fr\/#website"},"primaryImageOfPage":{"@id":"https:\/\/www.tetrachim.com\/fr\/produit\/204pr-premium-oxyde-de-zirconium-stabilise-a-lyttrium-8\/#primaryimage"},"image":{"@id":"https:\/\/www.tetrachim.com\/fr\/produit\/204pr-premium-oxyde-de-zirconium-stabilise-a-lyttrium-8\/#primaryimage"},"thumbnailUrl":"https:\/\/www.tetrachim.com\/wp-content\/uploads\/2025\/02\/Packshot_TSP-bottle.png","datePublished":"2021-06-03T14:38:19+00:00","dateModified":"2026-04-04T15:45:54+00:00","breadcrumb":{"@id":"https:\/\/www.tetrachim.com\/fr\/produit\/204pr-premium-oxyde-de-zirconium-stabilise-a-lyttrium-8\/#breadcrumb"},"inLanguage":"fr-FR","potentialAction":[{"@type":"ReadAction","target":["https:\/\/www.tetrachim.com\/fr\/produit\/204pr-premium-oxyde-de-zirconium-stabilise-a-lyttrium-8\/"]}]},{"@type":"ImageObject","inLanguage":"fr-FR","@id":"https:\/\/www.tetrachim.com\/fr\/produit\/204pr-premium-oxyde-de-zirconium-stabilise-a-lyttrium-8\/#primaryimage","url":"https:\/\/www.tetrachim.com\/wp-content\/uploads\/2025\/02\/Packshot_TSP-bottle.png","contentUrl":"https:\/\/www.tetrachim.com\/wp-content\/uploads\/2025\/02\/Packshot_TSP-bottle.png","width":480,"height":615},{"@type":"BreadcrumbList","@id":"https:\/\/www.tetrachim.com\/fr\/produit\/204pr-premium-oxyde-de-zirconium-stabilise-a-lyttrium-8\/#breadcrumb","itemListElement":[{"@type":"ListItem","position":1,"name":"","item":"https:\/\/www.tetrachim.com\/fr\/"},{"@type":"ListItem","position":2,"name":"Boutique","item":"https:\/\/www.tetrachim.com\/fr\/boutique\/"},{"@type":"ListItem","position":3,"name":"#204PR Premium oxyde de zirconium stabilis\u00e9 \u00e0 l'yttrium 8%."}]},{"@type":"WebSite","@id":"https:\/\/www.tetrachim.com\/fr\/#website","url":"https:\/\/www.tetrachim.com\/fr\/","name":"Tetrachim","description":"Rev\u00eatements high-tech","publisher":{"@id":"https:\/\/www.tetrachim.com\/fr\/#organization"},"potentialAction":[{"@type":"SearchAction","target":{"@type":"EntryPoint","urlTemplate":"https:\/\/www.tetrachim.com\/fr\/?s={search_term_string}"},"query-input":{"@type":"PropertyValueSpecification","valueRequired":true,"valueName":"search_term_string"}}],"inLanguage":"fr-FR"},{"@type":"Organization","@id":"https:\/\/www.tetrachim.com\/fr\/#organization","name":"Tetrachim","url":"https:\/\/www.tetrachim.com\/fr\/","logo":{"@type":"ImageObject","inLanguage":"fr-FR","@id":"https:\/\/www.tetrachim.com\/fr\/#\/schema\/logo\/image\/","url":"https:\/\/www.tetrachim.com\/wp-content\/uploads\/2020\/07\/logo-tetrachim.png","contentUrl":"https:\/\/www.tetrachim.com\/wp-content\/uploads\/2020\/07\/logo-tetrachim.png","width":244,"height":51,"caption":"Tetrachim"},"image":{"@id":"https:\/\/www.tetrachim.com\/fr\/#\/schema\/logo\/image\/"},"sameAs":["https:\/\/x.com\/Tetrachim","https:\/\/www.linkedin.com\/company\/tetrachim\/"]}]}},"tiered_pricing_type":"fixed","tiered_pricing_fixed_rules":[],"tiered_pricing_product_settings":{"layout":"default","base_unit_name":{"singular":null,"plural":null},"default_variation":null},"tiered_pricing_minimum_quantity":null,"tiered_pricing_roles_data":[],"tiered_pricing_percentage_rules":[],"_links":{"self":[{"href":"https:\/\/www.tetrachim.com\/fr\/wp-json\/wp\/v2\/product\/99780","targetHints":{"allow":["GET"]}}],"collection":[{"href":"https:\/\/www.tetrachim.com\/fr\/wp-json\/wp\/v2\/product"}],"about":[{"href":"https:\/\/www.tetrachim.com\/fr\/wp-json\/wp\/v2\/types\/product"}],"wp:featuredmedia":[{"embeddable":true,"href":"https:\/\/www.tetrachim.com\/fr\/wp-json\/wp\/v2\/media\/96833"}],"wp:attachment":[{"href":"https:\/\/www.tetrachim.com\/fr\/wp-json\/wp\/v2\/media?parent=99780"}],"wp:term":[{"taxonomy":"product_brand","embeddable":true,"href":"https:\/\/www.tetrachim.com\/fr\/wp-json\/wp\/v2\/product_brand?post=99780"},{"taxonomy":"product_cat","embeddable":true,"href":"https:\/\/www.tetrachim.com\/fr\/wp-json\/wp\/v2\/product_cat?post=99780"},{"taxonomy":"product_tag","embeddable":true,"href":"https:\/\/www.tetrachim.com\/fr\/wp-json\/wp\/v2\/product_tag?post=99780"}],"curies":[{"name":"wp","href":"https:\/\/api.w.org\/{rel}","templated":true}]}}