{"id":99802,"date":"2020-11-13T22:18:32","date_gmt":"2020-11-13T21:18:32","guid":{"rendered":"https:\/\/www.tetrachim.com\/product\/tn-8748-diluant-pour-954-lignes\/"},"modified":"2026-04-08T06:13:49","modified_gmt":"2026-04-08T04:13:49","slug":"tn-8748-diluant-pour-lignes-954","status":"publish","type":"product","link":"https:\/\/www.tetrachim.com\/fr\/produit\/tn-8748-diluant-pour-lignes-954\/","title":{"rendered":"TN-8748 Diluant pour lignes 954-"},"content":{"rendered":"<p>Diluant destin\u00e9 \u00e0 diluer les produits \u00e0 base de solvant de la gamme 954-.<\/p>\n","protected":false},"excerpt":{"rendered":"<p>Diluant et solvant de nettoyage<\/p>\n","protected":false},"featured_media":87499,"template":"","meta":[],"product_brand":[],"product_cat":[483],"product_tag":[],"class_list":{"0":"post-99802","1":"product","2":"type-product","3":"status-publish","4":"has-post-thumbnail","6":"supplier-chemours-fr","7":"market-aeronautique","8":"market-automotive-fr","9":"market-chimie-eau","10":"market-energie-electricite","11":"market-alimentaire-boulangerie-industrielle","12":"market-papier-textile","13":"property-nettoyant-diluant","14":"product_cat-teflon-revetements-industriels","15":"product_shipping_class-danger-fr","17":"first","18":"instock","19":"taxable","20":"shipping-taxable","21":"purchasable","22":"product-type-simple"},"yoast_head":"<!-- This site is optimized with the Yoast SEO plugin v27.3 - https:\/\/yoast.com\/product\/yoast-seo-wordpress\/ -->\n<title>TN-8748 Diluant pour lignes 954- Tetrachim<\/title>\n<meta name=\"robots\" content=\"index, follow, max-snippet:-1, max-image-preview:large, max-video-preview:-1\" \/>\n<link rel=\"canonical\" href=\"https:\/\/www.tetrachim.com\/fr\/produit\/tn-8748-diluant-pour-lignes-954\/\" \/>\n<meta property=\"og:locale\" content=\"fr_FR\" \/>\n<meta property=\"og:type\" content=\"article\" \/>\n<meta property=\"og:title\" content=\"TN-8748 Diluant pour lignes 954- Tetrachim\" \/>\n<meta property=\"og:description\" content=\"Diluant et solvant de nettoyage\" \/>\n<meta property=\"og:url\" content=\"https:\/\/www.tetrachim.com\/fr\/produit\/tn-8748-diluant-pour-lignes-954\/\" \/>\n<meta property=\"og:site_name\" content=\"Tetrachim\" \/>\n<meta property=\"article:modified_time\" content=\"2026-04-08T04:13:49+00:00\" \/>\n<meta property=\"og:image\" content=\"https:\/\/www.tetrachim.com\/wp-content\/uploads\/2020\/09\/TN8748-20L.jpg\" \/>\n\t<meta property=\"og:image:width\" content=\"2528\" \/>\n\t<meta property=\"og:image:height\" content=\"2527\" \/>\n\t<meta property=\"og:image:type\" content=\"image\/jpeg\" \/>\n<meta name=\"twitter:card\" content=\"summary_large_image\" \/>\n<meta name=\"twitter:site\" content=\"@Tetrachim\" \/>\n<meta name=\"twitter:label1\" content=\"Dur\u00e9e de lecture estim\u00e9e\" \/>\n\t<meta name=\"twitter:data1\" content=\"1 minute\" \/>\n<script type=\"application\/ld+json\" class=\"yoast-schema-graph\">{\"@context\":\"https:\\\/\\\/schema.org\",\"@graph\":[{\"@type\":\"WebPage\",\"@id\":\"https:\\\/\\\/www.tetrachim.com\\\/fr\\\/produit\\\/tn-8748-diluant-pour-lignes-954\\\/\",\"url\":\"https:\\\/\\\/www.tetrachim.com\\\/fr\\\/produit\\\/tn-8748-diluant-pour-lignes-954\\\/\",\"name\":\"TN-8748 Diluant pour lignes 954- Tetrachim\",\"isPartOf\":{\"@id\":\"https:\\\/\\\/www.tetrachim.com\\\/fr\\\/#website\"},\"primaryImageOfPage\":{\"@id\":\"https:\\\/\\\/www.tetrachim.com\\\/fr\\\/produit\\\/tn-8748-diluant-pour-lignes-954\\\/#primaryimage\"},\"image\":{\"@id\":\"https:\\\/\\\/www.tetrachim.com\\\/fr\\\/produit\\\/tn-8748-diluant-pour-lignes-954\\\/#primaryimage\"},\"thumbnailUrl\":\"https:\\\/\\\/www.tetrachim.com\\\/wp-content\\\/uploads\\\/2020\\\/09\\\/TN8748-20L.jpg\",\"datePublished\":\"2020-11-13T21:18:32+00:00\",\"dateModified\":\"2026-04-08T04:13:49+00:00\",\"breadcrumb\":{\"@id\":\"https:\\\/\\\/www.tetrachim.com\\\/fr\\\/produit\\\/tn-8748-diluant-pour-lignes-954\\\/#breadcrumb\"},\"inLanguage\":\"fr-FR\",\"potentialAction\":[{\"@type\":\"ReadAction\",\"target\":[\"https:\\\/\\\/www.tetrachim.com\\\/fr\\\/produit\\\/tn-8748-diluant-pour-lignes-954\\\/\"]}]},{\"@type\":\"ImageObject\",\"inLanguage\":\"fr-FR\",\"@id\":\"https:\\\/\\\/www.tetrachim.com\\\/fr\\\/produit\\\/tn-8748-diluant-pour-lignes-954\\\/#primaryimage\",\"url\":\"https:\\\/\\\/www.tetrachim.com\\\/wp-content\\\/uploads\\\/2020\\\/09\\\/TN8748-20L.jpg\",\"contentUrl\":\"https:\\\/\\\/www.tetrachim.com\\\/wp-content\\\/uploads\\\/2020\\\/09\\\/TN8748-20L.jpg\",\"width\":2528,\"height\":2527},{\"@type\":\"BreadcrumbList\",\"@id\":\"https:\\\/\\\/www.tetrachim.com\\\/fr\\\/produit\\\/tn-8748-diluant-pour-lignes-954\\\/#breadcrumb\",\"itemListElement\":[{\"@type\":\"ListItem\",\"position\":1,\"name\":\"\",\"item\":\"https:\\\/\\\/www.tetrachim.com\\\/fr\\\/\"},{\"@type\":\"ListItem\",\"position\":2,\"name\":\"Boutique\",\"item\":\"https:\\\/\\\/www.tetrachim.com\\\/fr\\\/boutique\\\/\"},{\"@type\":\"ListItem\",\"position\":3,\"name\":\"TN-8748 Diluant pour lignes 954-\"}]},{\"@type\":\"WebSite\",\"@id\":\"https:\\\/\\\/www.tetrachim.com\\\/fr\\\/#website\",\"url\":\"https:\\\/\\\/www.tetrachim.com\\\/fr\\\/\",\"name\":\"Tetrachim\",\"description\":\"Rev\u00eatements high-tech\",\"publisher\":{\"@id\":\"https:\\\/\\\/www.tetrachim.com\\\/fr\\\/#organization\"},\"potentialAction\":[{\"@type\":\"SearchAction\",\"target\":{\"@type\":\"EntryPoint\",\"urlTemplate\":\"https:\\\/\\\/www.tetrachim.com\\\/fr\\\/?s={search_term_string}\"},\"query-input\":{\"@type\":\"PropertyValueSpecification\",\"valueRequired\":true,\"valueName\":\"search_term_string\"}}],\"inLanguage\":\"fr-FR\"},{\"@type\":\"Organization\",\"@id\":\"https:\\\/\\\/www.tetrachim.com\\\/fr\\\/#organization\",\"name\":\"Tetrachim\",\"url\":\"https:\\\/\\\/www.tetrachim.com\\\/fr\\\/\",\"logo\":{\"@type\":\"ImageObject\",\"inLanguage\":\"fr-FR\",\"@id\":\"https:\\\/\\\/www.tetrachim.com\\\/fr\\\/#\\\/schema\\\/logo\\\/image\\\/\",\"url\":\"https:\\\/\\\/www.tetrachim.com\\\/wp-content\\\/uploads\\\/2020\\\/07\\\/logo-tetrachim.png\",\"contentUrl\":\"https:\\\/\\\/www.tetrachim.com\\\/wp-content\\\/uploads\\\/2020\\\/07\\\/logo-tetrachim.png\",\"width\":244,\"height\":51,\"caption\":\"Tetrachim\"},\"image\":{\"@id\":\"https:\\\/\\\/www.tetrachim.com\\\/fr\\\/#\\\/schema\\\/logo\\\/image\\\/\"},\"sameAs\":[\"https:\\\/\\\/x.com\\\/Tetrachim\",\"https:\\\/\\\/www.linkedin.com\\\/company\\\/tetrachim\\\/\"]}]}<\/script>\n<!-- \/ Yoast SEO plugin. -->","yoast_head_json":{"title":"TN-8748 Diluant pour lignes 954- Tetrachim","robots":{"index":"index","follow":"follow","max-snippet":"max-snippet:-1","max-image-preview":"max-image-preview:large","max-video-preview":"max-video-preview:-1"},"canonical":"https:\/\/www.tetrachim.com\/fr\/produit\/tn-8748-diluant-pour-lignes-954\/","og_locale":"fr_FR","og_type":"article","og_title":"TN-8748 Diluant pour lignes 954- Tetrachim","og_description":"Diluant et solvant de nettoyage","og_url":"https:\/\/www.tetrachim.com\/fr\/produit\/tn-8748-diluant-pour-lignes-954\/","og_site_name":"Tetrachim","article_modified_time":"2026-04-08T04:13:49+00:00","og_image":[{"width":2528,"height":2527,"url":"https:\/\/www.tetrachim.com\/wp-content\/uploads\/2020\/09\/TN8748-20L.jpg","type":"image\/jpeg"}],"twitter_card":"summary_large_image","twitter_site":"@Tetrachim","twitter_misc":{"Dur\u00e9e de lecture estim\u00e9e":"1 minute"},"schema":{"@context":"https:\/\/schema.org","@graph":[{"@type":"WebPage","@id":"https:\/\/www.tetrachim.com\/fr\/produit\/tn-8748-diluant-pour-lignes-954\/","url":"https:\/\/www.tetrachim.com\/fr\/produit\/tn-8748-diluant-pour-lignes-954\/","name":"TN-8748 Diluant pour lignes 954- Tetrachim","isPartOf":{"@id":"https:\/\/www.tetrachim.com\/fr\/#website"},"primaryImageOfPage":{"@id":"https:\/\/www.tetrachim.com\/fr\/produit\/tn-8748-diluant-pour-lignes-954\/#primaryimage"},"image":{"@id":"https:\/\/www.tetrachim.com\/fr\/produit\/tn-8748-diluant-pour-lignes-954\/#primaryimage"},"thumbnailUrl":"https:\/\/www.tetrachim.com\/wp-content\/uploads\/2020\/09\/TN8748-20L.jpg","datePublished":"2020-11-13T21:18:32+00:00","dateModified":"2026-04-08T04:13:49+00:00","breadcrumb":{"@id":"https:\/\/www.tetrachim.com\/fr\/produit\/tn-8748-diluant-pour-lignes-954\/#breadcrumb"},"inLanguage":"fr-FR","potentialAction":[{"@type":"ReadAction","target":["https:\/\/www.tetrachim.com\/fr\/produit\/tn-8748-diluant-pour-lignes-954\/"]}]},{"@type":"ImageObject","inLanguage":"fr-FR","@id":"https:\/\/www.tetrachim.com\/fr\/produit\/tn-8748-diluant-pour-lignes-954\/#primaryimage","url":"https:\/\/www.tetrachim.com\/wp-content\/uploads\/2020\/09\/TN8748-20L.jpg","contentUrl":"https:\/\/www.tetrachim.com\/wp-content\/uploads\/2020\/09\/TN8748-20L.jpg","width":2528,"height":2527},{"@type":"BreadcrumbList","@id":"https:\/\/www.tetrachim.com\/fr\/produit\/tn-8748-diluant-pour-lignes-954\/#breadcrumb","itemListElement":[{"@type":"ListItem","position":1,"name":"","item":"https:\/\/www.tetrachim.com\/fr\/"},{"@type":"ListItem","position":2,"name":"Boutique","item":"https:\/\/www.tetrachim.com\/fr\/boutique\/"},{"@type":"ListItem","position":3,"name":"TN-8748 Diluant pour lignes 954-"}]},{"@type":"WebSite","@id":"https:\/\/www.tetrachim.com\/fr\/#website","url":"https:\/\/www.tetrachim.com\/fr\/","name":"Tetrachim","description":"Rev\u00eatements high-tech","publisher":{"@id":"https:\/\/www.tetrachim.com\/fr\/#organization"},"potentialAction":[{"@type":"SearchAction","target":{"@type":"EntryPoint","urlTemplate":"https:\/\/www.tetrachim.com\/fr\/?s={search_term_string}"},"query-input":{"@type":"PropertyValueSpecification","valueRequired":true,"valueName":"search_term_string"}}],"inLanguage":"fr-FR"},{"@type":"Organization","@id":"https:\/\/www.tetrachim.com\/fr\/#organization","name":"Tetrachim","url":"https:\/\/www.tetrachim.com\/fr\/","logo":{"@type":"ImageObject","inLanguage":"fr-FR","@id":"https:\/\/www.tetrachim.com\/fr\/#\/schema\/logo\/image\/","url":"https:\/\/www.tetrachim.com\/wp-content\/uploads\/2020\/07\/logo-tetrachim.png","contentUrl":"https:\/\/www.tetrachim.com\/wp-content\/uploads\/2020\/07\/logo-tetrachim.png","width":244,"height":51,"caption":"Tetrachim"},"image":{"@id":"https:\/\/www.tetrachim.com\/fr\/#\/schema\/logo\/image\/"},"sameAs":["https:\/\/x.com\/Tetrachim","https:\/\/www.linkedin.com\/company\/tetrachim\/"]}]}},"tiered_pricing_type":"fixed","tiered_pricing_fixed_rules":[],"tiered_pricing_product_settings":{"layout":"default","base_unit_name":{"singular":null,"plural":null},"default_variation":null},"tiered_pricing_minimum_quantity":null,"tiered_pricing_roles_data":[],"tiered_pricing_percentage_rules":[],"_links":{"self":[{"href":"https:\/\/www.tetrachim.com\/fr\/wp-json\/wp\/v2\/product\/99802","targetHints":{"allow":["GET"]}}],"collection":[{"href":"https:\/\/www.tetrachim.com\/fr\/wp-json\/wp\/v2\/product"}],"about":[{"href":"https:\/\/www.tetrachim.com\/fr\/wp-json\/wp\/v2\/types\/product"}],"wp:featuredmedia":[{"embeddable":true,"href":"https:\/\/www.tetrachim.com\/fr\/wp-json\/wp\/v2\/media\/87499"}],"wp:attachment":[{"href":"https:\/\/www.tetrachim.com\/fr\/wp-json\/wp\/v2\/media?parent=99802"}],"wp:term":[{"taxonomy":"product_brand","embeddable":true,"href":"https:\/\/www.tetrachim.com\/fr\/wp-json\/wp\/v2\/product_brand?post=99802"},{"taxonomy":"product_cat","embeddable":true,"href":"https:\/\/www.tetrachim.com\/fr\/wp-json\/wp\/v2\/product_cat?post=99802"},{"taxonomy":"product_tag","embeddable":true,"href":"https:\/\/www.tetrachim.com\/fr\/wp-json\/wp\/v2\/product_tag?post=99802"}],"curies":[{"name":"wp","href":"https:\/\/api.w.org\/{rel}","templated":true}]}}