{"id":99805,"date":"2020-11-15T16:40:33","date_gmt":"2020-11-15T15:40:33","guid":{"rendered":"https:\/\/www.tetrachim.com\/product\/scotchcast-260\/"},"modified":"2026-04-30T04:02:53","modified_gmt":"2026-04-30T02:02:53","slug":"scotchcast-260","status":"publish","type":"product","link":"https:\/\/www.tetrachim.com\/fr\/produit\/scotchcast-260\/","title":{"rendered":"Scotchcast 260"},"content":{"rendered":"<p>Scotchcast\u2122 260 est appliqu\u00e9 sur une pi\u00e8ce m\u00e9tallique qui a \u00e9t\u00e9 chauff\u00e9e \u00e0 une temp\u00e9rature sup\u00e9rieure au point de fusion de la r\u00e9sine. La poudre fond et s&rsquo;\u00e9coule dans une mesure contr\u00f4l\u00e9e puis durcit, en se liant au substrat et en coales\u00e7ant en un rev\u00eatement \u00e9pais, lisse, continu et uniforme. Elle recouvre efficacement les surfaces planes et les angles ainsi que les points hauts. Scotchcast\u2122 260 est utilis\u00e9 pour l&rsquo;imperm\u00e9abilisation et l&rsquo;isolation des armatures, des stators, des barres omnibus et des noyaux de tore.   <\/p>\n","protected":false},"excerpt":{"rendered":"<p>R\u00e9sine \u00e9poxy en poudre \u00e0 usage g\u00e9n\u00e9ral, largement utilis\u00e9e et bien connue. Il s&rsquo;agit d&rsquo;un produit monocomposant, pigment\u00e9 en vert, \u00e0 durcissement rapide \u00e0 chaud, con\u00e7u pour fournir un rev\u00eatement di\u00e9lectrique continu, solide, r\u00e9sistant \u00e0 l&rsquo;humidit\u00e9 et aux produits chimiques sur une vari\u00e9t\u00e9 de substrats. <\/p>\n","protected":false},"featured_media":88411,"template":"","meta":[],"product_brand":[],"product_cat":[482],"product_tag":[],"class_list":{"0":"post-99805","1":"product","2":"type-product","3":"status-publish","4":"has-post-thumbnail","6":"supplier-3m-fr","7":"market-energie-electricite","8":"property-isolation","9":"product_cat-scotchcast-poudres-epoxy","11":"first","12":"onbackorder","13":"taxable","14":"shipping-taxable","15":"purchasable","16":"product-type-simple"},"yoast_head":"<!-- This site is optimized with the Yoast SEO plugin v27.5 - https:\/\/yoast.com\/product\/yoast-seo-wordpress\/ -->\n<title>Scotchcast 260 - Tetrachim<\/title>\n<meta name=\"robots\" content=\"index, follow, max-snippet:-1, max-image-preview:large, max-video-preview:-1\" \/>\n<link rel=\"canonical\" href=\"https:\/\/www.tetrachim.com\/fr\/produit\/scotchcast-260\/\" \/>\n<meta property=\"og:locale\" content=\"fr_FR\" \/>\n<meta property=\"og:type\" content=\"article\" \/>\n<meta property=\"og:title\" content=\"Scotchcast 260 - Tetrachim\" \/>\n<meta property=\"og:description\" content=\"R\u00e9sine \u00e9poxy en poudre \u00e0 usage g\u00e9n\u00e9ral, largement utilis\u00e9e et bien connue. Il s&#039;agit d&#039;un produit monocomposant, pigment\u00e9 en vert, \u00e0 durcissement rapide \u00e0 chaud, con\u00e7u pour fournir un rev\u00eatement di\u00e9lectrique continu, solide, r\u00e9sistant \u00e0 l&#039;humidit\u00e9 et aux produits chimiques sur une vari\u00e9t\u00e9 de substrats.\" \/>\n<meta property=\"og:url\" content=\"https:\/\/www.tetrachim.com\/fr\/produit\/scotchcast-260\/\" \/>\n<meta property=\"og:site_name\" content=\"Tetrachim\" \/>\n<meta property=\"article:modified_time\" content=\"2026-04-30T02:02:53+00:00\" \/>\n<meta property=\"og:image\" content=\"https:\/\/www.tetrachim.com\/wp-content\/uploads\/2020\/10\/3M-Scotchcast-260.jpg\" \/>\n\t<meta property=\"og:image:width\" content=\"900\" \/>\n\t<meta property=\"og:image:height\" content=\"900\" \/>\n\t<meta property=\"og:image:type\" content=\"image\/jpeg\" \/>\n<meta name=\"twitter:card\" content=\"summary_large_image\" \/>\n<meta name=\"twitter:site\" content=\"@Tetrachim\" \/>\n<script type=\"application\/ld+json\" class=\"yoast-schema-graph\">{\"@context\":\"https:\\\/\\\/schema.org\",\"@graph\":[{\"@type\":\"WebPage\",\"@id\":\"https:\\\/\\\/www.tetrachim.com\\\/fr\\\/produit\\\/scotchcast-260\\\/\",\"url\":\"https:\\\/\\\/www.tetrachim.com\\\/fr\\\/produit\\\/scotchcast-260\\\/\",\"name\":\"Scotchcast 260 - Tetrachim\",\"isPartOf\":{\"@id\":\"https:\\\/\\\/www.tetrachim.com\\\/fr\\\/#website\"},\"primaryImageOfPage\":{\"@id\":\"https:\\\/\\\/www.tetrachim.com\\\/fr\\\/produit\\\/scotchcast-260\\\/#primaryimage\"},\"image\":{\"@id\":\"https:\\\/\\\/www.tetrachim.com\\\/fr\\\/produit\\\/scotchcast-260\\\/#primaryimage\"},\"thumbnailUrl\":\"https:\\\/\\\/www.tetrachim.com\\\/wp-content\\\/uploads\\\/2020\\\/10\\\/3M-Scotchcast-260.jpg\",\"datePublished\":\"2020-11-15T15:40:33+00:00\",\"dateModified\":\"2026-04-30T02:02:53+00:00\",\"breadcrumb\":{\"@id\":\"https:\\\/\\\/www.tetrachim.com\\\/fr\\\/produit\\\/scotchcast-260\\\/#breadcrumb\"},\"inLanguage\":\"fr-FR\",\"potentialAction\":[{\"@type\":\"ReadAction\",\"target\":[\"https:\\\/\\\/www.tetrachim.com\\\/fr\\\/produit\\\/scotchcast-260\\\/\"]}]},{\"@type\":\"ImageObject\",\"inLanguage\":\"fr-FR\",\"@id\":\"https:\\\/\\\/www.tetrachim.com\\\/fr\\\/produit\\\/scotchcast-260\\\/#primaryimage\",\"url\":\"https:\\\/\\\/www.tetrachim.com\\\/wp-content\\\/uploads\\\/2020\\\/10\\\/3M-Scotchcast-260.jpg\",\"contentUrl\":\"https:\\\/\\\/www.tetrachim.com\\\/wp-content\\\/uploads\\\/2020\\\/10\\\/3M-Scotchcast-260.jpg\",\"width\":900,\"height\":900},{\"@type\":\"BreadcrumbList\",\"@id\":\"https:\\\/\\\/www.tetrachim.com\\\/fr\\\/produit\\\/scotchcast-260\\\/#breadcrumb\",\"itemListElement\":[{\"@type\":\"ListItem\",\"position\":1,\"name\":\"\",\"item\":\"https:\\\/\\\/www.tetrachim.com\\\/fr\\\/\"},{\"@type\":\"ListItem\",\"position\":2,\"name\":\"Boutique\",\"item\":\"https:\\\/\\\/www.tetrachim.com\\\/fr\\\/boutique\\\/\"},{\"@type\":\"ListItem\",\"position\":3,\"name\":\"Scotchcast 260\"}]},{\"@type\":\"WebSite\",\"@id\":\"https:\\\/\\\/www.tetrachim.com\\\/fr\\\/#website\",\"url\":\"https:\\\/\\\/www.tetrachim.com\\\/fr\\\/\",\"name\":\"Tetrachim\",\"description\":\"Rev\u00eatements high-tech\",\"publisher\":{\"@id\":\"https:\\\/\\\/www.tetrachim.com\\\/fr\\\/#organization\"},\"potentialAction\":[{\"@type\":\"SearchAction\",\"target\":{\"@type\":\"EntryPoint\",\"urlTemplate\":\"https:\\\/\\\/www.tetrachim.com\\\/fr\\\/?s={search_term_string}\"},\"query-input\":{\"@type\":\"PropertyValueSpecification\",\"valueRequired\":true,\"valueName\":\"search_term_string\"}}],\"inLanguage\":\"fr-FR\"},{\"@type\":\"Organization\",\"@id\":\"https:\\\/\\\/www.tetrachim.com\\\/fr\\\/#organization\",\"name\":\"Tetrachim\",\"url\":\"https:\\\/\\\/www.tetrachim.com\\\/fr\\\/\",\"logo\":{\"@type\":\"ImageObject\",\"inLanguage\":\"fr-FR\",\"@id\":\"https:\\\/\\\/www.tetrachim.com\\\/fr\\\/#\\\/schema\\\/logo\\\/image\\\/\",\"url\":\"https:\\\/\\\/www.tetrachim.com\\\/wp-content\\\/uploads\\\/2020\\\/07\\\/logo-tetrachim.png\",\"contentUrl\":\"https:\\\/\\\/www.tetrachim.com\\\/wp-content\\\/uploads\\\/2020\\\/07\\\/logo-tetrachim.png\",\"width\":244,\"height\":51,\"caption\":\"Tetrachim\"},\"image\":{\"@id\":\"https:\\\/\\\/www.tetrachim.com\\\/fr\\\/#\\\/schema\\\/logo\\\/image\\\/\"},\"sameAs\":[\"https:\\\/\\\/x.com\\\/Tetrachim\",\"https:\\\/\\\/www.linkedin.com\\\/company\\\/tetrachim\\\/\"]}]}<\/script>\n<!-- \/ Yoast SEO plugin. -->","yoast_head_json":{"title":"Scotchcast 260 - Tetrachim","robots":{"index":"index","follow":"follow","max-snippet":"max-snippet:-1","max-image-preview":"max-image-preview:large","max-video-preview":"max-video-preview:-1"},"canonical":"https:\/\/www.tetrachim.com\/fr\/produit\/scotchcast-260\/","og_locale":"fr_FR","og_type":"article","og_title":"Scotchcast 260 - Tetrachim","og_description":"R\u00e9sine \u00e9poxy en poudre \u00e0 usage g\u00e9n\u00e9ral, largement utilis\u00e9e et bien connue. Il s'agit d'un produit monocomposant, pigment\u00e9 en vert, \u00e0 durcissement rapide \u00e0 chaud, con\u00e7u pour fournir un rev\u00eatement di\u00e9lectrique continu, solide, r\u00e9sistant \u00e0 l'humidit\u00e9 et aux produits chimiques sur une vari\u00e9t\u00e9 de substrats.","og_url":"https:\/\/www.tetrachim.com\/fr\/produit\/scotchcast-260\/","og_site_name":"Tetrachim","article_modified_time":"2026-04-30T02:02:53+00:00","og_image":[{"width":900,"height":900,"url":"https:\/\/www.tetrachim.com\/wp-content\/uploads\/2020\/10\/3M-Scotchcast-260.jpg","type":"image\/jpeg"}],"twitter_card":"summary_large_image","twitter_site":"@Tetrachim","schema":{"@context":"https:\/\/schema.org","@graph":[{"@type":"WebPage","@id":"https:\/\/www.tetrachim.com\/fr\/produit\/scotchcast-260\/","url":"https:\/\/www.tetrachim.com\/fr\/produit\/scotchcast-260\/","name":"Scotchcast 260 - Tetrachim","isPartOf":{"@id":"https:\/\/www.tetrachim.com\/fr\/#website"},"primaryImageOfPage":{"@id":"https:\/\/www.tetrachim.com\/fr\/produit\/scotchcast-260\/#primaryimage"},"image":{"@id":"https:\/\/www.tetrachim.com\/fr\/produit\/scotchcast-260\/#primaryimage"},"thumbnailUrl":"https:\/\/www.tetrachim.com\/wp-content\/uploads\/2020\/10\/3M-Scotchcast-260.jpg","datePublished":"2020-11-15T15:40:33+00:00","dateModified":"2026-04-30T02:02:53+00:00","breadcrumb":{"@id":"https:\/\/www.tetrachim.com\/fr\/produit\/scotchcast-260\/#breadcrumb"},"inLanguage":"fr-FR","potentialAction":[{"@type":"ReadAction","target":["https:\/\/www.tetrachim.com\/fr\/produit\/scotchcast-260\/"]}]},{"@type":"ImageObject","inLanguage":"fr-FR","@id":"https:\/\/www.tetrachim.com\/fr\/produit\/scotchcast-260\/#primaryimage","url":"https:\/\/www.tetrachim.com\/wp-content\/uploads\/2020\/10\/3M-Scotchcast-260.jpg","contentUrl":"https:\/\/www.tetrachim.com\/wp-content\/uploads\/2020\/10\/3M-Scotchcast-260.jpg","width":900,"height":900},{"@type":"BreadcrumbList","@id":"https:\/\/www.tetrachim.com\/fr\/produit\/scotchcast-260\/#breadcrumb","itemListElement":[{"@type":"ListItem","position":1,"name":"","item":"https:\/\/www.tetrachim.com\/fr\/"},{"@type":"ListItem","position":2,"name":"Boutique","item":"https:\/\/www.tetrachim.com\/fr\/boutique\/"},{"@type":"ListItem","position":3,"name":"Scotchcast 260"}]},{"@type":"WebSite","@id":"https:\/\/www.tetrachim.com\/fr\/#website","url":"https:\/\/www.tetrachim.com\/fr\/","name":"Tetrachim","description":"Rev\u00eatements high-tech","publisher":{"@id":"https:\/\/www.tetrachim.com\/fr\/#organization"},"potentialAction":[{"@type":"SearchAction","target":{"@type":"EntryPoint","urlTemplate":"https:\/\/www.tetrachim.com\/fr\/?s={search_term_string}"},"query-input":{"@type":"PropertyValueSpecification","valueRequired":true,"valueName":"search_term_string"}}],"inLanguage":"fr-FR"},{"@type":"Organization","@id":"https:\/\/www.tetrachim.com\/fr\/#organization","name":"Tetrachim","url":"https:\/\/www.tetrachim.com\/fr\/","logo":{"@type":"ImageObject","inLanguage":"fr-FR","@id":"https:\/\/www.tetrachim.com\/fr\/#\/schema\/logo\/image\/","url":"https:\/\/www.tetrachim.com\/wp-content\/uploads\/2020\/07\/logo-tetrachim.png","contentUrl":"https:\/\/www.tetrachim.com\/wp-content\/uploads\/2020\/07\/logo-tetrachim.png","width":244,"height":51,"caption":"Tetrachim"},"image":{"@id":"https:\/\/www.tetrachim.com\/fr\/#\/schema\/logo\/image\/"},"sameAs":["https:\/\/x.com\/Tetrachim","https:\/\/www.linkedin.com\/company\/tetrachim\/"]}]}},"tiered_pricing_type":"fixed","tiered_pricing_fixed_rules":{"5":752,"15":721,"25":692},"tiered_pricing_product_settings":{"layout":"default","base_unit_name":{"singular":null,"plural":null},"default_variation":null},"tiered_pricing_minimum_quantity":null,"tiered_pricing_roles_data":[],"tiered_pricing_percentage_rules":[],"_links":{"self":[{"href":"https:\/\/www.tetrachim.com\/fr\/wp-json\/wp\/v2\/product\/99805","targetHints":{"allow":["GET"]}}],"collection":[{"href":"https:\/\/www.tetrachim.com\/fr\/wp-json\/wp\/v2\/product"}],"about":[{"href":"https:\/\/www.tetrachim.com\/fr\/wp-json\/wp\/v2\/types\/product"}],"wp:featuredmedia":[{"embeddable":true,"href":"https:\/\/www.tetrachim.com\/fr\/wp-json\/wp\/v2\/media\/88411"}],"wp:attachment":[{"href":"https:\/\/www.tetrachim.com\/fr\/wp-json\/wp\/v2\/media?parent=99805"}],"wp:term":[{"taxonomy":"product_brand","embeddable":true,"href":"https:\/\/www.tetrachim.com\/fr\/wp-json\/wp\/v2\/product_brand?post=99805"},{"taxonomy":"product_cat","embeddable":true,"href":"https:\/\/www.tetrachim.com\/fr\/wp-json\/wp\/v2\/product_cat?post=99805"},{"taxonomy":"product_tag","embeddable":true,"href":"https:\/\/www.tetrachim.com\/fr\/wp-json\/wp\/v2\/product_tag?post=99805"}],"curies":[{"name":"wp","href":"https:\/\/api.w.org\/{rel}","templated":true}]}}