{"id":99849,"date":"2020-11-13T22:12:44","date_gmt":"2020-11-13T21:12:44","guid":{"rendered":"https:\/\/www.tetrachim.com\/product\/532-6210-topcoat-etfe-thin-film-clear\/"},"modified":"2026-04-05T16:19:00","modified_gmt":"2026-04-05T14:19:00","slug":"532-6210-topcoat-etfe-thin-film-clear","status":"publish","type":"product","link":"https:\/\/www.tetrachim.com\/fr\/produit\/532-6210-topcoat-etfe-thin-film-clear\/","title":{"rendered":"532-6210 Topcoat ETFE fine couche transparent"},"content":{"rendered":"<p>L&rsquo;ETFE est un copolym\u00e8re thermoplastique d&rsquo;\u00e9thyl\u00e8ne et de t\u00e9trafluoro\u00e9thyl\u00e8ne. Bien qu&rsquo;il ne soit pas enti\u00e8rement fluor\u00e9, l&rsquo;ETFE pr\u00e9sente une excellente r\u00e9sistance chimique et peut fonctionner en continu \u00e0 150\u00b0C. Cette r\u00e9sine est la plus r\u00e9sistante des fluoroplastiques.  <\/p>\n","protected":false},"excerpt":{"rendered":"<p>La poudre ETFE 532-6210 est con\u00e7ue pour les couches de finition ultra lisses. Elle est extr\u00eamement dure, r\u00e9sistante \u00e0 l&rsquo;abrasion et poss\u00e8de une excellente r\u00e9sistance chimique. L&rsquo;ETFE est \u00e9galement un excellent isolant \u00e9lectrique et poss\u00e8de de bonnes propri\u00e9t\u00e9s antiadh\u00e9sives et de faible friction.  <\/p>\n","protected":false},"featured_media":87469,"template":"","meta":[],"product_brand":[],"product_cat":[483],"product_tag":[],"class_list":{"0":"post-99849","1":"product","2":"type-product","3":"status-publish","4":"has-post-thumbnail","6":"supplier-chemours-fr","7":"market-chimie-eau","8":"market-emballage","9":"market-papier-textile","10":"property-anti-adherence","11":"property-faible-frottement","12":"property-resistance-chimique","13":"property-isolation","14":"property-resistance-a-la-corrosion","15":"property-resistance-en-temperature","16":"product_cat-teflon-revetements-industriels","18":"first","19":"onbackorder","20":"taxable","21":"shipping-taxable","22":"purchasable","23":"product-type-simple"},"yoast_head":"<!-- This site is optimized with the Yoast SEO plugin v27.3 - https:\/\/yoast.com\/product\/yoast-seo-wordpress\/ -->\n<title>532-6210 Topcoat ETFE fine couche transparent - Tetrachim<\/title>\n<meta name=\"robots\" content=\"index, follow, max-snippet:-1, max-image-preview:large, max-video-preview:-1\" \/>\n<link rel=\"canonical\" href=\"https:\/\/www.tetrachim.com\/fr\/produit\/532-6210-topcoat-etfe-thin-film-clear\/\" \/>\n<meta property=\"og:locale\" content=\"fr_FR\" \/>\n<meta property=\"og:type\" content=\"article\" \/>\n<meta property=\"og:title\" content=\"532-6210 Topcoat ETFE fine couche transparent - Tetrachim\" \/>\n<meta property=\"og:description\" content=\"La poudre ETFE 532-6210 est con\u00e7ue pour les couches de finition ultra lisses. Elle est extr\u00eamement dure, r\u00e9sistante \u00e0 l&#039;abrasion et poss\u00e8de une excellente r\u00e9sistance chimique. L&#039;ETFE est \u00e9galement un excellent isolant \u00e9lectrique et poss\u00e8de de bonnes propri\u00e9t\u00e9s antiadh\u00e9sives et de faible friction.\" \/>\n<meta property=\"og:url\" content=\"https:\/\/www.tetrachim.com\/fr\/produit\/532-6210-topcoat-etfe-thin-film-clear\/\" \/>\n<meta property=\"og:site_name\" content=\"Tetrachim\" \/>\n<meta property=\"article:modified_time\" content=\"2026-04-05T14:19:00+00:00\" \/>\n<meta property=\"og:image\" content=\"https:\/\/www.tetrachim.com\/wp-content\/uploads\/2020\/09\/Packpowderpaint-couverclefin.jpg\" \/>\n\t<meta property=\"og:image:width\" content=\"900\" \/>\n\t<meta property=\"og:image:height\" content=\"900\" \/>\n\t<meta property=\"og:image:type\" content=\"image\/jpeg\" \/>\n<meta name=\"twitter:card\" content=\"summary_large_image\" \/>\n<meta name=\"twitter:site\" content=\"@Tetrachim\" \/>\n<meta name=\"twitter:label1\" content=\"Dur\u00e9e de lecture estim\u00e9e\" \/>\n\t<meta name=\"twitter:data1\" content=\"1 minute\" \/>\n<script type=\"application\/ld+json\" class=\"yoast-schema-graph\">{\"@context\":\"https:\\\/\\\/schema.org\",\"@graph\":[{\"@type\":\"WebPage\",\"@id\":\"https:\\\/\\\/www.tetrachim.com\\\/fr\\\/produit\\\/532-6210-topcoat-etfe-thin-film-clear\\\/\",\"url\":\"https:\\\/\\\/www.tetrachim.com\\\/fr\\\/produit\\\/532-6210-topcoat-etfe-thin-film-clear\\\/\",\"name\":\"532-6210 Topcoat ETFE fine couche transparent - Tetrachim\",\"isPartOf\":{\"@id\":\"https:\\\/\\\/www.tetrachim.com\\\/fr\\\/#website\"},\"primaryImageOfPage\":{\"@id\":\"https:\\\/\\\/www.tetrachim.com\\\/fr\\\/produit\\\/532-6210-topcoat-etfe-thin-film-clear\\\/#primaryimage\"},\"image\":{\"@id\":\"https:\\\/\\\/www.tetrachim.com\\\/fr\\\/produit\\\/532-6210-topcoat-etfe-thin-film-clear\\\/#primaryimage\"},\"thumbnailUrl\":\"https:\\\/\\\/www.tetrachim.com\\\/wp-content\\\/uploads\\\/2020\\\/09\\\/Packpowderpaint-couverclefin.jpg\",\"datePublished\":\"2020-11-13T21:12:44+00:00\",\"dateModified\":\"2026-04-05T14:19:00+00:00\",\"breadcrumb\":{\"@id\":\"https:\\\/\\\/www.tetrachim.com\\\/fr\\\/produit\\\/532-6210-topcoat-etfe-thin-film-clear\\\/#breadcrumb\"},\"inLanguage\":\"fr-FR\",\"potentialAction\":[{\"@type\":\"ReadAction\",\"target\":[\"https:\\\/\\\/www.tetrachim.com\\\/fr\\\/produit\\\/532-6210-topcoat-etfe-thin-film-clear\\\/\"]}]},{\"@type\":\"ImageObject\",\"inLanguage\":\"fr-FR\",\"@id\":\"https:\\\/\\\/www.tetrachim.com\\\/fr\\\/produit\\\/532-6210-topcoat-etfe-thin-film-clear\\\/#primaryimage\",\"url\":\"https:\\\/\\\/www.tetrachim.com\\\/wp-content\\\/uploads\\\/2020\\\/09\\\/Packpowderpaint-couverclefin.jpg\",\"contentUrl\":\"https:\\\/\\\/www.tetrachim.com\\\/wp-content\\\/uploads\\\/2020\\\/09\\\/Packpowderpaint-couverclefin.jpg\",\"width\":900,\"height\":900},{\"@type\":\"BreadcrumbList\",\"@id\":\"https:\\\/\\\/www.tetrachim.com\\\/fr\\\/produit\\\/532-6210-topcoat-etfe-thin-film-clear\\\/#breadcrumb\",\"itemListElement\":[{\"@type\":\"ListItem\",\"position\":1,\"name\":\"\",\"item\":\"https:\\\/\\\/www.tetrachim.com\\\/fr\\\/\"},{\"@type\":\"ListItem\",\"position\":2,\"name\":\"Boutique\",\"item\":\"https:\\\/\\\/www.tetrachim.com\\\/fr\\\/boutique\\\/\"},{\"@type\":\"ListItem\",\"position\":3,\"name\":\"532-6210 Topcoat ETFE fine couche transparent\"}]},{\"@type\":\"WebSite\",\"@id\":\"https:\\\/\\\/www.tetrachim.com\\\/fr\\\/#website\",\"url\":\"https:\\\/\\\/www.tetrachim.com\\\/fr\\\/\",\"name\":\"Tetrachim\",\"description\":\"Rev\u00eatements high-tech\",\"publisher\":{\"@id\":\"https:\\\/\\\/www.tetrachim.com\\\/fr\\\/#organization\"},\"potentialAction\":[{\"@type\":\"SearchAction\",\"target\":{\"@type\":\"EntryPoint\",\"urlTemplate\":\"https:\\\/\\\/www.tetrachim.com\\\/fr\\\/?s={search_term_string}\"},\"query-input\":{\"@type\":\"PropertyValueSpecification\",\"valueRequired\":true,\"valueName\":\"search_term_string\"}}],\"inLanguage\":\"fr-FR\"},{\"@type\":\"Organization\",\"@id\":\"https:\\\/\\\/www.tetrachim.com\\\/fr\\\/#organization\",\"name\":\"Tetrachim\",\"url\":\"https:\\\/\\\/www.tetrachim.com\\\/fr\\\/\",\"logo\":{\"@type\":\"ImageObject\",\"inLanguage\":\"fr-FR\",\"@id\":\"https:\\\/\\\/www.tetrachim.com\\\/fr\\\/#\\\/schema\\\/logo\\\/image\\\/\",\"url\":\"https:\\\/\\\/www.tetrachim.com\\\/wp-content\\\/uploads\\\/2020\\\/07\\\/logo-tetrachim.png\",\"contentUrl\":\"https:\\\/\\\/www.tetrachim.com\\\/wp-content\\\/uploads\\\/2020\\\/07\\\/logo-tetrachim.png\",\"width\":244,\"height\":51,\"caption\":\"Tetrachim\"},\"image\":{\"@id\":\"https:\\\/\\\/www.tetrachim.com\\\/fr\\\/#\\\/schema\\\/logo\\\/image\\\/\"},\"sameAs\":[\"https:\\\/\\\/x.com\\\/Tetrachim\",\"https:\\\/\\\/www.linkedin.com\\\/company\\\/tetrachim\\\/\"]}]}<\/script>\n<!-- \/ Yoast SEO plugin. -->","yoast_head_json":{"title":"532-6210 Topcoat ETFE fine couche transparent - Tetrachim","robots":{"index":"index","follow":"follow","max-snippet":"max-snippet:-1","max-image-preview":"max-image-preview:large","max-video-preview":"max-video-preview:-1"},"canonical":"https:\/\/www.tetrachim.com\/fr\/produit\/532-6210-topcoat-etfe-thin-film-clear\/","og_locale":"fr_FR","og_type":"article","og_title":"532-6210 Topcoat ETFE fine couche transparent - Tetrachim","og_description":"La poudre ETFE 532-6210 est con\u00e7ue pour les couches de finition ultra lisses. Elle est extr\u00eamement dure, r\u00e9sistante \u00e0 l'abrasion et poss\u00e8de une excellente r\u00e9sistance chimique. L'ETFE est \u00e9galement un excellent isolant \u00e9lectrique et poss\u00e8de de bonnes propri\u00e9t\u00e9s antiadh\u00e9sives et de faible friction.","og_url":"https:\/\/www.tetrachim.com\/fr\/produit\/532-6210-topcoat-etfe-thin-film-clear\/","og_site_name":"Tetrachim","article_modified_time":"2026-04-05T14:19:00+00:00","og_image":[{"width":900,"height":900,"url":"https:\/\/www.tetrachim.com\/wp-content\/uploads\/2020\/09\/Packpowderpaint-couverclefin.jpg","type":"image\/jpeg"}],"twitter_card":"summary_large_image","twitter_site":"@Tetrachim","twitter_misc":{"Dur\u00e9e de lecture estim\u00e9e":"1 minute"},"schema":{"@context":"https:\/\/schema.org","@graph":[{"@type":"WebPage","@id":"https:\/\/www.tetrachim.com\/fr\/produit\/532-6210-topcoat-etfe-thin-film-clear\/","url":"https:\/\/www.tetrachim.com\/fr\/produit\/532-6210-topcoat-etfe-thin-film-clear\/","name":"532-6210 Topcoat ETFE fine couche transparent - Tetrachim","isPartOf":{"@id":"https:\/\/www.tetrachim.com\/fr\/#website"},"primaryImageOfPage":{"@id":"https:\/\/www.tetrachim.com\/fr\/produit\/532-6210-topcoat-etfe-thin-film-clear\/#primaryimage"},"image":{"@id":"https:\/\/www.tetrachim.com\/fr\/produit\/532-6210-topcoat-etfe-thin-film-clear\/#primaryimage"},"thumbnailUrl":"https:\/\/www.tetrachim.com\/wp-content\/uploads\/2020\/09\/Packpowderpaint-couverclefin.jpg","datePublished":"2020-11-13T21:12:44+00:00","dateModified":"2026-04-05T14:19:00+00:00","breadcrumb":{"@id":"https:\/\/www.tetrachim.com\/fr\/produit\/532-6210-topcoat-etfe-thin-film-clear\/#breadcrumb"},"inLanguage":"fr-FR","potentialAction":[{"@type":"ReadAction","target":["https:\/\/www.tetrachim.com\/fr\/produit\/532-6210-topcoat-etfe-thin-film-clear\/"]}]},{"@type":"ImageObject","inLanguage":"fr-FR","@id":"https:\/\/www.tetrachim.com\/fr\/produit\/532-6210-topcoat-etfe-thin-film-clear\/#primaryimage","url":"https:\/\/www.tetrachim.com\/wp-content\/uploads\/2020\/09\/Packpowderpaint-couverclefin.jpg","contentUrl":"https:\/\/www.tetrachim.com\/wp-content\/uploads\/2020\/09\/Packpowderpaint-couverclefin.jpg","width":900,"height":900},{"@type":"BreadcrumbList","@id":"https:\/\/www.tetrachim.com\/fr\/produit\/532-6210-topcoat-etfe-thin-film-clear\/#breadcrumb","itemListElement":[{"@type":"ListItem","position":1,"name":"","item":"https:\/\/www.tetrachim.com\/fr\/"},{"@type":"ListItem","position":2,"name":"Boutique","item":"https:\/\/www.tetrachim.com\/fr\/boutique\/"},{"@type":"ListItem","position":3,"name":"532-6210 Topcoat ETFE fine couche transparent"}]},{"@type":"WebSite","@id":"https:\/\/www.tetrachim.com\/fr\/#website","url":"https:\/\/www.tetrachim.com\/fr\/","name":"Tetrachim","description":"Rev\u00eatements high-tech","publisher":{"@id":"https:\/\/www.tetrachim.com\/fr\/#organization"},"potentialAction":[{"@type":"SearchAction","target":{"@type":"EntryPoint","urlTemplate":"https:\/\/www.tetrachim.com\/fr\/?s={search_term_string}"},"query-input":{"@type":"PropertyValueSpecification","valueRequired":true,"valueName":"search_term_string"}}],"inLanguage":"fr-FR"},{"@type":"Organization","@id":"https:\/\/www.tetrachim.com\/fr\/#organization","name":"Tetrachim","url":"https:\/\/www.tetrachim.com\/fr\/","logo":{"@type":"ImageObject","inLanguage":"fr-FR","@id":"https:\/\/www.tetrachim.com\/fr\/#\/schema\/logo\/image\/","url":"https:\/\/www.tetrachim.com\/wp-content\/uploads\/2020\/07\/logo-tetrachim.png","contentUrl":"https:\/\/www.tetrachim.com\/wp-content\/uploads\/2020\/07\/logo-tetrachim.png","width":244,"height":51,"caption":"Tetrachim"},"image":{"@id":"https:\/\/www.tetrachim.com\/fr\/#\/schema\/logo\/image\/"},"sameAs":["https:\/\/x.com\/Tetrachim","https:\/\/www.linkedin.com\/company\/tetrachim\/"]}]}},"tiered_pricing_type":"fixed","tiered_pricing_fixed_rules":[],"tiered_pricing_product_settings":{"layout":"default","base_unit_name":{"singular":null,"plural":null},"default_variation":null},"tiered_pricing_minimum_quantity":null,"tiered_pricing_roles_data":[],"tiered_pricing_percentage_rules":[],"_links":{"self":[{"href":"https:\/\/www.tetrachim.com\/fr\/wp-json\/wp\/v2\/product\/99849","targetHints":{"allow":["GET"]}}],"collection":[{"href":"https:\/\/www.tetrachim.com\/fr\/wp-json\/wp\/v2\/product"}],"about":[{"href":"https:\/\/www.tetrachim.com\/fr\/wp-json\/wp\/v2\/types\/product"}],"wp:featuredmedia":[{"embeddable":true,"href":"https:\/\/www.tetrachim.com\/fr\/wp-json\/wp\/v2\/media\/87469"}],"wp:attachment":[{"href":"https:\/\/www.tetrachim.com\/fr\/wp-json\/wp\/v2\/media?parent=99849"}],"wp:term":[{"taxonomy":"product_brand","embeddable":true,"href":"https:\/\/www.tetrachim.com\/fr\/wp-json\/wp\/v2\/product_brand?post=99849"},{"taxonomy":"product_cat","embeddable":true,"href":"https:\/\/www.tetrachim.com\/fr\/wp-json\/wp\/v2\/product_cat?post=99849"},{"taxonomy":"product_tag","embeddable":true,"href":"https:\/\/www.tetrachim.com\/fr\/wp-json\/wp\/v2\/product_tag?post=99849"}],"curies":[{"name":"wp","href":"https:\/\/api.w.org\/{rel}","templated":true}]}}