{"id":99862,"date":"2020-11-13T22:15:07","date_gmt":"2020-11-13T21:15:07","guid":{"rendered":"https:\/\/www.tetrachim.com\/product\/856g-300-topcoat-fep-clear-2\/"},"modified":"2026-04-08T16:16:01","modified_gmt":"2026-04-08T14:16:01","slug":"856g-300-finition-fep-transparente-2","status":"publish","type":"product","link":"https:\/\/www.tetrachim.com\/fr\/produit\/856g-300-finition-fep-transparente-2\/","title":{"rendered":"856G-300 Finition FEP Transparente"},"content":{"rendered":"<p>Les rev\u00eatements antiadh\u00e9sifs FEP (copolym\u00e8re d&rsquo;\u00e9thyl\u00e8ne-propyl\u00e8ne fluor\u00e9) fondent et s&rsquo;\u00e9coulent pendant la cuisson pour former des films non poreux, ce qui constitue un choix naturel pour les applications de d\u00e9moulage \u00e0 faible abrasion. En plus d&rsquo;une faible friction, les rev\u00eatements FEP ont d&rsquo;excellentes propri\u00e9t\u00e9s antiadh\u00e9sives et une excellente r\u00e9sistance chimique. La temp\u00e9rature maximale d&rsquo;utilisation est de 205\u00b0C en continu.<\/p>\n","protected":false},"excerpt":{"rendered":"<p>856G-300 est une couche de finition FEP \u00e0 base d&rsquo;eau con\u00e7ue pour offrir d&rsquo;excellentes propri\u00e9t\u00e9s anti-adh\u00e9rentes et une r\u00e9sistance aux produits chimiques et \u00e0 la corrosion. Les produits FEP liquides sont un choix naturel pour les applications de d\u00e9moulage \u00e0 faible abrasion. Ils sont principalement utilis\u00e9s dans les applications de boulangerie industrielle et de moules. Les couches pigment\u00e9es appliqu\u00e9es comme couche interm\u00e9diaire am\u00e9liorent la r\u00e9sistance \u00e0 la perm\u00e9ation du syst\u00e8me de rev\u00eatement.<\/p>\n<p>Les amorces recommand\u00e9es sont 420G-71x et 470G-71x.<\/p>\n","protected":false},"featured_media":87449,"template":"","meta":[],"product_brand":[],"product_cat":[483],"product_tag":[],"class_list":{"0":"post-99862","1":"product","2":"type-product","3":"status-publish","4":"has-post-thumbnail","6":"supplier-chemours-fr","7":"market-alimentaire-boulangerie-industrielle","8":"market-emballage","9":"market-papier-textile","10":"property-anti-adherence","11":"property-resistance-chimique","12":"property-resistance-a-la-corrosion","13":"property-resistance-en-temperature","14":"product_cat-teflon-revetements-industriels","16":"first","17":"instock","18":"taxable","19":"shipping-taxable","20":"purchasable","21":"product-type-simple"},"yoast_head":"<!-- This site is optimized with the Yoast SEO plugin v27.3 - https:\/\/yoast.com\/product\/yoast-seo-wordpress\/ -->\n<title>856G-300 Finition FEP Transparente - Tetrachim<\/title>\n<meta name=\"robots\" content=\"index, follow, max-snippet:-1, max-image-preview:large, max-video-preview:-1\" \/>\n<link rel=\"canonical\" href=\"https:\/\/www.tetrachim.com\/fr\/produit\/856g-300-finition-fep-transparente-2\/\" \/>\n<meta property=\"og:locale\" content=\"fr_FR\" \/>\n<meta property=\"og:type\" content=\"article\" \/>\n<meta property=\"og:title\" content=\"856G-300 Finition FEP Transparente - Tetrachim\" \/>\n<meta property=\"og:description\" content=\"856G-300 est une couche de finition FEP \u00e0 base d&#039;eau con\u00e7ue pour offrir d&#039;excellentes propri\u00e9t\u00e9s anti-adh\u00e9rentes et une r\u00e9sistance aux produits chimiques et \u00e0 la corrosion. Les produits FEP liquides sont un choix naturel pour les applications de d\u00e9moulage \u00e0 faible abrasion. Ils sont principalement utilis\u00e9s dans les applications de boulangerie industrielle et de moules. Les couches pigment\u00e9es appliqu\u00e9es comme couche interm\u00e9diaire am\u00e9liorent la r\u00e9sistance \u00e0 la perm\u00e9ation du syst\u00e8me de rev\u00eatement.  Les amorces recommand\u00e9es sont 420G-71x et 470G-71x.\" \/>\n<meta property=\"og:url\" content=\"https:\/\/www.tetrachim.com\/fr\/produit\/856g-300-finition-fep-transparente-2\/\" \/>\n<meta property=\"og:site_name\" content=\"Tetrachim\" \/>\n<meta property=\"article:modified_time\" content=\"2026-04-08T14:16:01+00:00\" \/>\n<meta property=\"og:image\" content=\"https:\/\/www.tetrachim.com\/wp-content\/uploads\/2020\/09\/PackPaint20KG.jpg\" \/>\n\t<meta property=\"og:image:width\" content=\"900\" \/>\n\t<meta property=\"og:image:height\" content=\"900\" \/>\n\t<meta property=\"og:image:type\" content=\"image\/jpeg\" \/>\n<meta name=\"twitter:card\" content=\"summary_large_image\" \/>\n<meta name=\"twitter:site\" content=\"@Tetrachim\" \/>\n<meta name=\"twitter:label1\" content=\"Dur\u00e9e de lecture estim\u00e9e\" \/>\n\t<meta name=\"twitter:data1\" content=\"1 minute\" \/>\n<script type=\"application\/ld+json\" class=\"yoast-schema-graph\">{\"@context\":\"https:\\\/\\\/schema.org\",\"@graph\":[{\"@type\":\"WebPage\",\"@id\":\"https:\\\/\\\/www.tetrachim.com\\\/fr\\\/produit\\\/856g-300-finition-fep-transparente-2\\\/\",\"url\":\"https:\\\/\\\/www.tetrachim.com\\\/fr\\\/produit\\\/856g-300-finition-fep-transparente-2\\\/\",\"name\":\"856G-300 Finition FEP Transparente - Tetrachim\",\"isPartOf\":{\"@id\":\"https:\\\/\\\/www.tetrachim.com\\\/fr\\\/#website\"},\"primaryImageOfPage\":{\"@id\":\"https:\\\/\\\/www.tetrachim.com\\\/fr\\\/produit\\\/856g-300-finition-fep-transparente-2\\\/#primaryimage\"},\"image\":{\"@id\":\"https:\\\/\\\/www.tetrachim.com\\\/fr\\\/produit\\\/856g-300-finition-fep-transparente-2\\\/#primaryimage\"},\"thumbnailUrl\":\"https:\\\/\\\/www.tetrachim.com\\\/wp-content\\\/uploads\\\/2020\\\/09\\\/PackPaint20KG.jpg\",\"datePublished\":\"2020-11-13T21:15:07+00:00\",\"dateModified\":\"2026-04-08T14:16:01+00:00\",\"breadcrumb\":{\"@id\":\"https:\\\/\\\/www.tetrachim.com\\\/fr\\\/produit\\\/856g-300-finition-fep-transparente-2\\\/#breadcrumb\"},\"inLanguage\":\"fr-FR\",\"potentialAction\":[{\"@type\":\"ReadAction\",\"target\":[\"https:\\\/\\\/www.tetrachim.com\\\/fr\\\/produit\\\/856g-300-finition-fep-transparente-2\\\/\"]}]},{\"@type\":\"ImageObject\",\"inLanguage\":\"fr-FR\",\"@id\":\"https:\\\/\\\/www.tetrachim.com\\\/fr\\\/produit\\\/856g-300-finition-fep-transparente-2\\\/#primaryimage\",\"url\":\"https:\\\/\\\/www.tetrachim.com\\\/wp-content\\\/uploads\\\/2020\\\/09\\\/PackPaint20KG.jpg\",\"contentUrl\":\"https:\\\/\\\/www.tetrachim.com\\\/wp-content\\\/uploads\\\/2020\\\/09\\\/PackPaint20KG.jpg\",\"width\":900,\"height\":900},{\"@type\":\"BreadcrumbList\",\"@id\":\"https:\\\/\\\/www.tetrachim.com\\\/fr\\\/produit\\\/856g-300-finition-fep-transparente-2\\\/#breadcrumb\",\"itemListElement\":[{\"@type\":\"ListItem\",\"position\":1,\"name\":\"\",\"item\":\"https:\\\/\\\/www.tetrachim.com\\\/fr\\\/\"},{\"@type\":\"ListItem\",\"position\":2,\"name\":\"Boutique\",\"item\":\"https:\\\/\\\/www.tetrachim.com\\\/fr\\\/boutique\\\/\"},{\"@type\":\"ListItem\",\"position\":3,\"name\":\"856G-300 Finition FEP Transparente\"}]},{\"@type\":\"WebSite\",\"@id\":\"https:\\\/\\\/www.tetrachim.com\\\/fr\\\/#website\",\"url\":\"https:\\\/\\\/www.tetrachim.com\\\/fr\\\/\",\"name\":\"Tetrachim\",\"description\":\"Rev\u00eatements high-tech\",\"publisher\":{\"@id\":\"https:\\\/\\\/www.tetrachim.com\\\/fr\\\/#organization\"},\"potentialAction\":[{\"@type\":\"SearchAction\",\"target\":{\"@type\":\"EntryPoint\",\"urlTemplate\":\"https:\\\/\\\/www.tetrachim.com\\\/fr\\\/?s={search_term_string}\"},\"query-input\":{\"@type\":\"PropertyValueSpecification\",\"valueRequired\":true,\"valueName\":\"search_term_string\"}}],\"inLanguage\":\"fr-FR\"},{\"@type\":\"Organization\",\"@id\":\"https:\\\/\\\/www.tetrachim.com\\\/fr\\\/#organization\",\"name\":\"Tetrachim\",\"url\":\"https:\\\/\\\/www.tetrachim.com\\\/fr\\\/\",\"logo\":{\"@type\":\"ImageObject\",\"inLanguage\":\"fr-FR\",\"@id\":\"https:\\\/\\\/www.tetrachim.com\\\/fr\\\/#\\\/schema\\\/logo\\\/image\\\/\",\"url\":\"https:\\\/\\\/www.tetrachim.com\\\/wp-content\\\/uploads\\\/2020\\\/07\\\/logo-tetrachim.png\",\"contentUrl\":\"https:\\\/\\\/www.tetrachim.com\\\/wp-content\\\/uploads\\\/2020\\\/07\\\/logo-tetrachim.png\",\"width\":244,\"height\":51,\"caption\":\"Tetrachim\"},\"image\":{\"@id\":\"https:\\\/\\\/www.tetrachim.com\\\/fr\\\/#\\\/schema\\\/logo\\\/image\\\/\"},\"sameAs\":[\"https:\\\/\\\/x.com\\\/Tetrachim\",\"https:\\\/\\\/www.linkedin.com\\\/company\\\/tetrachim\\\/\"]}]}<\/script>\n<!-- \/ Yoast SEO plugin. -->","yoast_head_json":{"title":"856G-300 Finition FEP Transparente - Tetrachim","robots":{"index":"index","follow":"follow","max-snippet":"max-snippet:-1","max-image-preview":"max-image-preview:large","max-video-preview":"max-video-preview:-1"},"canonical":"https:\/\/www.tetrachim.com\/fr\/produit\/856g-300-finition-fep-transparente-2\/","og_locale":"fr_FR","og_type":"article","og_title":"856G-300 Finition FEP Transparente - Tetrachim","og_description":"856G-300 est une couche de finition FEP \u00e0 base d'eau con\u00e7ue pour offrir d'excellentes propri\u00e9t\u00e9s anti-adh\u00e9rentes et une r\u00e9sistance aux produits chimiques et \u00e0 la corrosion. Les produits FEP liquides sont un choix naturel pour les applications de d\u00e9moulage \u00e0 faible abrasion. Ils sont principalement utilis\u00e9s dans les applications de boulangerie industrielle et de moules. Les couches pigment\u00e9es appliqu\u00e9es comme couche interm\u00e9diaire am\u00e9liorent la r\u00e9sistance \u00e0 la perm\u00e9ation du syst\u00e8me de rev\u00eatement.  Les amorces recommand\u00e9es sont 420G-71x et 470G-71x.","og_url":"https:\/\/www.tetrachim.com\/fr\/produit\/856g-300-finition-fep-transparente-2\/","og_site_name":"Tetrachim","article_modified_time":"2026-04-08T14:16:01+00:00","og_image":[{"width":900,"height":900,"url":"https:\/\/www.tetrachim.com\/wp-content\/uploads\/2020\/09\/PackPaint20KG.jpg","type":"image\/jpeg"}],"twitter_card":"summary_large_image","twitter_site":"@Tetrachim","twitter_misc":{"Dur\u00e9e de lecture estim\u00e9e":"1 minute"},"schema":{"@context":"https:\/\/schema.org","@graph":[{"@type":"WebPage","@id":"https:\/\/www.tetrachim.com\/fr\/produit\/856g-300-finition-fep-transparente-2\/","url":"https:\/\/www.tetrachim.com\/fr\/produit\/856g-300-finition-fep-transparente-2\/","name":"856G-300 Finition FEP Transparente - Tetrachim","isPartOf":{"@id":"https:\/\/www.tetrachim.com\/fr\/#website"},"primaryImageOfPage":{"@id":"https:\/\/www.tetrachim.com\/fr\/produit\/856g-300-finition-fep-transparente-2\/#primaryimage"},"image":{"@id":"https:\/\/www.tetrachim.com\/fr\/produit\/856g-300-finition-fep-transparente-2\/#primaryimage"},"thumbnailUrl":"https:\/\/www.tetrachim.com\/wp-content\/uploads\/2020\/09\/PackPaint20KG.jpg","datePublished":"2020-11-13T21:15:07+00:00","dateModified":"2026-04-08T14:16:01+00:00","breadcrumb":{"@id":"https:\/\/www.tetrachim.com\/fr\/produit\/856g-300-finition-fep-transparente-2\/#breadcrumb"},"inLanguage":"fr-FR","potentialAction":[{"@type":"ReadAction","target":["https:\/\/www.tetrachim.com\/fr\/produit\/856g-300-finition-fep-transparente-2\/"]}]},{"@type":"ImageObject","inLanguage":"fr-FR","@id":"https:\/\/www.tetrachim.com\/fr\/produit\/856g-300-finition-fep-transparente-2\/#primaryimage","url":"https:\/\/www.tetrachim.com\/wp-content\/uploads\/2020\/09\/PackPaint20KG.jpg","contentUrl":"https:\/\/www.tetrachim.com\/wp-content\/uploads\/2020\/09\/PackPaint20KG.jpg","width":900,"height":900},{"@type":"BreadcrumbList","@id":"https:\/\/www.tetrachim.com\/fr\/produit\/856g-300-finition-fep-transparente-2\/#breadcrumb","itemListElement":[{"@type":"ListItem","position":1,"name":"","item":"https:\/\/www.tetrachim.com\/fr\/"},{"@type":"ListItem","position":2,"name":"Boutique","item":"https:\/\/www.tetrachim.com\/fr\/boutique\/"},{"@type":"ListItem","position":3,"name":"856G-300 Finition FEP Transparente"}]},{"@type":"WebSite","@id":"https:\/\/www.tetrachim.com\/fr\/#website","url":"https:\/\/www.tetrachim.com\/fr\/","name":"Tetrachim","description":"Rev\u00eatements high-tech","publisher":{"@id":"https:\/\/www.tetrachim.com\/fr\/#organization"},"potentialAction":[{"@type":"SearchAction","target":{"@type":"EntryPoint","urlTemplate":"https:\/\/www.tetrachim.com\/fr\/?s={search_term_string}"},"query-input":{"@type":"PropertyValueSpecification","valueRequired":true,"valueName":"search_term_string"}}],"inLanguage":"fr-FR"},{"@type":"Organization","@id":"https:\/\/www.tetrachim.com\/fr\/#organization","name":"Tetrachim","url":"https:\/\/www.tetrachim.com\/fr\/","logo":{"@type":"ImageObject","inLanguage":"fr-FR","@id":"https:\/\/www.tetrachim.com\/fr\/#\/schema\/logo\/image\/","url":"https:\/\/www.tetrachim.com\/wp-content\/uploads\/2020\/07\/logo-tetrachim.png","contentUrl":"https:\/\/www.tetrachim.com\/wp-content\/uploads\/2020\/07\/logo-tetrachim.png","width":244,"height":51,"caption":"Tetrachim"},"image":{"@id":"https:\/\/www.tetrachim.com\/fr\/#\/schema\/logo\/image\/"},"sameAs":["https:\/\/x.com\/Tetrachim","https:\/\/www.linkedin.com\/company\/tetrachim\/"]}]}},"tiered_pricing_type":"fixed","tiered_pricing_fixed_rules":[],"tiered_pricing_product_settings":{"layout":"default","base_unit_name":{"singular":null,"plural":null},"default_variation":null},"tiered_pricing_minimum_quantity":null,"tiered_pricing_roles_data":[],"tiered_pricing_percentage_rules":[],"_links":{"self":[{"href":"https:\/\/www.tetrachim.com\/fr\/wp-json\/wp\/v2\/product\/99862","targetHints":{"allow":["GET"]}}],"collection":[{"href":"https:\/\/www.tetrachim.com\/fr\/wp-json\/wp\/v2\/product"}],"about":[{"href":"https:\/\/www.tetrachim.com\/fr\/wp-json\/wp\/v2\/types\/product"}],"wp:featuredmedia":[{"embeddable":true,"href":"https:\/\/www.tetrachim.com\/fr\/wp-json\/wp\/v2\/media\/87449"}],"wp:attachment":[{"href":"https:\/\/www.tetrachim.com\/fr\/wp-json\/wp\/v2\/media?parent=99862"}],"wp:term":[{"taxonomy":"product_brand","embeddable":true,"href":"https:\/\/www.tetrachim.com\/fr\/wp-json\/wp\/v2\/product_brand?post=99862"},{"taxonomy":"product_cat","embeddable":true,"href":"https:\/\/www.tetrachim.com\/fr\/wp-json\/wp\/v2\/product_cat?post=99862"},{"taxonomy":"product_tag","embeddable":true,"href":"https:\/\/www.tetrachim.com\/fr\/wp-json\/wp\/v2\/product_tag?post=99862"}],"curies":[{"name":"wp","href":"https:\/\/api.w.org\/{rel}","templated":true}]}}