{"id":99874,"date":"2020-11-13T22:14:47","date_gmt":"2020-11-13T21:14:47","guid":{"rendered":"https:\/\/www.tetrachim.com\/product\/855g-500-couche-de-finition-ptfe-rose\/"},"modified":"2026-04-07T17:10:24","modified_gmt":"2026-04-07T15:10:24","slug":"855g-500-finition-ptfe-rose","status":"publish","type":"product","link":"https:\/\/www.tetrachim.com\/fr\/produit\/855g-500-finition-ptfe-rose\/","title":{"rendered":"855G-500 Finition PTFE Rose"},"content":{"rendered":"<p>Les rev\u00eatements antiadh\u00e9sifs en PTFE (polyt\u00e9trafluoro\u00e9thyl\u00e8ne) sont des syst\u00e8mes \u00e0 deux couches (primaire\/couche sup\u00e9rieure) ou \u00e0 trois couches (primaire\/couche interm\u00e9diaire\/couche sup\u00e9rieure). Ces produits ont la temp\u00e9rature de fonctionnement la plus \u00e9lev\u00e9e de tous les fluoroplastiques (260\u00b0C), un coefficient de frottement extr\u00eamement faible, une bonne r\u00e9sistance \u00e0 l&rsquo;abrasion et une bonne r\u00e9sistance chimique. Le PTFE est disponible sous forme de liquide \u00e0 base d&rsquo;eau.<\/p>\n","protected":false},"excerpt":{"rendered":"<p>Laque de finition PTFE \u00e0 base d&rsquo;eau destin\u00e9e \u00e0 \u00eatre utilis\u00e9e dans le syst\u00e8me 3 couches connu sous le nom de \u00ab\u00a0SUPRA\u00a0\u00bb compos\u00e9 d&rsquo;un appr\u00eat + d&rsquo;une couche interm\u00e9diaire pigment\u00e9e + d&rsquo;une couche de finition transparente. Initialement con\u00e7u pour les ustensiles de cuisine et commercialis\u00e9 comme le \u00ab\u00a0meilleur\u00a0\u00bb produit dans les ann\u00e9es 80, il a \u00e9t\u00e9 adopt\u00e9 dans des domaines industriels tels que l&rsquo;industrie alimentaire et la bureautique. Le syst\u00e8me n&rsquo;est pas renforc\u00e9, mais il est bas\u00e9 sur un m\u00e9lange de PTFE et de PFA. Dans certaines utilisations finales, un syst\u00e8me \u00e0 deux couches, appr\u00eat + couche interm\u00e9diaire pigment\u00e9e, peut \u00eatre utilis\u00e9 si l&rsquo;anti-adh\u00e9rence est moins critique.<\/p>\n","protected":false},"featured_media":87349,"template":"","meta":[],"product_brand":[],"product_cat":[483],"product_tag":[],"class_list":{"0":"post-99874","1":"product","2":"type-product","3":"status-publish","4":"has-post-thumbnail","6":"supplier-chemours-fr","7":"market-alimentaire-boulangerie-industrielle","8":"market-emballage","9":"market-papier-textile","10":"property-lubrification-seche","11":"property-faible-frottement","12":"property-resistance-en-temperature","13":"property-anti-adherence","14":"product_cat-teflon-revetements-industriels","16":"first","17":"instock","18":"taxable","19":"shipping-taxable","20":"purchasable","21":"product-type-simple"},"yoast_head":"<!-- This site is optimized with the Yoast SEO plugin v27.3 - https:\/\/yoast.com\/product\/yoast-seo-wordpress\/ -->\n<title>855G-500 Finition PTFE Rose - Tetrachim<\/title>\n<meta name=\"robots\" content=\"index, follow, max-snippet:-1, max-image-preview:large, max-video-preview:-1\" \/>\n<link rel=\"canonical\" href=\"https:\/\/www.tetrachim.com\/fr\/produit\/855g-500-finition-ptfe-rose\/\" \/>\n<meta property=\"og:locale\" content=\"fr_FR\" \/>\n<meta property=\"og:type\" content=\"article\" \/>\n<meta property=\"og:title\" content=\"855G-500 Finition PTFE Rose - Tetrachim\" \/>\n<meta property=\"og:description\" content=\"Laque de finition PTFE \u00e0 base d&#039;eau destin\u00e9e \u00e0 \u00eatre utilis\u00e9e dans le syst\u00e8me 3 couches connu sous le nom de &quot;SUPRA&quot; compos\u00e9 d&#039;un appr\u00eat + d&#039;une couche interm\u00e9diaire pigment\u00e9e + d&#039;une couche de finition transparente. Initialement con\u00e7u pour les ustensiles de cuisine et commercialis\u00e9 comme le &quot;meilleur&quot; produit dans les ann\u00e9es 80, il a \u00e9t\u00e9 adopt\u00e9 dans des domaines industriels tels que l&#039;industrie alimentaire et la bureautique. Le syst\u00e8me n&#039;est pas renforc\u00e9, mais il est bas\u00e9 sur un m\u00e9lange de PTFE et de PFA. Dans certaines utilisations finales, un syst\u00e8me \u00e0 deux couches, appr\u00eat + couche interm\u00e9diaire pigment\u00e9e, peut \u00eatre utilis\u00e9 si l&#039;anti-adh\u00e9rence est moins critique.\" \/>\n<meta property=\"og:url\" content=\"https:\/\/www.tetrachim.com\/fr\/produit\/855g-500-finition-ptfe-rose\/\" \/>\n<meta property=\"og:site_name\" content=\"Tetrachim\" \/>\n<meta property=\"article:modified_time\" content=\"2026-04-07T15:10:24+00:00\" \/>\n<meta property=\"og:image\" content=\"https:\/\/www.tetrachim.com\/wp-content\/uploads\/2020\/09\/855G500.jpg\" \/>\n\t<meta property=\"og:image:width\" content=\"900\" \/>\n\t<meta property=\"og:image:height\" content=\"900\" \/>\n\t<meta property=\"og:image:type\" content=\"image\/jpeg\" \/>\n<meta name=\"twitter:card\" content=\"summary_large_image\" \/>\n<meta name=\"twitter:site\" content=\"@Tetrachim\" \/>\n<meta name=\"twitter:label1\" content=\"Dur\u00e9e de lecture estim\u00e9e\" \/>\n\t<meta name=\"twitter:data1\" content=\"1 minute\" \/>\n<script type=\"application\/ld+json\" class=\"yoast-schema-graph\">{\"@context\":\"https:\\\/\\\/schema.org\",\"@graph\":[{\"@type\":\"WebPage\",\"@id\":\"https:\\\/\\\/www.tetrachim.com\\\/fr\\\/produit\\\/855g-500-finition-ptfe-rose\\\/\",\"url\":\"https:\\\/\\\/www.tetrachim.com\\\/fr\\\/produit\\\/855g-500-finition-ptfe-rose\\\/\",\"name\":\"855G-500 Finition PTFE Rose - Tetrachim\",\"isPartOf\":{\"@id\":\"https:\\\/\\\/www.tetrachim.com\\\/fr\\\/#website\"},\"primaryImageOfPage\":{\"@id\":\"https:\\\/\\\/www.tetrachim.com\\\/fr\\\/produit\\\/855g-500-finition-ptfe-rose\\\/#primaryimage\"},\"image\":{\"@id\":\"https:\\\/\\\/www.tetrachim.com\\\/fr\\\/produit\\\/855g-500-finition-ptfe-rose\\\/#primaryimage\"},\"thumbnailUrl\":\"https:\\\/\\\/www.tetrachim.com\\\/wp-content\\\/uploads\\\/2020\\\/09\\\/855G500.jpg\",\"datePublished\":\"2020-11-13T21:14:47+00:00\",\"dateModified\":\"2026-04-07T15:10:24+00:00\",\"breadcrumb\":{\"@id\":\"https:\\\/\\\/www.tetrachim.com\\\/fr\\\/produit\\\/855g-500-finition-ptfe-rose\\\/#breadcrumb\"},\"inLanguage\":\"fr-FR\",\"potentialAction\":[{\"@type\":\"ReadAction\",\"target\":[\"https:\\\/\\\/www.tetrachim.com\\\/fr\\\/produit\\\/855g-500-finition-ptfe-rose\\\/\"]}]},{\"@type\":\"ImageObject\",\"inLanguage\":\"fr-FR\",\"@id\":\"https:\\\/\\\/www.tetrachim.com\\\/fr\\\/produit\\\/855g-500-finition-ptfe-rose\\\/#primaryimage\",\"url\":\"https:\\\/\\\/www.tetrachim.com\\\/wp-content\\\/uploads\\\/2020\\\/09\\\/855G500.jpg\",\"contentUrl\":\"https:\\\/\\\/www.tetrachim.com\\\/wp-content\\\/uploads\\\/2020\\\/09\\\/855G500.jpg\",\"width\":900,\"height\":900},{\"@type\":\"BreadcrumbList\",\"@id\":\"https:\\\/\\\/www.tetrachim.com\\\/fr\\\/produit\\\/855g-500-finition-ptfe-rose\\\/#breadcrumb\",\"itemListElement\":[{\"@type\":\"ListItem\",\"position\":1,\"name\":\"\",\"item\":\"https:\\\/\\\/www.tetrachim.com\\\/fr\\\/\"},{\"@type\":\"ListItem\",\"position\":2,\"name\":\"Boutique\",\"item\":\"https:\\\/\\\/www.tetrachim.com\\\/fr\\\/boutique\\\/\"},{\"@type\":\"ListItem\",\"position\":3,\"name\":\"855G-500 Finition PTFE Rose\"}]},{\"@type\":\"WebSite\",\"@id\":\"https:\\\/\\\/www.tetrachim.com\\\/fr\\\/#website\",\"url\":\"https:\\\/\\\/www.tetrachim.com\\\/fr\\\/\",\"name\":\"Tetrachim\",\"description\":\"Rev\u00eatements high-tech\",\"publisher\":{\"@id\":\"https:\\\/\\\/www.tetrachim.com\\\/fr\\\/#organization\"},\"potentialAction\":[{\"@type\":\"SearchAction\",\"target\":{\"@type\":\"EntryPoint\",\"urlTemplate\":\"https:\\\/\\\/www.tetrachim.com\\\/fr\\\/?s={search_term_string}\"},\"query-input\":{\"@type\":\"PropertyValueSpecification\",\"valueRequired\":true,\"valueName\":\"search_term_string\"}}],\"inLanguage\":\"fr-FR\"},{\"@type\":\"Organization\",\"@id\":\"https:\\\/\\\/www.tetrachim.com\\\/fr\\\/#organization\",\"name\":\"Tetrachim\",\"url\":\"https:\\\/\\\/www.tetrachim.com\\\/fr\\\/\",\"logo\":{\"@type\":\"ImageObject\",\"inLanguage\":\"fr-FR\",\"@id\":\"https:\\\/\\\/www.tetrachim.com\\\/fr\\\/#\\\/schema\\\/logo\\\/image\\\/\",\"url\":\"https:\\\/\\\/www.tetrachim.com\\\/wp-content\\\/uploads\\\/2020\\\/07\\\/logo-tetrachim.png\",\"contentUrl\":\"https:\\\/\\\/www.tetrachim.com\\\/wp-content\\\/uploads\\\/2020\\\/07\\\/logo-tetrachim.png\",\"width\":244,\"height\":51,\"caption\":\"Tetrachim\"},\"image\":{\"@id\":\"https:\\\/\\\/www.tetrachim.com\\\/fr\\\/#\\\/schema\\\/logo\\\/image\\\/\"},\"sameAs\":[\"https:\\\/\\\/x.com\\\/Tetrachim\",\"https:\\\/\\\/www.linkedin.com\\\/company\\\/tetrachim\\\/\"]}]}<\/script>\n<!-- \/ Yoast SEO plugin. -->","yoast_head_json":{"title":"855G-500 Finition PTFE Rose - Tetrachim","robots":{"index":"index","follow":"follow","max-snippet":"max-snippet:-1","max-image-preview":"max-image-preview:large","max-video-preview":"max-video-preview:-1"},"canonical":"https:\/\/www.tetrachim.com\/fr\/produit\/855g-500-finition-ptfe-rose\/","og_locale":"fr_FR","og_type":"article","og_title":"855G-500 Finition PTFE Rose - Tetrachim","og_description":"Laque de finition PTFE \u00e0 base d'eau destin\u00e9e \u00e0 \u00eatre utilis\u00e9e dans le syst\u00e8me 3 couches connu sous le nom de \"SUPRA\" compos\u00e9 d'un appr\u00eat + d'une couche interm\u00e9diaire pigment\u00e9e + d'une couche de finition transparente. Initialement con\u00e7u pour les ustensiles de cuisine et commercialis\u00e9 comme le \"meilleur\" produit dans les ann\u00e9es 80, il a \u00e9t\u00e9 adopt\u00e9 dans des domaines industriels tels que l'industrie alimentaire et la bureautique. Le syst\u00e8me n'est pas renforc\u00e9, mais il est bas\u00e9 sur un m\u00e9lange de PTFE et de PFA. Dans certaines utilisations finales, un syst\u00e8me \u00e0 deux couches, appr\u00eat + couche interm\u00e9diaire pigment\u00e9e, peut \u00eatre utilis\u00e9 si l'anti-adh\u00e9rence est moins critique.","og_url":"https:\/\/www.tetrachim.com\/fr\/produit\/855g-500-finition-ptfe-rose\/","og_site_name":"Tetrachim","article_modified_time":"2026-04-07T15:10:24+00:00","og_image":[{"width":900,"height":900,"url":"https:\/\/www.tetrachim.com\/wp-content\/uploads\/2020\/09\/855G500.jpg","type":"image\/jpeg"}],"twitter_card":"summary_large_image","twitter_site":"@Tetrachim","twitter_misc":{"Dur\u00e9e de lecture estim\u00e9e":"1 minute"},"schema":{"@context":"https:\/\/schema.org","@graph":[{"@type":"WebPage","@id":"https:\/\/www.tetrachim.com\/fr\/produit\/855g-500-finition-ptfe-rose\/","url":"https:\/\/www.tetrachim.com\/fr\/produit\/855g-500-finition-ptfe-rose\/","name":"855G-500 Finition PTFE Rose - Tetrachim","isPartOf":{"@id":"https:\/\/www.tetrachim.com\/fr\/#website"},"primaryImageOfPage":{"@id":"https:\/\/www.tetrachim.com\/fr\/produit\/855g-500-finition-ptfe-rose\/#primaryimage"},"image":{"@id":"https:\/\/www.tetrachim.com\/fr\/produit\/855g-500-finition-ptfe-rose\/#primaryimage"},"thumbnailUrl":"https:\/\/www.tetrachim.com\/wp-content\/uploads\/2020\/09\/855G500.jpg","datePublished":"2020-11-13T21:14:47+00:00","dateModified":"2026-04-07T15:10:24+00:00","breadcrumb":{"@id":"https:\/\/www.tetrachim.com\/fr\/produit\/855g-500-finition-ptfe-rose\/#breadcrumb"},"inLanguage":"fr-FR","potentialAction":[{"@type":"ReadAction","target":["https:\/\/www.tetrachim.com\/fr\/produit\/855g-500-finition-ptfe-rose\/"]}]},{"@type":"ImageObject","inLanguage":"fr-FR","@id":"https:\/\/www.tetrachim.com\/fr\/produit\/855g-500-finition-ptfe-rose\/#primaryimage","url":"https:\/\/www.tetrachim.com\/wp-content\/uploads\/2020\/09\/855G500.jpg","contentUrl":"https:\/\/www.tetrachim.com\/wp-content\/uploads\/2020\/09\/855G500.jpg","width":900,"height":900},{"@type":"BreadcrumbList","@id":"https:\/\/www.tetrachim.com\/fr\/produit\/855g-500-finition-ptfe-rose\/#breadcrumb","itemListElement":[{"@type":"ListItem","position":1,"name":"","item":"https:\/\/www.tetrachim.com\/fr\/"},{"@type":"ListItem","position":2,"name":"Boutique","item":"https:\/\/www.tetrachim.com\/fr\/boutique\/"},{"@type":"ListItem","position":3,"name":"855G-500 Finition PTFE Rose"}]},{"@type":"WebSite","@id":"https:\/\/www.tetrachim.com\/fr\/#website","url":"https:\/\/www.tetrachim.com\/fr\/","name":"Tetrachim","description":"Rev\u00eatements high-tech","publisher":{"@id":"https:\/\/www.tetrachim.com\/fr\/#organization"},"potentialAction":[{"@type":"SearchAction","target":{"@type":"EntryPoint","urlTemplate":"https:\/\/www.tetrachim.com\/fr\/?s={search_term_string}"},"query-input":{"@type":"PropertyValueSpecification","valueRequired":true,"valueName":"search_term_string"}}],"inLanguage":"fr-FR"},{"@type":"Organization","@id":"https:\/\/www.tetrachim.com\/fr\/#organization","name":"Tetrachim","url":"https:\/\/www.tetrachim.com\/fr\/","logo":{"@type":"ImageObject","inLanguage":"fr-FR","@id":"https:\/\/www.tetrachim.com\/fr\/#\/schema\/logo\/image\/","url":"https:\/\/www.tetrachim.com\/wp-content\/uploads\/2020\/07\/logo-tetrachim.png","contentUrl":"https:\/\/www.tetrachim.com\/wp-content\/uploads\/2020\/07\/logo-tetrachim.png","width":244,"height":51,"caption":"Tetrachim"},"image":{"@id":"https:\/\/www.tetrachim.com\/fr\/#\/schema\/logo\/image\/"},"sameAs":["https:\/\/x.com\/Tetrachim","https:\/\/www.linkedin.com\/company\/tetrachim\/"]}]}},"tiered_pricing_type":"fixed","tiered_pricing_fixed_rules":[],"tiered_pricing_product_settings":{"layout":"default","base_unit_name":{"singular":null,"plural":null},"default_variation":null},"tiered_pricing_minimum_quantity":null,"tiered_pricing_roles_data":[],"tiered_pricing_percentage_rules":[],"_links":{"self":[{"href":"https:\/\/www.tetrachim.com\/fr\/wp-json\/wp\/v2\/product\/99874","targetHints":{"allow":["GET"]}}],"collection":[{"href":"https:\/\/www.tetrachim.com\/fr\/wp-json\/wp\/v2\/product"}],"about":[{"href":"https:\/\/www.tetrachim.com\/fr\/wp-json\/wp\/v2\/types\/product"}],"wp:featuredmedia":[{"embeddable":true,"href":"https:\/\/www.tetrachim.com\/fr\/wp-json\/wp\/v2\/media\/87349"}],"wp:attachment":[{"href":"https:\/\/www.tetrachim.com\/fr\/wp-json\/wp\/v2\/media?parent=99874"}],"wp:term":[{"taxonomy":"product_brand","embeddable":true,"href":"https:\/\/www.tetrachim.com\/fr\/wp-json\/wp\/v2\/product_brand?post=99874"},{"taxonomy":"product_cat","embeddable":true,"href":"https:\/\/www.tetrachim.com\/fr\/wp-json\/wp\/v2\/product_cat?post=99874"},{"taxonomy":"product_tag","embeddable":true,"href":"https:\/\/www.tetrachim.com\/fr\/wp-json\/wp\/v2\/product_tag?post=99874"}],"curies":[{"name":"wp","href":"https:\/\/api.w.org\/{rel}","templated":true}]}}