{"id":99878,"date":"2020-11-13T22:16:00","date_gmt":"2020-11-13T21:16:00","guid":{"rendered":"https:\/\/www.tetrachim.com\/product\/858g-112-vernis-de-finition-pfa-sparkling-clear\/"},"modified":"2026-05-01T06:13:48","modified_gmt":"2026-05-01T04:13:48","slug":"858g-112-finition-pfa-transparente-pailletee","status":"publish","type":"product","link":"https:\/\/www.tetrachim.com\/fr\/produit\/858g-112-finition-pfa-transparente-pailletee\/","title":{"rendered":"858G-112 Finition PFA Transparente Paillet\u00e9e"},"content":{"rendered":"<p>Les rev\u00eatements antiadh\u00e9sifs PFA (perfluoroalkoxy) fondent et s&rsquo;\u00e9coulent pendant la cuisson pour former des films non poreux. Le PFA offre les avantages suppl\u00e9mentaires d&rsquo;une temp\u00e9rature d&rsquo;utilisation continue plus \u00e9lev\u00e9e (260\u00b0C), d&rsquo;une \u00e9paisseur de film allant jusqu&rsquo;\u00e0 1 000 \u00b5m et d&rsquo;une plus grande t\u00e9nacit\u00e9 que le PTFE ou le FEP. Cette combinaison de propri\u00e9t\u00e9s fait du PFA un excellent choix pour une grande vari\u00e9t\u00e9 d&rsquo;utilisations, en particulier celles qui impliquent une r\u00e9sistance chimique.<\/p>\n","protected":false},"excerpt":{"rendered":"<p>Cette finition PFA charg\u00e9e \u00e0 base d&rsquo;eau est con\u00e7ue pour offrir une meilleure r\u00e9sistance aux rayures\/abrasions et \u00e0 la perm\u00e9ation que le PFA liquide non charg\u00e9. Elle convient \u00e0 de multiples applications industrielles et peut \u00eatre appliqu\u00e9e en \u00e9paisseur jusqu&rsquo;\u00e0 75 \u03bcm par couche. Il est particuli\u00e8rement int\u00e9ressant pour les plateaux utilis\u00e9s en contact avec de la p\u00e2te congel\u00e9e dans la boulangerie industrielle.<\/p>\n","protected":false},"featured_media":87449,"template":"","meta":[],"product_brand":[],"product_cat":[483],"product_tag":[],"class_list":{"0":"post-99878","1":"product","2":"type-product","3":"status-publish","4":"has-post-thumbnail","6":"supplier-chemours-fr","7":"market-chimie-eau","8":"market-alimentaire-boulangerie-industrielle","9":"property-anti-adherence","10":"property-resistance-chimique","11":"property-resistance-a-labrasion","12":"property-resistance-a-la-corrosion","13":"property-resistance-en-temperature","14":"product_cat-teflon-revetements-industriels","16":"first","17":"outofstock","18":"taxable","19":"shipping-taxable","20":"purchasable","21":"product-type-simple"},"yoast_head":"<!-- This site is optimized with the Yoast SEO plugin v27.5 - https:\/\/yoast.com\/product\/yoast-seo-wordpress\/ -->\n<title>858G-112 Finition PFA Transparente Paillet\u00e9e - Tetrachim<\/title>\n<meta name=\"robots\" content=\"index, follow, max-snippet:-1, max-image-preview:large, max-video-preview:-1\" \/>\n<link rel=\"canonical\" href=\"https:\/\/www.tetrachim.com\/fr\/produit\/858g-112-finition-pfa-transparente-pailletee\/\" \/>\n<meta property=\"og:locale\" content=\"fr_FR\" \/>\n<meta property=\"og:type\" content=\"article\" \/>\n<meta property=\"og:title\" content=\"858G-112 Finition PFA Transparente Paillet\u00e9e - Tetrachim\" \/>\n<meta property=\"og:description\" content=\"Cette finition PFA charg\u00e9e \u00e0 base d&#039;eau est con\u00e7ue pour offrir une meilleure r\u00e9sistance aux rayures\/abrasions et \u00e0 la perm\u00e9ation que le PFA liquide non charg\u00e9. Elle convient \u00e0 de multiples applications industrielles et peut \u00eatre appliqu\u00e9e en \u00e9paisseur jusqu&#039;\u00e0 75 \u03bcm par couche. Il est particuli\u00e8rement int\u00e9ressant pour les plateaux utilis\u00e9s en contact avec de la p\u00e2te congel\u00e9e dans la boulangerie industrielle.\" \/>\n<meta property=\"og:url\" content=\"https:\/\/www.tetrachim.com\/fr\/produit\/858g-112-finition-pfa-transparente-pailletee\/\" \/>\n<meta property=\"og:site_name\" content=\"Tetrachim\" \/>\n<meta property=\"article:modified_time\" content=\"2026-05-01T04:13:48+00:00\" \/>\n<meta property=\"og:image\" content=\"https:\/\/www.tetrachim.com\/wp-content\/uploads\/2020\/09\/PackPaint20KG.jpg\" \/>\n\t<meta property=\"og:image:width\" content=\"900\" \/>\n\t<meta property=\"og:image:height\" content=\"900\" \/>\n\t<meta property=\"og:image:type\" content=\"image\/jpeg\" \/>\n<meta name=\"twitter:card\" content=\"summary_large_image\" \/>\n<meta name=\"twitter:site\" content=\"@Tetrachim\" \/>\n<meta name=\"twitter:label1\" content=\"Dur\u00e9e de lecture estim\u00e9e\" \/>\n\t<meta name=\"twitter:data1\" content=\"1 minute\" \/>\n<script type=\"application\/ld+json\" class=\"yoast-schema-graph\">{\"@context\":\"https:\\\/\\\/schema.org\",\"@graph\":[{\"@type\":\"WebPage\",\"@id\":\"https:\\\/\\\/www.tetrachim.com\\\/fr\\\/produit\\\/858g-112-finition-pfa-transparente-pailletee\\\/\",\"url\":\"https:\\\/\\\/www.tetrachim.com\\\/fr\\\/produit\\\/858g-112-finition-pfa-transparente-pailletee\\\/\",\"name\":\"858G-112 Finition PFA Transparente Paillet\u00e9e - Tetrachim\",\"isPartOf\":{\"@id\":\"https:\\\/\\\/www.tetrachim.com\\\/fr\\\/#website\"},\"primaryImageOfPage\":{\"@id\":\"https:\\\/\\\/www.tetrachim.com\\\/fr\\\/produit\\\/858g-112-finition-pfa-transparente-pailletee\\\/#primaryimage\"},\"image\":{\"@id\":\"https:\\\/\\\/www.tetrachim.com\\\/fr\\\/produit\\\/858g-112-finition-pfa-transparente-pailletee\\\/#primaryimage\"},\"thumbnailUrl\":\"https:\\\/\\\/www.tetrachim.com\\\/wp-content\\\/uploads\\\/2020\\\/09\\\/PackPaint20KG.jpg\",\"datePublished\":\"2020-11-13T21:16:00+00:00\",\"dateModified\":\"2026-05-01T04:13:48+00:00\",\"breadcrumb\":{\"@id\":\"https:\\\/\\\/www.tetrachim.com\\\/fr\\\/produit\\\/858g-112-finition-pfa-transparente-pailletee\\\/#breadcrumb\"},\"inLanguage\":\"fr-FR\",\"potentialAction\":[{\"@type\":\"ReadAction\",\"target\":[\"https:\\\/\\\/www.tetrachim.com\\\/fr\\\/produit\\\/858g-112-finition-pfa-transparente-pailletee\\\/\"]}]},{\"@type\":\"ImageObject\",\"inLanguage\":\"fr-FR\",\"@id\":\"https:\\\/\\\/www.tetrachim.com\\\/fr\\\/produit\\\/858g-112-finition-pfa-transparente-pailletee\\\/#primaryimage\",\"url\":\"https:\\\/\\\/www.tetrachim.com\\\/wp-content\\\/uploads\\\/2020\\\/09\\\/PackPaint20KG.jpg\",\"contentUrl\":\"https:\\\/\\\/www.tetrachim.com\\\/wp-content\\\/uploads\\\/2020\\\/09\\\/PackPaint20KG.jpg\",\"width\":900,\"height\":900},{\"@type\":\"BreadcrumbList\",\"@id\":\"https:\\\/\\\/www.tetrachim.com\\\/fr\\\/produit\\\/858g-112-finition-pfa-transparente-pailletee\\\/#breadcrumb\",\"itemListElement\":[{\"@type\":\"ListItem\",\"position\":1,\"name\":\"\",\"item\":\"https:\\\/\\\/www.tetrachim.com\\\/fr\\\/\"},{\"@type\":\"ListItem\",\"position\":2,\"name\":\"Boutique\",\"item\":\"https:\\\/\\\/www.tetrachim.com\\\/fr\\\/boutique\\\/\"},{\"@type\":\"ListItem\",\"position\":3,\"name\":\"858G-112 Finition PFA Transparente Paillet\u00e9e\"}]},{\"@type\":\"WebSite\",\"@id\":\"https:\\\/\\\/www.tetrachim.com\\\/fr\\\/#website\",\"url\":\"https:\\\/\\\/www.tetrachim.com\\\/fr\\\/\",\"name\":\"Tetrachim\",\"description\":\"Rev\u00eatements high-tech\",\"publisher\":{\"@id\":\"https:\\\/\\\/www.tetrachim.com\\\/fr\\\/#organization\"},\"potentialAction\":[{\"@type\":\"SearchAction\",\"target\":{\"@type\":\"EntryPoint\",\"urlTemplate\":\"https:\\\/\\\/www.tetrachim.com\\\/fr\\\/?s={search_term_string}\"},\"query-input\":{\"@type\":\"PropertyValueSpecification\",\"valueRequired\":true,\"valueName\":\"search_term_string\"}}],\"inLanguage\":\"fr-FR\"},{\"@type\":\"Organization\",\"@id\":\"https:\\\/\\\/www.tetrachim.com\\\/fr\\\/#organization\",\"name\":\"Tetrachim\",\"url\":\"https:\\\/\\\/www.tetrachim.com\\\/fr\\\/\",\"logo\":{\"@type\":\"ImageObject\",\"inLanguage\":\"fr-FR\",\"@id\":\"https:\\\/\\\/www.tetrachim.com\\\/fr\\\/#\\\/schema\\\/logo\\\/image\\\/\",\"url\":\"https:\\\/\\\/www.tetrachim.com\\\/wp-content\\\/uploads\\\/2020\\\/07\\\/logo-tetrachim.png\",\"contentUrl\":\"https:\\\/\\\/www.tetrachim.com\\\/wp-content\\\/uploads\\\/2020\\\/07\\\/logo-tetrachim.png\",\"width\":244,\"height\":51,\"caption\":\"Tetrachim\"},\"image\":{\"@id\":\"https:\\\/\\\/www.tetrachim.com\\\/fr\\\/#\\\/schema\\\/logo\\\/image\\\/\"},\"sameAs\":[\"https:\\\/\\\/x.com\\\/Tetrachim\",\"https:\\\/\\\/www.linkedin.com\\\/company\\\/tetrachim\\\/\"]}]}<\/script>\n<!-- \/ Yoast SEO plugin. -->","yoast_head_json":{"title":"858G-112 Finition PFA Transparente Paillet\u00e9e - Tetrachim","robots":{"index":"index","follow":"follow","max-snippet":"max-snippet:-1","max-image-preview":"max-image-preview:large","max-video-preview":"max-video-preview:-1"},"canonical":"https:\/\/www.tetrachim.com\/fr\/produit\/858g-112-finition-pfa-transparente-pailletee\/","og_locale":"fr_FR","og_type":"article","og_title":"858G-112 Finition PFA Transparente Paillet\u00e9e - Tetrachim","og_description":"Cette finition PFA charg\u00e9e \u00e0 base d'eau est con\u00e7ue pour offrir une meilleure r\u00e9sistance aux rayures\/abrasions et \u00e0 la perm\u00e9ation que le PFA liquide non charg\u00e9. Elle convient \u00e0 de multiples applications industrielles et peut \u00eatre appliqu\u00e9e en \u00e9paisseur jusqu'\u00e0 75 \u03bcm par couche. Il est particuli\u00e8rement int\u00e9ressant pour les plateaux utilis\u00e9s en contact avec de la p\u00e2te congel\u00e9e dans la boulangerie industrielle.","og_url":"https:\/\/www.tetrachim.com\/fr\/produit\/858g-112-finition-pfa-transparente-pailletee\/","og_site_name":"Tetrachim","article_modified_time":"2026-05-01T04:13:48+00:00","og_image":[{"width":900,"height":900,"url":"https:\/\/www.tetrachim.com\/wp-content\/uploads\/2020\/09\/PackPaint20KG.jpg","type":"image\/jpeg"}],"twitter_card":"summary_large_image","twitter_site":"@Tetrachim","twitter_misc":{"Dur\u00e9e de lecture estim\u00e9e":"1 minute"},"schema":{"@context":"https:\/\/schema.org","@graph":[{"@type":"WebPage","@id":"https:\/\/www.tetrachim.com\/fr\/produit\/858g-112-finition-pfa-transparente-pailletee\/","url":"https:\/\/www.tetrachim.com\/fr\/produit\/858g-112-finition-pfa-transparente-pailletee\/","name":"858G-112 Finition PFA Transparente Paillet\u00e9e - Tetrachim","isPartOf":{"@id":"https:\/\/www.tetrachim.com\/fr\/#website"},"primaryImageOfPage":{"@id":"https:\/\/www.tetrachim.com\/fr\/produit\/858g-112-finition-pfa-transparente-pailletee\/#primaryimage"},"image":{"@id":"https:\/\/www.tetrachim.com\/fr\/produit\/858g-112-finition-pfa-transparente-pailletee\/#primaryimage"},"thumbnailUrl":"https:\/\/www.tetrachim.com\/wp-content\/uploads\/2020\/09\/PackPaint20KG.jpg","datePublished":"2020-11-13T21:16:00+00:00","dateModified":"2026-05-01T04:13:48+00:00","breadcrumb":{"@id":"https:\/\/www.tetrachim.com\/fr\/produit\/858g-112-finition-pfa-transparente-pailletee\/#breadcrumb"},"inLanguage":"fr-FR","potentialAction":[{"@type":"ReadAction","target":["https:\/\/www.tetrachim.com\/fr\/produit\/858g-112-finition-pfa-transparente-pailletee\/"]}]},{"@type":"ImageObject","inLanguage":"fr-FR","@id":"https:\/\/www.tetrachim.com\/fr\/produit\/858g-112-finition-pfa-transparente-pailletee\/#primaryimage","url":"https:\/\/www.tetrachim.com\/wp-content\/uploads\/2020\/09\/PackPaint20KG.jpg","contentUrl":"https:\/\/www.tetrachim.com\/wp-content\/uploads\/2020\/09\/PackPaint20KG.jpg","width":900,"height":900},{"@type":"BreadcrumbList","@id":"https:\/\/www.tetrachim.com\/fr\/produit\/858g-112-finition-pfa-transparente-pailletee\/#breadcrumb","itemListElement":[{"@type":"ListItem","position":1,"name":"","item":"https:\/\/www.tetrachim.com\/fr\/"},{"@type":"ListItem","position":2,"name":"Boutique","item":"https:\/\/www.tetrachim.com\/fr\/boutique\/"},{"@type":"ListItem","position":3,"name":"858G-112 Finition PFA Transparente Paillet\u00e9e"}]},{"@type":"WebSite","@id":"https:\/\/www.tetrachim.com\/fr\/#website","url":"https:\/\/www.tetrachim.com\/fr\/","name":"Tetrachim","description":"Rev\u00eatements high-tech","publisher":{"@id":"https:\/\/www.tetrachim.com\/fr\/#organization"},"potentialAction":[{"@type":"SearchAction","target":{"@type":"EntryPoint","urlTemplate":"https:\/\/www.tetrachim.com\/fr\/?s={search_term_string}"},"query-input":{"@type":"PropertyValueSpecification","valueRequired":true,"valueName":"search_term_string"}}],"inLanguage":"fr-FR"},{"@type":"Organization","@id":"https:\/\/www.tetrachim.com\/fr\/#organization","name":"Tetrachim","url":"https:\/\/www.tetrachim.com\/fr\/","logo":{"@type":"ImageObject","inLanguage":"fr-FR","@id":"https:\/\/www.tetrachim.com\/fr\/#\/schema\/logo\/image\/","url":"https:\/\/www.tetrachim.com\/wp-content\/uploads\/2020\/07\/logo-tetrachim.png","contentUrl":"https:\/\/www.tetrachim.com\/wp-content\/uploads\/2020\/07\/logo-tetrachim.png","width":244,"height":51,"caption":"Tetrachim"},"image":{"@id":"https:\/\/www.tetrachim.com\/fr\/#\/schema\/logo\/image\/"},"sameAs":["https:\/\/x.com\/Tetrachim","https:\/\/www.linkedin.com\/company\/tetrachim\/"]}]}},"tiered_pricing_type":"fixed","tiered_pricing_fixed_rules":[],"tiered_pricing_product_settings":{"layout":"default","base_unit_name":{"singular":null,"plural":null},"default_variation":null},"tiered_pricing_minimum_quantity":null,"tiered_pricing_roles_data":[],"tiered_pricing_percentage_rules":[],"_links":{"self":[{"href":"https:\/\/www.tetrachim.com\/fr\/wp-json\/wp\/v2\/product\/99878","targetHints":{"allow":["GET"]}}],"collection":[{"href":"https:\/\/www.tetrachim.com\/fr\/wp-json\/wp\/v2\/product"}],"about":[{"href":"https:\/\/www.tetrachim.com\/fr\/wp-json\/wp\/v2\/types\/product"}],"wp:featuredmedia":[{"embeddable":true,"href":"https:\/\/www.tetrachim.com\/fr\/wp-json\/wp\/v2\/media\/87449"}],"wp:attachment":[{"href":"https:\/\/www.tetrachim.com\/fr\/wp-json\/wp\/v2\/media?parent=99878"}],"wp:term":[{"taxonomy":"product_brand","embeddable":true,"href":"https:\/\/www.tetrachim.com\/fr\/wp-json\/wp\/v2\/product_brand?post=99878"},{"taxonomy":"product_cat","embeddable":true,"href":"https:\/\/www.tetrachim.com\/fr\/wp-json\/wp\/v2\/product_cat?post=99878"},{"taxonomy":"product_tag","embeddable":true,"href":"https:\/\/www.tetrachim.com\/fr\/wp-json\/wp\/v2\/product_tag?post=99878"}],"curies":[{"name":"wp","href":"https:\/\/api.w.org\/{rel}","templated":true}]}}