{"id":99900,"date":"2020-11-13T12:11:35","date_gmt":"2020-11-13T11:11:35","guid":{"rendered":"https:\/\/www.tetrachim.com\/product\/loctite-eci-8090-ec\/"},"modified":"2026-04-19T04:09:23","modified_gmt":"2026-04-19T02:09:23","slug":"loctite-eci-8090-ec","status":"publish","type":"product","link":"https:\/\/www.tetrachim.com\/fr\/produit\/loctite-eci-8090-ec\/","title":{"rendered":"Loctite ECI 8090 E&amp;C"},"content":{"rendered":"<p>LOCTITE\u00ae ECI 8000 E&amp;C Series est une alternative s\u00e9rigraphiable aux fils traditionnels lorsqu&rsquo;un chauffage uniforme est n\u00e9cessaire. Sa flexibilit\u00e9 de d\u00e9p\u00f4t offre aux utilisateurs les avantages d&rsquo;une application plus efficace, d&rsquo;une plus grande latitude de conception et d&rsquo;un champ d&rsquo;application plus large. Avec sa fonctionnalit\u00e9 de coefficient de temp\u00e9rature positif (CTP) qui permet une autor\u00e9gulation \u00e0 une temp\u00e9rature seuil sp\u00e9cifique, un chauffage uniforme et flexible par rapport aux fils, des caract\u00e9ristiques de finesse et de l\u00e9g\u00e8ret\u00e9 et une durabilit\u00e9, la s\u00e9rie LOCTITE\u00ae ECI 8000 E&amp;C est pr\u00eate \u00e0 changer radicalement les applications de chauffage pour la fabrication moderne.  <\/p>\n","protected":false},"excerpt":{"rendered":"<p>LOCTITE ECI 8090 E&amp;C est une encre s\u00e9rigraphique \u00e0 coefficient de temp\u00e9rature positif (CTP) con\u00e7ue pour les applications n\u00e9cessitant des \u00e9l\u00e9ments chauffants autor\u00e9gulants. Ce mat\u00e9riau est formul\u00e9 pour chauffer rapidement jusqu&rsquo;\u00e0 une temp\u00e9rature seuil sp\u00e9cifique et maintenir ensuite une temp\u00e9rature constante pour le dispositif. La temp\u00e9rature d&rsquo;autor\u00e9gulation de l&rsquo;encre nue est d&rsquo;environ 90\u00b0C.  <\/p>\n","protected":false},"featured_media":89886,"template":"","meta":[],"product_brand":[],"product_cat":[477],"product_tag":[],"class_list":{"0":"post-99900","1":"product","2":"type-product","3":"status-publish","4":"has-post-thumbnail","6":"supplier-henkel-fr","7":"market-automotive-fr","8":"market-electronique-semi-conducteurs","9":"property-conducteur","10":"product_cat-loctite-materiaux-electroniques","12":"first","13":"onbackorder","14":"taxable","15":"shipping-taxable","16":"purchasable","17":"product-type-simple"},"yoast_head":"<!-- This site is optimized with the Yoast SEO plugin v27.4 - https:\/\/yoast.com\/product\/yoast-seo-wordpress\/ -->\n<title>Loctite ECI 8090 E&amp;C - Tetrachim<\/title>\n<meta name=\"robots\" content=\"index, follow, max-snippet:-1, max-image-preview:large, max-video-preview:-1\" \/>\n<link rel=\"canonical\" href=\"https:\/\/www.tetrachim.com\/fr\/produit\/loctite-eci-8090-ec\/\" \/>\n<meta property=\"og:locale\" content=\"fr_FR\" \/>\n<meta property=\"og:type\" content=\"article\" \/>\n<meta property=\"og:title\" content=\"Loctite ECI 8090 E&amp;C - Tetrachim\" \/>\n<meta property=\"og:description\" content=\"LOCTITE ECI 8090 E&amp;C est une encre s\u00e9rigraphique \u00e0 coefficient de temp\u00e9rature positif (CTP) con\u00e7ue pour les applications n\u00e9cessitant des \u00e9l\u00e9ments chauffants autor\u00e9gulants. Ce mat\u00e9riau est formul\u00e9 pour chauffer rapidement jusqu&#039;\u00e0 une temp\u00e9rature seuil sp\u00e9cifique et maintenir ensuite une temp\u00e9rature constante pour le dispositif. La temp\u00e9rature d&#039;autor\u00e9gulation de l&#039;encre nue est d&#039;environ 90\u00b0C.\" \/>\n<meta property=\"og:url\" content=\"https:\/\/www.tetrachim.com\/fr\/produit\/loctite-eci-8090-ec\/\" \/>\n<meta property=\"og:site_name\" content=\"Tetrachim\" \/>\n<meta property=\"article:modified_time\" content=\"2026-04-19T02:09:23+00:00\" \/>\n<meta property=\"og:image\" content=\"https:\/\/www.tetrachim.com\/wp-content\/uploads\/2020\/11\/Loctite-eci-8090.png\" \/>\n\t<meta property=\"og:image:width\" content=\"2560\" \/>\n\t<meta property=\"og:image:height\" content=\"2560\" \/>\n\t<meta property=\"og:image:type\" content=\"image\/png\" \/>\n<meta name=\"twitter:card\" content=\"summary_large_image\" \/>\n<meta name=\"twitter:site\" content=\"@Tetrachim\" \/>\n<meta name=\"twitter:label1\" content=\"Dur\u00e9e de lecture estim\u00e9e\" \/>\n\t<meta name=\"twitter:data1\" content=\"1 minute\" \/>\n<script type=\"application\/ld+json\" class=\"yoast-schema-graph\">{\"@context\":\"https:\\\/\\\/schema.org\",\"@graph\":[{\"@type\":\"WebPage\",\"@id\":\"https:\\\/\\\/www.tetrachim.com\\\/fr\\\/produit\\\/loctite-eci-8090-ec\\\/\",\"url\":\"https:\\\/\\\/www.tetrachim.com\\\/fr\\\/produit\\\/loctite-eci-8090-ec\\\/\",\"name\":\"Loctite ECI 8090 E&amp;C - Tetrachim\",\"isPartOf\":{\"@id\":\"https:\\\/\\\/www.tetrachim.com\\\/fr\\\/#website\"},\"primaryImageOfPage\":{\"@id\":\"https:\\\/\\\/www.tetrachim.com\\\/fr\\\/produit\\\/loctite-eci-8090-ec\\\/#primaryimage\"},\"image\":{\"@id\":\"https:\\\/\\\/www.tetrachim.com\\\/fr\\\/produit\\\/loctite-eci-8090-ec\\\/#primaryimage\"},\"thumbnailUrl\":\"https:\\\/\\\/www.tetrachim.com\\\/wp-content\\\/uploads\\\/2020\\\/11\\\/Loctite-eci-8090.png\",\"datePublished\":\"2020-11-13T11:11:35+00:00\",\"dateModified\":\"2026-04-19T02:09:23+00:00\",\"breadcrumb\":{\"@id\":\"https:\\\/\\\/www.tetrachim.com\\\/fr\\\/produit\\\/loctite-eci-8090-ec\\\/#breadcrumb\"},\"inLanguage\":\"fr-FR\",\"potentialAction\":[{\"@type\":\"ReadAction\",\"target\":[\"https:\\\/\\\/www.tetrachim.com\\\/fr\\\/produit\\\/loctite-eci-8090-ec\\\/\"]}]},{\"@type\":\"ImageObject\",\"inLanguage\":\"fr-FR\",\"@id\":\"https:\\\/\\\/www.tetrachim.com\\\/fr\\\/produit\\\/loctite-eci-8090-ec\\\/#primaryimage\",\"url\":\"https:\\\/\\\/www.tetrachim.com\\\/wp-content\\\/uploads\\\/2020\\\/11\\\/Loctite-eci-8090.png\",\"contentUrl\":\"https:\\\/\\\/www.tetrachim.com\\\/wp-content\\\/uploads\\\/2020\\\/11\\\/Loctite-eci-8090.png\",\"width\":2560,\"height\":2560},{\"@type\":\"BreadcrumbList\",\"@id\":\"https:\\\/\\\/www.tetrachim.com\\\/fr\\\/produit\\\/loctite-eci-8090-ec\\\/#breadcrumb\",\"itemListElement\":[{\"@type\":\"ListItem\",\"position\":1,\"name\":\"\",\"item\":\"https:\\\/\\\/www.tetrachim.com\\\/fr\\\/\"},{\"@type\":\"ListItem\",\"position\":2,\"name\":\"Boutique\",\"item\":\"https:\\\/\\\/www.tetrachim.com\\\/fr\\\/boutique\\\/\"},{\"@type\":\"ListItem\",\"position\":3,\"name\":\"Loctite ECI 8090 E&amp;C\"}]},{\"@type\":\"WebSite\",\"@id\":\"https:\\\/\\\/www.tetrachim.com\\\/fr\\\/#website\",\"url\":\"https:\\\/\\\/www.tetrachim.com\\\/fr\\\/\",\"name\":\"Tetrachim\",\"description\":\"Rev\u00eatements high-tech\",\"publisher\":{\"@id\":\"https:\\\/\\\/www.tetrachim.com\\\/fr\\\/#organization\"},\"potentialAction\":[{\"@type\":\"SearchAction\",\"target\":{\"@type\":\"EntryPoint\",\"urlTemplate\":\"https:\\\/\\\/www.tetrachim.com\\\/fr\\\/?s={search_term_string}\"},\"query-input\":{\"@type\":\"PropertyValueSpecification\",\"valueRequired\":true,\"valueName\":\"search_term_string\"}}],\"inLanguage\":\"fr-FR\"},{\"@type\":\"Organization\",\"@id\":\"https:\\\/\\\/www.tetrachim.com\\\/fr\\\/#organization\",\"name\":\"Tetrachim\",\"url\":\"https:\\\/\\\/www.tetrachim.com\\\/fr\\\/\",\"logo\":{\"@type\":\"ImageObject\",\"inLanguage\":\"fr-FR\",\"@id\":\"https:\\\/\\\/www.tetrachim.com\\\/fr\\\/#\\\/schema\\\/logo\\\/image\\\/\",\"url\":\"https:\\\/\\\/www.tetrachim.com\\\/wp-content\\\/uploads\\\/2020\\\/07\\\/logo-tetrachim.png\",\"contentUrl\":\"https:\\\/\\\/www.tetrachim.com\\\/wp-content\\\/uploads\\\/2020\\\/07\\\/logo-tetrachim.png\",\"width\":244,\"height\":51,\"caption\":\"Tetrachim\"},\"image\":{\"@id\":\"https:\\\/\\\/www.tetrachim.com\\\/fr\\\/#\\\/schema\\\/logo\\\/image\\\/\"},\"sameAs\":[\"https:\\\/\\\/x.com\\\/Tetrachim\",\"https:\\\/\\\/www.linkedin.com\\\/company\\\/tetrachim\\\/\"]}]}<\/script>\n<!-- \/ Yoast SEO plugin. -->","yoast_head_json":{"title":"Loctite ECI 8090 E&amp;C - Tetrachim","robots":{"index":"index","follow":"follow","max-snippet":"max-snippet:-1","max-image-preview":"max-image-preview:large","max-video-preview":"max-video-preview:-1"},"canonical":"https:\/\/www.tetrachim.com\/fr\/produit\/loctite-eci-8090-ec\/","og_locale":"fr_FR","og_type":"article","og_title":"Loctite ECI 8090 E&amp;C - Tetrachim","og_description":"LOCTITE ECI 8090 E&amp;C est une encre s\u00e9rigraphique \u00e0 coefficient de temp\u00e9rature positif (CTP) con\u00e7ue pour les applications n\u00e9cessitant des \u00e9l\u00e9ments chauffants autor\u00e9gulants. Ce mat\u00e9riau est formul\u00e9 pour chauffer rapidement jusqu'\u00e0 une temp\u00e9rature seuil sp\u00e9cifique et maintenir ensuite une temp\u00e9rature constante pour le dispositif. La temp\u00e9rature d'autor\u00e9gulation de l'encre nue est d'environ 90\u00b0C.","og_url":"https:\/\/www.tetrachim.com\/fr\/produit\/loctite-eci-8090-ec\/","og_site_name":"Tetrachim","article_modified_time":"2026-04-19T02:09:23+00:00","og_image":[{"width":2560,"height":2560,"url":"https:\/\/www.tetrachim.com\/wp-content\/uploads\/2020\/11\/Loctite-eci-8090.png","type":"image\/png"}],"twitter_card":"summary_large_image","twitter_site":"@Tetrachim","twitter_misc":{"Dur\u00e9e de lecture estim\u00e9e":"1 minute"},"schema":{"@context":"https:\/\/schema.org","@graph":[{"@type":"WebPage","@id":"https:\/\/www.tetrachim.com\/fr\/produit\/loctite-eci-8090-ec\/","url":"https:\/\/www.tetrachim.com\/fr\/produit\/loctite-eci-8090-ec\/","name":"Loctite ECI 8090 E&amp;C - Tetrachim","isPartOf":{"@id":"https:\/\/www.tetrachim.com\/fr\/#website"},"primaryImageOfPage":{"@id":"https:\/\/www.tetrachim.com\/fr\/produit\/loctite-eci-8090-ec\/#primaryimage"},"image":{"@id":"https:\/\/www.tetrachim.com\/fr\/produit\/loctite-eci-8090-ec\/#primaryimage"},"thumbnailUrl":"https:\/\/www.tetrachim.com\/wp-content\/uploads\/2020\/11\/Loctite-eci-8090.png","datePublished":"2020-11-13T11:11:35+00:00","dateModified":"2026-04-19T02:09:23+00:00","breadcrumb":{"@id":"https:\/\/www.tetrachim.com\/fr\/produit\/loctite-eci-8090-ec\/#breadcrumb"},"inLanguage":"fr-FR","potentialAction":[{"@type":"ReadAction","target":["https:\/\/www.tetrachim.com\/fr\/produit\/loctite-eci-8090-ec\/"]}]},{"@type":"ImageObject","inLanguage":"fr-FR","@id":"https:\/\/www.tetrachim.com\/fr\/produit\/loctite-eci-8090-ec\/#primaryimage","url":"https:\/\/www.tetrachim.com\/wp-content\/uploads\/2020\/11\/Loctite-eci-8090.png","contentUrl":"https:\/\/www.tetrachim.com\/wp-content\/uploads\/2020\/11\/Loctite-eci-8090.png","width":2560,"height":2560},{"@type":"BreadcrumbList","@id":"https:\/\/www.tetrachim.com\/fr\/produit\/loctite-eci-8090-ec\/#breadcrumb","itemListElement":[{"@type":"ListItem","position":1,"name":"","item":"https:\/\/www.tetrachim.com\/fr\/"},{"@type":"ListItem","position":2,"name":"Boutique","item":"https:\/\/www.tetrachim.com\/fr\/boutique\/"},{"@type":"ListItem","position":3,"name":"Loctite ECI 8090 E&amp;C"}]},{"@type":"WebSite","@id":"https:\/\/www.tetrachim.com\/fr\/#website","url":"https:\/\/www.tetrachim.com\/fr\/","name":"Tetrachim","description":"Rev\u00eatements high-tech","publisher":{"@id":"https:\/\/www.tetrachim.com\/fr\/#organization"},"potentialAction":[{"@type":"SearchAction","target":{"@type":"EntryPoint","urlTemplate":"https:\/\/www.tetrachim.com\/fr\/?s={search_term_string}"},"query-input":{"@type":"PropertyValueSpecification","valueRequired":true,"valueName":"search_term_string"}}],"inLanguage":"fr-FR"},{"@type":"Organization","@id":"https:\/\/www.tetrachim.com\/fr\/#organization","name":"Tetrachim","url":"https:\/\/www.tetrachim.com\/fr\/","logo":{"@type":"ImageObject","inLanguage":"fr-FR","@id":"https:\/\/www.tetrachim.com\/fr\/#\/schema\/logo\/image\/","url":"https:\/\/www.tetrachim.com\/wp-content\/uploads\/2020\/07\/logo-tetrachim.png","contentUrl":"https:\/\/www.tetrachim.com\/wp-content\/uploads\/2020\/07\/logo-tetrachim.png","width":244,"height":51,"caption":"Tetrachim"},"image":{"@id":"https:\/\/www.tetrachim.com\/fr\/#\/schema\/logo\/image\/"},"sameAs":["https:\/\/x.com\/Tetrachim","https:\/\/www.linkedin.com\/company\/tetrachim\/"]}]}},"tiered_pricing_type":"fixed","tiered_pricing_fixed_rules":[],"tiered_pricing_product_settings":{"layout":"default","base_unit_name":{"singular":null,"plural":null},"default_variation":null},"tiered_pricing_minimum_quantity":null,"tiered_pricing_roles_data":[],"tiered_pricing_percentage_rules":[],"_links":{"self":[{"href":"https:\/\/www.tetrachim.com\/fr\/wp-json\/wp\/v2\/product\/99900","targetHints":{"allow":["GET"]}}],"collection":[{"href":"https:\/\/www.tetrachim.com\/fr\/wp-json\/wp\/v2\/product"}],"about":[{"href":"https:\/\/www.tetrachim.com\/fr\/wp-json\/wp\/v2\/types\/product"}],"wp:featuredmedia":[{"embeddable":true,"href":"https:\/\/www.tetrachim.com\/fr\/wp-json\/wp\/v2\/media\/89886"}],"wp:attachment":[{"href":"https:\/\/www.tetrachim.com\/fr\/wp-json\/wp\/v2\/media?parent=99900"}],"wp:term":[{"taxonomy":"product_brand","embeddable":true,"href":"https:\/\/www.tetrachim.com\/fr\/wp-json\/wp\/v2\/product_brand?post=99900"},{"taxonomy":"product_cat","embeddable":true,"href":"https:\/\/www.tetrachim.com\/fr\/wp-json\/wp\/v2\/product_cat?post=99900"},{"taxonomy":"product_tag","embeddable":true,"href":"https:\/\/www.tetrachim.com\/fr\/wp-json\/wp\/v2\/product_tag?post=99900"}],"curies":[{"name":"wp","href":"https:\/\/api.w.org\/{rel}","templated":true}]}}