{"id":99927,"date":"2020-11-13T12:08:09","date_gmt":"2020-11-13T11:08:09","guid":{"rendered":"https:\/\/www.tetrachim.com\/product\/bonderite-m-cr-1200s-aero\/"},"modified":"2026-05-13T12:56:27","modified_gmt":"2026-05-13T10:56:27","slug":"bonderite-m-cr-1200s-aero","status":"publish","type":"product","link":"https:\/\/www.tetrachim.com\/fr\/produit\/bonderite-m-cr-1200s-aero\/","title":{"rendered":"BONDERITE M-CR 1200S AERO"},"content":{"rendered":"<p>Le produit chimique de rev\u00eatement BONDERITE\u00ae M-CR 1200S AERO figurant sur la liste des produits qualifi\u00e9s QPL-81706 est un mat\u00e9riau approuv\u00e9 pour produire des rev\u00eatements de classe 1A et de classe 3, nus ou peints, conform\u00e9ment aux sp\u00e9cifications militaires MIL-DTL-5541.<\/p>\n","protected":false},"excerpt":{"rendered":"<p>BONDERITE\u00ae M-CR 1200S AERO est une poudre chimique utilis\u00e9e pour produire une couche protectrice sur l&rsquo;aluminium qui minimise la corrosion et am\u00e9liore l&rsquo;adh\u00e9rence de la peinture. Les surfaces trait\u00e9es avec le proc\u00e9d\u00e9 BONDERITE M-CR 1200S AERO ont une couleur allant d&rsquo;un dor\u00e9 iris\u00e9 l\u00e9ger \u00e0 un beige. <\/p>\n","protected":false},"featured_media":95526,"template":"","meta":[],"product_brand":[],"product_cat":[472],"product_tag":[],"class_list":{"0":"post-99927","1":"product","2":"type-product","3":"status-publish","4":"has-post-thumbnail","6":"supplier-henkel-fr","7":"market-aeronautique","8":"property-revetement-de-conversion","9":"product_cat-bonderite-revetements-speciaux","10":"product_shipping_class-danger-fr","12":"first","13":"instock","14":"taxable","15":"shipping-taxable","16":"purchasable","17":"product-type-simple"},"yoast_head":"<!-- This site is optimized with the Yoast SEO plugin v27.5 - https:\/\/yoast.com\/product\/yoast-seo-wordpress\/ -->\n<title>BONDERITE M-CR 1200S AERO - Tetrachim<\/title>\n<meta name=\"robots\" content=\"index, follow, max-snippet:-1, max-image-preview:large, max-video-preview:-1\" \/>\n<link rel=\"canonical\" href=\"https:\/\/www.tetrachim.com\/fr\/produit\/bonderite-m-cr-1200s-aero\/\" \/>\n<meta property=\"og:locale\" content=\"fr_FR\" \/>\n<meta property=\"og:type\" content=\"article\" \/>\n<meta property=\"og:title\" content=\"BONDERITE M-CR 1200S AERO - Tetrachim\" \/>\n<meta property=\"og:description\" content=\"BONDERITE\u00ae M-CR 1200S AERO est une poudre chimique utilis\u00e9e pour produire une couche protectrice sur l&#039;aluminium qui minimise la corrosion et am\u00e9liore l&#039;adh\u00e9rence de la peinture. Les surfaces trait\u00e9es avec le proc\u00e9d\u00e9 BONDERITE M-CR 1200S AERO ont une couleur allant d&#039;un dor\u00e9 iris\u00e9 l\u00e9ger \u00e0 un beige.\" \/>\n<meta property=\"og:url\" content=\"https:\/\/www.tetrachim.com\/fr\/produit\/bonderite-m-cr-1200s-aero\/\" \/>\n<meta property=\"og:site_name\" content=\"Tetrachim\" \/>\n<meta property=\"article:modified_time\" content=\"2026-05-13T10:56:27+00:00\" \/>\n<meta property=\"og:image\" content=\"https:\/\/www.tetrachim.com\/wp-content\/uploads\/2020\/11\/packshot-indv-bonderite-m-cr-1200s-aero.webp\" \/>\n\t<meta property=\"og:image:width\" content=\"600\" \/>\n\t<meta property=\"og:image:height\" content=\"600\" \/>\n\t<meta property=\"og:image:type\" content=\"image\/webp\" \/>\n<meta name=\"twitter:card\" content=\"summary_large_image\" \/>\n<meta name=\"twitter:site\" content=\"@Tetrachim\" \/>\n<script type=\"application\/ld+json\" class=\"yoast-schema-graph\">{\"@context\":\"https:\\\/\\\/schema.org\",\"@graph\":[{\"@type\":\"WebPage\",\"@id\":\"https:\\\/\\\/www.tetrachim.com\\\/fr\\\/produit\\\/bonderite-m-cr-1200s-aero\\\/\",\"url\":\"https:\\\/\\\/www.tetrachim.com\\\/fr\\\/produit\\\/bonderite-m-cr-1200s-aero\\\/\",\"name\":\"BONDERITE M-CR 1200S AERO - Tetrachim\",\"isPartOf\":{\"@id\":\"https:\\\/\\\/www.tetrachim.com\\\/fr\\\/#website\"},\"primaryImageOfPage\":{\"@id\":\"https:\\\/\\\/www.tetrachim.com\\\/fr\\\/produit\\\/bonderite-m-cr-1200s-aero\\\/#primaryimage\"},\"image\":{\"@id\":\"https:\\\/\\\/www.tetrachim.com\\\/fr\\\/produit\\\/bonderite-m-cr-1200s-aero\\\/#primaryimage\"},\"thumbnailUrl\":\"https:\\\/\\\/www.tetrachim.com\\\/wp-content\\\/uploads\\\/2020\\\/11\\\/packshot-indv-bonderite-m-cr-1200s-aero.webp\",\"datePublished\":\"2020-11-13T11:08:09+00:00\",\"dateModified\":\"2026-05-13T10:56:27+00:00\",\"breadcrumb\":{\"@id\":\"https:\\\/\\\/www.tetrachim.com\\\/fr\\\/produit\\\/bonderite-m-cr-1200s-aero\\\/#breadcrumb\"},\"inLanguage\":\"fr-FR\",\"potentialAction\":[{\"@type\":\"ReadAction\",\"target\":[\"https:\\\/\\\/www.tetrachim.com\\\/fr\\\/produit\\\/bonderite-m-cr-1200s-aero\\\/\"]}]},{\"@type\":\"ImageObject\",\"inLanguage\":\"fr-FR\",\"@id\":\"https:\\\/\\\/www.tetrachim.com\\\/fr\\\/produit\\\/bonderite-m-cr-1200s-aero\\\/#primaryimage\",\"url\":\"https:\\\/\\\/www.tetrachim.com\\\/wp-content\\\/uploads\\\/2020\\\/11\\\/packshot-indv-bonderite-m-cr-1200s-aero.webp\",\"contentUrl\":\"https:\\\/\\\/www.tetrachim.com\\\/wp-content\\\/uploads\\\/2020\\\/11\\\/packshot-indv-bonderite-m-cr-1200s-aero.webp\",\"width\":600,\"height\":600},{\"@type\":\"BreadcrumbList\",\"@id\":\"https:\\\/\\\/www.tetrachim.com\\\/fr\\\/produit\\\/bonderite-m-cr-1200s-aero\\\/#breadcrumb\",\"itemListElement\":[{\"@type\":\"ListItem\",\"position\":1,\"name\":\"\",\"item\":\"https:\\\/\\\/www.tetrachim.com\\\/fr\\\/\"},{\"@type\":\"ListItem\",\"position\":2,\"name\":\"Boutique\",\"item\":\"https:\\\/\\\/www.tetrachim.com\\\/fr\\\/boutique\\\/\"},{\"@type\":\"ListItem\",\"position\":3,\"name\":\"BONDERITE M-CR 1200S AERO\"}]},{\"@type\":\"WebSite\",\"@id\":\"https:\\\/\\\/www.tetrachim.com\\\/fr\\\/#website\",\"url\":\"https:\\\/\\\/www.tetrachim.com\\\/fr\\\/\",\"name\":\"Tetrachim\",\"description\":\"Rev\u00eatements high-tech\",\"publisher\":{\"@id\":\"https:\\\/\\\/www.tetrachim.com\\\/fr\\\/#organization\"},\"potentialAction\":[{\"@type\":\"SearchAction\",\"target\":{\"@type\":\"EntryPoint\",\"urlTemplate\":\"https:\\\/\\\/www.tetrachim.com\\\/fr\\\/?s={search_term_string}\"},\"query-input\":{\"@type\":\"PropertyValueSpecification\",\"valueRequired\":true,\"valueName\":\"search_term_string\"}}],\"inLanguage\":\"fr-FR\"},{\"@type\":\"Organization\",\"@id\":\"https:\\\/\\\/www.tetrachim.com\\\/fr\\\/#organization\",\"name\":\"Tetrachim\",\"url\":\"https:\\\/\\\/www.tetrachim.com\\\/fr\\\/\",\"logo\":{\"@type\":\"ImageObject\",\"inLanguage\":\"fr-FR\",\"@id\":\"https:\\\/\\\/www.tetrachim.com\\\/fr\\\/#\\\/schema\\\/logo\\\/image\\\/\",\"url\":\"https:\\\/\\\/www.tetrachim.com\\\/wp-content\\\/uploads\\\/2020\\\/07\\\/logo-tetrachim.png\",\"contentUrl\":\"https:\\\/\\\/www.tetrachim.com\\\/wp-content\\\/uploads\\\/2020\\\/07\\\/logo-tetrachim.png\",\"width\":244,\"height\":51,\"caption\":\"Tetrachim\"},\"image\":{\"@id\":\"https:\\\/\\\/www.tetrachim.com\\\/fr\\\/#\\\/schema\\\/logo\\\/image\\\/\"},\"sameAs\":[\"https:\\\/\\\/x.com\\\/Tetrachim\",\"https:\\\/\\\/www.linkedin.com\\\/company\\\/tetrachim\\\/\"]}]}<\/script>\n<!-- \/ Yoast SEO plugin. -->","yoast_head_json":{"title":"BONDERITE M-CR 1200S AERO - Tetrachim","robots":{"index":"index","follow":"follow","max-snippet":"max-snippet:-1","max-image-preview":"max-image-preview:large","max-video-preview":"max-video-preview:-1"},"canonical":"https:\/\/www.tetrachim.com\/fr\/produit\/bonderite-m-cr-1200s-aero\/","og_locale":"fr_FR","og_type":"article","og_title":"BONDERITE M-CR 1200S AERO - Tetrachim","og_description":"BONDERITE\u00ae M-CR 1200S AERO est une poudre chimique utilis\u00e9e pour produire une couche protectrice sur l'aluminium qui minimise la corrosion et am\u00e9liore l'adh\u00e9rence de la peinture. Les surfaces trait\u00e9es avec le proc\u00e9d\u00e9 BONDERITE M-CR 1200S AERO ont une couleur allant d'un dor\u00e9 iris\u00e9 l\u00e9ger \u00e0 un beige.","og_url":"https:\/\/www.tetrachim.com\/fr\/produit\/bonderite-m-cr-1200s-aero\/","og_site_name":"Tetrachim","article_modified_time":"2026-05-13T10:56:27+00:00","og_image":[{"width":600,"height":600,"url":"https:\/\/www.tetrachim.com\/wp-content\/uploads\/2020\/11\/packshot-indv-bonderite-m-cr-1200s-aero.webp","type":"image\/webp"}],"twitter_card":"summary_large_image","twitter_site":"@Tetrachim","schema":{"@context":"https:\/\/schema.org","@graph":[{"@type":"WebPage","@id":"https:\/\/www.tetrachim.com\/fr\/produit\/bonderite-m-cr-1200s-aero\/","url":"https:\/\/www.tetrachim.com\/fr\/produit\/bonderite-m-cr-1200s-aero\/","name":"BONDERITE M-CR 1200S AERO - Tetrachim","isPartOf":{"@id":"https:\/\/www.tetrachim.com\/fr\/#website"},"primaryImageOfPage":{"@id":"https:\/\/www.tetrachim.com\/fr\/produit\/bonderite-m-cr-1200s-aero\/#primaryimage"},"image":{"@id":"https:\/\/www.tetrachim.com\/fr\/produit\/bonderite-m-cr-1200s-aero\/#primaryimage"},"thumbnailUrl":"https:\/\/www.tetrachim.com\/wp-content\/uploads\/2020\/11\/packshot-indv-bonderite-m-cr-1200s-aero.webp","datePublished":"2020-11-13T11:08:09+00:00","dateModified":"2026-05-13T10:56:27+00:00","breadcrumb":{"@id":"https:\/\/www.tetrachim.com\/fr\/produit\/bonderite-m-cr-1200s-aero\/#breadcrumb"},"inLanguage":"fr-FR","potentialAction":[{"@type":"ReadAction","target":["https:\/\/www.tetrachim.com\/fr\/produit\/bonderite-m-cr-1200s-aero\/"]}]},{"@type":"ImageObject","inLanguage":"fr-FR","@id":"https:\/\/www.tetrachim.com\/fr\/produit\/bonderite-m-cr-1200s-aero\/#primaryimage","url":"https:\/\/www.tetrachim.com\/wp-content\/uploads\/2020\/11\/packshot-indv-bonderite-m-cr-1200s-aero.webp","contentUrl":"https:\/\/www.tetrachim.com\/wp-content\/uploads\/2020\/11\/packshot-indv-bonderite-m-cr-1200s-aero.webp","width":600,"height":600},{"@type":"BreadcrumbList","@id":"https:\/\/www.tetrachim.com\/fr\/produit\/bonderite-m-cr-1200s-aero\/#breadcrumb","itemListElement":[{"@type":"ListItem","position":1,"name":"","item":"https:\/\/www.tetrachim.com\/fr\/"},{"@type":"ListItem","position":2,"name":"Boutique","item":"https:\/\/www.tetrachim.com\/fr\/boutique\/"},{"@type":"ListItem","position":3,"name":"BONDERITE M-CR 1200S AERO"}]},{"@type":"WebSite","@id":"https:\/\/www.tetrachim.com\/fr\/#website","url":"https:\/\/www.tetrachim.com\/fr\/","name":"Tetrachim","description":"Rev\u00eatements high-tech","publisher":{"@id":"https:\/\/www.tetrachim.com\/fr\/#organization"},"potentialAction":[{"@type":"SearchAction","target":{"@type":"EntryPoint","urlTemplate":"https:\/\/www.tetrachim.com\/fr\/?s={search_term_string}"},"query-input":{"@type":"PropertyValueSpecification","valueRequired":true,"valueName":"search_term_string"}}],"inLanguage":"fr-FR"},{"@type":"Organization","@id":"https:\/\/www.tetrachim.com\/fr\/#organization","name":"Tetrachim","url":"https:\/\/www.tetrachim.com\/fr\/","logo":{"@type":"ImageObject","inLanguage":"fr-FR","@id":"https:\/\/www.tetrachim.com\/fr\/#\/schema\/logo\/image\/","url":"https:\/\/www.tetrachim.com\/wp-content\/uploads\/2020\/07\/logo-tetrachim.png","contentUrl":"https:\/\/www.tetrachim.com\/wp-content\/uploads\/2020\/07\/logo-tetrachim.png","width":244,"height":51,"caption":"Tetrachim"},"image":{"@id":"https:\/\/www.tetrachim.com\/fr\/#\/schema\/logo\/image\/"},"sameAs":["https:\/\/x.com\/Tetrachim","https:\/\/www.linkedin.com\/company\/tetrachim\/"]}]}},"tiered_pricing_type":"fixed","tiered_pricing_fixed_rules":[],"tiered_pricing_product_settings":{"layout":"default","base_unit_name":{"singular":null,"plural":null},"default_variation":null},"tiered_pricing_minimum_quantity":null,"tiered_pricing_roles_data":[],"tiered_pricing_percentage_rules":[],"_links":{"self":[{"href":"https:\/\/www.tetrachim.com\/fr\/wp-json\/wp\/v2\/product\/99927","targetHints":{"allow":["GET"]}}],"collection":[{"href":"https:\/\/www.tetrachim.com\/fr\/wp-json\/wp\/v2\/product"}],"about":[{"href":"https:\/\/www.tetrachim.com\/fr\/wp-json\/wp\/v2\/types\/product"}],"wp:featuredmedia":[{"embeddable":true,"href":"https:\/\/www.tetrachim.com\/fr\/wp-json\/wp\/v2\/media\/95526"}],"wp:attachment":[{"href":"https:\/\/www.tetrachim.com\/fr\/wp-json\/wp\/v2\/media?parent=99927"}],"wp:term":[{"taxonomy":"product_brand","embeddable":true,"href":"https:\/\/www.tetrachim.com\/fr\/wp-json\/wp\/v2\/product_brand?post=99927"},{"taxonomy":"product_cat","embeddable":true,"href":"https:\/\/www.tetrachim.com\/fr\/wp-json\/wp\/v2\/product_cat?post=99927"},{"taxonomy":"product_tag","embeddable":true,"href":"https:\/\/www.tetrachim.com\/fr\/wp-json\/wp\/v2\/product_tag?post=99927"}],"curies":[{"name":"wp","href":"https:\/\/api.w.org\/{rel}","templated":true}]}}