{"id":99931,"date":"2020-11-13T12:11:13","date_gmt":"2020-11-13T11:11:13","guid":{"rendered":"https:\/\/www.tetrachim.com\/product\/loctite-ablestik-59c\/"},"modified":"2026-04-06T14:57:55","modified_gmt":"2026-04-06T12:57:55","slug":"loctite-ablestik-59c","status":"publish","type":"product","link":"https:\/\/www.tetrachim.com\/fr\/produit\/loctite-ablestik-59c\/","title":{"rendered":"Loctite Ablestik 59C"},"content":{"rendered":"<p>LOCTITE ABLESTIK 59C est un adh\u00e9sif thixotrope, conducteur \u00e9lectrique et thermique. Il s&rsquo;agit d&rsquo;un produit autocollant monocomposant offrant une grande flexibilit\u00e9 et une forte adh\u00e9rence. Il est retravaillable et peut \u00eatre utilis\u00e9 avec une vari\u00e9t\u00e9 de catalyseurs.  <\/p>\n","protected":false},"excerpt":{"rendered":"<p>L&rsquo;adh\u00e9sif LOCTITE ABLESTIK 59C est con\u00e7u pour les applications utilis\u00e9es \u00e0 haute temp\u00e9rature qui n\u00e9cessitent une conductivit\u00e9 \u00e9lectrique et n&rsquo;ont pas besoin d&rsquo;une grande force d&rsquo;adh\u00e9rence. Il peut \u00eatre utilis\u00e9 \u00e0 l&rsquo;\u00e9tat durci ou non durci. <\/p>\n","protected":false},"featured_media":95415,"template":"","meta":[],"product_brand":[],"product_cat":[477],"product_tag":[],"class_list":{"0":"post-99931","1":"product","2":"type-product","3":"status-publish","4":"has-post-thumbnail","6":"supplier-henkel-fr","7":"market-electronique-semi-conducteurs","8":"property-conducteur","9":"product_cat-loctite-materiaux-electroniques","10":"product_shipping_class-danger-fr","12":"first","13":"outofstock","14":"taxable","15":"shipping-taxable","16":"product-type-simple"},"yoast_head":"<!-- This site is optimized with the Yoast SEO plugin v27.3 - https:\/\/yoast.com\/product\/yoast-seo-wordpress\/ -->\n<title>Loctite Ablestik 59C - Tetrachim<\/title>\n<meta name=\"robots\" content=\"index, follow, max-snippet:-1, max-image-preview:large, max-video-preview:-1\" \/>\n<link rel=\"canonical\" href=\"https:\/\/www.tetrachim.com\/fr\/produit\/loctite-ablestik-59c\/\" \/>\n<meta property=\"og:locale\" content=\"fr_FR\" \/>\n<meta property=\"og:type\" content=\"article\" \/>\n<meta property=\"og:title\" content=\"Loctite Ablestik 59C - Tetrachim\" \/>\n<meta property=\"og:description\" content=\"L&#039;adh\u00e9sif LOCTITE ABLESTIK 59C est con\u00e7u pour les applications utilis\u00e9es \u00e0 haute temp\u00e9rature qui n\u00e9cessitent une conductivit\u00e9 \u00e9lectrique et n&#039;ont pas besoin d&#039;une grande force d&#039;adh\u00e9rence. Il peut \u00eatre utilis\u00e9 \u00e0 l&#039;\u00e9tat durci ou non durci.\" \/>\n<meta property=\"og:url\" content=\"https:\/\/www.tetrachim.com\/fr\/produit\/loctite-ablestik-59c\/\" \/>\n<meta property=\"og:site_name\" content=\"Tetrachim\" \/>\n<meta property=\"article:modified_time\" content=\"2026-04-06T12:57:55+00:00\" \/>\n<meta property=\"og:image\" content=\"https:\/\/www.tetrachim.com\/wp-content\/uploads\/2020\/11\/packshot-indv-loctite-ablestik-59c.webp\" \/>\n\t<meta property=\"og:image:width\" content=\"600\" \/>\n\t<meta property=\"og:image:height\" content=\"600\" \/>\n\t<meta property=\"og:image:type\" content=\"image\/webp\" \/>\n<meta name=\"twitter:card\" content=\"summary_large_image\" \/>\n<meta name=\"twitter:site\" content=\"@Tetrachim\" \/>\n<script type=\"application\/ld+json\" class=\"yoast-schema-graph\">{\"@context\":\"https:\\\/\\\/schema.org\",\"@graph\":[{\"@type\":\"WebPage\",\"@id\":\"https:\\\/\\\/www.tetrachim.com\\\/fr\\\/produit\\\/loctite-ablestik-59c\\\/\",\"url\":\"https:\\\/\\\/www.tetrachim.com\\\/fr\\\/produit\\\/loctite-ablestik-59c\\\/\",\"name\":\"Loctite Ablestik 59C - Tetrachim\",\"isPartOf\":{\"@id\":\"https:\\\/\\\/www.tetrachim.com\\\/fr\\\/#website\"},\"primaryImageOfPage\":{\"@id\":\"https:\\\/\\\/www.tetrachim.com\\\/fr\\\/produit\\\/loctite-ablestik-59c\\\/#primaryimage\"},\"image\":{\"@id\":\"https:\\\/\\\/www.tetrachim.com\\\/fr\\\/produit\\\/loctite-ablestik-59c\\\/#primaryimage\"},\"thumbnailUrl\":\"https:\\\/\\\/www.tetrachim.com\\\/wp-content\\\/uploads\\\/2020\\\/11\\\/packshot-indv-loctite-ablestik-59c.webp\",\"datePublished\":\"2020-11-13T11:11:13+00:00\",\"dateModified\":\"2026-04-06T12:57:55+00:00\",\"breadcrumb\":{\"@id\":\"https:\\\/\\\/www.tetrachim.com\\\/fr\\\/produit\\\/loctite-ablestik-59c\\\/#breadcrumb\"},\"inLanguage\":\"fr-FR\",\"potentialAction\":[{\"@type\":\"ReadAction\",\"target\":[\"https:\\\/\\\/www.tetrachim.com\\\/fr\\\/produit\\\/loctite-ablestik-59c\\\/\"]}]},{\"@type\":\"ImageObject\",\"inLanguage\":\"fr-FR\",\"@id\":\"https:\\\/\\\/www.tetrachim.com\\\/fr\\\/produit\\\/loctite-ablestik-59c\\\/#primaryimage\",\"url\":\"https:\\\/\\\/www.tetrachim.com\\\/wp-content\\\/uploads\\\/2020\\\/11\\\/packshot-indv-loctite-ablestik-59c.webp\",\"contentUrl\":\"https:\\\/\\\/www.tetrachim.com\\\/wp-content\\\/uploads\\\/2020\\\/11\\\/packshot-indv-loctite-ablestik-59c.webp\",\"width\":600,\"height\":600},{\"@type\":\"BreadcrumbList\",\"@id\":\"https:\\\/\\\/www.tetrachim.com\\\/fr\\\/produit\\\/loctite-ablestik-59c\\\/#breadcrumb\",\"itemListElement\":[{\"@type\":\"ListItem\",\"position\":1,\"name\":\"\",\"item\":\"https:\\\/\\\/www.tetrachim.com\\\/fr\\\/\"},{\"@type\":\"ListItem\",\"position\":2,\"name\":\"Boutique\",\"item\":\"https:\\\/\\\/www.tetrachim.com\\\/fr\\\/boutique\\\/\"},{\"@type\":\"ListItem\",\"position\":3,\"name\":\"Loctite Ablestik 59C\"}]},{\"@type\":\"WebSite\",\"@id\":\"https:\\\/\\\/www.tetrachim.com\\\/fr\\\/#website\",\"url\":\"https:\\\/\\\/www.tetrachim.com\\\/fr\\\/\",\"name\":\"Tetrachim\",\"description\":\"Rev\u00eatements high-tech\",\"publisher\":{\"@id\":\"https:\\\/\\\/www.tetrachim.com\\\/fr\\\/#organization\"},\"potentialAction\":[{\"@type\":\"SearchAction\",\"target\":{\"@type\":\"EntryPoint\",\"urlTemplate\":\"https:\\\/\\\/www.tetrachim.com\\\/fr\\\/?s={search_term_string}\"},\"query-input\":{\"@type\":\"PropertyValueSpecification\",\"valueRequired\":true,\"valueName\":\"search_term_string\"}}],\"inLanguage\":\"fr-FR\"},{\"@type\":\"Organization\",\"@id\":\"https:\\\/\\\/www.tetrachim.com\\\/fr\\\/#organization\",\"name\":\"Tetrachim\",\"url\":\"https:\\\/\\\/www.tetrachim.com\\\/fr\\\/\",\"logo\":{\"@type\":\"ImageObject\",\"inLanguage\":\"fr-FR\",\"@id\":\"https:\\\/\\\/www.tetrachim.com\\\/fr\\\/#\\\/schema\\\/logo\\\/image\\\/\",\"url\":\"https:\\\/\\\/www.tetrachim.com\\\/wp-content\\\/uploads\\\/2020\\\/07\\\/logo-tetrachim.png\",\"contentUrl\":\"https:\\\/\\\/www.tetrachim.com\\\/wp-content\\\/uploads\\\/2020\\\/07\\\/logo-tetrachim.png\",\"width\":244,\"height\":51,\"caption\":\"Tetrachim\"},\"image\":{\"@id\":\"https:\\\/\\\/www.tetrachim.com\\\/fr\\\/#\\\/schema\\\/logo\\\/image\\\/\"},\"sameAs\":[\"https:\\\/\\\/x.com\\\/Tetrachim\",\"https:\\\/\\\/www.linkedin.com\\\/company\\\/tetrachim\\\/\"]}]}<\/script>\n<!-- \/ Yoast SEO plugin. -->","yoast_head_json":{"title":"Loctite Ablestik 59C - Tetrachim","robots":{"index":"index","follow":"follow","max-snippet":"max-snippet:-1","max-image-preview":"max-image-preview:large","max-video-preview":"max-video-preview:-1"},"canonical":"https:\/\/www.tetrachim.com\/fr\/produit\/loctite-ablestik-59c\/","og_locale":"fr_FR","og_type":"article","og_title":"Loctite Ablestik 59C - Tetrachim","og_description":"L'adh\u00e9sif LOCTITE ABLESTIK 59C est con\u00e7u pour les applications utilis\u00e9es \u00e0 haute temp\u00e9rature qui n\u00e9cessitent une conductivit\u00e9 \u00e9lectrique et n'ont pas besoin d'une grande force d'adh\u00e9rence. Il peut \u00eatre utilis\u00e9 \u00e0 l'\u00e9tat durci ou non durci.","og_url":"https:\/\/www.tetrachim.com\/fr\/produit\/loctite-ablestik-59c\/","og_site_name":"Tetrachim","article_modified_time":"2026-04-06T12:57:55+00:00","og_image":[{"width":600,"height":600,"url":"https:\/\/www.tetrachim.com\/wp-content\/uploads\/2020\/11\/packshot-indv-loctite-ablestik-59c.webp","type":"image\/webp"}],"twitter_card":"summary_large_image","twitter_site":"@Tetrachim","schema":{"@context":"https:\/\/schema.org","@graph":[{"@type":"WebPage","@id":"https:\/\/www.tetrachim.com\/fr\/produit\/loctite-ablestik-59c\/","url":"https:\/\/www.tetrachim.com\/fr\/produit\/loctite-ablestik-59c\/","name":"Loctite Ablestik 59C - Tetrachim","isPartOf":{"@id":"https:\/\/www.tetrachim.com\/fr\/#website"},"primaryImageOfPage":{"@id":"https:\/\/www.tetrachim.com\/fr\/produit\/loctite-ablestik-59c\/#primaryimage"},"image":{"@id":"https:\/\/www.tetrachim.com\/fr\/produit\/loctite-ablestik-59c\/#primaryimage"},"thumbnailUrl":"https:\/\/www.tetrachim.com\/wp-content\/uploads\/2020\/11\/packshot-indv-loctite-ablestik-59c.webp","datePublished":"2020-11-13T11:11:13+00:00","dateModified":"2026-04-06T12:57:55+00:00","breadcrumb":{"@id":"https:\/\/www.tetrachim.com\/fr\/produit\/loctite-ablestik-59c\/#breadcrumb"},"inLanguage":"fr-FR","potentialAction":[{"@type":"ReadAction","target":["https:\/\/www.tetrachim.com\/fr\/produit\/loctite-ablestik-59c\/"]}]},{"@type":"ImageObject","inLanguage":"fr-FR","@id":"https:\/\/www.tetrachim.com\/fr\/produit\/loctite-ablestik-59c\/#primaryimage","url":"https:\/\/www.tetrachim.com\/wp-content\/uploads\/2020\/11\/packshot-indv-loctite-ablestik-59c.webp","contentUrl":"https:\/\/www.tetrachim.com\/wp-content\/uploads\/2020\/11\/packshot-indv-loctite-ablestik-59c.webp","width":600,"height":600},{"@type":"BreadcrumbList","@id":"https:\/\/www.tetrachim.com\/fr\/produit\/loctite-ablestik-59c\/#breadcrumb","itemListElement":[{"@type":"ListItem","position":1,"name":"","item":"https:\/\/www.tetrachim.com\/fr\/"},{"@type":"ListItem","position":2,"name":"Boutique","item":"https:\/\/www.tetrachim.com\/fr\/boutique\/"},{"@type":"ListItem","position":3,"name":"Loctite Ablestik 59C"}]},{"@type":"WebSite","@id":"https:\/\/www.tetrachim.com\/fr\/#website","url":"https:\/\/www.tetrachim.com\/fr\/","name":"Tetrachim","description":"Rev\u00eatements high-tech","publisher":{"@id":"https:\/\/www.tetrachim.com\/fr\/#organization"},"potentialAction":[{"@type":"SearchAction","target":{"@type":"EntryPoint","urlTemplate":"https:\/\/www.tetrachim.com\/fr\/?s={search_term_string}"},"query-input":{"@type":"PropertyValueSpecification","valueRequired":true,"valueName":"search_term_string"}}],"inLanguage":"fr-FR"},{"@type":"Organization","@id":"https:\/\/www.tetrachim.com\/fr\/#organization","name":"Tetrachim","url":"https:\/\/www.tetrachim.com\/fr\/","logo":{"@type":"ImageObject","inLanguage":"fr-FR","@id":"https:\/\/www.tetrachim.com\/fr\/#\/schema\/logo\/image\/","url":"https:\/\/www.tetrachim.com\/wp-content\/uploads\/2020\/07\/logo-tetrachim.png","contentUrl":"https:\/\/www.tetrachim.com\/wp-content\/uploads\/2020\/07\/logo-tetrachim.png","width":244,"height":51,"caption":"Tetrachim"},"image":{"@id":"https:\/\/www.tetrachim.com\/fr\/#\/schema\/logo\/image\/"},"sameAs":["https:\/\/x.com\/Tetrachim","https:\/\/www.linkedin.com\/company\/tetrachim\/"]}]}},"tiered_pricing_type":"fixed","tiered_pricing_fixed_rules":[],"tiered_pricing_product_settings":{"layout":"default","base_unit_name":{"singular":null,"plural":null},"default_variation":null},"tiered_pricing_minimum_quantity":null,"tiered_pricing_roles_data":[],"tiered_pricing_percentage_rules":[],"_links":{"self":[{"href":"https:\/\/www.tetrachim.com\/fr\/wp-json\/wp\/v2\/product\/99931","targetHints":{"allow":["GET"]}}],"collection":[{"href":"https:\/\/www.tetrachim.com\/fr\/wp-json\/wp\/v2\/product"}],"about":[{"href":"https:\/\/www.tetrachim.com\/fr\/wp-json\/wp\/v2\/types\/product"}],"wp:featuredmedia":[{"embeddable":true,"href":"https:\/\/www.tetrachim.com\/fr\/wp-json\/wp\/v2\/media\/95415"}],"wp:attachment":[{"href":"https:\/\/www.tetrachim.com\/fr\/wp-json\/wp\/v2\/media?parent=99931"}],"wp:term":[{"taxonomy":"product_brand","embeddable":true,"href":"https:\/\/www.tetrachim.com\/fr\/wp-json\/wp\/v2\/product_brand?post=99931"},{"taxonomy":"product_cat","embeddable":true,"href":"https:\/\/www.tetrachim.com\/fr\/wp-json\/wp\/v2\/product_cat?post=99931"},{"taxonomy":"product_tag","embeddable":true,"href":"https:\/\/www.tetrachim.com\/fr\/wp-json\/wp\/v2\/product_tag?post=99931"}],"curies":[{"name":"wp","href":"https:\/\/api.w.org\/{rel}","templated":true}]}}