{"id":99940,"date":"2020-11-13T12:12:17","date_gmt":"2020-11-13T11:12:17","guid":{"rendered":"https:\/\/www.tetrachim.com\/product\/loctite-edag-pf-050-ec\/"},"modified":"2026-04-19T04:01:34","modified_gmt":"2026-04-19T02:01:34","slug":"loctite-edag-pf-050-ec","status":"publish","type":"product","link":"https:\/\/www.tetrachim.com\/fr\/produit\/loctite-edag-pf-050-ec\/","title":{"rendered":"Loctite EDAG PF-050 E&amp;C"},"content":{"rendered":"<p>LOCTITE EDAG PF-050 E&amp;C est une encre siver tr\u00e8s hautement conductrice. Elle est con\u00e7ue pour la RFID et les cartes \u00e0 puce avec une bonne d\u00e9finition des lignes. Elle est compatible avec les substrats PET, ABS, PVC et papier. Outre les exigences de flexibilit\u00e9, d&rsquo;adh\u00e9rence et de compatibilit\u00e9, les encres \u00e9lectroniques utilis\u00e9es pour les produits RFID doivent \u00eatre capables de transmettre et de recevoir des fr\u00e9quences radio sp\u00e9cifiques. Les encres Henkel pour la RFID offrent une bonne perm\u00e9abilit\u00e9, une bonne rugosit\u00e9 de surface et une faible imp\u00e9dance pour interagir efficacement avec les champs RF.    <\/p>\n","protected":false},"excerpt":{"rendered":"<p>LOCTITE EDAG PF-050 E&amp;C est une encre argent\u00e9e con\u00e7ue pour la production de circuits flexibles. Ce mat\u00e9riau peut \u00eatre utilis\u00e9 sur une grande vari\u00e9t\u00e9 de substrats. <\/p>\n","protected":false},"featured_media":96917,"template":"","meta":[],"product_brand":[],"product_cat":[477],"product_tag":[],"class_list":{"0":"post-99940","1":"product","2":"type-product","3":"status-publish","4":"has-post-thumbnail","6":"supplier-henkel-fr","7":"property-conducteur","8":"product_cat-loctite-materiaux-electroniques","9":"product_shipping_class-danger-fr","11":"first","12":"outofstock","13":"taxable","14":"shipping-taxable","15":"purchasable","16":"product-type-simple"},"yoast_head":"<!-- This site is optimized with the Yoast SEO plugin v27.4 - https:\/\/yoast.com\/product\/yoast-seo-wordpress\/ -->\n<title>Loctite EDAG PF-050 E&amp;C - Tetrachim<\/title>\n<meta name=\"robots\" content=\"index, follow, max-snippet:-1, max-image-preview:large, max-video-preview:-1\" \/>\n<link rel=\"canonical\" href=\"https:\/\/www.tetrachim.com\/fr\/produit\/loctite-edag-pf-050-ec\/\" \/>\n<meta property=\"og:locale\" content=\"fr_FR\" \/>\n<meta property=\"og:type\" content=\"article\" \/>\n<meta property=\"og:title\" content=\"Loctite EDAG PF-050 E&amp;C - Tetrachim\" \/>\n<meta property=\"og:description\" content=\"LOCTITE EDAG PF-050 E&amp;C est une encre argent\u00e9e con\u00e7ue pour la production de circuits flexibles. Ce mat\u00e9riau peut \u00eatre utilis\u00e9 sur une grande vari\u00e9t\u00e9 de substrats.\" \/>\n<meta property=\"og:url\" content=\"https:\/\/www.tetrachim.com\/fr\/produit\/loctite-edag-pf-050-ec\/\" \/>\n<meta property=\"og:site_name\" content=\"Tetrachim\" \/>\n<meta property=\"article:modified_time\" content=\"2026-04-19T02:01:34+00:00\" \/>\n<meta property=\"og:image\" content=\"https:\/\/www.tetrachim.com\/wp-content\/uploads\/2020\/11\/packshot-loctite-edag-pf-050-ec-78953-08-2019-1-1024x1024.png\" \/>\n\t<meta property=\"og:image:width\" content=\"1024\" \/>\n\t<meta property=\"og:image:height\" content=\"1024\" \/>\n\t<meta property=\"og:image:type\" content=\"image\/png\" \/>\n<meta name=\"twitter:card\" content=\"summary_large_image\" \/>\n<meta name=\"twitter:site\" content=\"@Tetrachim\" \/>\n<meta name=\"twitter:label1\" content=\"Dur\u00e9e de lecture estim\u00e9e\" \/>\n\t<meta name=\"twitter:data1\" content=\"1 minute\" \/>\n<script type=\"application\/ld+json\" class=\"yoast-schema-graph\">{\"@context\":\"https:\\\/\\\/schema.org\",\"@graph\":[{\"@type\":\"WebPage\",\"@id\":\"https:\\\/\\\/www.tetrachim.com\\\/fr\\\/produit\\\/loctite-edag-pf-050-ec\\\/\",\"url\":\"https:\\\/\\\/www.tetrachim.com\\\/fr\\\/produit\\\/loctite-edag-pf-050-ec\\\/\",\"name\":\"Loctite EDAG PF-050 E&amp;C - Tetrachim\",\"isPartOf\":{\"@id\":\"https:\\\/\\\/www.tetrachim.com\\\/fr\\\/#website\"},\"primaryImageOfPage\":{\"@id\":\"https:\\\/\\\/www.tetrachim.com\\\/fr\\\/produit\\\/loctite-edag-pf-050-ec\\\/#primaryimage\"},\"image\":{\"@id\":\"https:\\\/\\\/www.tetrachim.com\\\/fr\\\/produit\\\/loctite-edag-pf-050-ec\\\/#primaryimage\"},\"thumbnailUrl\":\"https:\\\/\\\/www.tetrachim.com\\\/wp-content\\\/uploads\\\/2020\\\/11\\\/packshot-loctite-edag-pf-050-ec-78953-08-2019-1.png\",\"datePublished\":\"2020-11-13T11:12:17+00:00\",\"dateModified\":\"2026-04-19T02:01:34+00:00\",\"breadcrumb\":{\"@id\":\"https:\\\/\\\/www.tetrachim.com\\\/fr\\\/produit\\\/loctite-edag-pf-050-ec\\\/#breadcrumb\"},\"inLanguage\":\"fr-FR\",\"potentialAction\":[{\"@type\":\"ReadAction\",\"target\":[\"https:\\\/\\\/www.tetrachim.com\\\/fr\\\/produit\\\/loctite-edag-pf-050-ec\\\/\"]}]},{\"@type\":\"ImageObject\",\"inLanguage\":\"fr-FR\",\"@id\":\"https:\\\/\\\/www.tetrachim.com\\\/fr\\\/produit\\\/loctite-edag-pf-050-ec\\\/#primaryimage\",\"url\":\"https:\\\/\\\/www.tetrachim.com\\\/wp-content\\\/uploads\\\/2020\\\/11\\\/packshot-loctite-edag-pf-050-ec-78953-08-2019-1.png\",\"contentUrl\":\"https:\\\/\\\/www.tetrachim.com\\\/wp-content\\\/uploads\\\/2020\\\/11\\\/packshot-loctite-edag-pf-050-ec-78953-08-2019-1.png\",\"width\":2700,\"height\":2700},{\"@type\":\"BreadcrumbList\",\"@id\":\"https:\\\/\\\/www.tetrachim.com\\\/fr\\\/produit\\\/loctite-edag-pf-050-ec\\\/#breadcrumb\",\"itemListElement\":[{\"@type\":\"ListItem\",\"position\":1,\"name\":\"\",\"item\":\"https:\\\/\\\/www.tetrachim.com\\\/fr\\\/\"},{\"@type\":\"ListItem\",\"position\":2,\"name\":\"Boutique\",\"item\":\"https:\\\/\\\/www.tetrachim.com\\\/fr\\\/boutique\\\/\"},{\"@type\":\"ListItem\",\"position\":3,\"name\":\"Loctite EDAG PF-050 E&amp;C\"}]},{\"@type\":\"WebSite\",\"@id\":\"https:\\\/\\\/www.tetrachim.com\\\/fr\\\/#website\",\"url\":\"https:\\\/\\\/www.tetrachim.com\\\/fr\\\/\",\"name\":\"Tetrachim\",\"description\":\"Rev\u00eatements high-tech\",\"publisher\":{\"@id\":\"https:\\\/\\\/www.tetrachim.com\\\/fr\\\/#organization\"},\"potentialAction\":[{\"@type\":\"SearchAction\",\"target\":{\"@type\":\"EntryPoint\",\"urlTemplate\":\"https:\\\/\\\/www.tetrachim.com\\\/fr\\\/?s={search_term_string}\"},\"query-input\":{\"@type\":\"PropertyValueSpecification\",\"valueRequired\":true,\"valueName\":\"search_term_string\"}}],\"inLanguage\":\"fr-FR\"},{\"@type\":\"Organization\",\"@id\":\"https:\\\/\\\/www.tetrachim.com\\\/fr\\\/#organization\",\"name\":\"Tetrachim\",\"url\":\"https:\\\/\\\/www.tetrachim.com\\\/fr\\\/\",\"logo\":{\"@type\":\"ImageObject\",\"inLanguage\":\"fr-FR\",\"@id\":\"https:\\\/\\\/www.tetrachim.com\\\/fr\\\/#\\\/schema\\\/logo\\\/image\\\/\",\"url\":\"https:\\\/\\\/www.tetrachim.com\\\/wp-content\\\/uploads\\\/2020\\\/07\\\/logo-tetrachim.png\",\"contentUrl\":\"https:\\\/\\\/www.tetrachim.com\\\/wp-content\\\/uploads\\\/2020\\\/07\\\/logo-tetrachim.png\",\"width\":244,\"height\":51,\"caption\":\"Tetrachim\"},\"image\":{\"@id\":\"https:\\\/\\\/www.tetrachim.com\\\/fr\\\/#\\\/schema\\\/logo\\\/image\\\/\"},\"sameAs\":[\"https:\\\/\\\/x.com\\\/Tetrachim\",\"https:\\\/\\\/www.linkedin.com\\\/company\\\/tetrachim\\\/\"]}]}<\/script>\n<!-- \/ Yoast SEO plugin. -->","yoast_head_json":{"title":"Loctite EDAG PF-050 E&amp;C - Tetrachim","robots":{"index":"index","follow":"follow","max-snippet":"max-snippet:-1","max-image-preview":"max-image-preview:large","max-video-preview":"max-video-preview:-1"},"canonical":"https:\/\/www.tetrachim.com\/fr\/produit\/loctite-edag-pf-050-ec\/","og_locale":"fr_FR","og_type":"article","og_title":"Loctite EDAG PF-050 E&amp;C - Tetrachim","og_description":"LOCTITE EDAG PF-050 E&amp;C est une encre argent\u00e9e con\u00e7ue pour la production de circuits flexibles. Ce mat\u00e9riau peut \u00eatre utilis\u00e9 sur une grande vari\u00e9t\u00e9 de substrats.","og_url":"https:\/\/www.tetrachim.com\/fr\/produit\/loctite-edag-pf-050-ec\/","og_site_name":"Tetrachim","article_modified_time":"2026-04-19T02:01:34+00:00","og_image":[{"width":1024,"height":1024,"url":"https:\/\/www.tetrachim.com\/wp-content\/uploads\/2020\/11\/packshot-loctite-edag-pf-050-ec-78953-08-2019-1-1024x1024.png","type":"image\/png"}],"twitter_card":"summary_large_image","twitter_site":"@Tetrachim","twitter_misc":{"Dur\u00e9e de lecture estim\u00e9e":"1 minute"},"schema":{"@context":"https:\/\/schema.org","@graph":[{"@type":"WebPage","@id":"https:\/\/www.tetrachim.com\/fr\/produit\/loctite-edag-pf-050-ec\/","url":"https:\/\/www.tetrachim.com\/fr\/produit\/loctite-edag-pf-050-ec\/","name":"Loctite EDAG PF-050 E&amp;C - Tetrachim","isPartOf":{"@id":"https:\/\/www.tetrachim.com\/fr\/#website"},"primaryImageOfPage":{"@id":"https:\/\/www.tetrachim.com\/fr\/produit\/loctite-edag-pf-050-ec\/#primaryimage"},"image":{"@id":"https:\/\/www.tetrachim.com\/fr\/produit\/loctite-edag-pf-050-ec\/#primaryimage"},"thumbnailUrl":"https:\/\/www.tetrachim.com\/wp-content\/uploads\/2020\/11\/packshot-loctite-edag-pf-050-ec-78953-08-2019-1.png","datePublished":"2020-11-13T11:12:17+00:00","dateModified":"2026-04-19T02:01:34+00:00","breadcrumb":{"@id":"https:\/\/www.tetrachim.com\/fr\/produit\/loctite-edag-pf-050-ec\/#breadcrumb"},"inLanguage":"fr-FR","potentialAction":[{"@type":"ReadAction","target":["https:\/\/www.tetrachim.com\/fr\/produit\/loctite-edag-pf-050-ec\/"]}]},{"@type":"ImageObject","inLanguage":"fr-FR","@id":"https:\/\/www.tetrachim.com\/fr\/produit\/loctite-edag-pf-050-ec\/#primaryimage","url":"https:\/\/www.tetrachim.com\/wp-content\/uploads\/2020\/11\/packshot-loctite-edag-pf-050-ec-78953-08-2019-1.png","contentUrl":"https:\/\/www.tetrachim.com\/wp-content\/uploads\/2020\/11\/packshot-loctite-edag-pf-050-ec-78953-08-2019-1.png","width":2700,"height":2700},{"@type":"BreadcrumbList","@id":"https:\/\/www.tetrachim.com\/fr\/produit\/loctite-edag-pf-050-ec\/#breadcrumb","itemListElement":[{"@type":"ListItem","position":1,"name":"","item":"https:\/\/www.tetrachim.com\/fr\/"},{"@type":"ListItem","position":2,"name":"Boutique","item":"https:\/\/www.tetrachim.com\/fr\/boutique\/"},{"@type":"ListItem","position":3,"name":"Loctite EDAG PF-050 E&amp;C"}]},{"@type":"WebSite","@id":"https:\/\/www.tetrachim.com\/fr\/#website","url":"https:\/\/www.tetrachim.com\/fr\/","name":"Tetrachim","description":"Rev\u00eatements high-tech","publisher":{"@id":"https:\/\/www.tetrachim.com\/fr\/#organization"},"potentialAction":[{"@type":"SearchAction","target":{"@type":"EntryPoint","urlTemplate":"https:\/\/www.tetrachim.com\/fr\/?s={search_term_string}"},"query-input":{"@type":"PropertyValueSpecification","valueRequired":true,"valueName":"search_term_string"}}],"inLanguage":"fr-FR"},{"@type":"Organization","@id":"https:\/\/www.tetrachim.com\/fr\/#organization","name":"Tetrachim","url":"https:\/\/www.tetrachim.com\/fr\/","logo":{"@type":"ImageObject","inLanguage":"fr-FR","@id":"https:\/\/www.tetrachim.com\/fr\/#\/schema\/logo\/image\/","url":"https:\/\/www.tetrachim.com\/wp-content\/uploads\/2020\/07\/logo-tetrachim.png","contentUrl":"https:\/\/www.tetrachim.com\/wp-content\/uploads\/2020\/07\/logo-tetrachim.png","width":244,"height":51,"caption":"Tetrachim"},"image":{"@id":"https:\/\/www.tetrachim.com\/fr\/#\/schema\/logo\/image\/"},"sameAs":["https:\/\/x.com\/Tetrachim","https:\/\/www.linkedin.com\/company\/tetrachim\/"]}]}},"tiered_pricing_type":"fixed","tiered_pricing_fixed_rules":[],"tiered_pricing_product_settings":{"layout":"default","base_unit_name":{"singular":null,"plural":null},"default_variation":null},"tiered_pricing_minimum_quantity":null,"tiered_pricing_roles_data":[],"tiered_pricing_percentage_rules":[],"_links":{"self":[{"href":"https:\/\/www.tetrachim.com\/fr\/wp-json\/wp\/v2\/product\/99940","targetHints":{"allow":["GET"]}}],"collection":[{"href":"https:\/\/www.tetrachim.com\/fr\/wp-json\/wp\/v2\/product"}],"about":[{"href":"https:\/\/www.tetrachim.com\/fr\/wp-json\/wp\/v2\/types\/product"}],"wp:featuredmedia":[{"embeddable":true,"href":"https:\/\/www.tetrachim.com\/fr\/wp-json\/wp\/v2\/media\/96917"}],"wp:attachment":[{"href":"https:\/\/www.tetrachim.com\/fr\/wp-json\/wp\/v2\/media?parent=99940"}],"wp:term":[{"taxonomy":"product_brand","embeddable":true,"href":"https:\/\/www.tetrachim.com\/fr\/wp-json\/wp\/v2\/product_brand?post=99940"},{"taxonomy":"product_cat","embeddable":true,"href":"https:\/\/www.tetrachim.com\/fr\/wp-json\/wp\/v2\/product_cat?post=99940"},{"taxonomy":"product_tag","embeddable":true,"href":"https:\/\/www.tetrachim.com\/fr\/wp-json\/wp\/v2\/product_tag?post=99940"}],"curies":[{"name":"wp","href":"https:\/\/api.w.org\/{rel}","templated":true}]}}