{"id":99942,"date":"2020-11-13T12:13:09","date_gmt":"2020-11-13T11:13:09","guid":{"rendered":"https:\/\/www.tetrachim.com\/product\/loctite-edag-sp-413-ec\/"},"modified":"2026-04-19T02:44:40","modified_gmt":"2026-04-19T00:44:40","slug":"loctite-edag-sp-413-ec","status":"publish","type":"product","link":"https:\/\/www.tetrachim.com\/fr\/produit\/loctite-edag-sp-413-ec\/","title":{"rendered":"Loctite EDAG SP-413 E&amp;C"},"content":{"rendered":"<p>Loctite\u00ae EDAG SP-413 E&amp;C est tr\u00e8s \u00e9conomique \u00e0 l&rsquo;usage (excellente couverture) et permet d&rsquo;obtenir un excellent blindage contre les interf\u00e9rences \u00e9lectromagn\u00e9tiques rayonn\u00e9es (EMI) \u00e0 de faibles \u00e9paisseurs de rev\u00eatement. Il s&rsquo;applique facilement au pistolet ou au pinceau et est compatible avec les plastiques couramment utilis\u00e9s pour les bo\u00eetiers d&rsquo;\u00e9quipements \u00e9lectroniques. Il s&rsquo;agit d&rsquo;un syst\u00e8me s\u00e9chant \u00e0 l&rsquo;air qui ne n\u00e9cessite ni appr\u00eat ni couche de finition. Il conserve sa haute conductivit\u00e9\/faible r\u00e9sistance m\u00eame apr\u00e8s exposition \u00e0 la chaleur, au froid, \u00e0 l&rsquo;humidit\u00e9 et au brouillard salin. Les applications typiques sont les bo\u00eetiers en plastique des t\u00e9l\u00e9phones mobiles, des ordinateurs portables et des ordinateurs, les \u00e9quipements industriels, militaires, scientifiques et m\u00e9dicaux.    <\/p>\n","protected":false},"excerpt":{"rendered":"<p>Loctite\u00ae EDAG SP-413 E&amp;C est un rev\u00eatement argent\u00e9 hautement conducteur d&rsquo;\u00e9lectricit\u00e9 con\u00e7u pour assurer la compatibilit\u00e9 \u00e9lectromagn\u00e9tique (CEM) sur les bo\u00eetiers en plastique des \u00e9quipements \u00e9lectroniques.<\/p>\n","protected":false},"featured_media":96937,"template":"","meta":[],"product_brand":[],"product_cat":[477],"product_tag":[],"class_list":{"0":"post-99942","1":"product","2":"type-product","3":"status-publish","4":"has-post-thumbnail","6":"supplier-henkel-fr","7":"market-sante","8":"property-conducteur","9":"product_cat-loctite-materiaux-electroniques","10":"product_shipping_class-danger-fr","12":"first","13":"outofstock","14":"taxable","15":"shipping-taxable","16":"product-type-simple"},"yoast_head":"<!-- This site is optimized with the Yoast SEO plugin v27.4 - https:\/\/yoast.com\/product\/yoast-seo-wordpress\/ -->\n<title>Loctite EDAG SP-413 E&amp;C - Tetrachim<\/title>\n<meta name=\"robots\" content=\"index, follow, max-snippet:-1, max-image-preview:large, max-video-preview:-1\" \/>\n<link rel=\"canonical\" href=\"https:\/\/www.tetrachim.com\/fr\/produit\/loctite-edag-sp-413-ec\/\" \/>\n<meta property=\"og:locale\" content=\"fr_FR\" \/>\n<meta property=\"og:type\" content=\"article\" \/>\n<meta property=\"og:title\" content=\"Loctite EDAG SP-413 E&amp;C - Tetrachim\" \/>\n<meta property=\"og:description\" content=\"Loctite\u00ae EDAG SP-413 E&amp;C est un rev\u00eatement argent\u00e9 hautement conducteur d&#039;\u00e9lectricit\u00e9 con\u00e7u pour assurer la compatibilit\u00e9 \u00e9lectromagn\u00e9tique (CEM) sur les bo\u00eetiers en plastique des \u00e9quipements \u00e9lectroniques.\" \/>\n<meta property=\"og:url\" content=\"https:\/\/www.tetrachim.com\/fr\/produit\/loctite-edag-sp-413-ec\/\" \/>\n<meta property=\"og:site_name\" content=\"Tetrachim\" \/>\n<meta property=\"article:modified_time\" content=\"2026-04-19T00:44:40+00:00\" \/>\n<meta property=\"og:image\" content=\"https:\/\/www.tetrachim.com\/wp-content\/uploads\/2020\/11\/packshot-loctite-edag-sp-413-ec-96598-08-2019.webp\" \/>\n\t<meta property=\"og:image:width\" content=\"600\" \/>\n\t<meta property=\"og:image:height\" content=\"600\" \/>\n\t<meta property=\"og:image:type\" content=\"image\/webp\" \/>\n<meta name=\"twitter:card\" content=\"summary_large_image\" \/>\n<meta name=\"twitter:site\" content=\"@Tetrachim\" \/>\n<meta name=\"twitter:label1\" content=\"Dur\u00e9e de lecture estim\u00e9e\" \/>\n\t<meta name=\"twitter:data1\" content=\"1 minute\" \/>\n<script type=\"application\/ld+json\" class=\"yoast-schema-graph\">{\"@context\":\"https:\\\/\\\/schema.org\",\"@graph\":[{\"@type\":\"WebPage\",\"@id\":\"https:\\\/\\\/www.tetrachim.com\\\/fr\\\/produit\\\/loctite-edag-sp-413-ec\\\/\",\"url\":\"https:\\\/\\\/www.tetrachim.com\\\/fr\\\/produit\\\/loctite-edag-sp-413-ec\\\/\",\"name\":\"Loctite EDAG SP-413 E&amp;C - Tetrachim\",\"isPartOf\":{\"@id\":\"https:\\\/\\\/www.tetrachim.com\\\/fr\\\/#website\"},\"primaryImageOfPage\":{\"@id\":\"https:\\\/\\\/www.tetrachim.com\\\/fr\\\/produit\\\/loctite-edag-sp-413-ec\\\/#primaryimage\"},\"image\":{\"@id\":\"https:\\\/\\\/www.tetrachim.com\\\/fr\\\/produit\\\/loctite-edag-sp-413-ec\\\/#primaryimage\"},\"thumbnailUrl\":\"https:\\\/\\\/www.tetrachim.com\\\/wp-content\\\/uploads\\\/2020\\\/11\\\/packshot-loctite-edag-sp-413-ec-96598-08-2019.webp\",\"datePublished\":\"2020-11-13T11:13:09+00:00\",\"dateModified\":\"2026-04-19T00:44:40+00:00\",\"breadcrumb\":{\"@id\":\"https:\\\/\\\/www.tetrachim.com\\\/fr\\\/produit\\\/loctite-edag-sp-413-ec\\\/#breadcrumb\"},\"inLanguage\":\"fr-FR\",\"potentialAction\":[{\"@type\":\"ReadAction\",\"target\":[\"https:\\\/\\\/www.tetrachim.com\\\/fr\\\/produit\\\/loctite-edag-sp-413-ec\\\/\"]}]},{\"@type\":\"ImageObject\",\"inLanguage\":\"fr-FR\",\"@id\":\"https:\\\/\\\/www.tetrachim.com\\\/fr\\\/produit\\\/loctite-edag-sp-413-ec\\\/#primaryimage\",\"url\":\"https:\\\/\\\/www.tetrachim.com\\\/wp-content\\\/uploads\\\/2020\\\/11\\\/packshot-loctite-edag-sp-413-ec-96598-08-2019.webp\",\"contentUrl\":\"https:\\\/\\\/www.tetrachim.com\\\/wp-content\\\/uploads\\\/2020\\\/11\\\/packshot-loctite-edag-sp-413-ec-96598-08-2019.webp\",\"width\":600,\"height\":600},{\"@type\":\"BreadcrumbList\",\"@id\":\"https:\\\/\\\/www.tetrachim.com\\\/fr\\\/produit\\\/loctite-edag-sp-413-ec\\\/#breadcrumb\",\"itemListElement\":[{\"@type\":\"ListItem\",\"position\":1,\"name\":\"\",\"item\":\"https:\\\/\\\/www.tetrachim.com\\\/fr\\\/\"},{\"@type\":\"ListItem\",\"position\":2,\"name\":\"Boutique\",\"item\":\"https:\\\/\\\/www.tetrachim.com\\\/fr\\\/boutique\\\/\"},{\"@type\":\"ListItem\",\"position\":3,\"name\":\"Loctite EDAG SP-413 E&amp;C\"}]},{\"@type\":\"WebSite\",\"@id\":\"https:\\\/\\\/www.tetrachim.com\\\/fr\\\/#website\",\"url\":\"https:\\\/\\\/www.tetrachim.com\\\/fr\\\/\",\"name\":\"Tetrachim\",\"description\":\"Rev\u00eatements high-tech\",\"publisher\":{\"@id\":\"https:\\\/\\\/www.tetrachim.com\\\/fr\\\/#organization\"},\"potentialAction\":[{\"@type\":\"SearchAction\",\"target\":{\"@type\":\"EntryPoint\",\"urlTemplate\":\"https:\\\/\\\/www.tetrachim.com\\\/fr\\\/?s={search_term_string}\"},\"query-input\":{\"@type\":\"PropertyValueSpecification\",\"valueRequired\":true,\"valueName\":\"search_term_string\"}}],\"inLanguage\":\"fr-FR\"},{\"@type\":\"Organization\",\"@id\":\"https:\\\/\\\/www.tetrachim.com\\\/fr\\\/#organization\",\"name\":\"Tetrachim\",\"url\":\"https:\\\/\\\/www.tetrachim.com\\\/fr\\\/\",\"logo\":{\"@type\":\"ImageObject\",\"inLanguage\":\"fr-FR\",\"@id\":\"https:\\\/\\\/www.tetrachim.com\\\/fr\\\/#\\\/schema\\\/logo\\\/image\\\/\",\"url\":\"https:\\\/\\\/www.tetrachim.com\\\/wp-content\\\/uploads\\\/2020\\\/07\\\/logo-tetrachim.png\",\"contentUrl\":\"https:\\\/\\\/www.tetrachim.com\\\/wp-content\\\/uploads\\\/2020\\\/07\\\/logo-tetrachim.png\",\"width\":244,\"height\":51,\"caption\":\"Tetrachim\"},\"image\":{\"@id\":\"https:\\\/\\\/www.tetrachim.com\\\/fr\\\/#\\\/schema\\\/logo\\\/image\\\/\"},\"sameAs\":[\"https:\\\/\\\/x.com\\\/Tetrachim\",\"https:\\\/\\\/www.linkedin.com\\\/company\\\/tetrachim\\\/\"]}]}<\/script>\n<!-- \/ Yoast SEO plugin. -->","yoast_head_json":{"title":"Loctite EDAG SP-413 E&amp;C - Tetrachim","robots":{"index":"index","follow":"follow","max-snippet":"max-snippet:-1","max-image-preview":"max-image-preview:large","max-video-preview":"max-video-preview:-1"},"canonical":"https:\/\/www.tetrachim.com\/fr\/produit\/loctite-edag-sp-413-ec\/","og_locale":"fr_FR","og_type":"article","og_title":"Loctite EDAG SP-413 E&amp;C - Tetrachim","og_description":"Loctite\u00ae EDAG SP-413 E&amp;C est un rev\u00eatement argent\u00e9 hautement conducteur d'\u00e9lectricit\u00e9 con\u00e7u pour assurer la compatibilit\u00e9 \u00e9lectromagn\u00e9tique (CEM) sur les bo\u00eetiers en plastique des \u00e9quipements \u00e9lectroniques.","og_url":"https:\/\/www.tetrachim.com\/fr\/produit\/loctite-edag-sp-413-ec\/","og_site_name":"Tetrachim","article_modified_time":"2026-04-19T00:44:40+00:00","og_image":[{"width":600,"height":600,"url":"https:\/\/www.tetrachim.com\/wp-content\/uploads\/2020\/11\/packshot-loctite-edag-sp-413-ec-96598-08-2019.webp","type":"image\/webp"}],"twitter_card":"summary_large_image","twitter_site":"@Tetrachim","twitter_misc":{"Dur\u00e9e de lecture estim\u00e9e":"1 minute"},"schema":{"@context":"https:\/\/schema.org","@graph":[{"@type":"WebPage","@id":"https:\/\/www.tetrachim.com\/fr\/produit\/loctite-edag-sp-413-ec\/","url":"https:\/\/www.tetrachim.com\/fr\/produit\/loctite-edag-sp-413-ec\/","name":"Loctite EDAG SP-413 E&amp;C - Tetrachim","isPartOf":{"@id":"https:\/\/www.tetrachim.com\/fr\/#website"},"primaryImageOfPage":{"@id":"https:\/\/www.tetrachim.com\/fr\/produit\/loctite-edag-sp-413-ec\/#primaryimage"},"image":{"@id":"https:\/\/www.tetrachim.com\/fr\/produit\/loctite-edag-sp-413-ec\/#primaryimage"},"thumbnailUrl":"https:\/\/www.tetrachim.com\/wp-content\/uploads\/2020\/11\/packshot-loctite-edag-sp-413-ec-96598-08-2019.webp","datePublished":"2020-11-13T11:13:09+00:00","dateModified":"2026-04-19T00:44:40+00:00","breadcrumb":{"@id":"https:\/\/www.tetrachim.com\/fr\/produit\/loctite-edag-sp-413-ec\/#breadcrumb"},"inLanguage":"fr-FR","potentialAction":[{"@type":"ReadAction","target":["https:\/\/www.tetrachim.com\/fr\/produit\/loctite-edag-sp-413-ec\/"]}]},{"@type":"ImageObject","inLanguage":"fr-FR","@id":"https:\/\/www.tetrachim.com\/fr\/produit\/loctite-edag-sp-413-ec\/#primaryimage","url":"https:\/\/www.tetrachim.com\/wp-content\/uploads\/2020\/11\/packshot-loctite-edag-sp-413-ec-96598-08-2019.webp","contentUrl":"https:\/\/www.tetrachim.com\/wp-content\/uploads\/2020\/11\/packshot-loctite-edag-sp-413-ec-96598-08-2019.webp","width":600,"height":600},{"@type":"BreadcrumbList","@id":"https:\/\/www.tetrachim.com\/fr\/produit\/loctite-edag-sp-413-ec\/#breadcrumb","itemListElement":[{"@type":"ListItem","position":1,"name":"","item":"https:\/\/www.tetrachim.com\/fr\/"},{"@type":"ListItem","position":2,"name":"Boutique","item":"https:\/\/www.tetrachim.com\/fr\/boutique\/"},{"@type":"ListItem","position":3,"name":"Loctite EDAG SP-413 E&amp;C"}]},{"@type":"WebSite","@id":"https:\/\/www.tetrachim.com\/fr\/#website","url":"https:\/\/www.tetrachim.com\/fr\/","name":"Tetrachim","description":"Rev\u00eatements high-tech","publisher":{"@id":"https:\/\/www.tetrachim.com\/fr\/#organization"},"potentialAction":[{"@type":"SearchAction","target":{"@type":"EntryPoint","urlTemplate":"https:\/\/www.tetrachim.com\/fr\/?s={search_term_string}"},"query-input":{"@type":"PropertyValueSpecification","valueRequired":true,"valueName":"search_term_string"}}],"inLanguage":"fr-FR"},{"@type":"Organization","@id":"https:\/\/www.tetrachim.com\/fr\/#organization","name":"Tetrachim","url":"https:\/\/www.tetrachim.com\/fr\/","logo":{"@type":"ImageObject","inLanguage":"fr-FR","@id":"https:\/\/www.tetrachim.com\/fr\/#\/schema\/logo\/image\/","url":"https:\/\/www.tetrachim.com\/wp-content\/uploads\/2020\/07\/logo-tetrachim.png","contentUrl":"https:\/\/www.tetrachim.com\/wp-content\/uploads\/2020\/07\/logo-tetrachim.png","width":244,"height":51,"caption":"Tetrachim"},"image":{"@id":"https:\/\/www.tetrachim.com\/fr\/#\/schema\/logo\/image\/"},"sameAs":["https:\/\/x.com\/Tetrachim","https:\/\/www.linkedin.com\/company\/tetrachim\/"]}]}},"tiered_pricing_type":"fixed","tiered_pricing_fixed_rules":[],"tiered_pricing_product_settings":{"layout":"default","base_unit_name":{"singular":null,"plural":null},"default_variation":null},"tiered_pricing_minimum_quantity":null,"tiered_pricing_roles_data":[],"tiered_pricing_percentage_rules":[],"_links":{"self":[{"href":"https:\/\/www.tetrachim.com\/fr\/wp-json\/wp\/v2\/product\/99942","targetHints":{"allow":["GET"]}}],"collection":[{"href":"https:\/\/www.tetrachim.com\/fr\/wp-json\/wp\/v2\/product"}],"about":[{"href":"https:\/\/www.tetrachim.com\/fr\/wp-json\/wp\/v2\/types\/product"}],"wp:featuredmedia":[{"embeddable":true,"href":"https:\/\/www.tetrachim.com\/fr\/wp-json\/wp\/v2\/media\/96937"}],"wp:attachment":[{"href":"https:\/\/www.tetrachim.com\/fr\/wp-json\/wp\/v2\/media?parent=99942"}],"wp:term":[{"taxonomy":"product_brand","embeddable":true,"href":"https:\/\/www.tetrachim.com\/fr\/wp-json\/wp\/v2\/product_brand?post=99942"},{"taxonomy":"product_cat","embeddable":true,"href":"https:\/\/www.tetrachim.com\/fr\/wp-json\/wp\/v2\/product_cat?post=99942"},{"taxonomy":"product_tag","embeddable":true,"href":"https:\/\/www.tetrachim.com\/fr\/wp-json\/wp\/v2\/product_tag?post=99942"}],"curies":[{"name":"wp","href":"https:\/\/api.w.org\/{rel}","templated":true}]}}