{"id":99961,"date":"2020-11-13T22:13:16","date_gmt":"2020-11-13T21:13:16","guid":{"rendered":"https:\/\/www.tetrachim.com\/product\/532g-13054-high-build-midcoat-pfa-poudre-ruby-red\/"},"modified":"2026-04-18T20:40:27","modified_gmt":"2026-04-18T18:40:27","slug":"532g-13054-high-build-midcoat-pfa-poudre-ruby-red","status":"publish","type":"product","link":"https:\/\/www.tetrachim.com\/fr\/produit\/532g-13054-high-build-midcoat-pfa-poudre-ruby-red\/","title":{"rendered":"532G-13054 Interm\u00e9diaire PFA poudre haute \u00e9paisseur Rouge"},"content":{"rendered":"<p>Les rev\u00eatements antiadh\u00e9sifs PFA (perfluoroalkoxy) fondent et s&rsquo;\u00e9coulent pendant la cuisson pour former des films non poreux. Le PFA offre les avantages suppl\u00e9mentaires d&rsquo;une temp\u00e9rature d&rsquo;utilisation continue plus \u00e9lev\u00e9e (260\u00b0C), d&rsquo;une \u00e9paisseur de film allant jusqu&rsquo;\u00e0 1000 \u00b5m et d&rsquo;une plus grande t\u00e9nacit\u00e9 que le PTFE ou le FEP. Cette combinaison de propri\u00e9t\u00e9s fait du PFA un excellent choix pour une grande vari\u00e9t\u00e9 d&rsquo;utilisations, en particulier celles qui impliquent une r\u00e9sistance chimique.  <\/p>\n","protected":false},"excerpt":{"rendered":"<p>532G-13054 (connu sous le nom de Ruby-Red) est une poudre PFA renforc\u00e9e formul\u00e9e pour optimiser les propri\u00e9t\u00e9s sp\u00e9cifiques d&rsquo;utilisation. Il offre une r\u00e9sistance \u00e0 la perm\u00e9ation exceptionnelle lorsqu&rsquo;il est appliqu\u00e9 sur une large gamme d&rsquo;\u00e9paisseurs. Une \u00e9paisseur de film sec de 200 \u00e0 500 \u03bcm est souvent recommand\u00e9e.  <\/p>\n","protected":false},"featured_media":87464,"template":"","meta":[],"product_brand":[],"product_cat":[483],"product_tag":[],"class_list":{"0":"post-99961","1":"product","2":"type-product","3":"status-publish","4":"has-post-thumbnail","6":"supplier-chemours-fr","7":"market-chimie-eau","8":"market-alimentaire-boulangerie-industrielle","9":"property-resistance-en-temperature","10":"property-anti-adherence","11":"property-resistance-chimique","12":"product_cat-teflon-revetements-industriels","14":"first","15":"instock","16":"taxable","17":"shipping-taxable","18":"purchasable","19":"product-type-simple"},"yoast_head":"<!-- This site is optimized with the Yoast SEO plugin v27.4 - https:\/\/yoast.com\/product\/yoast-seo-wordpress\/ -->\n<title>532G-13054 Interm\u00e9diaire PFA poudre haute \u00e9paisseur Rouge - Tetrachim<\/title>\n<meta name=\"robots\" content=\"index, follow, max-snippet:-1, max-image-preview:large, max-video-preview:-1\" \/>\n<link rel=\"canonical\" href=\"https:\/\/www.tetrachim.com\/fr\/produit\/532g-13054-high-build-midcoat-pfa-poudre-ruby-red\/\" \/>\n<meta property=\"og:locale\" content=\"fr_FR\" \/>\n<meta property=\"og:type\" content=\"article\" \/>\n<meta property=\"og:title\" content=\"532G-13054 Interm\u00e9diaire PFA poudre haute \u00e9paisseur Rouge - Tetrachim\" \/>\n<meta property=\"og:description\" content=\"532G-13054 (connu sous le nom de Ruby-Red) est une poudre PFA renforc\u00e9e formul\u00e9e pour optimiser les propri\u00e9t\u00e9s sp\u00e9cifiques d&#039;utilisation. Il offre une r\u00e9sistance \u00e0 la perm\u00e9ation exceptionnelle lorsqu&#039;il est appliqu\u00e9 sur une large gamme d&#039;\u00e9paisseurs. Une \u00e9paisseur de film sec de 200 \u00e0 500 \u03bcm est souvent recommand\u00e9e.\" \/>\n<meta property=\"og:url\" content=\"https:\/\/www.tetrachim.com\/fr\/produit\/532g-13054-high-build-midcoat-pfa-poudre-ruby-red\/\" \/>\n<meta property=\"og:site_name\" content=\"Tetrachim\" \/>\n<meta property=\"article:modified_time\" content=\"2026-04-18T18:40:27+00:00\" \/>\n<meta property=\"og:image\" content=\"https:\/\/www.tetrachim.com\/wp-content\/uploads\/2020\/09\/Packpowderpaint.jpg\" \/>\n\t<meta property=\"og:image:width\" content=\"900\" \/>\n\t<meta property=\"og:image:height\" content=\"900\" \/>\n\t<meta property=\"og:image:type\" content=\"image\/jpeg\" \/>\n<meta name=\"twitter:card\" content=\"summary_large_image\" \/>\n<meta name=\"twitter:site\" content=\"@Tetrachim\" \/>\n<meta name=\"twitter:label1\" content=\"Dur\u00e9e de lecture estim\u00e9e\" \/>\n\t<meta name=\"twitter:data1\" content=\"1 minute\" \/>\n<script type=\"application\/ld+json\" class=\"yoast-schema-graph\">{\"@context\":\"https:\\\/\\\/schema.org\",\"@graph\":[{\"@type\":\"WebPage\",\"@id\":\"https:\\\/\\\/www.tetrachim.com\\\/fr\\\/produit\\\/532g-13054-high-build-midcoat-pfa-poudre-ruby-red\\\/\",\"url\":\"https:\\\/\\\/www.tetrachim.com\\\/fr\\\/produit\\\/532g-13054-high-build-midcoat-pfa-poudre-ruby-red\\\/\",\"name\":\"532G-13054 Interm\u00e9diaire PFA poudre haute \u00e9paisseur Rouge - Tetrachim\",\"isPartOf\":{\"@id\":\"https:\\\/\\\/www.tetrachim.com\\\/fr\\\/#website\"},\"primaryImageOfPage\":{\"@id\":\"https:\\\/\\\/www.tetrachim.com\\\/fr\\\/produit\\\/532g-13054-high-build-midcoat-pfa-poudre-ruby-red\\\/#primaryimage\"},\"image\":{\"@id\":\"https:\\\/\\\/www.tetrachim.com\\\/fr\\\/produit\\\/532g-13054-high-build-midcoat-pfa-poudre-ruby-red\\\/#primaryimage\"},\"thumbnailUrl\":\"https:\\\/\\\/www.tetrachim.com\\\/wp-content\\\/uploads\\\/2020\\\/09\\\/Packpowderpaint.jpg\",\"datePublished\":\"2020-11-13T21:13:16+00:00\",\"dateModified\":\"2026-04-18T18:40:27+00:00\",\"breadcrumb\":{\"@id\":\"https:\\\/\\\/www.tetrachim.com\\\/fr\\\/produit\\\/532g-13054-high-build-midcoat-pfa-poudre-ruby-red\\\/#breadcrumb\"},\"inLanguage\":\"fr-FR\",\"potentialAction\":[{\"@type\":\"ReadAction\",\"target\":[\"https:\\\/\\\/www.tetrachim.com\\\/fr\\\/produit\\\/532g-13054-high-build-midcoat-pfa-poudre-ruby-red\\\/\"]}]},{\"@type\":\"ImageObject\",\"inLanguage\":\"fr-FR\",\"@id\":\"https:\\\/\\\/www.tetrachim.com\\\/fr\\\/produit\\\/532g-13054-high-build-midcoat-pfa-poudre-ruby-red\\\/#primaryimage\",\"url\":\"https:\\\/\\\/www.tetrachim.com\\\/wp-content\\\/uploads\\\/2020\\\/09\\\/Packpowderpaint.jpg\",\"contentUrl\":\"https:\\\/\\\/www.tetrachim.com\\\/wp-content\\\/uploads\\\/2020\\\/09\\\/Packpowderpaint.jpg\",\"width\":900,\"height\":900},{\"@type\":\"BreadcrumbList\",\"@id\":\"https:\\\/\\\/www.tetrachim.com\\\/fr\\\/produit\\\/532g-13054-high-build-midcoat-pfa-poudre-ruby-red\\\/#breadcrumb\",\"itemListElement\":[{\"@type\":\"ListItem\",\"position\":1,\"name\":\"\",\"item\":\"https:\\\/\\\/www.tetrachim.com\\\/fr\\\/\"},{\"@type\":\"ListItem\",\"position\":2,\"name\":\"Boutique\",\"item\":\"https:\\\/\\\/www.tetrachim.com\\\/fr\\\/boutique\\\/\"},{\"@type\":\"ListItem\",\"position\":3,\"name\":\"532G-13054 Interm\u00e9diaire PFA poudre haute \u00e9paisseur Rouge\"}]},{\"@type\":\"WebSite\",\"@id\":\"https:\\\/\\\/www.tetrachim.com\\\/fr\\\/#website\",\"url\":\"https:\\\/\\\/www.tetrachim.com\\\/fr\\\/\",\"name\":\"Tetrachim\",\"description\":\"Rev\u00eatements high-tech\",\"publisher\":{\"@id\":\"https:\\\/\\\/www.tetrachim.com\\\/fr\\\/#organization\"},\"potentialAction\":[{\"@type\":\"SearchAction\",\"target\":{\"@type\":\"EntryPoint\",\"urlTemplate\":\"https:\\\/\\\/www.tetrachim.com\\\/fr\\\/?s={search_term_string}\"},\"query-input\":{\"@type\":\"PropertyValueSpecification\",\"valueRequired\":true,\"valueName\":\"search_term_string\"}}],\"inLanguage\":\"fr-FR\"},{\"@type\":\"Organization\",\"@id\":\"https:\\\/\\\/www.tetrachim.com\\\/fr\\\/#organization\",\"name\":\"Tetrachim\",\"url\":\"https:\\\/\\\/www.tetrachim.com\\\/fr\\\/\",\"logo\":{\"@type\":\"ImageObject\",\"inLanguage\":\"fr-FR\",\"@id\":\"https:\\\/\\\/www.tetrachim.com\\\/fr\\\/#\\\/schema\\\/logo\\\/image\\\/\",\"url\":\"https:\\\/\\\/www.tetrachim.com\\\/wp-content\\\/uploads\\\/2020\\\/07\\\/logo-tetrachim.png\",\"contentUrl\":\"https:\\\/\\\/www.tetrachim.com\\\/wp-content\\\/uploads\\\/2020\\\/07\\\/logo-tetrachim.png\",\"width\":244,\"height\":51,\"caption\":\"Tetrachim\"},\"image\":{\"@id\":\"https:\\\/\\\/www.tetrachim.com\\\/fr\\\/#\\\/schema\\\/logo\\\/image\\\/\"},\"sameAs\":[\"https:\\\/\\\/x.com\\\/Tetrachim\",\"https:\\\/\\\/www.linkedin.com\\\/company\\\/tetrachim\\\/\"]}]}<\/script>\n<!-- \/ Yoast SEO plugin. -->","yoast_head_json":{"title":"532G-13054 Interm\u00e9diaire PFA poudre haute \u00e9paisseur Rouge - Tetrachim","robots":{"index":"index","follow":"follow","max-snippet":"max-snippet:-1","max-image-preview":"max-image-preview:large","max-video-preview":"max-video-preview:-1"},"canonical":"https:\/\/www.tetrachim.com\/fr\/produit\/532g-13054-high-build-midcoat-pfa-poudre-ruby-red\/","og_locale":"fr_FR","og_type":"article","og_title":"532G-13054 Interm\u00e9diaire PFA poudre haute \u00e9paisseur Rouge - Tetrachim","og_description":"532G-13054 (connu sous le nom de Ruby-Red) est une poudre PFA renforc\u00e9e formul\u00e9e pour optimiser les propri\u00e9t\u00e9s sp\u00e9cifiques d'utilisation. Il offre une r\u00e9sistance \u00e0 la perm\u00e9ation exceptionnelle lorsqu'il est appliqu\u00e9 sur une large gamme d'\u00e9paisseurs. Une \u00e9paisseur de film sec de 200 \u00e0 500 \u03bcm est souvent recommand\u00e9e.","og_url":"https:\/\/www.tetrachim.com\/fr\/produit\/532g-13054-high-build-midcoat-pfa-poudre-ruby-red\/","og_site_name":"Tetrachim","article_modified_time":"2026-04-18T18:40:27+00:00","og_image":[{"width":900,"height":900,"url":"https:\/\/www.tetrachim.com\/wp-content\/uploads\/2020\/09\/Packpowderpaint.jpg","type":"image\/jpeg"}],"twitter_card":"summary_large_image","twitter_site":"@Tetrachim","twitter_misc":{"Dur\u00e9e de lecture estim\u00e9e":"1 minute"},"schema":{"@context":"https:\/\/schema.org","@graph":[{"@type":"WebPage","@id":"https:\/\/www.tetrachim.com\/fr\/produit\/532g-13054-high-build-midcoat-pfa-poudre-ruby-red\/","url":"https:\/\/www.tetrachim.com\/fr\/produit\/532g-13054-high-build-midcoat-pfa-poudre-ruby-red\/","name":"532G-13054 Interm\u00e9diaire PFA poudre haute \u00e9paisseur Rouge - Tetrachim","isPartOf":{"@id":"https:\/\/www.tetrachim.com\/fr\/#website"},"primaryImageOfPage":{"@id":"https:\/\/www.tetrachim.com\/fr\/produit\/532g-13054-high-build-midcoat-pfa-poudre-ruby-red\/#primaryimage"},"image":{"@id":"https:\/\/www.tetrachim.com\/fr\/produit\/532g-13054-high-build-midcoat-pfa-poudre-ruby-red\/#primaryimage"},"thumbnailUrl":"https:\/\/www.tetrachim.com\/wp-content\/uploads\/2020\/09\/Packpowderpaint.jpg","datePublished":"2020-11-13T21:13:16+00:00","dateModified":"2026-04-18T18:40:27+00:00","breadcrumb":{"@id":"https:\/\/www.tetrachim.com\/fr\/produit\/532g-13054-high-build-midcoat-pfa-poudre-ruby-red\/#breadcrumb"},"inLanguage":"fr-FR","potentialAction":[{"@type":"ReadAction","target":["https:\/\/www.tetrachim.com\/fr\/produit\/532g-13054-high-build-midcoat-pfa-poudre-ruby-red\/"]}]},{"@type":"ImageObject","inLanguage":"fr-FR","@id":"https:\/\/www.tetrachim.com\/fr\/produit\/532g-13054-high-build-midcoat-pfa-poudre-ruby-red\/#primaryimage","url":"https:\/\/www.tetrachim.com\/wp-content\/uploads\/2020\/09\/Packpowderpaint.jpg","contentUrl":"https:\/\/www.tetrachim.com\/wp-content\/uploads\/2020\/09\/Packpowderpaint.jpg","width":900,"height":900},{"@type":"BreadcrumbList","@id":"https:\/\/www.tetrachim.com\/fr\/produit\/532g-13054-high-build-midcoat-pfa-poudre-ruby-red\/#breadcrumb","itemListElement":[{"@type":"ListItem","position":1,"name":"","item":"https:\/\/www.tetrachim.com\/fr\/"},{"@type":"ListItem","position":2,"name":"Boutique","item":"https:\/\/www.tetrachim.com\/fr\/boutique\/"},{"@type":"ListItem","position":3,"name":"532G-13054 Interm\u00e9diaire PFA poudre haute \u00e9paisseur Rouge"}]},{"@type":"WebSite","@id":"https:\/\/www.tetrachim.com\/fr\/#website","url":"https:\/\/www.tetrachim.com\/fr\/","name":"Tetrachim","description":"Rev\u00eatements high-tech","publisher":{"@id":"https:\/\/www.tetrachim.com\/fr\/#organization"},"potentialAction":[{"@type":"SearchAction","target":{"@type":"EntryPoint","urlTemplate":"https:\/\/www.tetrachim.com\/fr\/?s={search_term_string}"},"query-input":{"@type":"PropertyValueSpecification","valueRequired":true,"valueName":"search_term_string"}}],"inLanguage":"fr-FR"},{"@type":"Organization","@id":"https:\/\/www.tetrachim.com\/fr\/#organization","name":"Tetrachim","url":"https:\/\/www.tetrachim.com\/fr\/","logo":{"@type":"ImageObject","inLanguage":"fr-FR","@id":"https:\/\/www.tetrachim.com\/fr\/#\/schema\/logo\/image\/","url":"https:\/\/www.tetrachim.com\/wp-content\/uploads\/2020\/07\/logo-tetrachim.png","contentUrl":"https:\/\/www.tetrachim.com\/wp-content\/uploads\/2020\/07\/logo-tetrachim.png","width":244,"height":51,"caption":"Tetrachim"},"image":{"@id":"https:\/\/www.tetrachim.com\/fr\/#\/schema\/logo\/image\/"},"sameAs":["https:\/\/x.com\/Tetrachim","https:\/\/www.linkedin.com\/company\/tetrachim\/"]}]}},"tiered_pricing_type":"fixed","tiered_pricing_fixed_rules":[],"tiered_pricing_product_settings":{"layout":"default","base_unit_name":{"singular":null,"plural":null},"default_variation":null},"tiered_pricing_minimum_quantity":null,"tiered_pricing_roles_data":[],"tiered_pricing_percentage_rules":[],"_links":{"self":[{"href":"https:\/\/www.tetrachim.com\/fr\/wp-json\/wp\/v2\/product\/99961","targetHints":{"allow":["GET"]}}],"collection":[{"href":"https:\/\/www.tetrachim.com\/fr\/wp-json\/wp\/v2\/product"}],"about":[{"href":"https:\/\/www.tetrachim.com\/fr\/wp-json\/wp\/v2\/types\/product"}],"wp:featuredmedia":[{"embeddable":true,"href":"https:\/\/www.tetrachim.com\/fr\/wp-json\/wp\/v2\/media\/87464"}],"wp:attachment":[{"href":"https:\/\/www.tetrachim.com\/fr\/wp-json\/wp\/v2\/media?parent=99961"}],"wp:term":[{"taxonomy":"product_brand","embeddable":true,"href":"https:\/\/www.tetrachim.com\/fr\/wp-json\/wp\/v2\/product_brand?post=99961"},{"taxonomy":"product_cat","embeddable":true,"href":"https:\/\/www.tetrachim.com\/fr\/wp-json\/wp\/v2\/product_cat?post=99961"},{"taxonomy":"product_tag","embeddable":true,"href":"https:\/\/www.tetrachim.com\/fr\/wp-json\/wp\/v2\/product_tag?post=99961"}],"curies":[{"name":"wp","href":"https:\/\/api.w.org\/{rel}","templated":true}]}}