{"id":99977,"date":"2020-11-13T12:07:16","date_gmt":"2020-11-13T11:07:16","guid":{"rendered":"https:\/\/www.tetrachim.com\/product\/bonderite-l-gp-213\/"},"modified":"2026-05-11T18:44:21","modified_gmt":"2026-05-11T16:44:21","slug":"bonderite-l-gp-213","status":"publish","type":"product","link":"https:\/\/www.tetrachim.com\/fr\/produit\/bonderite-l-gp-213\/","title":{"rendered":"Bonderite L-GP 213"},"content":{"rendered":"<p>La BONDERITE\u00ae L-GP 213 en tant que rev\u00eatement lubrifiant offre une lubrification propre, s\u00e8che, durable et sup\u00e9rieure sans entretien pour une large gamme d&rsquo;applications de charges l\u00e9g\u00e8res \u00e0 moyennes. Un film mince maintient l&rsquo;usure uniforme et r\u00e9duit le frottement sur les pi\u00e8ces m\u00e9talliques en contact, sans n\u00e9cessiter d&rsquo;augmentation des tol\u00e9rances de fabrication. Les composants sont prot\u00e9g\u00e9s du contact m\u00e9tal contre m\u00e9tal, ce qui r\u00e9duit le risque de dommages dus au grippage. Formul\u00e9 \u00e0 partir de micro-graphite trait\u00e9e et de r\u00e9sine \u00e9poxy, le BONDERITE\u00ae L-GP 213 forme des rev\u00eatements tr\u00e8s adh\u00e9rents sur de nombreux types de substrats.   <\/p>\n","protected":false},"excerpt":{"rendered":"<p>BONDERITE\u00ae L-GP 213 est une dispersion de pigments de graphite finement divis\u00e9s dans une solution de r\u00e9sine \u00e9poxy con\u00e7ue pour fournir des propri\u00e9t\u00e9s de r\u00e9sistance \u00e9lectrique contr\u00f4l\u00e9es. Lorsqu&rsquo;il est correctement polym\u00e9ris\u00e9, il pr\u00e9sente une excellente adh\u00e9rence aux circuits imprim\u00e9s en \u00e9poxy, aux bagues, aux plastiques et aux c\u00e9ramiques. Il pr\u00e9sente \u00e9galement d&rsquo;excellentes propri\u00e9t\u00e9s d&rsquo;usure et offre une r\u00e9sistance chimique aux huiles et \u00e0 de nombreux solvants, mais pas aux d\u00e9capants d&rsquo;\u00e9mail.  <\/p>\n","protected":false},"featured_media":91175,"template":"","meta":[],"product_brand":[],"product_cat":[472],"product_tag":[],"class_list":{"0":"post-99977","1":"product","2":"type-product","3":"status-publish","4":"has-post-thumbnail","6":"supplier-henkel-fr","7":"market-automotive-fr","8":"market-energie-electricite","9":"property-resistance-a-lusure","10":"property-resistance-chimique","11":"property-conducteur","12":"property-faible-frottement","13":"product_cat-bonderite-revetements-speciaux","14":"product_shipping_class-danger-fr","16":"first","17":"onbackorder","18":"taxable","19":"shipping-taxable","20":"purchasable","21":"product-type-simple"},"yoast_head":"<!-- This site is optimized with the Yoast SEO plugin v27.5 - https:\/\/yoast.com\/product\/yoast-seo-wordpress\/ -->\n<title>Bonderite L-GP 213 - Tetrachim<\/title>\n<meta name=\"robots\" content=\"index, follow, max-snippet:-1, max-image-preview:large, max-video-preview:-1\" \/>\n<link rel=\"canonical\" href=\"https:\/\/www.tetrachim.com\/fr\/produit\/bonderite-l-gp-213\/\" \/>\n<meta property=\"og:locale\" content=\"fr_FR\" \/>\n<meta property=\"og:type\" content=\"article\" \/>\n<meta property=\"og:title\" content=\"Bonderite L-GP 213 - Tetrachim\" \/>\n<meta property=\"og:description\" content=\"BONDERITE\u00ae L-GP 213 est une dispersion de pigments de graphite finement divis\u00e9s dans une solution de r\u00e9sine \u00e9poxy con\u00e7ue pour fournir des propri\u00e9t\u00e9s de r\u00e9sistance \u00e9lectrique contr\u00f4l\u00e9es. Lorsqu&#039;il est correctement polym\u00e9ris\u00e9, il pr\u00e9sente une excellente adh\u00e9rence aux circuits imprim\u00e9s en \u00e9poxy, aux bagues, aux plastiques et aux c\u00e9ramiques. Il pr\u00e9sente \u00e9galement d&#039;excellentes propri\u00e9t\u00e9s d&#039;usure et offre une r\u00e9sistance chimique aux huiles et \u00e0 de nombreux solvants, mais pas aux d\u00e9capants d&#039;\u00e9mail.\" \/>\n<meta property=\"og:url\" content=\"https:\/\/www.tetrachim.com\/fr\/produit\/bonderite-l-gp-213\/\" \/>\n<meta property=\"og:site_name\" content=\"Tetrachim\" \/>\n<meta property=\"article:modified_time\" content=\"2026-05-11T16:44:21+00:00\" \/>\n<meta property=\"og:image\" content=\"https:\/\/www.tetrachim.com\/wp-content\/uploads\/2020\/11\/Tetrachim-PICTO_POT_TC.jpg\" \/>\n\t<meta property=\"og:image:width\" content=\"900\" \/>\n\t<meta property=\"og:image:height\" content=\"900\" \/>\n\t<meta property=\"og:image:type\" content=\"image\/jpeg\" \/>\n<meta name=\"twitter:card\" content=\"summary_large_image\" \/>\n<meta name=\"twitter:site\" content=\"@Tetrachim\" \/>\n<meta name=\"twitter:label1\" content=\"Dur\u00e9e de lecture estim\u00e9e\" \/>\n\t<meta name=\"twitter:data1\" content=\"1 minute\" \/>\n<script type=\"application\/ld+json\" class=\"yoast-schema-graph\">{\"@context\":\"https:\\\/\\\/schema.org\",\"@graph\":[{\"@type\":\"WebPage\",\"@id\":\"https:\\\/\\\/www.tetrachim.com\\\/fr\\\/produit\\\/bonderite-l-gp-213\\\/\",\"url\":\"https:\\\/\\\/www.tetrachim.com\\\/fr\\\/produit\\\/bonderite-l-gp-213\\\/\",\"name\":\"Bonderite L-GP 213 - Tetrachim\",\"isPartOf\":{\"@id\":\"https:\\\/\\\/www.tetrachim.com\\\/fr\\\/#website\"},\"primaryImageOfPage\":{\"@id\":\"https:\\\/\\\/www.tetrachim.com\\\/fr\\\/produit\\\/bonderite-l-gp-213\\\/#primaryimage\"},\"image\":{\"@id\":\"https:\\\/\\\/www.tetrachim.com\\\/fr\\\/produit\\\/bonderite-l-gp-213\\\/#primaryimage\"},\"thumbnailUrl\":\"https:\\\/\\\/www.tetrachim.com\\\/wp-content\\\/uploads\\\/2020\\\/11\\\/Tetrachim-PICTO_POT_TC.jpg\",\"datePublished\":\"2020-11-13T11:07:16+00:00\",\"dateModified\":\"2026-05-11T16:44:21+00:00\",\"breadcrumb\":{\"@id\":\"https:\\\/\\\/www.tetrachim.com\\\/fr\\\/produit\\\/bonderite-l-gp-213\\\/#breadcrumb\"},\"inLanguage\":\"fr-FR\",\"potentialAction\":[{\"@type\":\"ReadAction\",\"target\":[\"https:\\\/\\\/www.tetrachim.com\\\/fr\\\/produit\\\/bonderite-l-gp-213\\\/\"]}]},{\"@type\":\"ImageObject\",\"inLanguage\":\"fr-FR\",\"@id\":\"https:\\\/\\\/www.tetrachim.com\\\/fr\\\/produit\\\/bonderite-l-gp-213\\\/#primaryimage\",\"url\":\"https:\\\/\\\/www.tetrachim.com\\\/wp-content\\\/uploads\\\/2020\\\/11\\\/Tetrachim-PICTO_POT_TC.jpg\",\"contentUrl\":\"https:\\\/\\\/www.tetrachim.com\\\/wp-content\\\/uploads\\\/2020\\\/11\\\/Tetrachim-PICTO_POT_TC.jpg\",\"width\":900,\"height\":900},{\"@type\":\"BreadcrumbList\",\"@id\":\"https:\\\/\\\/www.tetrachim.com\\\/fr\\\/produit\\\/bonderite-l-gp-213\\\/#breadcrumb\",\"itemListElement\":[{\"@type\":\"ListItem\",\"position\":1,\"name\":\"\",\"item\":\"https:\\\/\\\/www.tetrachim.com\\\/fr\\\/\"},{\"@type\":\"ListItem\",\"position\":2,\"name\":\"Boutique\",\"item\":\"https:\\\/\\\/www.tetrachim.com\\\/fr\\\/boutique\\\/\"},{\"@type\":\"ListItem\",\"position\":3,\"name\":\"Bonderite L-GP 213\"}]},{\"@type\":\"WebSite\",\"@id\":\"https:\\\/\\\/www.tetrachim.com\\\/fr\\\/#website\",\"url\":\"https:\\\/\\\/www.tetrachim.com\\\/fr\\\/\",\"name\":\"Tetrachim\",\"description\":\"Rev\u00eatements high-tech\",\"publisher\":{\"@id\":\"https:\\\/\\\/www.tetrachim.com\\\/fr\\\/#organization\"},\"potentialAction\":[{\"@type\":\"SearchAction\",\"target\":{\"@type\":\"EntryPoint\",\"urlTemplate\":\"https:\\\/\\\/www.tetrachim.com\\\/fr\\\/?s={search_term_string}\"},\"query-input\":{\"@type\":\"PropertyValueSpecification\",\"valueRequired\":true,\"valueName\":\"search_term_string\"}}],\"inLanguage\":\"fr-FR\"},{\"@type\":\"Organization\",\"@id\":\"https:\\\/\\\/www.tetrachim.com\\\/fr\\\/#organization\",\"name\":\"Tetrachim\",\"url\":\"https:\\\/\\\/www.tetrachim.com\\\/fr\\\/\",\"logo\":{\"@type\":\"ImageObject\",\"inLanguage\":\"fr-FR\",\"@id\":\"https:\\\/\\\/www.tetrachim.com\\\/fr\\\/#\\\/schema\\\/logo\\\/image\\\/\",\"url\":\"https:\\\/\\\/www.tetrachim.com\\\/wp-content\\\/uploads\\\/2020\\\/07\\\/logo-tetrachim.png\",\"contentUrl\":\"https:\\\/\\\/www.tetrachim.com\\\/wp-content\\\/uploads\\\/2020\\\/07\\\/logo-tetrachim.png\",\"width\":244,\"height\":51,\"caption\":\"Tetrachim\"},\"image\":{\"@id\":\"https:\\\/\\\/www.tetrachim.com\\\/fr\\\/#\\\/schema\\\/logo\\\/image\\\/\"},\"sameAs\":[\"https:\\\/\\\/x.com\\\/Tetrachim\",\"https:\\\/\\\/www.linkedin.com\\\/company\\\/tetrachim\\\/\"]}]}<\/script>\n<!-- \/ Yoast SEO plugin. -->","yoast_head_json":{"title":"Bonderite L-GP 213 - Tetrachim","robots":{"index":"index","follow":"follow","max-snippet":"max-snippet:-1","max-image-preview":"max-image-preview:large","max-video-preview":"max-video-preview:-1"},"canonical":"https:\/\/www.tetrachim.com\/fr\/produit\/bonderite-l-gp-213\/","og_locale":"fr_FR","og_type":"article","og_title":"Bonderite L-GP 213 - Tetrachim","og_description":"BONDERITE\u00ae L-GP 213 est une dispersion de pigments de graphite finement divis\u00e9s dans une solution de r\u00e9sine \u00e9poxy con\u00e7ue pour fournir des propri\u00e9t\u00e9s de r\u00e9sistance \u00e9lectrique contr\u00f4l\u00e9es. Lorsqu'il est correctement polym\u00e9ris\u00e9, il pr\u00e9sente une excellente adh\u00e9rence aux circuits imprim\u00e9s en \u00e9poxy, aux bagues, aux plastiques et aux c\u00e9ramiques. Il pr\u00e9sente \u00e9galement d'excellentes propri\u00e9t\u00e9s d'usure et offre une r\u00e9sistance chimique aux huiles et \u00e0 de nombreux solvants, mais pas aux d\u00e9capants d'\u00e9mail.","og_url":"https:\/\/www.tetrachim.com\/fr\/produit\/bonderite-l-gp-213\/","og_site_name":"Tetrachim","article_modified_time":"2026-05-11T16:44:21+00:00","og_image":[{"width":900,"height":900,"url":"https:\/\/www.tetrachim.com\/wp-content\/uploads\/2020\/11\/Tetrachim-PICTO_POT_TC.jpg","type":"image\/jpeg"}],"twitter_card":"summary_large_image","twitter_site":"@Tetrachim","twitter_misc":{"Dur\u00e9e de lecture estim\u00e9e":"1 minute"},"schema":{"@context":"https:\/\/schema.org","@graph":[{"@type":"WebPage","@id":"https:\/\/www.tetrachim.com\/fr\/produit\/bonderite-l-gp-213\/","url":"https:\/\/www.tetrachim.com\/fr\/produit\/bonderite-l-gp-213\/","name":"Bonderite L-GP 213 - Tetrachim","isPartOf":{"@id":"https:\/\/www.tetrachim.com\/fr\/#website"},"primaryImageOfPage":{"@id":"https:\/\/www.tetrachim.com\/fr\/produit\/bonderite-l-gp-213\/#primaryimage"},"image":{"@id":"https:\/\/www.tetrachim.com\/fr\/produit\/bonderite-l-gp-213\/#primaryimage"},"thumbnailUrl":"https:\/\/www.tetrachim.com\/wp-content\/uploads\/2020\/11\/Tetrachim-PICTO_POT_TC.jpg","datePublished":"2020-11-13T11:07:16+00:00","dateModified":"2026-05-11T16:44:21+00:00","breadcrumb":{"@id":"https:\/\/www.tetrachim.com\/fr\/produit\/bonderite-l-gp-213\/#breadcrumb"},"inLanguage":"fr-FR","potentialAction":[{"@type":"ReadAction","target":["https:\/\/www.tetrachim.com\/fr\/produit\/bonderite-l-gp-213\/"]}]},{"@type":"ImageObject","inLanguage":"fr-FR","@id":"https:\/\/www.tetrachim.com\/fr\/produit\/bonderite-l-gp-213\/#primaryimage","url":"https:\/\/www.tetrachim.com\/wp-content\/uploads\/2020\/11\/Tetrachim-PICTO_POT_TC.jpg","contentUrl":"https:\/\/www.tetrachim.com\/wp-content\/uploads\/2020\/11\/Tetrachim-PICTO_POT_TC.jpg","width":900,"height":900},{"@type":"BreadcrumbList","@id":"https:\/\/www.tetrachim.com\/fr\/produit\/bonderite-l-gp-213\/#breadcrumb","itemListElement":[{"@type":"ListItem","position":1,"name":"","item":"https:\/\/www.tetrachim.com\/fr\/"},{"@type":"ListItem","position":2,"name":"Boutique","item":"https:\/\/www.tetrachim.com\/fr\/boutique\/"},{"@type":"ListItem","position":3,"name":"Bonderite L-GP 213"}]},{"@type":"WebSite","@id":"https:\/\/www.tetrachim.com\/fr\/#website","url":"https:\/\/www.tetrachim.com\/fr\/","name":"Tetrachim","description":"Rev\u00eatements high-tech","publisher":{"@id":"https:\/\/www.tetrachim.com\/fr\/#organization"},"potentialAction":[{"@type":"SearchAction","target":{"@type":"EntryPoint","urlTemplate":"https:\/\/www.tetrachim.com\/fr\/?s={search_term_string}"},"query-input":{"@type":"PropertyValueSpecification","valueRequired":true,"valueName":"search_term_string"}}],"inLanguage":"fr-FR"},{"@type":"Organization","@id":"https:\/\/www.tetrachim.com\/fr\/#organization","name":"Tetrachim","url":"https:\/\/www.tetrachim.com\/fr\/","logo":{"@type":"ImageObject","inLanguage":"fr-FR","@id":"https:\/\/www.tetrachim.com\/fr\/#\/schema\/logo\/image\/","url":"https:\/\/www.tetrachim.com\/wp-content\/uploads\/2020\/07\/logo-tetrachim.png","contentUrl":"https:\/\/www.tetrachim.com\/wp-content\/uploads\/2020\/07\/logo-tetrachim.png","width":244,"height":51,"caption":"Tetrachim"},"image":{"@id":"https:\/\/www.tetrachim.com\/fr\/#\/schema\/logo\/image\/"},"sameAs":["https:\/\/x.com\/Tetrachim","https:\/\/www.linkedin.com\/company\/tetrachim\/"]}]}},"tiered_pricing_type":"fixed","tiered_pricing_fixed_rules":[],"tiered_pricing_product_settings":{"layout":"default","base_unit_name":{"singular":null,"plural":null},"default_variation":null},"tiered_pricing_minimum_quantity":null,"tiered_pricing_roles_data":[],"tiered_pricing_percentage_rules":[],"_links":{"self":[{"href":"https:\/\/www.tetrachim.com\/fr\/wp-json\/wp\/v2\/product\/99977","targetHints":{"allow":["GET"]}}],"collection":[{"href":"https:\/\/www.tetrachim.com\/fr\/wp-json\/wp\/v2\/product"}],"about":[{"href":"https:\/\/www.tetrachim.com\/fr\/wp-json\/wp\/v2\/types\/product"}],"wp:featuredmedia":[{"embeddable":true,"href":"https:\/\/www.tetrachim.com\/fr\/wp-json\/wp\/v2\/media\/91175"}],"wp:attachment":[{"href":"https:\/\/www.tetrachim.com\/fr\/wp-json\/wp\/v2\/media?parent=99977"}],"wp:term":[{"taxonomy":"product_brand","embeddable":true,"href":"https:\/\/www.tetrachim.com\/fr\/wp-json\/wp\/v2\/product_brand?post=99977"},{"taxonomy":"product_cat","embeddable":true,"href":"https:\/\/www.tetrachim.com\/fr\/wp-json\/wp\/v2\/product_cat?post=99977"},{"taxonomy":"product_tag","embeddable":true,"href":"https:\/\/www.tetrachim.com\/fr\/wp-json\/wp\/v2\/product_tag?post=99977"}],"curies":[{"name":"wp","href":"https:\/\/api.w.org\/{rel}","templated":true}]}}