{"id":100008,"date":"2025-07-29T16:42:11","date_gmt":"2025-07-29T14:42:11","guid":{"rendered":"https:\/\/www.tetrachim.com\/henkel\/"},"modified":"2025-07-29T16:43:25","modified_gmt":"2025-07-29T14:43:25","slug":"henkel","status":"publish","type":"page","link":"https:\/\/www.tetrachim.com\/it\/i-nostri-partner\/henkel\/","title":{"rendered":"Henkel"},"content":{"rendered":"<div class=\"wpb-content-wrapper\"><p>[vc_row unlock_row_content=&#8221;yes&#8221; row_height_percent=&#8221;0&#8243; override_padding=&#8221;yes&#8221; h_padding=&#8221;0&#8243; top_padding=&#8221;0&#8243; bottom_padding=&#8221;0&#8243; back_image=&#8221;83397&#8243; overlay_alpha=&#8221;50&#8243; gutter_size=&#8221;3&#8243; column_width_percent=&#8221;100&#8243; shift_y=&#8221;0&#8243; z_index=&#8221;0&#8243; row_height_pixel=&#8221;200px&#8221; el_id=&#8221;pagina a fascia&#8221; front_end_with_slider=&#8221;true&#8221;][vc_column column_width_percent=&#8221;100&#8243; position_vertical=&#8221;middle&#8221; gutter_size=&#8221;3&#8243; override_padding=&#8221;yes&#8221; column_padding=&#8221;0&#8243; overlay_alpha=&#8221;50&#8243; shift_x=&#8221;0&#8243; shift_y=&#8221;0&#8243; shift_y_down=&#8221;0&#8243; z_index=&#8221;0&#8243; medium_width=&#8221;0&#8243; mobile_width=&#8221;0&#8243; width=&#8221;1\/1&#8243;][vc_row_inner row_inner_height_percent=&#8221;100&#8243; back_image=&#8221;85629&#8243; back_position=&#8221;left center&#8221; overlay_alpha=&#8221;50&#8243; equal_height=&#8221;yes&#8221; gutter_size=&#8221;3&#8243; shift_y=&#8221;0&#8243; z_index=&#8221;0&#8243; back_size=&#8221;auto 100%&#8221; el_class=&#8221;rangee-reduite-plus&#8221; row_height_pixel=&#8221;200px&#8221;][vc_column_inner column_width_percent=&#8221;66&#8243; position_horizontal=&#8221;left&#8221; position_vertical=&#8221;middle&#8221; gutter_size=&#8221;3&#8243; overlay_alpha=&#8221;50&#8243; shift_x=&#8221;0&#8243; shift_y=&#8221;0&#8243; shift_y_down=&#8221;0&#8243; z_index=&#8221;0&#8243; medium_width=&#8221;0&#8243; mobile_width=&#8221;0&#8243; width=&#8221;1\/1&#8243;][vc_custom_heading heading_semantic=&#8221;div&#8221; text_font=&#8221;font-112492&#8243; text_color=&#8221;color-889485&#8243; css_animation=&#8221;left-t-right&#8221;]I nostri <strong>partner<\/strong>[\/vc_custom_heading][vc_column_text css_animation=&#8221;left-t-right&#8221; animation_delay=&#8221;200&#8243;]<span><span><a href=\"https:\/\/www.tetrachim.com\/it\/\"><i class=\"menu-icon fa fa-home3\"><\/i><\/a><\/span><\/span>[\/vc_column_text][\/vc_column_inner][\/vc_row_inner][vc_single_image media=&#8221;87126&#8243; media_width_use_pixel=&#8221;yes&#8221; alignment=&#8221;right&#8221; shadow=&#8221;yes&#8221; shadow_weight=&#8221;lg&#8221; css_animation=&#8221;right-t-left&#8221; animation_speed=&#8221;400&#8243; media_width_pixel=&#8221;560&#8243;][\/vc_column][\/vc_row][vc_section back_image=&#8221;85635&#8243; back_repeat=&#8221;no-repeat&#8221; back_position=&#8221;right center&#8221; overlay_alpha=&#8221;50&#8243; el_class=&#8221;section-fleche section-partner&#8221; back_size=&#8221;260px auto&#8221;][vc_row row_height_percent=&#8221;0&#8243; override_padding=&#8221;yes&#8221; h_padding=&#8221;2&#8243; top_padding=&#8221;3&#8243; bottom_padding=&#8221;2&#8243; overlay_alpha=&#8221;50&#8243; equal_height=&#8221;yes&#8221; gutter_size=&#8221;3&#8243; column_width_percent=&#8221;100&#8243; shift_y=&#8221;0&#8243; z_index=&#8221;0&#8243; el_class=&#8221;rangee-reduite-plus intro-partner&#8221;][vc_column column_width_percent=&#8221;100&#8243; position_vertical=&#8221;middle&#8221; align_horizontal=&#8221;align_center&#8221; gutter_size=&#8221;0&#8243; overlay_alpha=&#8221;50&#8243; shift_x=&#8221;0&#8243; shift_y=&#8221;0&#8243; shift_y_down=&#8221;0&#8243; z_index=&#8221;0&#8243; medium_width=&#8221;0&#8243; mobile_width=&#8221;0&#8243; css_animation=&#8221;left-t-right&#8221; width=&#8221;1\/3&#8243;][vc_single_image media=&#8221;86103&#8243; media_width_percent=&#8221;100&#8243; media_ratio=&#8221;one-one&#8221; alignment=&#8221;center&#8221;][\/vc_column][vc_column column_width_percent=&#8221;100&#8243; position_vertical=&#8221;middle&#8221; gutter_size=&#8221;3&#8243; override_padding=&#8221;yes&#8221; column_padding=&#8221;2&#8243; overlay_alpha=&#8221;50&#8243; shift_x=&#8221;0&#8243; shift_y=&#8221;0&#8243; shift_y_down=&#8221;0&#8243; z_index=&#8221;0&#8243; medium_width=&#8221;0&#8243; mobile_width=&#8221;0&#8243; css_animation=&#8221;zoom-out&#8221; animation_delay=&#8221;200&#8243; width=&#8221;2\/3&#8243;][vc_custom_heading heading_semantic=&#8221;h1&#8243; text_size=&#8221;h3&#8243;]<strong>Inchiostri e rivestimenti conduttivi<\/strong>[\/vc_custom_heading][vc_row_inner limit_content=&#8221;&#8221;][vc_column_inner column_width_percent=&#8221;100&#8243; gutter_size=&#8221;3&#8243; overlay_alpha=&#8221;50&#8243; shift_x=&#8221;0&#8243; shift_y=&#8221;0&#8243; shift_y_down=&#8221;0&#8243; z_index=&#8221;0&#8243; medium_width=&#8221;4&#8243; mobile_width=&#8221;7&#8243; width=&#8221;1\/1&#8243;][vc_column_text]Innumerevoli dispositivi si affidano alle tecnologie elettroniche stampate per la loro funzionalit\u00e0, forma e flessibilit\u00e0. Henkel ha sviluppato soluzioni di inchiostro per le tre tecnologie pi\u00f9 utilizzate: stampa piana (serigrafia\/stencil), flessografica e rotocalco.<br \/>\nInoltre, la riduzione al minimo delle interferenze elettromagnetiche (EMI) \u00e8 un criterio di progettazione importante.<br \/>\nI rivestimenti conduttivi sono utilizzati con successo come metodo di schermatura delle EMI da oltre 25 anni.<br \/>\nCon un ampio portafoglio di inchiostri e rivestimenti conduttivi, Henkel rende affidabili ed efficaci le soluzioni mediche di oggi, le comodit\u00e0 domestiche, la connettivit\u00e0 portatile e i progressi del settore automobilistico.[\/vc_column_text][\/vc_column_inner][\/vc_row_inner][\/vc_column][\/vc_row][\/vc_section][vc_section back_image=&#8221;85635&#8243; back_repeat=&#8221;no-repeat&#8221; back_position=&#8221;right center&#8221; overlay_alpha=&#8221;50&#8243; el_class=&#8221;section-fleche section-partner&#8221; back_size=&#8221;260px auto&#8221;][vc_row row_height_percent=&#8221;0&#8243; override_padding=&#8221;yes&#8221; h_padding=&#8221;2&#8243; top_padding=&#8221;3&#8243; bottom_padding=&#8221;2&#8243; overlay_alpha=&#8221;50&#8243; equal_height=&#8221;yes&#8221; gutter_size=&#8221;3&#8243; column_width_percent=&#8221;100&#8243; shift_y=&#8221;0&#8243; z_index=&#8221;0&#8243; el_class=&#8221;rangee-reduite-plus intro-partner&#8221;][vc_column column_width_percent=&#8221;100&#8243; position_vertical=&#8221;middle&#8221; gutter_size=&#8221;3&#8243; override_padding=&#8221;yes&#8221; column_padding=&#8221;2&#8243; overlay_alpha=&#8221;50&#8243; shift_x=&#8221;0&#8243; shift_y=&#8221;0&#8243; shift_y_down=&#8221;0&#8243; z_index=&#8221;0&#8243; medium_width=&#8221;0&#8243; mobile_width=&#8221;0&#8243; css_animation=&#8221;zoom-out&#8221; animation_delay=&#8221;200&#8243; width=&#8221;1\/1&#8243;][vc_row_inner limit_content=&#8221;&#8221;][vc_column_inner column_width_percent=&#8221;100&#8243; gutter_size=&#8221;3&#8243; overlay_alpha=&#8221;50&#8243; shift_x=&#8221;0&#8243; shift_y=&#8221;0&#8243; shift_y_down=&#8221;0&#8243; z_index=&#8221;0&#8243; medium_width=&#8221;4&#8243; mobile_width=&#8221;7&#8243; width=&#8221;1\/2&#8243;][vc_custom_heading text_size=&#8221;h6&#8243;]Il portafoglio di prodotti elettronici stampati di Henkel comprende:[\/vc_custom_heading][uncode_list icon=&#8221;fa fa-chevron-right&#8221; icon_color=&#8221;color-104255&#8243;]<\/p>\n<ul>\n<li>Inchiostri d&#8217;argento<\/li>\n<li>Inchiostri al carbonio<\/li>\n<li>Dielettrici<\/li>\n<li>Inchiostri a coefficiente di temperatura positivo (PTC)<\/li>\n<li>Inchiostri conduttivi trasparenti<\/li>\n<li>Inchiostri argento a linea fine<\/li>\n<li>Inchiostri d&#8217;argento altamente conduttivi<\/li>\n<li>Inchiostri per resistenze sensibili alla forza (FSR)<\/li>\n<li>Inchiostri argentati termoformabili<\/li>\n<\/ul>\n<p>[\/uncode_list][\/vc_column_inner][vc_column_inner column_width_percent=&#8221;100&#8243; gutter_size=&#8221;3&#8243; overlay_alpha=&#8221;50&#8243; shift_x=&#8221;0&#8243; shift_y=&#8221;0&#8243; shift_y_down=&#8221;0&#8243; z_index=&#8221;0&#8243; medium_width=&#8221;4&#8243; mobile_width=&#8221;7&#8243; width=&#8221;1\/2&#8243;][vc_custom_heading text_size=&#8221;h6&#8243;]La gamma di rivestimenti schermanti Henkel si basa sui seguenti pigmenti metallici:[\/vc_custom_heading][uncode_list icon=&#8221;fa fa-chevron-right&#8221; icon_color=&#8221;color-104255&#8243;]<\/p>\n<ul>\n<li>Nichel<\/li>\n<li>Rame<\/li>\n<li>Argento<\/li>\n<\/ul>\n<p>[\/uncode_list][\/vc_column_inner][\/vc_row_inner][\/vc_column][\/vc_row][vc_row row_height_percent=&#8221;0&#8243; override_padding=&#8221;yes&#8221; h_padding=&#8221;2&#8243; top_padding=&#8221;2&#8243; bottom_padding=&#8221;2&#8243; overlay_alpha=&#8221;50&#8243; gutter_size=&#8221;3&#8243; column_width_percent=&#8221;100&#8243; shift_y=&#8221;0&#8243; z_index=&#8221;0&#8243; el_class=&#8221;rangee-reduite-plus&#8221;][vc_column column_width_percent=&#8221;100&#8243; align_horizontal=&#8221;align_center&#8221; gutter_size=&#8221;3&#8243; overlay_alpha=&#8221;50&#8243; shift_x=&#8221;0&#8243; shift_y=&#8221;0&#8243; shift_y_down=&#8221;0&#8243; z_index=&#8221;0&#8243; medium_width=&#8221;0&#8243; mobile_width=&#8221;0&#8243; css_animation=&#8221;right-t-left&#8221; animation_delay=&#8221;600&#8243; width=&#8221;1\/1&#8243;][vc_row_inner row_inner_height_percent=&#8221;0&#8243; overlay_alpha=&#8221;50&#8243; equal_height=&#8221;yes&#8221; gutter_size=&#8221;3&#8243; shift_y=&#8221;0&#8243; z_index=&#8221;0&#8243; el_class=&#8221;ancres-box&#8221; limit_content=&#8221;&#8221;][vc_column_inner column_width_percent=&#8221;100&#8243; position_horizontal=&#8221;left&#8221; gutter_size=&#8221;3&#8243; style=&#8221;dark&#8221; back_image=&#8221;86517&#8243; overlay_color=&#8221;color-889485&#8243; overlay_alpha=&#8221;75&#8243; shift_x=&#8221;0&#8243; shift_y=&#8221;0&#8243; shift_y_down=&#8221;0&#8243; z_index=&#8221;0&#8243; medium_width=&#8221;0&#8243; mobile_width=&#8221;0&#8243; width=&#8221;1\/2&#8243;][vc_icon position=&#8221;left&#8221; icon_image=&#8221;83768&#8243; media_size=&#8221;80&#8243; heading_semantic=&#8221;h2&#8243; text_size=&#8221;fontsize-155944&#8243; text_weight=&#8221;700&#8243; linked_title=&#8221;yes&#8221; link=&#8221;|||&#8221;]Avete bisogno di alcune delle nostre soluzioni Henkel?<br \/>\nVai al nostro e-shop![\/vc_icon][\/vc_column_inner][vc_column_inner column_width_percent=&#8221;100&#8243; gutter_size=&#8221;3&#8243; back_image=&#8221;86517&#8243; overlay_color=&#8221;color-xsdn&#8221; overlay_alpha=&#8221;90&#8243; shift_x=&#8221;0&#8243; shift_y=&#8221;0&#8243; shift_y_down=&#8221;0&#8243; z_index=&#8221;0&#8243; medium_width=&#8221;0&#8243; mobile_width=&#8221;0&#8243; width=&#8221;1\/2&#8243;][vc_icon position=&#8221;left&#8221; icon_image=&#8221;85161&#8243; icon_color=&#8221;color-xsdn&#8221; media_size=&#8221;80&#8243; heading_semantic=&#8221;h2&#8243; text_size=&#8221;fontsize-155944&#8243; text_weight=&#8221;700&#8243; linked_title=&#8221;yes&#8221; link=&#8221;|||&#8221;]Volete verificare se Loctite o Bonderite\u00ae possono essere una buona opzione per voi? Mettetevi in contatto con noi![\/vc_icon][\/vc_column_inner][\/vc_row_inner][\/vc_column][\/vc_row][vc_row unlock_row_content=&#8221;yes&#8221; row_height_percent=&#8221;0&#8243; override_padding=&#8221;yes&#8221; h_padding=&#8221;2&#8243; top_padding=&#8221;2&#8243; bottom_padding=&#8221;4&#8243; overlay_alpha=&#8221;50&#8243; gutter_size=&#8221;3&#8243; column_width_percent=&#8221;100&#8243; shift_y=&#8221;0&#8243; z_index=&#8221;0&#8243; el_class=&#8221;rangee-reduite-plus galerie-masonry&#8221;][vc_column column_width_percent=&#8221;100&#8243; align_horizontal=&#8221;align_center&#8221; gutter_size=&#8221;3&#8243; overlay_alpha=&#8221;50&#8243; shift_x=&#8221;0&#8243; shift_y=&#8221;0&#8243; shift_y_down=&#8221;0&#8243; z_index=&#8221;0&#8243; medium_width=&#8221;0&#8243; mobile_width=&#8221;0&#8243; width=&#8221;1\/1&#8243;][vc_custom_heading text_size=&#8221;h3&#8243; css_animation=&#8221;zoom-out&#8221;]<strong>Esempi di<\/strong> applicazione[\/vc_custom_heading][vc_gallery el_id=&#8221;gallery-43823&#8243; medias=&#8221;87007,86647,86259,86128,86992,87017,86997,86768,87002&#8243; gutter_size=&#8221;2&#8243; media_items=&#8221;media|nolink|original&#8221; screen_lg=&#8221;1000&#8243; screen_md=&#8221;600&#8243; screen_sm=&#8221;480&#8243; single_overlay_opacity=&#8221;50&#8243; single_overlay_anim=&#8221;no&#8221; single_h_align=&#8221;center&#8221; single_padding=&#8221;2&#8243; single_icon=&#8221;fa fa-plus2&#8243; single_border=&#8221;yes&#8221; single_css_animation=&#8221;bottom-t-top&#8221; single_animation_delay=&#8221;100&#8243; lbox_title=&#8221;yes&#8221; lbox_caption=&#8221;yes&#8221; lbox_social=&#8221;yes&#8221; lbox_deep=&#8221;yes&#8221; lbox_no_tmb=&#8221;yes&#8221; no_double_tap=&#8221;yes&#8221; items=&#8221;e30=&#8221;][\/vc_column][\/vc_row][\/vc_section][vc_row unlock_row_content=&#8221;yes&#8221; row_height_percent=&#8221;0&#8243; back_image=&#8221;83602&#8243; back_position=&#8221;center bottom&#8221; overlay_color=&#8221;color-156355&#8243; overlay_alpha=&#8221;78&#8243; gutter_size=&#8221;3&#8243; column_width_percent=&#8221;100&#8243; shift_y=&#8221;0&#8243; z_index=&#8221;0&#8243; el_class=&#8221;cta&#8221;][vc_column column_width_use_pixel=&#8221;yes&#8221; position_horizontal=&#8221;left&#8221; position_vertical=&#8221;middle&#8221; gutter_size=&#8221;3&#8243; style=&#8221;dark&#8221; overlay_alpha=&#8221;50&#8243; shift_x=&#8221;0&#8243; shift_y=&#8221;0&#8243; shift_y_down=&#8221;0&#8243; z_index=&#8221;0&#8243; align_medium=&#8221;align_center_tablet&#8221; medium_width=&#8221;0&#8243; align_mobile=&#8221;align_center_mobile&#8221; mobile_width=&#8221;0&#8243; width=&#8221;2\/3&#8243; column_width_pixel=&#8221;900&#8243;][vc_custom_heading text_size=&#8221;h6&#8243; sub_lead=&#8221;yes&#8221; sub_reduced=&#8221;yes&#8221; css_animation=&#8221;zoom-in&#8221;]Volete maggiori informazioni sugli inchiostri e sui lubrificanti a secco di Henkel?[\/vc_custom_heading][vc_column_text text_lead=&#8221;yes&#8221; css_animation=&#8221;zoom-in&#8221; animation_speed=&#8221;600&#8243;]Guide ai prodotti, tutorial o white paper vi aiuteranno a scegliere il prodotto giusto. Se non trovate la risposta che cercate, non esitate a chiamarci al numero <a href=\"tel:+33161440290\">+33 (0)1 61 44 02 90<\/a> o a inviare un&#8217;e-mail a <a href=\"mailto:info@tetrachim.com\">info@tetrachim.com.<\/a>[\/vc_column_text][\/vc_column][vc_column column_width_percent=&#8221;100&#8243; position_vertical=&#8221;middle&#8221; gutter_size=&#8221;3&#8243; style=&#8221;dark&#8221; overlay_alpha=&#8221;50&#8243; shift_x=&#8221;0&#8243; shift_y=&#8221;0&#8243; shift_y_down=&#8221;0&#8243; z_index=&#8221;0&#8243; align_medium=&#8221;align_center_tablet&#8221; medium_width=&#8221;0&#8243; align_mobile=&#8221;align_center_mobile&#8221; mobile_width=&#8221;0&#8243; width=&#8221;1\/3&#8243;][vc_button button_color=&#8221;color-xsdn&#8221; border_width=&#8221;0&#8243; el_class=&#8221;btn-outline btn-blanc&#8221; link=&#8221;url:http%3A%2F%2Ftetrachim.com%2Fknowledge-center%2F|title:Centro%20di%20conoscenza|&#8221;]Vai al nostro centro di conoscenza[\/vc_button][\/vc_column][\/vc_row]<\/p>\n<\/div>","protected":false},"excerpt":{"rendered":"<p>[vc_row unlock_row_content=&#8221;yes&#8221; row_height_percent=&#8221;0&#8243; override_padding=&#8221;yes&#8221; h_padding=&#8221;0&#8243; top_padding=&#8221;0&#8243; bottom_padding=&#8221;0&#8243; back_image=&#8221;83397&#8243; overlay_alpha=&#8221;50&#8243; gutter_size=&#8221;3&#8243; column_width_percent=&#8221;100&#8243; shift_y=&#8221;0&#8243; z_index=&#8221;0&#8243; row_height_pixel=&#8221;200px&#8221; el_id=&#8221;pagina a fascia&#8221; front_end_with_slider=&#8221;true&#8221;][vc_column column_width_percent=&#8221;100&#8243; position_vertical=&#8221;middle&#8221; [&hellip;]<\/p>\n","protected":false},"author":1,"featured_media":0,"parent":100138,"menu_order":0,"comment_status":"closed","ping_status":"closed","template":"","meta":{"footnotes":""},"class_list":["post-100008","page","type-page","status-publish","hentry"],"yoast_head":"<!-- This site is optimized with the Yoast SEO plugin v27.5 - https:\/\/yoast.com\/product\/yoast-seo-wordpress\/ -->\n<title>Henkel - Tetrachim<\/title>\n<meta name=\"robots\" content=\"index, follow, max-snippet:-1, max-image-preview:large, max-video-preview:-1\" \/>\n<link rel=\"canonical\" href=\"https:\/\/www.tetrachim.com\/it\/i-nostri-partner\/henkel\/\" \/>\n<meta property=\"og:locale\" content=\"it_IT\" \/>\n<meta property=\"og:type\" content=\"article\" \/>\n<meta property=\"og:title\" content=\"Henkel - Tetrachim\" \/>\n<meta property=\"og:description\" content=\"[vc_row unlock_row_content=&#8221;yes&#8221; row_height_percent=&#8221;0&#8243; override_padding=&#8221;yes&#8221; h_padding=&#8221;0&#8243; top_padding=&#8221;0&#8243; bottom_padding=&#8221;0&#8243; back_image=&#8221;83397&#8243; overlay_alpha=&#8221;50&#8243; gutter_size=&#8221;3&#8243; column_width_percent=&#8221;100&#8243; shift_y=&#8221;0&#8243; z_index=&#8221;0&#8243; row_height_pixel=&#8221;200px&#8221; el_id=&#8221;pagina a fascia&#8221; front_end_with_slider=&#8221;true&#8221;][vc_column column_width_percent=&#8221;100&#8243; position_vertical=&#8221;middle&#8221; [&hellip;]\" \/>\n<meta property=\"og:url\" content=\"https:\/\/www.tetrachim.com\/it\/i-nostri-partner\/henkel\/\" \/>\n<meta property=\"og:site_name\" content=\"Tetrachim\" \/>\n<meta property=\"article:modified_time\" content=\"2025-07-29T14:43:25+00:00\" \/>\n<meta name=\"twitter:card\" content=\"summary_large_image\" \/>\n<meta name=\"twitter:site\" content=\"@Tetrachim\" \/>\n<meta name=\"twitter:label1\" content=\"Tempo di lettura stimato\" \/>\n\t<meta name=\"twitter:data1\" content=\"7 minuti\" \/>\n<script type=\"application\/ld+json\" class=\"yoast-schema-graph\">{\"@context\":\"https:\\\/\\\/schema.org\",\"@graph\":[{\"@type\":\"WebPage\",\"@id\":\"https:\\\/\\\/www.tetrachim.com\\\/it\\\/i-nostri-partner\\\/henkel\\\/\",\"url\":\"https:\\\/\\\/www.tetrachim.com\\\/it\\\/i-nostri-partner\\\/henkel\\\/\",\"name\":\"Henkel - Tetrachim\",\"isPartOf\":{\"@id\":\"https:\\\/\\\/www.tetrachim.com\\\/it\\\/#website\"},\"datePublished\":\"2025-07-29T14:42:11+00:00\",\"dateModified\":\"2025-07-29T14:43:25+00:00\",\"breadcrumb\":{\"@id\":\"https:\\\/\\\/www.tetrachim.com\\\/it\\\/i-nostri-partner\\\/henkel\\\/#breadcrumb\"},\"inLanguage\":\"it-IT\",\"potentialAction\":[{\"@type\":\"ReadAction\",\"target\":[\"https:\\\/\\\/www.tetrachim.com\\\/it\\\/i-nostri-partner\\\/henkel\\\/\"]}]},{\"@type\":\"BreadcrumbList\",\"@id\":\"https:\\\/\\\/www.tetrachim.com\\\/it\\\/i-nostri-partner\\\/henkel\\\/#breadcrumb\",\"itemListElement\":[{\"@type\":\"ListItem\",\"position\":1,\"name\":\"\",\"item\":\"https:\\\/\\\/www.tetrachim.com\\\/it\\\/\"},{\"@type\":\"ListItem\",\"position\":2,\"name\":\"I nostri partner\",\"item\":\"https:\\\/\\\/www.tetrachim.com\\\/it\\\/i-nostri-partner\\\/\"},{\"@type\":\"ListItem\",\"position\":3,\"name\":\"Henkel\"}]},{\"@type\":\"WebSite\",\"@id\":\"https:\\\/\\\/www.tetrachim.com\\\/it\\\/#website\",\"url\":\"https:\\\/\\\/www.tetrachim.com\\\/it\\\/\",\"name\":\"Tetrachim\",\"description\":\"Rev\u00eatements high-tech\",\"publisher\":{\"@id\":\"https:\\\/\\\/www.tetrachim.com\\\/it\\\/#organization\"},\"potentialAction\":[{\"@type\":\"SearchAction\",\"target\":{\"@type\":\"EntryPoint\",\"urlTemplate\":\"https:\\\/\\\/www.tetrachim.com\\\/it\\\/?s={search_term_string}\"},\"query-input\":{\"@type\":\"PropertyValueSpecification\",\"valueRequired\":true,\"valueName\":\"search_term_string\"}}],\"inLanguage\":\"it-IT\"},{\"@type\":\"Organization\",\"@id\":\"https:\\\/\\\/www.tetrachim.com\\\/it\\\/#organization\",\"name\":\"Tetrachim\",\"url\":\"https:\\\/\\\/www.tetrachim.com\\\/it\\\/\",\"logo\":{\"@type\":\"ImageObject\",\"inLanguage\":\"it-IT\",\"@id\":\"https:\\\/\\\/www.tetrachim.com\\\/it\\\/#\\\/schema\\\/logo\\\/image\\\/\",\"url\":\"https:\\\/\\\/www.tetrachim.com\\\/wp-content\\\/uploads\\\/2020\\\/07\\\/logo-tetrachim.png\",\"contentUrl\":\"https:\\\/\\\/www.tetrachim.com\\\/wp-content\\\/uploads\\\/2020\\\/07\\\/logo-tetrachim.png\",\"width\":244,\"height\":51,\"caption\":\"Tetrachim\"},\"image\":{\"@id\":\"https:\\\/\\\/www.tetrachim.com\\\/it\\\/#\\\/schema\\\/logo\\\/image\\\/\"},\"sameAs\":[\"https:\\\/\\\/x.com\\\/Tetrachim\",\"https:\\\/\\\/www.linkedin.com\\\/company\\\/tetrachim\\\/\"]}]}<\/script>\n<!-- \/ Yoast SEO plugin. -->","yoast_head_json":{"title":"Henkel - Tetrachim","robots":{"index":"index","follow":"follow","max-snippet":"max-snippet:-1","max-image-preview":"max-image-preview:large","max-video-preview":"max-video-preview:-1"},"canonical":"https:\/\/www.tetrachim.com\/it\/i-nostri-partner\/henkel\/","og_locale":"it_IT","og_type":"article","og_title":"Henkel - Tetrachim","og_description":"[vc_row unlock_row_content=&#8221;yes&#8221; row_height_percent=&#8221;0&#8243; override_padding=&#8221;yes&#8221; h_padding=&#8221;0&#8243; top_padding=&#8221;0&#8243; bottom_padding=&#8221;0&#8243; back_image=&#8221;83397&#8243; overlay_alpha=&#8221;50&#8243; gutter_size=&#8221;3&#8243; column_width_percent=&#8221;100&#8243; shift_y=&#8221;0&#8243; z_index=&#8221;0&#8243; row_height_pixel=&#8221;200px&#8221; el_id=&#8221;pagina a fascia&#8221; front_end_with_slider=&#8221;true&#8221;][vc_column column_width_percent=&#8221;100&#8243; position_vertical=&#8221;middle&#8221; [&hellip;]","og_url":"https:\/\/www.tetrachim.com\/it\/i-nostri-partner\/henkel\/","og_site_name":"Tetrachim","article_modified_time":"2025-07-29T14:43:25+00:00","twitter_card":"summary_large_image","twitter_site":"@Tetrachim","twitter_misc":{"Tempo di lettura stimato":"7 minuti"},"schema":{"@context":"https:\/\/schema.org","@graph":[{"@type":"WebPage","@id":"https:\/\/www.tetrachim.com\/it\/i-nostri-partner\/henkel\/","url":"https:\/\/www.tetrachim.com\/it\/i-nostri-partner\/henkel\/","name":"Henkel - Tetrachim","isPartOf":{"@id":"https:\/\/www.tetrachim.com\/it\/#website"},"datePublished":"2025-07-29T14:42:11+00:00","dateModified":"2025-07-29T14:43:25+00:00","breadcrumb":{"@id":"https:\/\/www.tetrachim.com\/it\/i-nostri-partner\/henkel\/#breadcrumb"},"inLanguage":"it-IT","potentialAction":[{"@type":"ReadAction","target":["https:\/\/www.tetrachim.com\/it\/i-nostri-partner\/henkel\/"]}]},{"@type":"BreadcrumbList","@id":"https:\/\/www.tetrachim.com\/it\/i-nostri-partner\/henkel\/#breadcrumb","itemListElement":[{"@type":"ListItem","position":1,"name":"","item":"https:\/\/www.tetrachim.com\/it\/"},{"@type":"ListItem","position":2,"name":"I nostri partner","item":"https:\/\/www.tetrachim.com\/it\/i-nostri-partner\/"},{"@type":"ListItem","position":3,"name":"Henkel"}]},{"@type":"WebSite","@id":"https:\/\/www.tetrachim.com\/it\/#website","url":"https:\/\/www.tetrachim.com\/it\/","name":"Tetrachim","description":"Rev\u00eatements high-tech","publisher":{"@id":"https:\/\/www.tetrachim.com\/it\/#organization"},"potentialAction":[{"@type":"SearchAction","target":{"@type":"EntryPoint","urlTemplate":"https:\/\/www.tetrachim.com\/it\/?s={search_term_string}"},"query-input":{"@type":"PropertyValueSpecification","valueRequired":true,"valueName":"search_term_string"}}],"inLanguage":"it-IT"},{"@type":"Organization","@id":"https:\/\/www.tetrachim.com\/it\/#organization","name":"Tetrachim","url":"https:\/\/www.tetrachim.com\/it\/","logo":{"@type":"ImageObject","inLanguage":"it-IT","@id":"https:\/\/www.tetrachim.com\/it\/#\/schema\/logo\/image\/","url":"https:\/\/www.tetrachim.com\/wp-content\/uploads\/2020\/07\/logo-tetrachim.png","contentUrl":"https:\/\/www.tetrachim.com\/wp-content\/uploads\/2020\/07\/logo-tetrachim.png","width":244,"height":51,"caption":"Tetrachim"},"image":{"@id":"https:\/\/www.tetrachim.com\/it\/#\/schema\/logo\/image\/"},"sameAs":["https:\/\/x.com\/Tetrachim","https:\/\/www.linkedin.com\/company\/tetrachim\/"]}]}},"_links":{"self":[{"href":"https:\/\/www.tetrachim.com\/it\/wp-json\/wp\/v2\/pages\/100008","targetHints":{"allow":["GET"]}}],"collection":[{"href":"https:\/\/www.tetrachim.com\/it\/wp-json\/wp\/v2\/pages"}],"about":[{"href":"https:\/\/www.tetrachim.com\/it\/wp-json\/wp\/v2\/types\/page"}],"author":[{"embeddable":true,"href":"https:\/\/www.tetrachim.com\/it\/wp-json\/wp\/v2\/users\/1"}],"replies":[{"embeddable":true,"href":"https:\/\/www.tetrachim.com\/it\/wp-json\/wp\/v2\/comments?post=100008"}],"version-history":[{"count":2,"href":"https:\/\/www.tetrachim.com\/it\/wp-json\/wp\/v2\/pages\/100008\/revisions"}],"predecessor-version":[{"id":100016,"href":"https:\/\/www.tetrachim.com\/it\/wp-json\/wp\/v2\/pages\/100008\/revisions\/100016"}],"up":[{"embeddable":true,"href":"https:\/\/www.tetrachim.com\/it\/wp-json\/wp\/v2\/pages\/100138"}],"wp:attachment":[{"href":"https:\/\/www.tetrachim.com\/it\/wp-json\/wp\/v2\/media?parent=100008"}],"curies":[{"name":"wp","href":"https:\/\/api.w.org\/{rel}","templated":true}]}}