{"id":100044,"date":"2025-07-29T16:42:24","date_gmt":"2025-07-29T14:42:24","guid":{"rendered":"https:\/\/www.tetrachim.com\/imballaggio\/"},"modified":"2025-07-31T15:15:37","modified_gmt":"2025-07-31T13:15:37","slug":"imballaggio","status":"publish","type":"page","link":"https:\/\/www.tetrachim.com\/it\/i-vostri-mercati\/imballaggio\/","title":{"rendered":"Imballaggio"},"content":{"rendered":"<div class=\"wpb-content-wrapper\"><p>[vc_section back_image=&#8221;85635&#8243; back_repeat=&#8221;no-repeat&#8221; back_position=&#8221;right center&#8221; overlay_alpha=&#8221;50&#8243; el_class=&#8221;section-fleche&#8221; back_size=&#8221;260px auto&#8221;][vc_row row_height_percent=&#8221;0&#8243; override_padding=&#8221;yes&#8221; h_padding=&#8221;2&#8243; top_padding=&#8221;2&#8243; bottom_padding=&#8221;3&#8243; back_image=&#8221;85652&#8243; back_repeat=&#8221;no-repeat&#8221; back_position=&#8221;left center&#8221; overlay_alpha=&#8221;50&#8243; gutter_size=&#8221;3&#8243; column_width_percent=&#8221;100&#8243; shift_y=&#8221;0&#8243; z_index=&#8221;0&#8243; el_class=&#8221;rangee-reduite-plus tx-intro intro-overlay your-markets&#8221; back_size=&#8221;35% auto&#8221;][vc_column column_width_percent=&#8221;100&#8243; gutter_size=&#8221;3&#8243; override_padding=&#8221;yes&#8221; column_padding=&#8221;2&#8243; overlay_alpha=&#8221;50&#8243; shift_x=&#8221;0&#8243; shift_y=&#8221;0&#8243; shift_y_down=&#8221;0&#8243; z_index=&#8221;0&#8243; medium_visibility=&#8221;yes&#8221; medium_width=&#8221;0&#8243; mobile_visibility=&#8221;yes&#8221; mobile_width=&#8221;0&#8243; width=&#8221;1\/3&#8243; el_class=&#8221;col-menu-lateral&#8221;][vc_wp_custommenu nav_menu=&#8221;141&#8243; title=&#8221;I vostri mercati&#8221;][\/vc_column][vc_column column_width_percent=&#8221;100&#8243; position_horizontal=&#8221;left&#8221; gutter_size=&#8221;3&#8243; overlay_alpha=&#8221;50&#8243; shift_x=&#8221;0&#8243; shift_y=&#8221;0&#8243; shift_y_down=&#8221;0&#8243; z_index=&#8221;0&#8243; medium_width=&#8221;0&#8243; mobile_width=&#8221;0&#8243; width=&#8221;2\/3&#8243;][vc_custom_heading heading_semantic=&#8221;h1&#8243; text_size=&#8221;h3&#8243; sub_lead=&#8221;yes&#8221; sub_reduced=&#8221;yes&#8221; css_animation=&#8221;left-t-right&#8221; subheading=&#8221;Realizzare un <strong>processo di confezionamento<\/strong> fluido&#8221;]IMBALLAGGIO[\/vc_custom_heading][vc_column_text css_animation=&#8221;right-t-left&#8221; animation_delay=&#8221;200&#8243;]Le aziende di packaging devono coniugare qualit\u00e0 e competitivit\u00e0. Pertanto, l&#8217;aumento della produttivit\u00e0 e del flusso di produzione sono tra le loro priorit\u00e0.  I fluoropolimeri Teflon\u2122 sono l&#8217;opzione migliore per garantire una riduzione dell&#8217;attrito quando le parti del nastro trasportatore rivestite sfregano tra loro, aumentando cos\u00ec il flusso di produzione. Le loro propriet\u00e0 antiaderenti sono inoltre indispensabili per mantenere la durata delle barre termosaldate per chi utilizza il confezionamento sottovuoto.[\/vc_column_text][vc_row_inner limit_content=&#8221;&#8221;][vc_column_inner column_width_percent=&#8221;100&#8243; gutter_size=&#8221;3&#8243; overlay_alpha=&#8221;50&#8243; shift_x=&#8221;0&#8243; shift_y=&#8221;0&#8243; shift_y_down=&#8221;0&#8243; z_index=&#8221;0&#8243; medium_width=&#8221;0&#8243; mobile_width=&#8221;0&#8243; css_animation=&#8221;zoom-in&#8221; animation_delay=&#8221;300&#8243; width=&#8221;1\/1&#8243;][vc_custom_heading text_size=&#8221;h6&#8243;]Le vostre applicazioni[\/vc_custom_heading][\/vc_column_inner][\/vc_row_inner][vc_row_inner row_inner_height_percent=&#8221;0&#8243; overlay_alpha=&#8221;50&#8243; equal_height=&#8221;yes&#8221; gutter_size=&#8221;3&#8243; shift_y=&#8221;0&#8243; z_index=&#8221;0&#8243; css=&#8221;.vc_custom_1597238809978{margin-top: 20px !important;}&#8221; limit_content=&#8221;&#8221;][vc_column_inner column_width_percent=&#8221;100&#8243; gutter_size=&#8221;3&#8243; overlay_alpha=&#8221;50&#8243; shift_x=&#8221;0&#8243; shift_y=&#8221;0&#8243; shift_y_down=&#8221;0&#8243; z_index=&#8221;0&#8243; medium_width=&#8221;0&#8243; mobile_width=&#8221;0&#8243; css_animation=&#8221;zoom-in&#8221; animation_delay=&#8221;300&#8243; width=&#8221;2\/12&#8243;][vc_column_text]Imballaggio[\/vc_column_text][\/vc_column_inner][vc_column_inner column_width_percent=&#8221;100&#8243; gutter_size=&#8221;3&#8243; override_padding=&#8221;yes&#8221; column_padding=&#8221;0&#8243; overlay_alpha=&#8221;50&#8243; shift_x=&#8221;0&#8243; shift_y=&#8221;0&#8243; shift_y_down=&#8221;0&#8243; z_index=&#8221;0&#8243; medium_width=&#8221;0&#8243; mobile_width=&#8221;0&#8243; css_animation=&#8221;zoom-in&#8221; animation_delay=&#8221;300&#8243; width=&#8221;10\/12&#8243;][vc_column_text css=&#8221;.vc_custom_1597246605039{padding-top: 0px !important;}&#8221;]Barre termosaldate, nastri trasportatori[\/vc_column_text][\/vc_column_inner][\/vc_row_inner][vc_row_inner row_inner_height_percent=&#8221;0&#8243; overlay_alpha=&#8221;50&#8243; gutter_size=&#8221;3&#8243; shift_y=&#8221;0&#8243; z_index=&#8221;0&#8243; limit_content=&#8221;&#8221; el_id=&#8221;why-choose-us&#8221;][vc_column_inner column_width_percent=&#8221;100&#8243; position_vertical=&#8221;middle&#8221; gutter_size=&#8221;3&#8243; overlay_alpha=&#8221;75&#8243; shift_x=&#8221;0&#8243; shift_y=&#8221;0&#8243; shift_y_down=&#8221;0&#8243; z_index=&#8221;0&#8243; medium_width=&#8221;4&#8243; mobile_width=&#8221;0&#8243; width=&#8221;1\/2&#8243;][vc_single_image media=&#8221;86052&#8243; media_width_percent=&#8221;100&#8243; media_ratio=&#8221;one-one&#8221; css_animation=&#8221;zoom-in&#8221; animation_delay=&#8221;600&#8243;][\/vc_column_inner][vc_column_inner column_width_percent=&#8221;100&#8243; position_vertical=&#8221;middle&#8221; gutter_size=&#8221;3&#8243; overlay_alpha=&#8221;50&#8243; shift_x=&#8221;0&#8243; shift_y=&#8221;0&#8243; shift_y_down=&#8221;0&#8243; z_index=&#8221;0&#8243; medium_width=&#8221;4&#8243; mobile_width=&#8221;0&#8243; css_animation=&#8221;zoom-out&#8221; animation_delay=&#8221;400&#8243; width=&#8221;1\/2&#8243;][vc_custom_heading text_size=&#8221;h6&#8243;]Perch\u00e9 scegliere noi?[\/vc_custom_heading][uncode_list icon=&#8221;fa fa-chevron-right&#8221; icon_color=&#8221;color-104255&#8243;]Tetrachim pu\u00f2 aiutarvi a garantire che i componenti essenziali del vostro processo di confezionamento rimangano operativi:<\/p>\n<ul>\n<li>Riduzione del livello di attrito dei nastri trasportatori per aumentare il flusso di produzione<\/li>\n<li>Mantenimento delle propriet\u00e0 antiaderenti delle barre termosaldate per evitare tempi morti nella produzione<\/li>\n<\/ul>\n<p>Il nostro team vi guider\u00e0 nella ricerca del rivestimento pi\u00f9 resistente per la vostra applicazione. E possiamo consegnarvi ovunque vogliate per una manutenzione pi\u00f9 rapida grazie alla nostra rete logistica ottimale.[\/uncode_list][\/vc_column_inner][\/vc_row_inner][vc_row_inner row_inner_height_percent=&#8221;0&#8243; overlay_alpha=&#8221;50&#8243; gutter_size=&#8221;3&#8243; shift_y=&#8221;0&#8243; z_index=&#8221;0&#8243; limit_content=&#8221;&#8221;][vc_column_inner width=&#8221;1\/1&#8243;][vc_custom_heading text_size=&#8221;h6&#8243;]Le funzionalit\u00e0 ricercate[\/vc_custom_heading][\/vc_column_inner][\/vc_row_inner][vc_row_inner row_inner_height_percent=&#8221;0&#8243; overlay_alpha=&#8221;50&#8243; gutter_size=&#8221;3&#8243; shift_y=&#8221;0&#8243; z_index=&#8221;0&#8243; limit_content=&#8221;&#8221; el_class=&#8221;reassurance-box markets&#8221;][vc_column_inner column_width_percent=&#8221;100&#8243; gutter_size=&#8221;3&#8243; style=&#8221;dark&#8221; back_image=&#8221;86517&#8243; overlay_color=&#8221;color-889485&#8243; overlay_alpha=&#8221;75&#8243; shift_x=&#8221;0&#8243; shift_y=&#8221;0&#8243; shift_y_down=&#8221;0&#8243; z_index=&#8221;0&#8243; medium_width=&#8221;0&#8243; mobile_width=&#8221;0&#8243; css_animation=&#8221;bottom-t-top&#8221; animation_delay=&#8221;600&#8243; width=&#8221;1\/2&#8243; el_class=&#8221;boite-ico&#8221;][vc_icon position=&#8221;left&#8221; icon_image=&#8221;86409&#8243; media_size=&#8221;80&#8243; text_size=&#8221;fontsize-155944&#8243; text_weight=&#8221;700&#8243; linked_title=&#8221;yes&#8221; link=&#8221;|||&#8221;]<\/p>\n<h3>Propriet\u00e0 antiaderenti<\/h3>\n<p>[\/vc_icon][\/vc_column_inner][vc_column_inner column_width_percent=&#8221;100&#8243; gutter_size=&#8221;3&#8243; back_image=&#8221;86517&#8243; overlay_color=&#8221;color-xsdn&#8221; overlay_alpha=&#8221;90&#8243; shift_x=&#8221;0&#8243; shift_y=&#8221;0&#8243; shift_y_down=&#8221;0&#8243; z_index=&#8221;0&#8243; medium_width=&#8221;0&#8243; mobile_width=&#8221;0&#8243; css_animation=&#8221;bottom-t-top&#8221; animation_delay=&#8221;600&#8243; width=&#8221;1\/2&#8243; el_class=&#8221;boite-ico&#8221;][vc_icon position=&#8221;left&#8221; icon_image=&#8221;86458&#8243; media_size=&#8221;80&#8243; text_size=&#8221;fontsize-155944&#8243; text_weight=&#8221;700&#8243; linked_title=&#8221;yes&#8221; link=&#8221;|||&#8221;]<\/p>\n<h3>Resistenza alla corrosione<\/h3>\n<p>[\/vc_icon][\/vc_column_inner][\/vc_row_inner][vc_row_inner row_inner_height_percent=&#8221;0&#8243; overlay_alpha=&#8221;50&#8243; gutter_size=&#8221;3&#8243; shift_y=&#8221;0&#8243; z_index=&#8221;0&#8243; limit_content=&#8221;&#8221; el_class=&#8221;reassurance-box markets&#8221;][vc_column_inner column_width_percent=&#8221;100&#8243; gutter_size=&#8221;3&#8243; back_image=&#8221;86517&#8243; overlay_color=&#8221;color-xsdn&#8221; overlay_alpha=&#8221;90&#8243; shift_x=&#8221;0&#8243; shift_y=&#8221;0&#8243; shift_y_down=&#8221;0&#8243; z_index=&#8221;0&#8243; medium_width=&#8221;0&#8243; mobile_width=&#8221;0&#8243; css_animation=&#8221;bottom-t-top&#8221; animation_delay=&#8221;600&#8243; width=&#8221;1\/2&#8243; el_class=&#8221;boite-ico&#8221;][vc_icon position=&#8221;left&#8221; icon_image=&#8221;86430&#8243; media_size=&#8221;80&#8243; text_size=&#8221;fontsize-155944&#8243; text_weight=&#8221;700&#8243; linked_title=&#8221;yes&#8221; link=&#8221;|||&#8221;]<\/p>\n<h3>Propriet\u00e0 di basso attrito<\/h3>\n<p>[\/vc_icon][\/vc_column_inner][vc_column_inner column_width_percent=&#8221;100&#8243; gutter_size=&#8221;3&#8243; style=&#8221;dark&#8221; back_image=&#8221;86517&#8243; overlay_color=&#8221;color-889485&#8243; overlay_alpha=&#8221;75&#8243; shift_x=&#8221;0&#8243; shift_y=&#8221;0&#8243; shift_y_down=&#8221;0&#8243; z_index=&#8221;0&#8243; medium_width=&#8221;0&#8243; mobile_width=&#8221;0&#8243; css_animation=&#8221;bottom-t-top&#8221; animation_delay=&#8221;600&#8243; width=&#8221;1\/2&#8243; el_class=&#8221;boite-ico&#8221;][vc_icon position=&#8221;left&#8221; icon_image=&#8221;86414&#8243; media_size=&#8221;80&#8243; text_size=&#8221;fontsize-155944&#8243; text_weight=&#8221;700&#8243; linked_title=&#8221;yes&#8221; link=&#8221;|||&#8221;]<\/p>\n<h3>Resistenza all&#8217;usura<\/h3>\n<p>[\/vc_icon][\/vc_column_inner][\/vc_row_inner][\/vc_column][\/vc_row][vc_row row_height_percent=&#8221;0&#8243; overlay_alpha=&#8221;50&#8243; gutter_size=&#8221;3&#8243; column_width_percent=&#8221;100&#8243; shift_y=&#8221;0&#8243; z_index=&#8221;0&#8243; el_id=&#8221;marches&#8221;][vc_column column_width_percent=&#8221;100&#8243; align_horizontal=&#8221;align_center&#8221; gutter_size=&#8221;3&#8243; overlay_alpha=&#8221;50&#8243; shift_x=&#8221;0&#8243; shift_y=&#8221;0&#8243; shift_y_down=&#8221;0&#8243; z_index=&#8221;0&#8243; medium_width=&#8221;0&#8243; mobile_width=&#8221;0&#8243; css_animation=&#8221;alpha-anim&#8221; width=&#8221;1\/1&#8243;][vc_custom_heading text_size=&#8221;h3&#8243; css_animation=&#8221;zoom-out&#8221;]Le nostre <strong>soluzioni<\/strong>[\/vc_custom_heading][uncode_index el_id=&#8221;index-973757&#8243; index_type=&#8221;carousel&#8221; loop=&#8221;size:10|order_by:date|taxonomy_query:product_cat|taxonomy_order:name|taxonomy_sort:ASC|taxonomy_count:10|taxonomy_include_ids:238&#8243; carousel_lg=&#8221;4&#8243; carousel_md=&#8221;2&#8243; carousel_sm=&#8221;1&#8243; thumb_size=&#8221;one-one&#8221; gutter_size=&#8221;2&#8243; uncode_taxonomy_items=&#8221;media|featured|onpost|original,title&#8221; carousel_interval=&#8221;3000&#8243; carousel_navspeed=&#8221;400&#8243; carousel_dots=&#8221;yes&#8221; carousel_dots_mobile=&#8221;yes&#8221; stage_padding=&#8221;0&#8243; single_overlay_opacity=&#8221;50&#8243; single_padding=&#8221;2&#8243; single_title_dimension=&#8221;fontsize-155944&#8243; el_class=&#8221;woocommerce columns-4&#8243;][\/vc_column][\/vc_row][\/vc_section][vc_row unlock_row_content=&#8221;yes&#8221; row_height_percent=&#8221;0&#8243; back_image=&#8221;86058&#8243; back_position=&#8221;center bottom&#8221; overlay_color=&#8221;color-156355&#8243; overlay_alpha=&#8221;78&#8243; gutter_size=&#8221;3&#8243; column_width_percent=&#8221;100&#8243; shift_y=&#8221;0&#8243; z_index=&#8221;0&#8243; el_class=&#8221;cta&#8221;][vc_column column_width_use_pixel=&#8221;yes&#8221; position_horizontal=&#8221;left&#8221; position_vertical=&#8221;middle&#8221; gutter_size=&#8221;3&#8243; style=&#8221;dark&#8221; overlay_alpha=&#8221;50&#8243; shift_x=&#8221;0&#8243; shift_y=&#8221;0&#8243; shift_y_down=&#8221;0&#8243; z_index=&#8221;0&#8243; align_medium=&#8221;align_center_tablet&#8221; medium_width=&#8221;7&#8243; align_mobile=&#8221;align_center_mobile&#8221; mobile_width=&#8221;7&#8243; width=&#8221;2\/3&#8243; column_width_pixel=&#8221;900&#8243;][vc_custom_heading text_size=&#8221;h6&#8243; sub_lead=&#8221;yes&#8221; sub_reduced=&#8221;yes&#8221; css_animation=&#8221;zoom-in&#8221;]Cercate maggiori informazioni sulle nostre soluzioni per l&#8217;industria dell&#8217;imballaggio![\/vc_custom_heading][vc_column_text text_lead=&#8221;yes&#8221; css_animation=&#8221;zoom-in&#8221; animation_speed=&#8221;600&#8243;]Guide ai prodotti, tutorial o white paper vi aiuteranno a scegliere il prodotto giusto. Se non trovate la risposta che cercate, non esitate a chiamarci al numero <a href=\"tel:+33161440290\">+33 (0)1 61 44 02 90<\/a> o a inviare un&#8217;e-mail a <a href=\"mailto:info@tetrachim.com\">info@tetrachim.com.<\/a>[\/vc_column_text][\/vc_column][vc_column column_width_percent=&#8221;100&#8243; position_vertical=&#8221;middle&#8221; gutter_size=&#8221;3&#8243; style=&#8221;dark&#8221; overlay_alpha=&#8221;50&#8243; shift_x=&#8221;0&#8243; shift_y=&#8221;0&#8243; shift_y_down=&#8221;0&#8243; z_index=&#8221;0&#8243; align_medium=&#8221;align_center_tablet&#8221; medium_width=&#8221;7&#8243; align_mobile=&#8221;align_center_mobile&#8221; mobile_width=&#8221;7&#8243; width=&#8221;1\/3&#8243;][vc_button button_color=&#8221;color-xsdn&#8221; border_width=&#8221;0&#8243; el_class=&#8221;btn-outline btn-blanc&#8221;]Centro di conoscenza[\/vc_button][\/vc_column][\/vc_row][vc_row row_height_percent=&#8221;0&#8243; override_padding=&#8221;yes&#8221; h_padding=&#8221;2&#8243; top_padding=&#8221;0&#8243; bottom_padding=&#8221;0&#8243; overlay_alpha=&#8221;50&#8243; gutter_size=&#8221;3&#8243; column_width_percent=&#8221;100&#8243; shift_y=&#8221;0&#8243; z_index=&#8221;0&#8243; el_class=&#8221;row-menu-mobile&#8221;][vc_column column_width_percent=&#8221;100&#8243; gutter_size=&#8221;3&#8243; override_padding=&#8221;yes&#8221; column_padding=&#8221;2&#8243; overlay_alpha=&#8221;50&#8243; shift_x=&#8221;0&#8243; shift_y=&#8221;0&#8243; shift_y_down=&#8221;0&#8243; z_index=&#8221;0&#8243; desktop_visibility=&#8221;yes&#8221; medium_width=&#8221;0&#8243; mobile_width=&#8221;0&#8243; width=&#8221;1\/1&#8243; el_class=&#8221;col-menu-lateral&#8221;][vc_wp_custommenu nav_menu=&#8221;141&#8243; title=&#8221;I vostri mercati&#8221;][\/vc_column][\/vc_row]<\/p>\n<\/div>","protected":false},"excerpt":{"rendered":"<p>[vc_section back_image=&#8221;85635&#8243; back_repeat=&#8221;no-repeat&#8221; back_position=&#8221;right center&#8221; overlay_alpha=&#8221;50&#8243; el_class=&#8221;section-fleche&#8221; back_size=&#8221;260px auto&#8221;][vc_row row_height_percent=&#8221;0&#8243; override_padding=&#8221;yes&#8221; h_padding=&#8221;2&#8243; top_padding=&#8221;2&#8243; bottom_padding=&#8221;3&#8243; back_image=&#8221;85652&#8243; back_repeat=&#8221;no-repeat&#8221; back_position=&#8221;left center&#8221; overlay_alpha=&#8221;50&#8243; gutter_size=&#8221;3&#8243; [&hellip;]<\/p>\n","protected":false},"author":1,"featured_media":0,"parent":100122,"menu_order":0,"comment_status":"closed","ping_status":"closed","template":"","meta":{"footnotes":""},"class_list":["post-100044","page","type-page","status-publish","hentry"],"yoast_head":"<!-- This site is optimized with the Yoast SEO plugin v27.5 - https:\/\/yoast.com\/product\/yoast-seo-wordpress\/ -->\n<title>Imballaggio - Tetrachim<\/title>\n<meta name=\"robots\" content=\"index, follow, max-snippet:-1, max-image-preview:large, max-video-preview:-1\" \/>\n<link rel=\"canonical\" href=\"https:\/\/www.tetrachim.com\/it\/i-vostri-mercati\/imballaggio\/\" \/>\n<meta property=\"og:locale\" content=\"it_IT\" \/>\n<meta property=\"og:type\" content=\"article\" \/>\n<meta property=\"og:title\" content=\"Imballaggio - Tetrachim\" \/>\n<meta property=\"og:description\" content=\"[vc_section back_image=&#8221;85635&#8243; back_repeat=&#8221;no-repeat&#8221; back_position=&#8221;right center&#8221; overlay_alpha=&#8221;50&#8243; el_class=&#8221;section-fleche&#8221; back_size=&#8221;260px auto&#8221;][vc_row row_height_percent=&#8221;0&#8243; override_padding=&#8221;yes&#8221; h_padding=&#8221;2&#8243; top_padding=&#8221;2&#8243; bottom_padding=&#8221;3&#8243; back_image=&#8221;85652&#8243; back_repeat=&#8221;no-repeat&#8221; back_position=&#8221;left center&#8221; overlay_alpha=&#8221;50&#8243; gutter_size=&#8221;3&#8243; [&hellip;]\" \/>\n<meta property=\"og:url\" content=\"https:\/\/www.tetrachim.com\/it\/i-vostri-mercati\/imballaggio\/\" \/>\n<meta property=\"og:site_name\" content=\"Tetrachim\" \/>\n<meta property=\"article:modified_time\" content=\"2025-07-31T13:15:37+00:00\" \/>\n<meta name=\"twitter:card\" content=\"summary_large_image\" \/>\n<meta name=\"twitter:site\" content=\"@Tetrachim\" \/>\n<meta name=\"twitter:label1\" content=\"Tempo di lettura stimato\" \/>\n\t<meta name=\"twitter:data1\" content=\"7 minuti\" \/>\n<script type=\"application\/ld+json\" class=\"yoast-schema-graph\">{\"@context\":\"https:\\\/\\\/schema.org\",\"@graph\":[{\"@type\":\"WebPage\",\"@id\":\"https:\\\/\\\/www.tetrachim.com\\\/it\\\/i-vostri-mercati\\\/imballaggio\\\/\",\"url\":\"https:\\\/\\\/www.tetrachim.com\\\/it\\\/i-vostri-mercati\\\/imballaggio\\\/\",\"name\":\"Imballaggio - Tetrachim\",\"isPartOf\":{\"@id\":\"https:\\\/\\\/www.tetrachim.com\\\/it\\\/#website\"},\"datePublished\":\"2025-07-29T14:42:24+00:00\",\"dateModified\":\"2025-07-31T13:15:37+00:00\",\"breadcrumb\":{\"@id\":\"https:\\\/\\\/www.tetrachim.com\\\/it\\\/i-vostri-mercati\\\/imballaggio\\\/#breadcrumb\"},\"inLanguage\":\"it-IT\",\"potentialAction\":[{\"@type\":\"ReadAction\",\"target\":[\"https:\\\/\\\/www.tetrachim.com\\\/it\\\/i-vostri-mercati\\\/imballaggio\\\/\"]}]},{\"@type\":\"BreadcrumbList\",\"@id\":\"https:\\\/\\\/www.tetrachim.com\\\/it\\\/i-vostri-mercati\\\/imballaggio\\\/#breadcrumb\",\"itemListElement\":[{\"@type\":\"ListItem\",\"position\":1,\"name\":\"\",\"item\":\"https:\\\/\\\/www.tetrachim.com\\\/it\\\/\"},{\"@type\":\"ListItem\",\"position\":2,\"name\":\"I vostri mercati\",\"item\":\"https:\\\/\\\/www.tetrachim.com\\\/it\\\/i-vostri-mercati\\\/\"},{\"@type\":\"ListItem\",\"position\":3,\"name\":\"Imballaggio\"}]},{\"@type\":\"WebSite\",\"@id\":\"https:\\\/\\\/www.tetrachim.com\\\/it\\\/#website\",\"url\":\"https:\\\/\\\/www.tetrachim.com\\\/it\\\/\",\"name\":\"Tetrachim\",\"description\":\"Rev\u00eatements high-tech\",\"publisher\":{\"@id\":\"https:\\\/\\\/www.tetrachim.com\\\/it\\\/#organization\"},\"potentialAction\":[{\"@type\":\"SearchAction\",\"target\":{\"@type\":\"EntryPoint\",\"urlTemplate\":\"https:\\\/\\\/www.tetrachim.com\\\/it\\\/?s={search_term_string}\"},\"query-input\":{\"@type\":\"PropertyValueSpecification\",\"valueRequired\":true,\"valueName\":\"search_term_string\"}}],\"inLanguage\":\"it-IT\"},{\"@type\":\"Organization\",\"@id\":\"https:\\\/\\\/www.tetrachim.com\\\/it\\\/#organization\",\"name\":\"Tetrachim\",\"url\":\"https:\\\/\\\/www.tetrachim.com\\\/it\\\/\",\"logo\":{\"@type\":\"ImageObject\",\"inLanguage\":\"it-IT\",\"@id\":\"https:\\\/\\\/www.tetrachim.com\\\/it\\\/#\\\/schema\\\/logo\\\/image\\\/\",\"url\":\"https:\\\/\\\/www.tetrachim.com\\\/wp-content\\\/uploads\\\/2020\\\/07\\\/logo-tetrachim.png\",\"contentUrl\":\"https:\\\/\\\/www.tetrachim.com\\\/wp-content\\\/uploads\\\/2020\\\/07\\\/logo-tetrachim.png\",\"width\":244,\"height\":51,\"caption\":\"Tetrachim\"},\"image\":{\"@id\":\"https:\\\/\\\/www.tetrachim.com\\\/it\\\/#\\\/schema\\\/logo\\\/image\\\/\"},\"sameAs\":[\"https:\\\/\\\/x.com\\\/Tetrachim\",\"https:\\\/\\\/www.linkedin.com\\\/company\\\/tetrachim\\\/\"]}]}<\/script>\n<!-- \/ Yoast SEO plugin. -->","yoast_head_json":{"title":"Imballaggio - Tetrachim","robots":{"index":"index","follow":"follow","max-snippet":"max-snippet:-1","max-image-preview":"max-image-preview:large","max-video-preview":"max-video-preview:-1"},"canonical":"https:\/\/www.tetrachim.com\/it\/i-vostri-mercati\/imballaggio\/","og_locale":"it_IT","og_type":"article","og_title":"Imballaggio - Tetrachim","og_description":"[vc_section back_image=&#8221;85635&#8243; back_repeat=&#8221;no-repeat&#8221; back_position=&#8221;right center&#8221; overlay_alpha=&#8221;50&#8243; el_class=&#8221;section-fleche&#8221; back_size=&#8221;260px auto&#8221;][vc_row row_height_percent=&#8221;0&#8243; override_padding=&#8221;yes&#8221; h_padding=&#8221;2&#8243; top_padding=&#8221;2&#8243; bottom_padding=&#8221;3&#8243; back_image=&#8221;85652&#8243; back_repeat=&#8221;no-repeat&#8221; back_position=&#8221;left center&#8221; overlay_alpha=&#8221;50&#8243; gutter_size=&#8221;3&#8243; [&hellip;]","og_url":"https:\/\/www.tetrachim.com\/it\/i-vostri-mercati\/imballaggio\/","og_site_name":"Tetrachim","article_modified_time":"2025-07-31T13:15:37+00:00","twitter_card":"summary_large_image","twitter_site":"@Tetrachim","twitter_misc":{"Tempo di lettura stimato":"7 minuti"},"schema":{"@context":"https:\/\/schema.org","@graph":[{"@type":"WebPage","@id":"https:\/\/www.tetrachim.com\/it\/i-vostri-mercati\/imballaggio\/","url":"https:\/\/www.tetrachim.com\/it\/i-vostri-mercati\/imballaggio\/","name":"Imballaggio - Tetrachim","isPartOf":{"@id":"https:\/\/www.tetrachim.com\/it\/#website"},"datePublished":"2025-07-29T14:42:24+00:00","dateModified":"2025-07-31T13:15:37+00:00","breadcrumb":{"@id":"https:\/\/www.tetrachim.com\/it\/i-vostri-mercati\/imballaggio\/#breadcrumb"},"inLanguage":"it-IT","potentialAction":[{"@type":"ReadAction","target":["https:\/\/www.tetrachim.com\/it\/i-vostri-mercati\/imballaggio\/"]}]},{"@type":"BreadcrumbList","@id":"https:\/\/www.tetrachim.com\/it\/i-vostri-mercati\/imballaggio\/#breadcrumb","itemListElement":[{"@type":"ListItem","position":1,"name":"","item":"https:\/\/www.tetrachim.com\/it\/"},{"@type":"ListItem","position":2,"name":"I vostri mercati","item":"https:\/\/www.tetrachim.com\/it\/i-vostri-mercati\/"},{"@type":"ListItem","position":3,"name":"Imballaggio"}]},{"@type":"WebSite","@id":"https:\/\/www.tetrachim.com\/it\/#website","url":"https:\/\/www.tetrachim.com\/it\/","name":"Tetrachim","description":"Rev\u00eatements high-tech","publisher":{"@id":"https:\/\/www.tetrachim.com\/it\/#organization"},"potentialAction":[{"@type":"SearchAction","target":{"@type":"EntryPoint","urlTemplate":"https:\/\/www.tetrachim.com\/it\/?s={search_term_string}"},"query-input":{"@type":"PropertyValueSpecification","valueRequired":true,"valueName":"search_term_string"}}],"inLanguage":"it-IT"},{"@type":"Organization","@id":"https:\/\/www.tetrachim.com\/it\/#organization","name":"Tetrachim","url":"https:\/\/www.tetrachim.com\/it\/","logo":{"@type":"ImageObject","inLanguage":"it-IT","@id":"https:\/\/www.tetrachim.com\/it\/#\/schema\/logo\/image\/","url":"https:\/\/www.tetrachim.com\/wp-content\/uploads\/2020\/07\/logo-tetrachim.png","contentUrl":"https:\/\/www.tetrachim.com\/wp-content\/uploads\/2020\/07\/logo-tetrachim.png","width":244,"height":51,"caption":"Tetrachim"},"image":{"@id":"https:\/\/www.tetrachim.com\/it\/#\/schema\/logo\/image\/"},"sameAs":["https:\/\/x.com\/Tetrachim","https:\/\/www.linkedin.com\/company\/tetrachim\/"]}]}},"_links":{"self":[{"href":"https:\/\/www.tetrachim.com\/it\/wp-json\/wp\/v2\/pages\/100044","targetHints":{"allow":["GET"]}}],"collection":[{"href":"https:\/\/www.tetrachim.com\/it\/wp-json\/wp\/v2\/pages"}],"about":[{"href":"https:\/\/www.tetrachim.com\/it\/wp-json\/wp\/v2\/types\/page"}],"author":[{"embeddable":true,"href":"https:\/\/www.tetrachim.com\/it\/wp-json\/wp\/v2\/users\/1"}],"replies":[{"embeddable":true,"href":"https:\/\/www.tetrachim.com\/it\/wp-json\/wp\/v2\/comments?post=100044"}],"version-history":[{"count":6,"href":"https:\/\/www.tetrachim.com\/it\/wp-json\/wp\/v2\/pages\/100044\/revisions"}],"predecessor-version":[{"id":100902,"href":"https:\/\/www.tetrachim.com\/it\/wp-json\/wp\/v2\/pages\/100044\/revisions\/100902"}],"up":[{"embeddable":true,"href":"https:\/\/www.tetrachim.com\/it\/wp-json\/wp\/v2\/pages\/100122"}],"wp:attachment":[{"href":"https:\/\/www.tetrachim.com\/it\/wp-json\/wp\/v2\/media?parent=100044"}],"curies":[{"name":"wp","href":"https:\/\/api.w.org\/{rel}","templated":true}]}}