{"id":100109,"date":"2025-07-29T16:42:58","date_gmt":"2025-07-29T14:42:58","guid":{"rendered":"https:\/\/www.tetrachim.com\/chi-siamo-i-nostri-impegni\/"},"modified":"2025-07-31T15:44:35","modified_gmt":"2025-07-31T13:44:35","slug":"chi-siamo-i-nostri-impegni","status":"publish","type":"page","link":"https:\/\/www.tetrachim.com\/it\/chi-siamo-i-nostri-impegni\/","title":{"rendered":"Chi siamo: i nostri impegni"},"content":{"rendered":"<div class=\"wpb-content-wrapper\"><p>[vc_row unlock_row_content=&#8221;yes&#8221; row_height_percent=&#8221;0&#8243; override_padding=&#8221;yes&#8221; h_padding=&#8221;0&#8243; top_padding=&#8221;0&#8243; bottom_padding=&#8221;0&#8243; back_image=&#8221;83397&#8243; overlay_alpha=&#8221;50&#8243; gutter_size=&#8221;3&#8243; column_width_percent=&#8221;100&#8243; shift_y=&#8221;0&#8243; z_index=&#8221;0&#8243; row_height_pixel=&#8221;200px&#8221; el_id=&#8221;bandeau-page&#8221; front_end_with_slider=&#8221;true&#8221;][vc_column column_width_percent=&#8221;100&#8243; position_vertical=&#8221;middle&#8221; gutter_size=&#8221;3&#8243; override_padding=&#8221;yes&#8221; column_padding=&#8221;0&#8243; overlay_alpha=&#8221;50&#8243; shift_x=&#8221;0&#8243; shift_y=&#8221;0&#8243; shift_y_down=&#8221;0&#8243; z_index=&#8221;0&#8243; medium_width=&#8221;0&#8243; mobile_width=&#8221;0&#8243; width=&#8221;1\/1&#8243;][vc_row_inner row_inner_height_percent=&#8221;100&#8243; back_image=&#8221;85629&#8243; back_position=&#8221;left center&#8221; overlay_alpha=&#8221;50&#8243; equal_height=&#8221;yes&#8221; gutter_size=&#8221;3&#8243; shift_y=&#8221;0&#8243; z_index=&#8221;0&#8243; back_size=&#8221;auto 100%&#8221; el_class=&#8221;rangee-reduite-plus&#8221; row_height_pixel=&#8221;200px&#8221; limit_content=&#8221;&#8221;][vc_column_inner column_width_percent=&#8221;66&#8243; position_horizontal=&#8221;left&#8221; position_vertical=&#8221;middle&#8221; gutter_size=&#8221;3&#8243; overlay_alpha=&#8221;50&#8243; shift_x=&#8221;0&#8243; shift_y=&#8221;0&#8243; shift_y_down=&#8221;0&#8243; z_index=&#8221;0&#8243; medium_width=&#8221;0&#8243; mobile_width=&#8221;0&#8243; width=&#8221;1\/1&#8243;][vc_custom_heading heading_semantic=&#8221;h1&#8243; text_font=&#8221;font-112492&#8243; text_color=&#8221;color-889485&#8243; css_animation=&#8221;left-t-right&#8221;]I nostri <strong>impegni<\/strong>[\/vc_custom_heading][vc_column_text css_animation=&#8221;left-t-right&#8221; animation_delay=&#8221;200&#8243;]<span><span><a href=\"https:\/\/www.tetrachim.com\/it\/\"><i class=\"menu-icon fa fa-home3\"><\/i><\/a><\/span><\/span>[\/vc_column_text][\/vc_column_inner][\/vc_row_inner][vc_single_image media=&#8221;87174&#8243; media_width_use_pixel=&#8221;yes&#8221; alignment=&#8221;right&#8221; shadow=&#8221;yes&#8221; shadow_weight=&#8221;lg&#8221; css_animation=&#8221;right-t-left&#8221; animation_speed=&#8221;400&#8243; media_width_pixel=&#8221;560&#8243;][\/vc_column][\/vc_row][vc_section overlay_alpha=&#8221;50&#8243; el_class=&#8221;section-fleche&#8221;][vc_row row_height_percent=&#8221;0&#8243; override_padding=&#8221;yes&#8221; h_padding=&#8221;2&#8243; top_padding=&#8221;3&#8243; bottom_padding=&#8221;1&#8243; overlay_alpha=&#8221;50&#8243; gutter_size=&#8221;3&#8243; column_width_percent=&#8221;100&#8243; shift_y=&#8221;0&#8243; z_index=&#8221;0&#8243; el_class=&#8221;rangee-reduite-plus&#8221;][vc_column column_width_use_pixel=&#8221;yes&#8221; align_horizontal=&#8221;align_center&#8221; gutter_size=&#8221;3&#8243; overlay_alpha=&#8221;50&#8243; shift_x=&#8221;0&#8243; shift_y=&#8221;0&#8243; shift_y_down=&#8221;0&#8243; z_index=&#8221;0&#8243; medium_width=&#8221;0&#8243; mobile_width=&#8221;0&#8243; width=&#8221;1\/1&#8243; column_width_pixel=&#8221;1000&#8243;][vc_column_text text_lead=&#8221;yes&#8221; css_animation=&#8221;zoom-in&#8221;]In Tetrachim lavoriamo tutti per uno sviluppo pi\u00f9 sostenibile. Il nostro contributo ambientale e sociale inizia con i nostri fornitori e, attraverso il nostro team, si espande lungo tutta la catena del valore, a partire da:[\/vc_column_text][\/vc_column][\/vc_row][vc_row row_height_percent=&#8221;0&#8243; override_padding=&#8221;yes&#8221; h_padding=&#8221;2&#8243; top_padding=&#8221;2&#8243; bottom_padding=&#8221;3&#8243; overlay_alpha=&#8221;50&#8243; gutter_size=&#8221;3&#8243; column_width_percent=&#8221;100&#8243; shift_y=&#8221;0&#8243; z_index=&#8221;0&#8243; el_class=&#8221;rangee-reduite&#8221; el_id=&#8221;impegni&#8221;][vc_column column_width_percent=&#8221;100&#8243; align_horizontal=&#8221;align_center&#8221; gutter_size=&#8221;3&#8243; overlay_alpha=&#8221;50&#8243; shift_x=&#8221;0&#8243; shift_y=&#8221;0&#8243; shift_y_down=&#8221;0&#8243; z_index=&#8221;0&#8243; medium_width=&#8221;0&#8243; mobile_width=&#8221;0&#8243; css_animation=&#8221;right-t-left&#8221; animation_delay=&#8221;200&#8243; width=&#8221;1\/1&#8243;][vc_row_inner row_inner_height_percent=&#8221;0&#8243; overlay_alpha=&#8221;50&#8243; equal_height=&#8221;yes&#8221; gutter_size=&#8221;3&#8243; shift_y=&#8221;0&#8243; z_index=&#8221;0&#8243; el_class=&#8221;ancres-box&#8221; limit_content=&#8221;&#8221;][vc_column_inner column_width_percent=&#8221;100&#8243; position_horizontal=&#8221;left&#8221; align_horizontal=&#8221;align_center&#8221; gutter_size=&#8221;3&#8243; style=&#8221;dark&#8221; back_image=&#8221;86517&#8243; overlay_color=&#8221;color-889485&#8243; overlay_alpha=&#8221;75&#8243; shift_x=&#8221;0&#8243; shift_y=&#8221;0&#8243; shift_y_down=&#8221;0&#8243; z_index=&#8221;0&#8243; medium_width=&#8221;0&#8243; mobile_width=&#8221;0&#8243; width=&#8221;1\/4&#8243;][vc_icon icon_image=&#8221;85231&#8243; media_size=&#8221;80&#8243; heading_semantic=&#8221;h2&#8243; text_size=&#8221;fontsize-155944&#8243; text_weight=&#8221;700&#8243; linked_title=&#8221;yes&#8221; link=&#8221;|||&#8221; title=&#8221;Prodotti sostenibili e di provenienza etica&#8221;]Ci impegniamo a offrire prodotti e soluzioni all&#8217;interno del nostro portafoglio che si concentrino sulla <strong>salute e sul benessere<\/strong> dei nostri consumatori, dell&#8217;ambiente e della societ\u00e0.<br \/>Per questo motivo siamo costantemente alla ricerca di<strong> tecnologie nuove e pi\u00f9 pulite.<\/strong> Prestiamo attenzione ai prodotti che selezioniamo e promuoviamo una gamma di <strong>rivestimenti eco-compatibili<\/strong>, come i materiali privi di nMP o biobased.[\/vc_icon][\/vc_column_inner][vc_column_inner column_width_percent=&#8221;100&#8243; position_horizontal=&#8221;left&#8221; align_horizontal=&#8221;align_center&#8221; gutter_size=&#8221;3&#8243; back_image=&#8221;86273&#8243; overlay_color=&#8221;color-xsdn&#8221; overlay_alpha=&#8221;90&#8243; shift_x=&#8221;0&#8243; shift_y=&#8221;0&#8243; shift_y_down=&#8221;0&#8243; z_index=&#8221;0&#8243; medium_width=&#8221;0&#8243; mobile_width=&#8221;0&#8243; width=&#8221;1\/4&#8243;][vc_icon icon_image=&#8221;85236&#8243; media_size=&#8221;80&#8243; heading_semantic=&#8221;h2&#8243; text_size=&#8221;fontsize-155944&#8243; text_weight=&#8221;700&#8243; linked_title=&#8221;yes&#8221; link=&#8221;|||&#8221; title=&#8221;Focus sulle emissioni di carbonio&#8221;]Insieme ai nostri partner logistici, esploriamo continuamente ulteriori modi per ridurre la nostra impronta di carbonio. Abbiamo aumentato le quantit\u00e0 di ordini di gruppo per ridurre il numero di spedizioni senza danneggiare il nostro tasso OTD. Privilegiamo inoltre i viaggi in treno per i nostri viaggi di lavoro a breve distanza.[\/vc_icon][\/vc_column_inner][vc_column_inner column_width_percent=&#8221;100&#8243; position_horizontal=&#8221;left&#8221; align_horizontal=&#8221;align_center&#8221; gutter_size=&#8221;3&#8243; style=&#8221;dark&#8221; back_image=&#8221;87217&#8243; back_position=&#8221;center top&#8221; overlay_color=&#8221;color-889485&#8243; overlay_alpha=&#8221;75&#8243; shift_x=&#8221;0&#8243; shift_y=&#8221;0&#8243; shift_y_down=&#8221;0&#8243; z_index=&#8221;0&#8243; medium_width=&#8221;0&#8243; mobile_width=&#8221;0&#8243; width=&#8221;1\/4&#8243;][vc_icon icon_image=&#8221;85241&#8243; icon_color=&#8221;color-xsdn&#8221; media_size=&#8221;80&#8243; heading_semantic=&#8221;h2&#8243; text_size=&#8221;fontsize-155944&#8243; text_weight=&#8221;700&#8243; linked_title=&#8221;yes&#8221; link=&#8221;|||&#8221; title=&#8221;Ridurre, riciclare, riutilizzare&#8221;]Siamo consapevoli che le risorse naturali non sono illimitate.<\/p>\n<p>Per limitare l&#8217;impatto delle nostre operazioni, abbiamo <strong>ridotto l&#8217;uso della carta<\/strong> offrendo fatture elettroniche e stampando solo se strettamente necessario. <strong>Ricicliamo<\/strong> anche <strong>gli imballaggi usati<\/strong> per l&#8217;imbottitura.[\/vc_icon][\/vc_column_inner][vc_column_inner column_width_percent=&#8221;100&#8243; position_horizontal=&#8221;left&#8221; align_horizontal=&#8221;align_center&#8221; gutter_size=&#8221;3&#8243; back_image=&#8221;85182&#8243; overlay_color=&#8221;color-xsdn&#8221; overlay_alpha=&#8221;90&#8243; shift_x=&#8221;0&#8243; shift_y=&#8221;0&#8243; shift_y_down=&#8221;0&#8243; z_index=&#8221;0&#8243; medium_width=&#8221;0&#8243; mobile_width=&#8221;0&#8243; width=&#8221;1\/4&#8243;][vc_icon icon_image=&#8221;85246&#8243; icon_color=&#8221;color-xsdn&#8221; media_size=&#8221;80&#8243; heading_semantic=&#8221;h2&#8243; text_size=&#8221;fontsize-155944&#8243; text_weight=&#8221;700&#8243; linked_title=&#8221;yes&#8221; link=&#8221;|||&#8221; title=&#8221;Realizzazione delle persone&#8221;]L&#8217;integrit\u00e0 \u00e8 uno dei valori fondamentali con cui conduciamo la nostra attivit\u00e0 in Tetrachim. Ci impegniamo a creare e mantenere una cultura che promuova la <strong>fiducia e il rispetto<\/strong> per i nostri dipendenti, i nostri partner commerciali esterni e le altre parti interessate. Grazie ai nostri fornitori e alle nostre capacit\u00e0 interne, offriamo corsi di formazione ai nostri dipendenti, assicurando loro la capacit\u00e0 di fornire un servizio di qualit\u00e0 e di sviluppare le proprie competenze.[\/vc_icon][\/vc_column_inner][\/vc_row_inner][\/vc_column][\/vc_row][\/vc_section][vc_row unlock_row_content=&#8221;yes&#8221; row_height_percent=&#8221;0&#8243; back_image=&#8221;83602&#8243; back_position=&#8221;center bottom&#8221; overlay_color=&#8221;color-156355&#8243; overlay_alpha=&#8221;78&#8243; gutter_size=&#8221;3&#8243; column_width_percent=&#8221;100&#8243; shift_y=&#8221;0&#8243; z_index=&#8221;0&#8243; el_class=&#8221;cta cta-btns&#8221;][vc_column column_width_percent=&#8221;100&#8243; position_horizontal=&#8221;left&#8221; position_vertical=&#8221;middle&#8221; gutter_size=&#8221;3&#8243; style=&#8221;dark&#8221; overlay_alpha=&#8221;50&#8243; shift_x=&#8221;0&#8243; shift_y=&#8221;0&#8243; shift_y_down=&#8221;0&#8243; z_index=&#8221;0&#8243; medium_width=&#8221;4&#8243; mobile_width=&#8221;7&#8243; width=&#8221;1\/2&#8243;][vc_button button_color=&#8221;color-xsdn&#8221; border_width=&#8221;0&#8243; css_animation=&#8221;zoom-out&#8221; animation_delay=&#8221;400&#8243; el_class=&#8221;btn-outline btn-bleu btn-ico&#8221; link=&#8221;url:http%3A%2F%2Ftetrachim.com%2Fteam%2F|title:Il%20nostro%20team|&#8221; icon=&#8221;fa fa-users2&#8243;]Il nostro team[\/vc_button][\/vc_column][vc_column column_width_percent=&#8221;100&#8243; position_vertical=&#8221;middle&#8221; gutter_size=&#8221;3&#8243; style=&#8221;dark&#8221; overlay_alpha=&#8221;50&#8243; shift_x=&#8221;0&#8243; shift_y=&#8221;0&#8243; shift_y_down=&#8221;0&#8243; z_index=&#8221;0&#8243; medium_width=&#8221;4&#8243; mobile_width=&#8221;7&#8243; width=&#8221;1\/2&#8243;][vc_button button_color=&#8221;color-xsdn&#8221; border_width=&#8221;0&#8243; css_animation=&#8221;zoom-out&#8221; animation_delay=&#8221;400&#8243; el_class=&#8221;btn-outline btn-rouge btn-ico&#8221; link=&#8221;url:http%3A%2F%2Ftetrachim.com%2Fquality-certifications%2F|title:Chi%20siamo%20%3A%20Qualit%C3%A0%20e%20certificazioni|&#8221; icon=&#8221;fa fa-license&#8221;]Qualit\u00e0 e certificazioni[\/vc_button][\/vc_column][\/vc_row]<\/p>\n<\/div>","protected":false},"excerpt":{"rendered":"<p>[vc_row unlock_row_content=&#8221;yes&#8221; row_height_percent=&#8221;0&#8243; override_padding=&#8221;yes&#8221; h_padding=&#8221;0&#8243; top_padding=&#8221;0&#8243; bottom_padding=&#8221;0&#8243; back_image=&#8221;83397&#8243; overlay_alpha=&#8221;50&#8243; gutter_size=&#8221;3&#8243; column_width_percent=&#8221;100&#8243; shift_y=&#8221;0&#8243; z_index=&#8221;0&#8243; row_height_pixel=&#8221;200px&#8221; el_id=&#8221;bandeau-page&#8221; front_end_with_slider=&#8221;true&#8221;][vc_column column_width_percent=&#8221;100&#8243; position_vertical=&#8221;middle&#8221; gutter_size=&#8221;3&#8243; override_padding=&#8221;yes&#8221; [&hellip;]<\/p>\n","protected":false},"author":1,"featured_media":0,"parent":0,"menu_order":0,"comment_status":"closed","ping_status":"closed","template":"","meta":{"footnotes":""},"class_list":["post-100109","page","type-page","status-publish","hentry"],"yoast_head":"<!-- This site is optimized with the Yoast SEO plugin v27.5 - https:\/\/yoast.com\/product\/yoast-seo-wordpress\/ -->\n<title>Chi siamo: i nostri impegni - Tetrachim<\/title>\n<meta name=\"robots\" content=\"index, follow, max-snippet:-1, max-image-preview:large, max-video-preview:-1\" \/>\n<link rel=\"canonical\" href=\"https:\/\/www.tetrachim.com\/it\/chi-siamo-i-nostri-impegni\/\" \/>\n<meta property=\"og:locale\" content=\"it_IT\" \/>\n<meta property=\"og:type\" content=\"article\" \/>\n<meta property=\"og:title\" content=\"Chi siamo: i nostri impegni - Tetrachim\" \/>\n<meta property=\"og:description\" content=\"[vc_row unlock_row_content=&#8221;yes&#8221; row_height_percent=&#8221;0&#8243; override_padding=&#8221;yes&#8221; h_padding=&#8221;0&#8243; top_padding=&#8221;0&#8243; bottom_padding=&#8221;0&#8243; back_image=&#8221;83397&#8243; overlay_alpha=&#8221;50&#8243; gutter_size=&#8221;3&#8243; column_width_percent=&#8221;100&#8243; shift_y=&#8221;0&#8243; z_index=&#8221;0&#8243; row_height_pixel=&#8221;200px&#8221; el_id=&#8221;bandeau-page&#8221; front_end_with_slider=&#8221;true&#8221;][vc_column column_width_percent=&#8221;100&#8243; position_vertical=&#8221;middle&#8221; gutter_size=&#8221;3&#8243; override_padding=&#8221;yes&#8221; [&hellip;]\" \/>\n<meta property=\"og:url\" content=\"https:\/\/www.tetrachim.com\/it\/chi-siamo-i-nostri-impegni\/\" \/>\n<meta property=\"og:site_name\" content=\"Tetrachim\" \/>\n<meta property=\"article:modified_time\" content=\"2025-07-31T13:44:35+00:00\" \/>\n<meta name=\"twitter:card\" content=\"summary_large_image\" \/>\n<meta name=\"twitter:site\" content=\"@Tetrachim\" \/>\n<meta name=\"twitter:label1\" content=\"Tempo di lettura stimato\" \/>\n\t<meta name=\"twitter:data1\" content=\"5 minuti\" \/>\n<script type=\"application\/ld+json\" class=\"yoast-schema-graph\">{\"@context\":\"https:\\\/\\\/schema.org\",\"@graph\":[{\"@type\":\"WebPage\",\"@id\":\"https:\\\/\\\/www.tetrachim.com\\\/it\\\/chi-siamo-i-nostri-impegni\\\/\",\"url\":\"https:\\\/\\\/www.tetrachim.com\\\/it\\\/chi-siamo-i-nostri-impegni\\\/\",\"name\":\"Chi siamo: i nostri impegni - Tetrachim\",\"isPartOf\":{\"@id\":\"https:\\\/\\\/www.tetrachim.com\\\/it\\\/#website\"},\"datePublished\":\"2025-07-29T14:42:58+00:00\",\"dateModified\":\"2025-07-31T13:44:35+00:00\",\"breadcrumb\":{\"@id\":\"https:\\\/\\\/www.tetrachim.com\\\/it\\\/chi-siamo-i-nostri-impegni\\\/#breadcrumb\"},\"inLanguage\":\"it-IT\",\"potentialAction\":[{\"@type\":\"ReadAction\",\"target\":[\"https:\\\/\\\/www.tetrachim.com\\\/it\\\/chi-siamo-i-nostri-impegni\\\/\"]}]},{\"@type\":\"BreadcrumbList\",\"@id\":\"https:\\\/\\\/www.tetrachim.com\\\/it\\\/chi-siamo-i-nostri-impegni\\\/#breadcrumb\",\"itemListElement\":[{\"@type\":\"ListItem\",\"position\":1,\"name\":\"\",\"item\":\"https:\\\/\\\/www.tetrachim.com\\\/it\\\/\"},{\"@type\":\"ListItem\",\"position\":2,\"name\":\"Chi siamo: i nostri impegni\"}]},{\"@type\":\"WebSite\",\"@id\":\"https:\\\/\\\/www.tetrachim.com\\\/it\\\/#website\",\"url\":\"https:\\\/\\\/www.tetrachim.com\\\/it\\\/\",\"name\":\"Tetrachim\",\"description\":\"Rev\u00eatements high-tech\",\"publisher\":{\"@id\":\"https:\\\/\\\/www.tetrachim.com\\\/it\\\/#organization\"},\"potentialAction\":[{\"@type\":\"SearchAction\",\"target\":{\"@type\":\"EntryPoint\",\"urlTemplate\":\"https:\\\/\\\/www.tetrachim.com\\\/it\\\/?s={search_term_string}\"},\"query-input\":{\"@type\":\"PropertyValueSpecification\",\"valueRequired\":true,\"valueName\":\"search_term_string\"}}],\"inLanguage\":\"it-IT\"},{\"@type\":\"Organization\",\"@id\":\"https:\\\/\\\/www.tetrachim.com\\\/it\\\/#organization\",\"name\":\"Tetrachim\",\"url\":\"https:\\\/\\\/www.tetrachim.com\\\/it\\\/\",\"logo\":{\"@type\":\"ImageObject\",\"inLanguage\":\"it-IT\",\"@id\":\"https:\\\/\\\/www.tetrachim.com\\\/it\\\/#\\\/schema\\\/logo\\\/image\\\/\",\"url\":\"https:\\\/\\\/www.tetrachim.com\\\/wp-content\\\/uploads\\\/2020\\\/07\\\/logo-tetrachim.png\",\"contentUrl\":\"https:\\\/\\\/www.tetrachim.com\\\/wp-content\\\/uploads\\\/2020\\\/07\\\/logo-tetrachim.png\",\"width\":244,\"height\":51,\"caption\":\"Tetrachim\"},\"image\":{\"@id\":\"https:\\\/\\\/www.tetrachim.com\\\/it\\\/#\\\/schema\\\/logo\\\/image\\\/\"},\"sameAs\":[\"https:\\\/\\\/x.com\\\/Tetrachim\",\"https:\\\/\\\/www.linkedin.com\\\/company\\\/tetrachim\\\/\"]}]}<\/script>\n<!-- \/ Yoast SEO plugin. -->","yoast_head_json":{"title":"Chi siamo: i nostri impegni - Tetrachim","robots":{"index":"index","follow":"follow","max-snippet":"max-snippet:-1","max-image-preview":"max-image-preview:large","max-video-preview":"max-video-preview:-1"},"canonical":"https:\/\/www.tetrachim.com\/it\/chi-siamo-i-nostri-impegni\/","og_locale":"it_IT","og_type":"article","og_title":"Chi siamo: i nostri impegni - Tetrachim","og_description":"[vc_row unlock_row_content=&#8221;yes&#8221; row_height_percent=&#8221;0&#8243; override_padding=&#8221;yes&#8221; h_padding=&#8221;0&#8243; top_padding=&#8221;0&#8243; bottom_padding=&#8221;0&#8243; back_image=&#8221;83397&#8243; overlay_alpha=&#8221;50&#8243; gutter_size=&#8221;3&#8243; column_width_percent=&#8221;100&#8243; shift_y=&#8221;0&#8243; z_index=&#8221;0&#8243; row_height_pixel=&#8221;200px&#8221; el_id=&#8221;bandeau-page&#8221; front_end_with_slider=&#8221;true&#8221;][vc_column column_width_percent=&#8221;100&#8243; position_vertical=&#8221;middle&#8221; gutter_size=&#8221;3&#8243; override_padding=&#8221;yes&#8221; [&hellip;]","og_url":"https:\/\/www.tetrachim.com\/it\/chi-siamo-i-nostri-impegni\/","og_site_name":"Tetrachim","article_modified_time":"2025-07-31T13:44:35+00:00","twitter_card":"summary_large_image","twitter_site":"@Tetrachim","twitter_misc":{"Tempo di lettura stimato":"5 minuti"},"schema":{"@context":"https:\/\/schema.org","@graph":[{"@type":"WebPage","@id":"https:\/\/www.tetrachim.com\/it\/chi-siamo-i-nostri-impegni\/","url":"https:\/\/www.tetrachim.com\/it\/chi-siamo-i-nostri-impegni\/","name":"Chi siamo: i nostri impegni - Tetrachim","isPartOf":{"@id":"https:\/\/www.tetrachim.com\/it\/#website"},"datePublished":"2025-07-29T14:42:58+00:00","dateModified":"2025-07-31T13:44:35+00:00","breadcrumb":{"@id":"https:\/\/www.tetrachim.com\/it\/chi-siamo-i-nostri-impegni\/#breadcrumb"},"inLanguage":"it-IT","potentialAction":[{"@type":"ReadAction","target":["https:\/\/www.tetrachim.com\/it\/chi-siamo-i-nostri-impegni\/"]}]},{"@type":"BreadcrumbList","@id":"https:\/\/www.tetrachim.com\/it\/chi-siamo-i-nostri-impegni\/#breadcrumb","itemListElement":[{"@type":"ListItem","position":1,"name":"","item":"https:\/\/www.tetrachim.com\/it\/"},{"@type":"ListItem","position":2,"name":"Chi siamo: i nostri impegni"}]},{"@type":"WebSite","@id":"https:\/\/www.tetrachim.com\/it\/#website","url":"https:\/\/www.tetrachim.com\/it\/","name":"Tetrachim","description":"Rev\u00eatements high-tech","publisher":{"@id":"https:\/\/www.tetrachim.com\/it\/#organization"},"potentialAction":[{"@type":"SearchAction","target":{"@type":"EntryPoint","urlTemplate":"https:\/\/www.tetrachim.com\/it\/?s={search_term_string}"},"query-input":{"@type":"PropertyValueSpecification","valueRequired":true,"valueName":"search_term_string"}}],"inLanguage":"it-IT"},{"@type":"Organization","@id":"https:\/\/www.tetrachim.com\/it\/#organization","name":"Tetrachim","url":"https:\/\/www.tetrachim.com\/it\/","logo":{"@type":"ImageObject","inLanguage":"it-IT","@id":"https:\/\/www.tetrachim.com\/it\/#\/schema\/logo\/image\/","url":"https:\/\/www.tetrachim.com\/wp-content\/uploads\/2020\/07\/logo-tetrachim.png","contentUrl":"https:\/\/www.tetrachim.com\/wp-content\/uploads\/2020\/07\/logo-tetrachim.png","width":244,"height":51,"caption":"Tetrachim"},"image":{"@id":"https:\/\/www.tetrachim.com\/it\/#\/schema\/logo\/image\/"},"sameAs":["https:\/\/x.com\/Tetrachim","https:\/\/www.linkedin.com\/company\/tetrachim\/"]}]}},"_links":{"self":[{"href":"https:\/\/www.tetrachim.com\/it\/wp-json\/wp\/v2\/pages\/100109","targetHints":{"allow":["GET"]}}],"collection":[{"href":"https:\/\/www.tetrachim.com\/it\/wp-json\/wp\/v2\/pages"}],"about":[{"href":"https:\/\/www.tetrachim.com\/it\/wp-json\/wp\/v2\/types\/page"}],"author":[{"embeddable":true,"href":"https:\/\/www.tetrachim.com\/it\/wp-json\/wp\/v2\/users\/1"}],"replies":[{"embeddable":true,"href":"https:\/\/www.tetrachim.com\/it\/wp-json\/wp\/v2\/comments?post=100109"}],"version-history":[{"count":6,"href":"https:\/\/www.tetrachim.com\/it\/wp-json\/wp\/v2\/pages\/100109\/revisions"}],"predecessor-version":[{"id":100966,"href":"https:\/\/www.tetrachim.com\/it\/wp-json\/wp\/v2\/pages\/100109\/revisions\/100966"}],"wp:attachment":[{"href":"https:\/\/www.tetrachim.com\/it\/wp-json\/wp\/v2\/media?parent=100109"}],"curies":[{"name":"wp","href":"https:\/\/api.w.org\/{rel}","templated":true}]}}