{"id":100122,"date":"2025-07-29T16:43:02","date_gmt":"2025-07-29T14:43:02","guid":{"rendered":"https:\/\/www.tetrachim.com\/i-vostri-mercati\/"},"modified":"2025-07-30T16:18:30","modified_gmt":"2025-07-30T14:18:30","slug":"i-vostri-mercati","status":"publish","type":"page","link":"https:\/\/www.tetrachim.com\/it\/i-vostri-mercati\/","title":{"rendered":"I vostri mercati"},"content":{"rendered":"<div class=\"wpb-content-wrapper\"><p>[vc_row unlock_row_content=&#8221;yes&#8221; row_height_percent=&#8221;0&#8243; override_padding=&#8221;yes&#8221; h_padding=&#8221;0&#8243; top_padding=&#8221;0&#8243; bottom_padding=&#8221;0&#8243; back_image=&#8221;83397&#8243; overlay_alpha=&#8221;50&#8243; gutter_size=&#8221;3&#8243; column_width_percent=&#8221;100&#8243; shift_y=&#8221;0&#8243; z_index=&#8221;0&#8243; row_height_pixel=&#8221;200px&#8221; el_id=&#8221;bandeau-page&#8221; front_end_with_slider=&#8221;true&#8221;][vc_column column_width_percent=&#8221;100&#8243; position_vertical=&#8221;middle&#8221; gutter_size=&#8221;3&#8243; override_padding=&#8221;yes&#8221; column_padding=&#8221;0&#8243; overlay_alpha=&#8221;50&#8243; shift_x=&#8221;0&#8243; shift_y=&#8221;0&#8243; shift_y_down=&#8221;0&#8243; z_index=&#8221;0&#8243; medium_width=&#8221;0&#8243; mobile_width=&#8221;0&#8243; width=&#8221;1\/1&#8243;][vc_row_inner row_inner_height_percent=&#8221;100&#8243; back_image=&#8221;85629&#8243; back_position=&#8221;left center&#8221; overlay_alpha=&#8221;50&#8243; equal_height=&#8221;yes&#8221; gutter_size=&#8221;3&#8243; shift_y=&#8221;0&#8243; z_index=&#8221;0&#8243; back_size=&#8221;auto 100%&#8221; el_class=&#8221;rangee-reduite-plus&#8221; row_height_pixel=&#8221;200px&#8221; limit_content=&#8221;&#8221;][vc_column_inner column_width_percent=&#8221;66&#8243; position_horizontal=&#8221;left&#8221; position_vertical=&#8221;middle&#8221; gutter_size=&#8221;3&#8243; overlay_alpha=&#8221;50&#8243; shift_x=&#8221;0&#8243; shift_y=&#8221;0&#8243; shift_y_down=&#8221;0&#8243; z_index=&#8221;0&#8243; medium_width=&#8221;0&#8243; mobile_width=&#8221;0&#8243; width=&#8221;1\/1&#8243;][vc_custom_heading heading_semantic=&#8221;h1&#8243; text_font=&#8221;font-112492&#8243; text_color=&#8221;color-889485&#8243; css_animation=&#8221;left-t-right&#8221;]I vostri <strong>mercati<\/strong>[\/vc_custom_heading][vc_column_text css_animation=&#8221;left-t-right&#8221; animation_delay=&#8221;200&#8243;]<span><span><a href=\"https:\/\/www.tetrachim.com\/it\/\"><i class=\"menu-icon fa fa-home3\"><\/i><\/a><\/span><\/span>[\/vc_column_text][\/vc_column_inner][\/vc_row_inner][vc_single_image media=&#8221;86568&#8243; media_width_use_pixel=&#8221;yes&#8221; alignment=&#8221;right&#8221; shadow=&#8221;yes&#8221; shadow_weight=&#8221;lg&#8221; css_animation=&#8221;right-t-left&#8221; animation_speed=&#8221;400&#8243; media_width_pixel=&#8221;560&#8243;][\/vc_column][\/vc_row][vc_section back_image=&#8221;85635&#8243; back_repeat=&#8221;no-repeat&#8221; back_position=&#8221;right center&#8221; overlay_alpha=&#8221;50&#8243; el_class=&#8221;section-fleche&#8221; back_size=&#8221;260px auto&#8221;][vc_row row_height_percent=&#8221;0&#8243; overlay_alpha=&#8221;50&#8243; gutter_size=&#8221;3&#8243; column_width_percent=&#8221;100&#8243; shift_y=&#8221;0&#8243; z_index=&#8221;0&#8243; el_id=&#8221;marches&#8221; el_class=&#8221;rangee-reduite marches-style2&#8243;][vc_column column_width_percent=&#8221;100&#8243; align_horizontal=&#8221;align_center&#8221; gutter_size=&#8221;3&#8243; overlay_alpha=&#8221;50&#8243; shift_x=&#8221;0&#8243; shift_y=&#8221;0&#8243; shift_y_down=&#8221;0&#8243; z_index=&#8221;0&#8243; medium_width=&#8221;0&#8243; mobile_width=&#8221;0&#8243; css_animation=&#8221;alpha-anim&#8221; width=&#8221;1\/1&#8243;][vc_row_inner row_inner_height_percent=&#8221;0&#8243; overlay_alpha=&#8221;50&#8243; gutter_size=&#8221;0&#8243; shift_y=&#8221;0&#8243; z_index=&#8221;0&#8243; el_class=&#8221;boite-ico&#8221; limit_content=&#8221;&#8221;][vc_column_inner column_width_percent=&#8221;100&#8243; align_horizontal=&#8221;align_center&#8221; gutter_size=&#8221;3&#8243; expand_height=&#8221;yes&#8221; back_image=&#8221;86256&#8243; overlay_color=&#8221;color-xsdn&#8221; overlay_alpha=&#8221;90&#8243; shift_x=&#8221;0&#8243; shift_y=&#8221;0&#8243; shift_y_down=&#8221;0&#8243; z_index=&#8221;0&#8243; medium_width=&#8221;0&#8243; mobile_width=&#8221;0&#8243; width=&#8221;1\/1&#8243;][vc_icon icon_image=&#8221;83356&#8243; text_size=&#8221;fontsize-155944&#8243; text_weight=&#8221;700&#8243; linked_title=&#8221;yes&#8221; link=&#8221;url:http%3A%2F%2Ftetrachim.com%2Fyour-markets%2Ffood-industrial-bakeware%2F|title:Pentole%20per%20alimenti%2Findustriali|&#8221; link_text=&#8221;http:\/\/www.tetrachim.com\/your-markets\/food-industrial-bakeware\/&#8221;]<\/p>\n<h3>Pentole per alimenti\/industriali<\/h3>\n<p>Disponibili in tutte le forme e dimensioni, le attrezzature alimentari industriali e i componenti per la cottura devono resistere a condizioni di temperatura estreme e durare per numerosi cicli di lavoro.<\/p>\n<p><a href=\"http:\/\/www.tetrachim.com\/your-markets\/food-industrial-bakeware\/\">Per saperne di pi\u00f9<\/a>[\/vc_icon][\/vc_column_inner][\/vc_row_inner][vc_row_inner row_inner_height_percent=&#8221;0&#8243; overlay_alpha=&#8221;75&#8243; gutter_size=&#8221;0&#8243; shift_y=&#8221;0&#8243; z_index=&#8221;0&#8243; el_class=&#8221;boite-ico&#8221; limit_content=&#8221;&#8221;][vc_column_inner column_width_percent=&#8221;100&#8243; align_horizontal=&#8221;align_center&#8221; gutter_size=&#8221;3&#8243; expand_height=&#8221;yes&#8221; style=&#8221;dark&#8221; back_image=&#8221;86245&#8243; overlay_color=&#8221;color-889485&#8243; overlay_alpha=&#8221;75&#8243; shift_x=&#8221;0&#8243; shift_y=&#8221;0&#8243; shift_y_down=&#8221;0&#8243; z_index=&#8221;0&#8243; medium_width=&#8221;0&#8243; mobile_width=&#8221;0&#8243; width=&#8221;1\/1&#8243;][vc_icon icon_image=&#8221;83366&#8243; text_size=&#8221;fontsize-155944&#8243; text_weight=&#8221;700&#8243; linked_title=&#8221;yes&#8221; link=&#8221;url:http%3A%2F%2Ftetrachim.com%2Fyour-markets%2Fchemical-water-industries%2F|title:Chimico%2Ffarmaceutico%20e%20acqua|&#8221; link_text=&#8221;http:\/\/www.tetrachim.com\/your-markets\/chemical-water-industries\/&#8221;]<\/p>\n<h3>Prodotti chimici \/ Acqua<\/h3>\n<p>Le industrie chimiche e idriche sono molto impegnative per quanto riguarda la scelta dei rivestimenti protettivi. Richiedono superfici facili da pulire e resistenti alla corrosione, in combinazione con le alte temperature. <\/p>\n<p><a href=\"http:\/\/www.tetrachim.com\/your-markets\/chemical-water-industries\/\">Per saperne di pi\u00f9<\/a>[\/vc_icon][\/vc_column_inner][\/vc_row_inner][vc_row_inner row_inner_height_percent=&#8221;0&#8243; overlay_alpha=&#8221;50&#8243; gutter_size=&#8221;0&#8243; shift_y=&#8221;0&#8243; z_index=&#8221;0&#8243; el_class=&#8221;boite-ico&#8221; limit_content=&#8221;&#8221;][vc_column_inner column_width_percent=&#8221;100&#8243; align_horizontal=&#8221;align_center&#8221; gutter_size=&#8221;3&#8243; back_image=&#8221;86179&#8243; overlay_color=&#8221;color-xsdn&#8221; overlay_alpha=&#8221;90&#8243; shift_x=&#8221;0&#8243; shift_y=&#8221;0&#8243; shift_y_down=&#8221;0&#8243; z_index=&#8221;0&#8243; medium_width=&#8221;0&#8243; mobile_width=&#8221;0&#8243; width=&#8221;1\/1&#8243;][vc_icon icon_image=&#8221;83371&#8243; text_size=&#8221;fontsize-155944&#8243; text_weight=&#8221;700&#8243; linked_title=&#8221;yes&#8221; link=&#8221;url:http%3A%2F%2Ftetrachim.com%2Fyour-markets%2Felectronics-semi-conductors%2F|title:Elettronica%20%2F%20Semiconduttori|&#8221; link_text=&#8221;http:\/\/www.tetrachim.com\/your-markets\/electronics-semi-conductors\/&#8221;]<\/p>\n<h3>Elettronica \/ Semiconduttori<\/h3>\n<p>Oggi la connettivit\u00e0, la tecnologia pi\u00f9 intelligente e i dispositivi pi\u00f9 piccoli sono in rapida crescita. Per soddisfare questi requisiti, innumerevoli dispositivi si affidano a inchiostri ad alte prestazioni per garantire funzionalit\u00e0, forma e flessibilit\u00e0. <\/p>\n<p><a href=\"http:\/\/www.tetrachim.com\/your-markets\/electronics-semi-conductors\/\">Per saperne di pi\u00f9<\/a>[\/vc_icon][\/vc_column_inner][\/vc_row_inner][vc_row_inner row_inner_height_percent=&#8221;0&#8243; overlay_alpha=&#8221;50&#8243; gutter_size=&#8221;0&#8243; shift_y=&#8221;0&#8243; z_index=&#8221;0&#8243; el_class=&#8221;boite-ico&#8221; limit_content=&#8221;&#8221;][vc_column_inner column_width_percent=&#8221;100&#8243; align_horizontal=&#8221;align_center&#8221; gutter_size=&#8221;3&#8243; style=&#8221;dark&#8221; back_image=&#8221;86273&#8243; overlay_color=&#8221;color-889485&#8243; overlay_alpha=&#8221;75&#8243; shift_x=&#8221;0&#8243; shift_y=&#8221;0&#8243; shift_y_down=&#8221;0&#8243; z_index=&#8221;0&#8243; medium_width=&#8221;0&#8243; mobile_width=&#8221;0&#8243; width=&#8221;1\/1&#8243;][vc_icon icon_image=&#8221;83381&#8243; text_size=&#8221;fontsize-155944&#8243; text_weight=&#8221;700&#8243; linked_title=&#8221;yes&#8221; link=&#8221;url:http%3A%2F%2Ftetrachim.com%2Fyour-markets%2Fenergy-electricity%2F|title:Mercato%20dell%27energia|&#8221; link_text=&#8221;http:\/\/www.tetrachim.com\/your-markets\/energy-electricity\/&#8221;]<\/p>\n<h3>Energia \/ Elettricit\u00e0<\/h3>\n<p>Si prevede che la domanda globale di energia raddoppier\u00e0 entro il 2050, con molte sfide da affrontare.<br \/>\nIn questo settore in rapida crescita, gli strumenti e le apparecchiature sono sottoposti a temperature estreme, raggi UV, pressioni, corrosione e abrasione e devono, ovviamente, offrire eccellenti propriet\u00e0 dielettriche.<\/p>\n<p><a href=\"http:\/\/www.tetrachim.com\/your-markets\/energy-electricity\/\">Per saperne di pi\u00f9<\/a>[\/vc_icon][\/vc_column_inner][\/vc_row_inner][vc_row_inner row_inner_height_percent=&#8221;0&#8243; overlay_alpha=&#8221;50&#8243; gutter_size=&#8221;0&#8243; shift_y=&#8221;0&#8243; z_index=&#8221;0&#8243; el_class=&#8221;boite-ico&#8221; limit_content=&#8221;&#8221;][vc_column_inner column_width_percent=&#8221;100&#8243; align_horizontal=&#8221;align_center&#8221; gutter_size=&#8221;3&#8243; back_image=&#8221;86250&#8243; overlay_color=&#8221;color-xsdn&#8221; overlay_alpha=&#8221;90&#8243; shift_x=&#8221;0&#8243; shift_y=&#8221;0&#8243; shift_y_down=&#8221;0&#8243; z_index=&#8221;0&#8243; medium_width=&#8221;0&#8243; mobile_width=&#8221;0&#8243; width=&#8221;1\/1&#8243;][vc_icon icon_image=&#8221;83351&#8243; text_size=&#8221;fontsize-155944&#8243; text_weight=&#8221;700&#8243; linked_title=&#8221;yes&#8221; link=&#8221;url:http%3A%2F%2Ftetrachim.com%2Fyour-markets%2Faerospace%2F|title:Aerospaziale%20%2F%20Difesa|&#8221; link_text=&#8221;http:\/\/www.tetrachim.com\/your-markets\/aerospace\/&#8221;]<\/p>\n<h3>Aerospaziale<\/h3>\n<p>Gli aeromobili e le apparecchiature aerospaziali sopportano alcuni degli alti e bassi pi\u00f9 intensi in termini di temperatura, vibrazioni e variazioni di pressione. Per soddisfare le esigenze e gli standard dei produttori di aeromobili che costruiscono velivoli pi\u00f9 robusti, leggeri, confortevoli e sicuri, \u00e8 necessario utilizzare materiali omologati provenienti da fonti certificate. <\/p>\n<p><a href=\"http:\/\/www.tetrachim.com\/your-markets\/aerospace\/\">Per saperne di pi\u00f9<\/a>[\/vc_icon][\/vc_column_inner][\/vc_row_inner][vc_row_inner row_inner_height_percent=&#8221;0&#8243; overlay_alpha=&#8221;50&#8243; gutter_size=&#8221;0&#8243; shift_y=&#8221;0&#8243; z_index=&#8221;0&#8243; el_class=&#8221;boite-ico&#8221; limit_content=&#8221;&#8221;][vc_column_inner column_width_percent=&#8221;100&#8243; align_horizontal=&#8221;align_center&#8221; gutter_size=&#8221;3&#8243; style=&#8221;dark&#8221; back_image=&#8221;86267&#8243; overlay_color=&#8221;color-889485&#8243; overlay_alpha=&#8221;75&#8243; shift_x=&#8221;0&#8243; shift_y=&#8221;0&#8243; shift_y_down=&#8221;0&#8243; z_index=&#8221;0&#8243; medium_width=&#8221;0&#8243; mobile_width=&#8221;0&#8243; width=&#8221;1\/1&#8243;][vc_icon icon_image=&#8221;83361&#8243; text_size=&#8221;fontsize-155944&#8243; text_weight=&#8221;700&#8243; linked_title=&#8221;yes&#8221; link=&#8221;url:http%3A%2F%2Ftetrachim.com%2Fyour-markets%2Fautomotive%2F|title:Automotive|&#8221; link_text=&#8221;http:\/\/www.tetrachim.com\/your-markets\/automotive\/&#8221;]<\/p>\n<h3>Automotive<\/h3>\n<p>L&#8217;industria automobilistica deve affrontare numerose sfide: migliorare l&#8217;efficienza dei carburanti per ridurre l&#8217;impronta di carbonio, ottimizzare il ciclo di vita dei veicoli e soddisfare i pi\u00f9 elevati requisiti di sicurezza, offrendo al contempo un&#8217;ottima esperienza di guida.<\/p>\n<p><a href=\"http:\/\/www.tetrachim.com\/your-markets\/automotive\/\">Per saperne di pi\u00f9<\/a>[\/vc_icon][\/vc_column_inner][\/vc_row_inner][vc_row_inner row_inner_height_percent=&#8221;0&#8243; overlay_alpha=&#8221;50&#8243; gutter_size=&#8221;0&#8243; shift_y=&#8221;0&#8243; z_index=&#8221;0&#8243; el_class=&#8221;boite-ico&#8221; limit_content=&#8221;&#8221;][vc_column_inner column_width_percent=&#8221;100&#8243; align_horizontal=&#8221;align_center&#8221; gutter_size=&#8221;3&#8243; back_image=&#8221;86279&#8243; overlay_color=&#8221;color-xsdn&#8221; overlay_alpha=&#8221;90&#8243; shift_x=&#8221;0&#8243; shift_y=&#8221;0&#8243; shift_y_down=&#8221;0&#8243; z_index=&#8221;0&#8243; medium_width=&#8221;0&#8243; mobile_width=&#8221;0&#8243; width=&#8221;1\/1&#8243;][vc_icon icon_image=&#8221;83391&#8243; text_size=&#8221;fontsize-155944&#8243; text_weight=&#8221;700&#8243; linked_title=&#8221;yes&#8221; link=&#8221;url:http%3A%2F%2Ftetrachim.com%2Fyour-markets%2Fpaper-textile%2F|title:Carta%20%2F%20Tessile|&#8221; link_text=&#8221;http:\/\/www.tetrachim.com\/your-markets\/paper-textile\/&#8221;]<\/p>\n<h3>Carta \/ Tessile<\/h3>\n<p>I proprietari di cartiere e di stabilimenti per la produzione di pasta di legno e carta lottano costantemente contro la corrosione, ma devono anche mantenere la superficie dei cilindri e dei rulli per garantire la qualit\u00e0 e la produttivit\u00e0 della produzione.<\/p>\n<p><a href=\"http:\/\/www.tetrachim.com\/your-markets\/paper-textile\/\">Per saperne di pi\u00f9<\/a>[\/vc_icon][\/vc_column_inner][\/vc_row_inner][vc_row_inner row_inner_height_percent=&#8221;0&#8243; overlay_alpha=&#8221;50&#8243; gutter_size=&#8221;0&#8243; shift_y=&#8221;0&#8243; z_index=&#8221;0&#8243; el_class=&#8221;boite-ico&#8221; limit_content=&#8221;&#8221;][vc_column_inner column_width_percent=&#8221;100&#8243; align_horizontal=&#8221;align_center&#8221; gutter_size=&#8221;3&#8243; style=&#8221;dark&#8221; back_image=&#8221;86285&#8243; overlay_color=&#8221;color-889485&#8243; overlay_alpha=&#8221;75&#8243; shift_x=&#8221;0&#8243; shift_y=&#8221;0&#8243; shift_y_down=&#8221;0&#8243; z_index=&#8221;0&#8243; medium_width=&#8221;0&#8243; mobile_width=&#8221;0&#8243; width=&#8221;1\/1&#8243;][vc_icon icon_image=&#8221;83376&#8243; text_size=&#8221;fontsize-155944&#8243; text_weight=&#8221;700&#8243; linked_title=&#8221;yes&#8221; link=&#8221;url:http%3A%2F%2Ftetrachim.com%2Fyour-markets%2Fpackaging%2F|title:Imballaggio|&#8221; link_text=&#8221;http:\/\/www.tetrachim.com\/your-markets\/packaging\/&#8221;]<\/p>\n<h3>Imballaggio<\/h3>\n<p>Le aziende di packaging devono coniugare qualit\u00e0 e competitivit\u00e0. Pertanto, l&#8217;aumento della produttivit\u00e0 e del flusso di produzione sono tra le loro priorit\u00e0. <\/p>\n<p><a href=\"http:\/\/www.tetrachim.com\/your-markets\/packaging\/\">Per saperne di pi\u00f9<\/a>[\/vc_icon][\/vc_column_inner][\/vc_row_inner][vc_row_inner row_inner_height_percent=&#8221;0&#8243; overlay_alpha=&#8221;50&#8243; gutter_size=&#8221;0&#8243; shift_y=&#8221;0&#8243; z_index=&#8221;0&#8243; el_class=&#8221;boite-ico&#8221; limit_content=&#8221;&#8221;][vc_column_inner column_width_percent=&#8221;100&#8243; align_horizontal=&#8221;align_center&#8221; gutter_size=&#8221;3&#8243; back_image=&#8221;86262&#8243; overlay_color=&#8221;color-xsdn&#8221; overlay_alpha=&#8221;90&#8243; shift_x=&#8221;0&#8243; shift_y=&#8221;0&#8243; shift_y_down=&#8221;0&#8243; z_index=&#8221;0&#8243; medium_width=&#8221;0&#8243; mobile_width=&#8221;0&#8243; width=&#8221;1\/1&#8243;][vc_icon icon_image=&#8221;83386&#8243; text_size=&#8221;fontsize-155944&#8243; text_weight=&#8221;700&#8243; linked_title=&#8221;yes&#8221; link=&#8221;url:http%3A%2F%2Ftetrachim.com%2Fyour-markets%2Fmedical-devices%2F|title:Dispositivi%20medici|&#8221; link_text=&#8221;http:\/\/www.tetrachim.com\/your-markets\/medical-devices\/&#8221;]<\/p>\n<h3>Assistenza sanitaria<\/h3>\n<p>Quando \u00e8 in gioco la salute del paziente, i medici hanno bisogno di apparecchiature affidabili che funzionino in modo efficiente con il massimo livello di igiene.<\/p>\n<p><a href=\"http:\/\/www.tetrachim.com\/your-markets\/medical-devices\/\">Per saperne di pi\u00f9<\/a>[\/vc_icon][\/vc_column_inner][\/vc_row_inner][\/vc_column][\/vc_row][\/vc_section]<\/p>\n<\/div>","protected":false},"excerpt":{"rendered":"<p>[vc_row unlock_row_content=&#8221;yes&#8221; row_height_percent=&#8221;0&#8243; override_padding=&#8221;yes&#8221; h_padding=&#8221;0&#8243; top_padding=&#8221;0&#8243; bottom_padding=&#8221;0&#8243; back_image=&#8221;83397&#8243; overlay_alpha=&#8221;50&#8243; gutter_size=&#8221;3&#8243; column_width_percent=&#8221;100&#8243; shift_y=&#8221;0&#8243; z_index=&#8221;0&#8243; row_height_pixel=&#8221;200px&#8221; el_id=&#8221;bandeau-page&#8221; front_end_with_slider=&#8221;true&#8221;][vc_column column_width_percent=&#8221;100&#8243; position_vertical=&#8221;middle&#8221; gutter_size=&#8221;3&#8243; override_padding=&#8221;yes&#8221; [&hellip;]<\/p>\n","protected":false},"author":1,"featured_media":0,"parent":0,"menu_order":0,"comment_status":"closed","ping_status":"closed","template":"","meta":{"footnotes":""},"class_list":["post-100122","page","type-page","status-publish","hentry"],"yoast_head":"<!-- This site is optimized with the Yoast SEO plugin v27.5 - https:\/\/yoast.com\/product\/yoast-seo-wordpress\/ -->\n<title>I vostri mercati - Tetrachim<\/title>\n<meta name=\"robots\" content=\"index, follow, max-snippet:-1, max-image-preview:large, max-video-preview:-1\" \/>\n<link rel=\"canonical\" href=\"https:\/\/www.tetrachim.com\/it\/i-vostri-mercati\/\" \/>\n<meta property=\"og:locale\" content=\"it_IT\" \/>\n<meta property=\"og:type\" content=\"article\" \/>\n<meta property=\"og:title\" content=\"I vostri mercati - Tetrachim\" \/>\n<meta property=\"og:description\" content=\"[vc_row unlock_row_content=&#8221;yes&#8221; row_height_percent=&#8221;0&#8243; override_padding=&#8221;yes&#8221; h_padding=&#8221;0&#8243; top_padding=&#8221;0&#8243; bottom_padding=&#8221;0&#8243; back_image=&#8221;83397&#8243; overlay_alpha=&#8221;50&#8243; gutter_size=&#8221;3&#8243; column_width_percent=&#8221;100&#8243; shift_y=&#8221;0&#8243; z_index=&#8221;0&#8243; row_height_pixel=&#8221;200px&#8221; el_id=&#8221;bandeau-page&#8221; front_end_with_slider=&#8221;true&#8221;][vc_column column_width_percent=&#8221;100&#8243; position_vertical=&#8221;middle&#8221; gutter_size=&#8221;3&#8243; override_padding=&#8221;yes&#8221; [&hellip;]\" \/>\n<meta property=\"og:url\" content=\"https:\/\/www.tetrachim.com\/it\/i-vostri-mercati\/\" \/>\n<meta property=\"og:site_name\" content=\"Tetrachim\" \/>\n<meta property=\"article:modified_time\" content=\"2025-07-30T14:18:30+00:00\" \/>\n<meta name=\"twitter:card\" content=\"summary_large_image\" \/>\n<meta name=\"twitter:site\" content=\"@Tetrachim\" \/>\n<meta name=\"twitter:label1\" content=\"Tempo di lettura stimato\" \/>\n\t<meta name=\"twitter:data1\" content=\"4 minuti\" \/>\n<script type=\"application\/ld+json\" class=\"yoast-schema-graph\">{\"@context\":\"https:\\\/\\\/schema.org\",\"@graph\":[{\"@type\":\"WebPage\",\"@id\":\"https:\\\/\\\/www.tetrachim.com\\\/it\\\/i-vostri-mercati\\\/\",\"url\":\"https:\\\/\\\/www.tetrachim.com\\\/it\\\/i-vostri-mercati\\\/\",\"name\":\"I vostri mercati - Tetrachim\",\"isPartOf\":{\"@id\":\"https:\\\/\\\/www.tetrachim.com\\\/it\\\/#website\"},\"datePublished\":\"2025-07-29T14:43:02+00:00\",\"dateModified\":\"2025-07-30T14:18:30+00:00\",\"breadcrumb\":{\"@id\":\"https:\\\/\\\/www.tetrachim.com\\\/it\\\/i-vostri-mercati\\\/#breadcrumb\"},\"inLanguage\":\"it-IT\",\"potentialAction\":[{\"@type\":\"ReadAction\",\"target\":[\"https:\\\/\\\/www.tetrachim.com\\\/it\\\/i-vostri-mercati\\\/\"]}]},{\"@type\":\"BreadcrumbList\",\"@id\":\"https:\\\/\\\/www.tetrachim.com\\\/it\\\/i-vostri-mercati\\\/#breadcrumb\",\"itemListElement\":[{\"@type\":\"ListItem\",\"position\":1,\"name\":\"\",\"item\":\"https:\\\/\\\/www.tetrachim.com\\\/it\\\/\"},{\"@type\":\"ListItem\",\"position\":2,\"name\":\"I vostri mercati\"}]},{\"@type\":\"WebSite\",\"@id\":\"https:\\\/\\\/www.tetrachim.com\\\/it\\\/#website\",\"url\":\"https:\\\/\\\/www.tetrachim.com\\\/it\\\/\",\"name\":\"Tetrachim\",\"description\":\"Rev\u00eatements high-tech\",\"publisher\":{\"@id\":\"https:\\\/\\\/www.tetrachim.com\\\/it\\\/#organization\"},\"potentialAction\":[{\"@type\":\"SearchAction\",\"target\":{\"@type\":\"EntryPoint\",\"urlTemplate\":\"https:\\\/\\\/www.tetrachim.com\\\/it\\\/?s={search_term_string}\"},\"query-input\":{\"@type\":\"PropertyValueSpecification\",\"valueRequired\":true,\"valueName\":\"search_term_string\"}}],\"inLanguage\":\"it-IT\"},{\"@type\":\"Organization\",\"@id\":\"https:\\\/\\\/www.tetrachim.com\\\/it\\\/#organization\",\"name\":\"Tetrachim\",\"url\":\"https:\\\/\\\/www.tetrachim.com\\\/it\\\/\",\"logo\":{\"@type\":\"ImageObject\",\"inLanguage\":\"it-IT\",\"@id\":\"https:\\\/\\\/www.tetrachim.com\\\/it\\\/#\\\/schema\\\/logo\\\/image\\\/\",\"url\":\"https:\\\/\\\/www.tetrachim.com\\\/wp-content\\\/uploads\\\/2020\\\/07\\\/logo-tetrachim.png\",\"contentUrl\":\"https:\\\/\\\/www.tetrachim.com\\\/wp-content\\\/uploads\\\/2020\\\/07\\\/logo-tetrachim.png\",\"width\":244,\"height\":51,\"caption\":\"Tetrachim\"},\"image\":{\"@id\":\"https:\\\/\\\/www.tetrachim.com\\\/it\\\/#\\\/schema\\\/logo\\\/image\\\/\"},\"sameAs\":[\"https:\\\/\\\/x.com\\\/Tetrachim\",\"https:\\\/\\\/www.linkedin.com\\\/company\\\/tetrachim\\\/\"]}]}<\/script>\n<!-- \/ Yoast SEO plugin. -->","yoast_head_json":{"title":"I vostri mercati - Tetrachim","robots":{"index":"index","follow":"follow","max-snippet":"max-snippet:-1","max-image-preview":"max-image-preview:large","max-video-preview":"max-video-preview:-1"},"canonical":"https:\/\/www.tetrachim.com\/it\/i-vostri-mercati\/","og_locale":"it_IT","og_type":"article","og_title":"I vostri mercati - Tetrachim","og_description":"[vc_row unlock_row_content=&#8221;yes&#8221; row_height_percent=&#8221;0&#8243; override_padding=&#8221;yes&#8221; h_padding=&#8221;0&#8243; top_padding=&#8221;0&#8243; bottom_padding=&#8221;0&#8243; back_image=&#8221;83397&#8243; overlay_alpha=&#8221;50&#8243; gutter_size=&#8221;3&#8243; column_width_percent=&#8221;100&#8243; shift_y=&#8221;0&#8243; z_index=&#8221;0&#8243; row_height_pixel=&#8221;200px&#8221; el_id=&#8221;bandeau-page&#8221; front_end_with_slider=&#8221;true&#8221;][vc_column column_width_percent=&#8221;100&#8243; position_vertical=&#8221;middle&#8221; gutter_size=&#8221;3&#8243; override_padding=&#8221;yes&#8221; [&hellip;]","og_url":"https:\/\/www.tetrachim.com\/it\/i-vostri-mercati\/","og_site_name":"Tetrachim","article_modified_time":"2025-07-30T14:18:30+00:00","twitter_card":"summary_large_image","twitter_site":"@Tetrachim","twitter_misc":{"Tempo di lettura stimato":"4 minuti"},"schema":{"@context":"https:\/\/schema.org","@graph":[{"@type":"WebPage","@id":"https:\/\/www.tetrachim.com\/it\/i-vostri-mercati\/","url":"https:\/\/www.tetrachim.com\/it\/i-vostri-mercati\/","name":"I vostri mercati - Tetrachim","isPartOf":{"@id":"https:\/\/www.tetrachim.com\/it\/#website"},"datePublished":"2025-07-29T14:43:02+00:00","dateModified":"2025-07-30T14:18:30+00:00","breadcrumb":{"@id":"https:\/\/www.tetrachim.com\/it\/i-vostri-mercati\/#breadcrumb"},"inLanguage":"it-IT","potentialAction":[{"@type":"ReadAction","target":["https:\/\/www.tetrachim.com\/it\/i-vostri-mercati\/"]}]},{"@type":"BreadcrumbList","@id":"https:\/\/www.tetrachim.com\/it\/i-vostri-mercati\/#breadcrumb","itemListElement":[{"@type":"ListItem","position":1,"name":"","item":"https:\/\/www.tetrachim.com\/it\/"},{"@type":"ListItem","position":2,"name":"I vostri mercati"}]},{"@type":"WebSite","@id":"https:\/\/www.tetrachim.com\/it\/#website","url":"https:\/\/www.tetrachim.com\/it\/","name":"Tetrachim","description":"Rev\u00eatements high-tech","publisher":{"@id":"https:\/\/www.tetrachim.com\/it\/#organization"},"potentialAction":[{"@type":"SearchAction","target":{"@type":"EntryPoint","urlTemplate":"https:\/\/www.tetrachim.com\/it\/?s={search_term_string}"},"query-input":{"@type":"PropertyValueSpecification","valueRequired":true,"valueName":"search_term_string"}}],"inLanguage":"it-IT"},{"@type":"Organization","@id":"https:\/\/www.tetrachim.com\/it\/#organization","name":"Tetrachim","url":"https:\/\/www.tetrachim.com\/it\/","logo":{"@type":"ImageObject","inLanguage":"it-IT","@id":"https:\/\/www.tetrachim.com\/it\/#\/schema\/logo\/image\/","url":"https:\/\/www.tetrachim.com\/wp-content\/uploads\/2020\/07\/logo-tetrachim.png","contentUrl":"https:\/\/www.tetrachim.com\/wp-content\/uploads\/2020\/07\/logo-tetrachim.png","width":244,"height":51,"caption":"Tetrachim"},"image":{"@id":"https:\/\/www.tetrachim.com\/it\/#\/schema\/logo\/image\/"},"sameAs":["https:\/\/x.com\/Tetrachim","https:\/\/www.linkedin.com\/company\/tetrachim\/"]}]}},"_links":{"self":[{"href":"https:\/\/www.tetrachim.com\/it\/wp-json\/wp\/v2\/pages\/100122","targetHints":{"allow":["GET"]}}],"collection":[{"href":"https:\/\/www.tetrachim.com\/it\/wp-json\/wp\/v2\/pages"}],"about":[{"href":"https:\/\/www.tetrachim.com\/it\/wp-json\/wp\/v2\/types\/page"}],"author":[{"embeddable":true,"href":"https:\/\/www.tetrachim.com\/it\/wp-json\/wp\/v2\/users\/1"}],"replies":[{"embeddable":true,"href":"https:\/\/www.tetrachim.com\/it\/wp-json\/wp\/v2\/comments?post=100122"}],"version-history":[{"count":10,"href":"https:\/\/www.tetrachim.com\/it\/wp-json\/wp\/v2\/pages\/100122\/revisions"}],"predecessor-version":[{"id":100787,"href":"https:\/\/www.tetrachim.com\/it\/wp-json\/wp\/v2\/pages\/100122\/revisions\/100787"}],"wp:attachment":[{"href":"https:\/\/www.tetrachim.com\/it\/wp-json\/wp\/v2\/media?parent=100122"}],"curies":[{"name":"wp","href":"https:\/\/api.w.org\/{rel}","templated":true}]}}