{"id":100129,"date":"2025-07-29T16:43:08","date_gmt":"2025-07-29T14:43:08","guid":{"rendered":"https:\/\/www.tetrachim.com\/termini-legali\/"},"modified":"2025-07-29T16:43:15","modified_gmt":"2025-07-29T14:43:15","slug":"termini-legali","status":"publish","type":"page","link":"https:\/\/www.tetrachim.com\/it\/termini-legali\/","title":{"rendered":"Termini legali"},"content":{"rendered":"<div class=\"wpb-content-wrapper\"><p>[vc_row unlock_row_content=&#8221;yes&#8221; row_height_percent=&#8221;0&#8243; override_padding=&#8221;yes&#8221; h_padding=&#8221;0&#8243; top_padding=&#8221;0&#8243; bottom_padding=&#8221;0&#8243; back_image=&#8221;83397&#8243; overlay_alpha=&#8221;50&#8243; gutter_size=&#8221;3&#8243; column_width_percent=&#8221;100&#8243; shift_y=&#8221;0&#8243; z_index=&#8221;0&#8243; row_height_pixel=&#8221;200px&#8221; el_id=&#8221;pagina a fascia&#8221; front_end_with_slider=&#8221;true&#8221;][vc_column column_width_percent=&#8221;100&#8243; position_vertical=&#8221;middle&#8221; gutter_size=&#8221;3&#8243; override_padding=&#8221;yes&#8221; column_padding=&#8221;0&#8243; overlay_alpha=&#8221;50&#8243; shift_x=&#8221;0&#8243; shift_y=&#8221;0&#8243; shift_y_down=&#8221;0&#8243; z_index=&#8221;0&#8243; medium_width=&#8221;0&#8243; mobile_width=&#8221;0&#8243; width=&#8221;1\/1&#8243;][vc_row_inner row_inner_height_percent=&#8221;100&#8243; back_image=&#8221;85629&#8243; back_position=&#8221;left center&#8221; overlay_alpha=&#8221;50&#8243; equal_height=&#8221;yes&#8221; gutter_size=&#8221;3&#8243; shift_y=&#8221;0&#8243; z_index=&#8221;0&#8243; back_size=&#8221;auto 100%&#8221; el_class=&#8221;rangee-reduite-plus&#8221; row_height_pixel=&#8221;200px&#8221; limit_content=&#8221;&#8221;][vc_column_inner column_width_percent=&#8221;66&#8243; position_horizontal=&#8221;left&#8221; position_vertical=&#8221;middle&#8221; gutter_size=&#8221;3&#8243; overlay_alpha=&#8221;50&#8243; shift_x=&#8221;0&#8243; shift_y=&#8221;0&#8243; shift_y_down=&#8221;0&#8243; z_index=&#8221;0&#8243; medium_width=&#8221;0&#8243; mobile_width=&#8221;0&#8243; width=&#8221;1\/1&#8243;][vc_custom_heading heading_semantic=&#8221;h1&#8243; text_font=&#8221;font-112492&#8243; text_color=&#8221;color-889485&#8243; css_animation=&#8221;left-t-right&#8221;]<strong>Termini<\/strong> legali[\/vc_custom_heading][vc_column_text css_animation=&#8221;left-t-right&#8221; animation_delay=&#8221;200&#8243;]<span><span><a href=\"https:\/\/www.tetrachim.com\/it\/\"><i class=\"menu-icon fa fa-home3\"><\/i><\/a><\/span><\/span>[\/vc_column_text][\/vc_column_inner][\/vc_row_inner][vc_single_image media=&#8221;89062&#8243; media_width_use_pixel=&#8221;yes&#8221; alignment=&#8221;right&#8221; shadow=&#8221;yes&#8221; shadow_weight=&#8221;lg&#8221; css_animation=&#8221;right-t-left&#8221; animation_speed=&#8221;400&#8243; media_width_pixel=&#8221;560&#8243;][\/vc_column][\/vc_row][vc_section back_image=&#8221;85635&#8243; back_repeat=&#8221;no-repeat&#8221; back_position=&#8221;right center&#8221; overlay_alpha=&#8221;50&#8243; el_class=&#8221;section-fleche&#8221; back_size=&#8221;260px auto&#8221; el_id=&#8221;mentions-legales&#8221;][vc_row row_height_percent=&#8221;0&#8243; override_padding=&#8221;yes&#8221; h_padding=&#8221;2&#8243; top_padding=&#8221;3&#8243; bottom_padding=&#8221;3&#8243; overlay_alpha=&#8221;50&#8243; gutter_size=&#8221;3&#8243; column_width_percent=&#8221;100&#8243; shift_y=&#8221;0&#8243; z_index=&#8221;0&#8243;][vc_column width=&#8221;1\/1&#8243;][vc_column_text]<\/p>\n<h2>tetrachim.com \u00e8 pubblicato da:<\/h2>\n<p>[\/vc_column_text][vc_row_inner limit_content=&#8221;&#8221;][vc_column_inner width=&#8221;1\/2&#8243;][vc_column_text]<strong>Tetrachim<\/strong><br \/>SASU con un capitale di 3.192.000 \u20ac<br \/>Indirizzo: 12 rue de la Mare Blanche 77186 NOISIEL, FRANCE<\/p>\n<p>Direttore editoriale: Mme Christine Deleu<br \/>Diritti d&#8217;immagine: Adobe Stock, Unsplash, Pexels, immagini proprietarie[\/vc_column_text][\/vc_column_inner][vc_column_inner width=&#8221;1\/2&#8243;][vc_column_text]RCS : Meaux<br \/>IVA intra-UE: FR32301639290<br \/>Telefono: +33 (0)1 61 44 02 90<br \/>Email : <a href=\"mailto:info@tetrachim.com\">info@tetrachim.com<\/a>[\/vc_column_text][\/vc_column_inner][\/vc_row_inner][vc_row_inner limit_content=&#8221;&#8221;][vc_column_inner width=&#8221;1\/2&#8243;][vc_column_text]<\/p>\n<h2>Il sito web tetrachim.com \u00e8 ospitato da:<\/h2>\n<p>OVH<br \/>2 rue kellermann<br \/>BP 80157<br \/>59053 ROUBAIX Cedex 1<br \/>T\u00e9l\u00e9phone :+33 (0)8 203 203 63<br \/>E-mail : support@ovh.com[\/vc_column_text][\/vc_column_inner][vc_column_inner width=&#8221;1\/2&#8243;][vc_column_text]<\/p>\n<h2>Il sito web tetrachim.com \u00e8 stato progettato da:<\/h2>\n<p>Agence web Enjin<br \/>E-mail : <a href=\"mailto:contact@enjin.fr\">contact@enjin.fr<\/a><br \/>Sito internet : <a href=\"https:\/\/www.enjin.fr\">www.enjin.fr<\/a>[\/vc_column_text][\/vc_column_inner][\/vc_row_inner][vc_column_text]<\/p>\n<h2>Propriet\u00e0 intellettuale<\/h2>\n<p>Il contenuto del sito tetrachim.com (struttura, design, testo, immagini, animazioni, logo) \u00e8 di propriet\u00e0 esclusiva di Tetrachim. \u00c8 severamente vietato l&#8217;uso di qualsiasi elemento del sito tetrachim.com, compresa la riproduzione, la modifica, la diffusione o la ripubblicazione senza il preventivo consenso scritto di Tetrachim. Qualsiasi richiesta di approvazione per la riproduzione totale o parziale di questo sito deve essere inviata a info@tetrachim.com.  <\/p>\n<h2>Limitazione di responsabilit\u00e0<\/h2>\n<p>Il sito tetrachim.com non pu\u00f2 essere ritenuto responsabile degli errori riscontrati sul sito, dei problemi tecnici, dell&#8217;interpretazione delle informazioni pubblicate e delle conseguenze del loro utilizzo. Di conseguenza, l&#8217;utente riconosce di utilizzare queste informazioni sotto la sua esclusiva responsabilit\u00e0. <\/p>\n<h2>Politica sui cookie<\/h2>\n<p>Il sito tetrachim.com utilizza i cookie, piccoli file di testo che vengono collocati sul vostro computer per aiutarci a fornire una migliore esperienza all&#8217;utente. I cookie vengono utilizzati sul nostro sito per fornire dati di tracciamento anonimi a un&#8217;applicazione di terze parti: Google Analytics. Di norma, i cookie migliorano la vostra esperienza di navigazione. Tuttavia, \u00e8 possibile disabilitare i cookie su questo sito disabilitando i cookie nel proprio browser. Il rifiuto di installare un cookie pu\u00f2 comportare l&#8217;impossibilit\u00e0 di accedere ad alcuni servizi. \u00c8 comunque possibile configurare il proprio browser in modo da rifiutare l&#8217;installazione dei cookie:     <\/p>\n<ul>\n<li>Per Internet Explorer : <a href=\"https:\/\/support.microsoft.com\/en-us\/help\/17442\/windows-internet-explorer-delete-manage-cookies\" target=\"_blank\" rel=\"\u00bbnoopener\u00bb noopener noreferrer\">https:\/\/support.microsoft.com\/en-us\/help\/17442\/windows-internet-explorer-delete-manage-cookies<\/a><\/li>\n<li>Per Firefox : <a href=\"https:\/\/support.mozilla.org\/en-US\/kb\/block-websites-storing-cookies-site-data-firefox\" target=\"_blank\" rel=\"\u00bbnoopener\u00bb noopener noreferrer\">https:\/\/support.mozilla.org\/en-US\/kb\/block-websites-storing-cookies-site-data-firefox<\/a><\/li>\n<li>Per Safari : <a href=\"https:\/\/support.apple.com\/en-us\/HT201265\" target=\"_blank\" rel=\"\u00bbnoopener\u00bb noopener noreferrer\">https:\/\/support.apple.com\/en-us\/HT201265<\/a><\/li>\n<li>Per Chrome : <a href=\"https:\/\/support.google.com\/chrome\/answer\/95647?co=GENIE.Platform%3DDesktop&amp;hl=en\" target=\"_blank\" rel=\"\u00bbnoopener\u00bb noopener noreferrer\">https:\/\/support.google.com\/chrome\/answer\/95647?co=GENIE.Platform%3DDesktop&amp;hl=en<\/a><\/li>\n<\/ul>\n<h2>Informativa sulla privacy<\/h2>\n<p>La presente Informativa sulla privacy illustra in dettaglio i termini e le condizioni per la raccolta, l&#8217;utilizzo e la condivisione di qualsiasi dato personale o non personale che l&#8217;utente fornisce a Tetrachim quando utilizza il nostro sito web.<\/p>\n<h3>&#8211; Definizione di dati personali e non personali<\/h3>\n<p>I dati personali (&#8220;dati personali&#8221;) si riferiscono a qualsiasi informazione che vi identifica in modo specifico come persona, mentre i dati non personali (&#8220;dati non personali&#8221;) si riferiscono a qualsiasi informazione che non vi identifica in modo specifico come persona.<br \/>Tetrachim si atterr\u00e0 sempre alla definizione normativa applicabile per determinare quali dati sono personali e quali no per rispettare la presente Informativa sulla privacy. Quando la presente Informativa sulla privacy fa riferimento ai &#8220;dati&#8221; o ai &#8220;vostri dati&#8221;, questi possono includere sia dati personali che dati non personali. <\/p>\n<p>La presente informativa sulla privacy si applica solo ai dati raccolti dal nostro sito.<\/p>\n<h3>&#8211; Dati raccolti e utilizzo<\/h3>\n<p>I dati raccolti su tetrachim.com sono utilizzati esclusivamente nel quadro giuridico applicabile in Francia per il rispetto della privacy individuale. Tetrachim \u00e8 l&#8217;unico destinatario di questi dati.<br \/>Quando si utilizza il sito web tetrachim.com, possono essere raccolti i seguenti dati personali: <\/p>\n<ul>\n<li>l&#8217;URL dei link attraverso i quali si \u00e8 acceduto al sito tetrachim.com,<\/li>\n<li>il vostro indirizzo IP.<\/li>\n<\/ul>\n<p>Questi dati vengono utilizzati per facilitare la navigazione sul sito e per consentire la misurazione del traffico sul sito.<\/p>\n<p>Quando si invia un modulo utilizzando il nostro modulo di contatto:<\/p>\n<ul>\n<li>Cognome e nome<\/li>\n<li>Indirizzo e-mail<\/li>\n<li>La vostra azienda<\/li>\n<li>Il vostro indirizzo<\/li>\n<\/ul>\n<p>Questi dati vengono utilizzati solo per rispondere alla vostra richiesta via e-mail o telefono.<\/p>\n<p>Tetrachim \u00e8 l&#8217;unico destinatario di questi dati. Tutti i dati personali raccolti sul nostro sito non sono e non saranno pubblicati senza l&#8217;esplicita conoscenza dell&#8217;utente, n\u00e9 scambiati, trasferiti, assegnati o venduti a terzi. <\/p>\n<h3>&#8211; Esercitare i propri diritti sui dati personali<\/h3>\n<p>Avete il diritto di accedere, modificare, correggere e cancellare i dati raccolti su questo sito, alle condizioni previste dall&#8217;articolo 31 della legge del 6 gennaio 1978, modificata in materia di trattamento dei dati, archivi e libert\u00e0, e a quelle previste dal regolamento europeo 2016\/679 del 27 aprile 2016 (RGPD). Per esercitare questo diritto, vi preghiamo di contattarci tramite il<a href=\"http:\/\/www.tetrachim.com\/contact\/\" target=\"_blank\" rel=\"noopener noreferrer\"> nostro modulo di contatto<\/a>.[\/vc_column_text][\/vc_column][\/vc_row][\/vc_section]<\/p>\n<\/div>","protected":false},"excerpt":{"rendered":"<p>[vc_row unlock_row_content=&#8221;yes&#8221; row_height_percent=&#8221;0&#8243; override_padding=&#8221;yes&#8221; h_padding=&#8221;0&#8243; top_padding=&#8221;0&#8243; bottom_padding=&#8221;0&#8243; back_image=&#8221;83397&#8243; overlay_alpha=&#8221;50&#8243; gutter_size=&#8221;3&#8243; column_width_percent=&#8221;100&#8243; shift_y=&#8221;0&#8243; z_index=&#8221;0&#8243; row_height_pixel=&#8221;200px&#8221; el_id=&#8221;pagina a fascia&#8221; front_end_with_slider=&#8221;true&#8221;][vc_column column_width_percent=&#8221;100&#8243; position_vertical=&#8221;middle&#8221; [&hellip;]<\/p>\n","protected":false},"author":1,"featured_media":0,"parent":0,"menu_order":0,"comment_status":"closed","ping_status":"closed","template":"","meta":{"footnotes":""},"class_list":["post-100129","page","type-page","status-publish","hentry"],"yoast_head":"<!-- This site is optimized with the Yoast SEO plugin v27.5 - https:\/\/yoast.com\/product\/yoast-seo-wordpress\/ -->\n<title>Termini legali - Tetrachim<\/title>\n<meta name=\"robots\" content=\"index, follow, max-snippet:-1, max-image-preview:large, max-video-preview:-1\" \/>\n<link rel=\"canonical\" href=\"https:\/\/www.tetrachim.com\/it\/termini-legali\/\" \/>\n<meta property=\"og:locale\" content=\"it_IT\" \/>\n<meta property=\"og:type\" content=\"article\" \/>\n<meta property=\"og:title\" content=\"Termini legali - Tetrachim\" \/>\n<meta property=\"og:description\" content=\"[vc_row unlock_row_content=&#8221;yes&#8221; row_height_percent=&#8221;0&#8243; override_padding=&#8221;yes&#8221; h_padding=&#8221;0&#8243; top_padding=&#8221;0&#8243; bottom_padding=&#8221;0&#8243; back_image=&#8221;83397&#8243; overlay_alpha=&#8221;50&#8243; gutter_size=&#8221;3&#8243; column_width_percent=&#8221;100&#8243; shift_y=&#8221;0&#8243; z_index=&#8221;0&#8243; row_height_pixel=&#8221;200px&#8221; el_id=&#8221;pagina a fascia&#8221; front_end_with_slider=&#8221;true&#8221;][vc_column column_width_percent=&#8221;100&#8243; position_vertical=&#8221;middle&#8221; [&hellip;]\" \/>\n<meta property=\"og:url\" content=\"https:\/\/www.tetrachim.com\/it\/termini-legali\/\" \/>\n<meta property=\"og:site_name\" content=\"Tetrachim\" \/>\n<meta property=\"article:modified_time\" content=\"2025-07-29T14:43:15+00:00\" \/>\n<meta name=\"twitter:card\" content=\"summary_large_image\" \/>\n<meta name=\"twitter:site\" content=\"@Tetrachim\" \/>\n<meta name=\"twitter:label1\" content=\"Tempo di lettura stimato\" \/>\n\t<meta name=\"twitter:data1\" content=\"5 minuti\" \/>\n<script type=\"application\/ld+json\" class=\"yoast-schema-graph\">{\"@context\":\"https:\\\/\\\/schema.org\",\"@graph\":[{\"@type\":\"WebPage\",\"@id\":\"https:\\\/\\\/www.tetrachim.com\\\/it\\\/termini-legali\\\/\",\"url\":\"https:\\\/\\\/www.tetrachim.com\\\/it\\\/termini-legali\\\/\",\"name\":\"Termini legali - Tetrachim\",\"isPartOf\":{\"@id\":\"https:\\\/\\\/www.tetrachim.com\\\/it\\\/#website\"},\"datePublished\":\"2025-07-29T14:43:08+00:00\",\"dateModified\":\"2025-07-29T14:43:15+00:00\",\"breadcrumb\":{\"@id\":\"https:\\\/\\\/www.tetrachim.com\\\/it\\\/termini-legali\\\/#breadcrumb\"},\"inLanguage\":\"it-IT\",\"potentialAction\":[{\"@type\":\"ReadAction\",\"target\":[\"https:\\\/\\\/www.tetrachim.com\\\/it\\\/termini-legali\\\/\"]}]},{\"@type\":\"BreadcrumbList\",\"@id\":\"https:\\\/\\\/www.tetrachim.com\\\/it\\\/termini-legali\\\/#breadcrumb\",\"itemListElement\":[{\"@type\":\"ListItem\",\"position\":1,\"name\":\"\",\"item\":\"https:\\\/\\\/www.tetrachim.com\\\/it\\\/\"},{\"@type\":\"ListItem\",\"position\":2,\"name\":\"Termini legali\"}]},{\"@type\":\"WebSite\",\"@id\":\"https:\\\/\\\/www.tetrachim.com\\\/it\\\/#website\",\"url\":\"https:\\\/\\\/www.tetrachim.com\\\/it\\\/\",\"name\":\"Tetrachim\",\"description\":\"Rev\u00eatements high-tech\",\"publisher\":{\"@id\":\"https:\\\/\\\/www.tetrachim.com\\\/it\\\/#organization\"},\"potentialAction\":[{\"@type\":\"SearchAction\",\"target\":{\"@type\":\"EntryPoint\",\"urlTemplate\":\"https:\\\/\\\/www.tetrachim.com\\\/it\\\/?s={search_term_string}\"},\"query-input\":{\"@type\":\"PropertyValueSpecification\",\"valueRequired\":true,\"valueName\":\"search_term_string\"}}],\"inLanguage\":\"it-IT\"},{\"@type\":\"Organization\",\"@id\":\"https:\\\/\\\/www.tetrachim.com\\\/it\\\/#organization\",\"name\":\"Tetrachim\",\"url\":\"https:\\\/\\\/www.tetrachim.com\\\/it\\\/\",\"logo\":{\"@type\":\"ImageObject\",\"inLanguage\":\"it-IT\",\"@id\":\"https:\\\/\\\/www.tetrachim.com\\\/it\\\/#\\\/schema\\\/logo\\\/image\\\/\",\"url\":\"https:\\\/\\\/www.tetrachim.com\\\/wp-content\\\/uploads\\\/2020\\\/07\\\/logo-tetrachim.png\",\"contentUrl\":\"https:\\\/\\\/www.tetrachim.com\\\/wp-content\\\/uploads\\\/2020\\\/07\\\/logo-tetrachim.png\",\"width\":244,\"height\":51,\"caption\":\"Tetrachim\"},\"image\":{\"@id\":\"https:\\\/\\\/www.tetrachim.com\\\/it\\\/#\\\/schema\\\/logo\\\/image\\\/\"},\"sameAs\":[\"https:\\\/\\\/x.com\\\/Tetrachim\",\"https:\\\/\\\/www.linkedin.com\\\/company\\\/tetrachim\\\/\"]}]}<\/script>\n<!-- \/ Yoast SEO plugin. -->","yoast_head_json":{"title":"Termini legali - Tetrachim","robots":{"index":"index","follow":"follow","max-snippet":"max-snippet:-1","max-image-preview":"max-image-preview:large","max-video-preview":"max-video-preview:-1"},"canonical":"https:\/\/www.tetrachim.com\/it\/termini-legali\/","og_locale":"it_IT","og_type":"article","og_title":"Termini legali - Tetrachim","og_description":"[vc_row unlock_row_content=&#8221;yes&#8221; row_height_percent=&#8221;0&#8243; override_padding=&#8221;yes&#8221; h_padding=&#8221;0&#8243; top_padding=&#8221;0&#8243; bottom_padding=&#8221;0&#8243; back_image=&#8221;83397&#8243; overlay_alpha=&#8221;50&#8243; gutter_size=&#8221;3&#8243; column_width_percent=&#8221;100&#8243; shift_y=&#8221;0&#8243; z_index=&#8221;0&#8243; row_height_pixel=&#8221;200px&#8221; el_id=&#8221;pagina a fascia&#8221; front_end_with_slider=&#8221;true&#8221;][vc_column column_width_percent=&#8221;100&#8243; position_vertical=&#8221;middle&#8221; [&hellip;]","og_url":"https:\/\/www.tetrachim.com\/it\/termini-legali\/","og_site_name":"Tetrachim","article_modified_time":"2025-07-29T14:43:15+00:00","twitter_card":"summary_large_image","twitter_site":"@Tetrachim","twitter_misc":{"Tempo di lettura stimato":"5 minuti"},"schema":{"@context":"https:\/\/schema.org","@graph":[{"@type":"WebPage","@id":"https:\/\/www.tetrachim.com\/it\/termini-legali\/","url":"https:\/\/www.tetrachim.com\/it\/termini-legali\/","name":"Termini legali - Tetrachim","isPartOf":{"@id":"https:\/\/www.tetrachim.com\/it\/#website"},"datePublished":"2025-07-29T14:43:08+00:00","dateModified":"2025-07-29T14:43:15+00:00","breadcrumb":{"@id":"https:\/\/www.tetrachim.com\/it\/termini-legali\/#breadcrumb"},"inLanguage":"it-IT","potentialAction":[{"@type":"ReadAction","target":["https:\/\/www.tetrachim.com\/it\/termini-legali\/"]}]},{"@type":"BreadcrumbList","@id":"https:\/\/www.tetrachim.com\/it\/termini-legali\/#breadcrumb","itemListElement":[{"@type":"ListItem","position":1,"name":"","item":"https:\/\/www.tetrachim.com\/it\/"},{"@type":"ListItem","position":2,"name":"Termini legali"}]},{"@type":"WebSite","@id":"https:\/\/www.tetrachim.com\/it\/#website","url":"https:\/\/www.tetrachim.com\/it\/","name":"Tetrachim","description":"Rev\u00eatements high-tech","publisher":{"@id":"https:\/\/www.tetrachim.com\/it\/#organization"},"potentialAction":[{"@type":"SearchAction","target":{"@type":"EntryPoint","urlTemplate":"https:\/\/www.tetrachim.com\/it\/?s={search_term_string}"},"query-input":{"@type":"PropertyValueSpecification","valueRequired":true,"valueName":"search_term_string"}}],"inLanguage":"it-IT"},{"@type":"Organization","@id":"https:\/\/www.tetrachim.com\/it\/#organization","name":"Tetrachim","url":"https:\/\/www.tetrachim.com\/it\/","logo":{"@type":"ImageObject","inLanguage":"it-IT","@id":"https:\/\/www.tetrachim.com\/it\/#\/schema\/logo\/image\/","url":"https:\/\/www.tetrachim.com\/wp-content\/uploads\/2020\/07\/logo-tetrachim.png","contentUrl":"https:\/\/www.tetrachim.com\/wp-content\/uploads\/2020\/07\/logo-tetrachim.png","width":244,"height":51,"caption":"Tetrachim"},"image":{"@id":"https:\/\/www.tetrachim.com\/it\/#\/schema\/logo\/image\/"},"sameAs":["https:\/\/x.com\/Tetrachim","https:\/\/www.linkedin.com\/company\/tetrachim\/"]}]}},"_links":{"self":[{"href":"https:\/\/www.tetrachim.com\/it\/wp-json\/wp\/v2\/pages\/100129","targetHints":{"allow":["GET"]}}],"collection":[{"href":"https:\/\/www.tetrachim.com\/it\/wp-json\/wp\/v2\/pages"}],"about":[{"href":"https:\/\/www.tetrachim.com\/it\/wp-json\/wp\/v2\/types\/page"}],"author":[{"embeddable":true,"href":"https:\/\/www.tetrachim.com\/it\/wp-json\/wp\/v2\/users\/1"}],"replies":[{"embeddable":true,"href":"https:\/\/www.tetrachim.com\/it\/wp-json\/wp\/v2\/comments?post=100129"}],"version-history":[{"count":1,"href":"https:\/\/www.tetrachim.com\/it\/wp-json\/wp\/v2\/pages\/100129\/revisions"}],"predecessor-version":[{"id":100132,"href":"https:\/\/www.tetrachim.com\/it\/wp-json\/wp\/v2\/pages\/100129\/revisions\/100132"}],"wp:attachment":[{"href":"https:\/\/www.tetrachim.com\/it\/wp-json\/wp\/v2\/media?parent=100129"}],"curies":[{"name":"wp","href":"https:\/\/api.w.org\/{rel}","templated":true}]}}