{"id":100294,"date":"2023-01-03T16:53:26","date_gmt":"2023-01-03T15:53:26","guid":{"rendered":"https:\/\/www.tetrachim.com\/product\/kepstan-6002-pl\/"},"modified":"2026-05-14T07:04:11","modified_gmt":"2026-05-14T05:04:11","slug":"kepstan-6002-pl","status":"publish","type":"product","link":"https:\/\/www.tetrachim.com\/it\/prodotto\/kepstan-6002-pl\/","title":{"rendered":"Kepstan 6002 PL"},"content":{"rendered":"<p>I rivestimenti in polvere a base di Kepstan\u00ae PEKK offrono un&#8217;eccezionale combinazione di propriet\u00e0 fisiche e facilit\u00e0 di applicazione che li rendono la scelta ideale per le applicazioni di rivestimento pi\u00f9 impegnative.<\/p>\n<p>Kepstan\u00ae PEKK fa parte della famiglia di polimeri ad altissime prestazioni PAEK. La sua struttura copolimerica unica si traduce in un materiale con elevata polarit\u00e0, un punto di fusione relativamente basso e un tasso di cristallizzazione lento. Queste propriet\u00e0 rendono il Kepstan\u00ae PEKK pi\u00f9 facile da applicare rispetto ai rivestimenti alternativi, pur avendo caratteristiche prestazionali tra le pi\u00f9 elevate disponibili.  <\/p>\n","protected":false},"excerpt":{"rendered":"<p>I rivestimenti in polvere Kepstan\u00ae PEKK sono a base di polietere-chetone-chetone. Si tratta del rivestimento in polvere pi\u00f9 performante di Arkema, in grado di sopravvivere all&#8217;esposizione ad alte temperature di utilizzo continuo e ad ambienti corrosivi, mantenendo una buona resistenza all&#8217;abrasione. Questo tipo di rivestimento Kepstan\u00ae PEKK pu\u00f2 essere applicato a spruzzo elettrostatico o a letto fluido.  <\/p>\n","protected":false},"featured_media":91177,"template":"","meta":[],"product_brand":[],"product_cat":[626],"product_tag":[],"class_list":{"0":"post-100294","1":"product","2":"type-product","3":"status-publish","4":"has-post-thumbnail","6":"supplier-arkema-it","7":"market-aerospaziale","8":"market-energia-elettricita","9":"market-chimica-acqua","10":"property-isolamento","11":"property-resistenza-alla-temperatura","12":"property-resistenza-chimica","13":"property-resistenza-allabrasione","14":"product_cat-kepstan-pekk-it","16":"first","17":"onbackorder","18":"taxable","19":"shipping-taxable","20":"purchasable","21":"product-type-simple"},"yoast_head":"<!-- This site is optimized with the Yoast SEO plugin v27.5 - https:\/\/yoast.com\/product\/yoast-seo-wordpress\/ -->\n<title>Kepstan 6002 PL - Tetrachim<\/title>\n<meta name=\"robots\" content=\"index, follow, max-snippet:-1, max-image-preview:large, max-video-preview:-1\" \/>\n<link rel=\"canonical\" href=\"https:\/\/www.tetrachim.com\/it\/prodotto\/kepstan-6002-pl\/\" \/>\n<meta property=\"og:locale\" content=\"it_IT\" \/>\n<meta property=\"og:type\" content=\"article\" \/>\n<meta property=\"og:title\" content=\"Kepstan 6002 PL - Tetrachim\" \/>\n<meta property=\"og:description\" content=\"I rivestimenti in polvere Kepstan\u00ae PEKK sono a base di polietere-chetone-chetone. Si tratta del rivestimento in polvere pi\u00f9 performante di Arkema, in grado di sopravvivere all&#039;esposizione ad alte temperature di utilizzo continuo e ad ambienti corrosivi, mantenendo una buona resistenza all&#039;abrasione. Questo tipo di rivestimento Kepstan\u00ae PEKK pu\u00f2 essere applicato a spruzzo elettrostatico o a letto fluido.\" \/>\n<meta property=\"og:url\" content=\"https:\/\/www.tetrachim.com\/it\/prodotto\/kepstan-6002-pl\/\" \/>\n<meta property=\"og:site_name\" content=\"Tetrachim\" \/>\n<meta property=\"article:modified_time\" content=\"2026-05-14T05:04:11+00:00\" \/>\n<meta property=\"og:image\" content=\"https:\/\/www.tetrachim.com\/wp-content\/uploads\/2020\/11\/Tetrachim-PICTO_POT_TC.jpg\" \/>\n\t<meta property=\"og:image:width\" content=\"900\" \/>\n\t<meta property=\"og:image:height\" content=\"900\" \/>\n\t<meta property=\"og:image:type\" content=\"image\/jpeg\" \/>\n<meta name=\"twitter:card\" content=\"summary_large_image\" \/>\n<meta name=\"twitter:site\" content=\"@Tetrachim\" \/>\n<script type=\"application\/ld+json\" class=\"yoast-schema-graph\">{\"@context\":\"https:\\\/\\\/schema.org\",\"@graph\":[{\"@type\":\"WebPage\",\"@id\":\"https:\\\/\\\/www.tetrachim.com\\\/it\\\/prodotto\\\/kepstan-6002-pl\\\/\",\"url\":\"https:\\\/\\\/www.tetrachim.com\\\/it\\\/prodotto\\\/kepstan-6002-pl\\\/\",\"name\":\"Kepstan 6002 PL - Tetrachim\",\"isPartOf\":{\"@id\":\"https:\\\/\\\/www.tetrachim.com\\\/it\\\/#website\"},\"primaryImageOfPage\":{\"@id\":\"https:\\\/\\\/www.tetrachim.com\\\/it\\\/prodotto\\\/kepstan-6002-pl\\\/#primaryimage\"},\"image\":{\"@id\":\"https:\\\/\\\/www.tetrachim.com\\\/it\\\/prodotto\\\/kepstan-6002-pl\\\/#primaryimage\"},\"thumbnailUrl\":\"https:\\\/\\\/www.tetrachim.com\\\/wp-content\\\/uploads\\\/2020\\\/11\\\/Tetrachim-PICTO_POT_TC.jpg\",\"datePublished\":\"2023-01-03T15:53:26+00:00\",\"dateModified\":\"2026-05-14T05:04:11+00:00\",\"breadcrumb\":{\"@id\":\"https:\\\/\\\/www.tetrachim.com\\\/it\\\/prodotto\\\/kepstan-6002-pl\\\/#breadcrumb\"},\"inLanguage\":\"it-IT\",\"potentialAction\":[{\"@type\":\"ReadAction\",\"target\":[\"https:\\\/\\\/www.tetrachim.com\\\/it\\\/prodotto\\\/kepstan-6002-pl\\\/\"]}]},{\"@type\":\"ImageObject\",\"inLanguage\":\"it-IT\",\"@id\":\"https:\\\/\\\/www.tetrachim.com\\\/it\\\/prodotto\\\/kepstan-6002-pl\\\/#primaryimage\",\"url\":\"https:\\\/\\\/www.tetrachim.com\\\/wp-content\\\/uploads\\\/2020\\\/11\\\/Tetrachim-PICTO_POT_TC.jpg\",\"contentUrl\":\"https:\\\/\\\/www.tetrachim.com\\\/wp-content\\\/uploads\\\/2020\\\/11\\\/Tetrachim-PICTO_POT_TC.jpg\",\"width\":900,\"height\":900},{\"@type\":\"BreadcrumbList\",\"@id\":\"https:\\\/\\\/www.tetrachim.com\\\/it\\\/prodotto\\\/kepstan-6002-pl\\\/#breadcrumb\",\"itemListElement\":[{\"@type\":\"ListItem\",\"position\":1,\"name\":\"\",\"item\":\"https:\\\/\\\/www.tetrachim.com\\\/it\\\/\"},{\"@type\":\"ListItem\",\"position\":2,\"name\":\"negozio\",\"item\":\"https:\\\/\\\/www.tetrachim.com\\\/it\\\/negozio-2\\\/\"},{\"@type\":\"ListItem\",\"position\":3,\"name\":\"Kepstan 6002 PL\"}]},{\"@type\":\"WebSite\",\"@id\":\"https:\\\/\\\/www.tetrachim.com\\\/it\\\/#website\",\"url\":\"https:\\\/\\\/www.tetrachim.com\\\/it\\\/\",\"name\":\"Tetrachim\",\"description\":\"Rev\u00eatements high-tech\",\"publisher\":{\"@id\":\"https:\\\/\\\/www.tetrachim.com\\\/it\\\/#organization\"},\"potentialAction\":[{\"@type\":\"SearchAction\",\"target\":{\"@type\":\"EntryPoint\",\"urlTemplate\":\"https:\\\/\\\/www.tetrachim.com\\\/it\\\/?s={search_term_string}\"},\"query-input\":{\"@type\":\"PropertyValueSpecification\",\"valueRequired\":true,\"valueName\":\"search_term_string\"}}],\"inLanguage\":\"it-IT\"},{\"@type\":\"Organization\",\"@id\":\"https:\\\/\\\/www.tetrachim.com\\\/it\\\/#organization\",\"name\":\"Tetrachim\",\"url\":\"https:\\\/\\\/www.tetrachim.com\\\/it\\\/\",\"logo\":{\"@type\":\"ImageObject\",\"inLanguage\":\"it-IT\",\"@id\":\"https:\\\/\\\/www.tetrachim.com\\\/it\\\/#\\\/schema\\\/logo\\\/image\\\/\",\"url\":\"https:\\\/\\\/www.tetrachim.com\\\/wp-content\\\/uploads\\\/2020\\\/07\\\/logo-tetrachim.png\",\"contentUrl\":\"https:\\\/\\\/www.tetrachim.com\\\/wp-content\\\/uploads\\\/2020\\\/07\\\/logo-tetrachim.png\",\"width\":244,\"height\":51,\"caption\":\"Tetrachim\"},\"image\":{\"@id\":\"https:\\\/\\\/www.tetrachim.com\\\/it\\\/#\\\/schema\\\/logo\\\/image\\\/\"},\"sameAs\":[\"https:\\\/\\\/x.com\\\/Tetrachim\",\"https:\\\/\\\/www.linkedin.com\\\/company\\\/tetrachim\\\/\"]}]}<\/script>\n<!-- \/ Yoast SEO plugin. -->","yoast_head_json":{"title":"Kepstan 6002 PL - Tetrachim","robots":{"index":"index","follow":"follow","max-snippet":"max-snippet:-1","max-image-preview":"max-image-preview:large","max-video-preview":"max-video-preview:-1"},"canonical":"https:\/\/www.tetrachim.com\/it\/prodotto\/kepstan-6002-pl\/","og_locale":"it_IT","og_type":"article","og_title":"Kepstan 6002 PL - Tetrachim","og_description":"I rivestimenti in polvere Kepstan\u00ae PEKK sono a base di polietere-chetone-chetone. Si tratta del rivestimento in polvere pi\u00f9 performante di Arkema, in grado di sopravvivere all'esposizione ad alte temperature di utilizzo continuo e ad ambienti corrosivi, mantenendo una buona resistenza all'abrasione. Questo tipo di rivestimento Kepstan\u00ae PEKK pu\u00f2 essere applicato a spruzzo elettrostatico o a letto fluido.","og_url":"https:\/\/www.tetrachim.com\/it\/prodotto\/kepstan-6002-pl\/","og_site_name":"Tetrachim","article_modified_time":"2026-05-14T05:04:11+00:00","og_image":[{"width":900,"height":900,"url":"https:\/\/www.tetrachim.com\/wp-content\/uploads\/2020\/11\/Tetrachim-PICTO_POT_TC.jpg","type":"image\/jpeg"}],"twitter_card":"summary_large_image","twitter_site":"@Tetrachim","schema":{"@context":"https:\/\/schema.org","@graph":[{"@type":"WebPage","@id":"https:\/\/www.tetrachim.com\/it\/prodotto\/kepstan-6002-pl\/","url":"https:\/\/www.tetrachim.com\/it\/prodotto\/kepstan-6002-pl\/","name":"Kepstan 6002 PL - Tetrachim","isPartOf":{"@id":"https:\/\/www.tetrachim.com\/it\/#website"},"primaryImageOfPage":{"@id":"https:\/\/www.tetrachim.com\/it\/prodotto\/kepstan-6002-pl\/#primaryimage"},"image":{"@id":"https:\/\/www.tetrachim.com\/it\/prodotto\/kepstan-6002-pl\/#primaryimage"},"thumbnailUrl":"https:\/\/www.tetrachim.com\/wp-content\/uploads\/2020\/11\/Tetrachim-PICTO_POT_TC.jpg","datePublished":"2023-01-03T15:53:26+00:00","dateModified":"2026-05-14T05:04:11+00:00","breadcrumb":{"@id":"https:\/\/www.tetrachim.com\/it\/prodotto\/kepstan-6002-pl\/#breadcrumb"},"inLanguage":"it-IT","potentialAction":[{"@type":"ReadAction","target":["https:\/\/www.tetrachim.com\/it\/prodotto\/kepstan-6002-pl\/"]}]},{"@type":"ImageObject","inLanguage":"it-IT","@id":"https:\/\/www.tetrachim.com\/it\/prodotto\/kepstan-6002-pl\/#primaryimage","url":"https:\/\/www.tetrachim.com\/wp-content\/uploads\/2020\/11\/Tetrachim-PICTO_POT_TC.jpg","contentUrl":"https:\/\/www.tetrachim.com\/wp-content\/uploads\/2020\/11\/Tetrachim-PICTO_POT_TC.jpg","width":900,"height":900},{"@type":"BreadcrumbList","@id":"https:\/\/www.tetrachim.com\/it\/prodotto\/kepstan-6002-pl\/#breadcrumb","itemListElement":[{"@type":"ListItem","position":1,"name":"","item":"https:\/\/www.tetrachim.com\/it\/"},{"@type":"ListItem","position":2,"name":"negozio","item":"https:\/\/www.tetrachim.com\/it\/negozio-2\/"},{"@type":"ListItem","position":3,"name":"Kepstan 6002 PL"}]},{"@type":"WebSite","@id":"https:\/\/www.tetrachim.com\/it\/#website","url":"https:\/\/www.tetrachim.com\/it\/","name":"Tetrachim","description":"Rev\u00eatements high-tech","publisher":{"@id":"https:\/\/www.tetrachim.com\/it\/#organization"},"potentialAction":[{"@type":"SearchAction","target":{"@type":"EntryPoint","urlTemplate":"https:\/\/www.tetrachim.com\/it\/?s={search_term_string}"},"query-input":{"@type":"PropertyValueSpecification","valueRequired":true,"valueName":"search_term_string"}}],"inLanguage":"it-IT"},{"@type":"Organization","@id":"https:\/\/www.tetrachim.com\/it\/#organization","name":"Tetrachim","url":"https:\/\/www.tetrachim.com\/it\/","logo":{"@type":"ImageObject","inLanguage":"it-IT","@id":"https:\/\/www.tetrachim.com\/it\/#\/schema\/logo\/image\/","url":"https:\/\/www.tetrachim.com\/wp-content\/uploads\/2020\/07\/logo-tetrachim.png","contentUrl":"https:\/\/www.tetrachim.com\/wp-content\/uploads\/2020\/07\/logo-tetrachim.png","width":244,"height":51,"caption":"Tetrachim"},"image":{"@id":"https:\/\/www.tetrachim.com\/it\/#\/schema\/logo\/image\/"},"sameAs":["https:\/\/x.com\/Tetrachim","https:\/\/www.linkedin.com\/company\/tetrachim\/"]}]}},"tiered_pricing_type":"fixed","tiered_pricing_fixed_rules":[],"tiered_pricing_product_settings":{"layout":"default","base_unit_name":{"singular":null,"plural":null},"default_variation":null},"tiered_pricing_minimum_quantity":null,"tiered_pricing_roles_data":[],"tiered_pricing_percentage_rules":[],"_links":{"self":[{"href":"https:\/\/www.tetrachim.com\/it\/wp-json\/wp\/v2\/product\/100294","targetHints":{"allow":["GET"]}}],"collection":[{"href":"https:\/\/www.tetrachim.com\/it\/wp-json\/wp\/v2\/product"}],"about":[{"href":"https:\/\/www.tetrachim.com\/it\/wp-json\/wp\/v2\/types\/product"}],"wp:featuredmedia":[{"embeddable":true,"href":"https:\/\/www.tetrachim.com\/it\/wp-json\/wp\/v2\/media\/91177"}],"wp:attachment":[{"href":"https:\/\/www.tetrachim.com\/it\/wp-json\/wp\/v2\/media?parent=100294"}],"wp:term":[{"taxonomy":"product_brand","embeddable":true,"href":"https:\/\/www.tetrachim.com\/it\/wp-json\/wp\/v2\/product_brand?post=100294"},{"taxonomy":"product_cat","embeddable":true,"href":"https:\/\/www.tetrachim.com\/it\/wp-json\/wp\/v2\/product_cat?post=100294"},{"taxonomy":"product_tag","embeddable":true,"href":"https:\/\/www.tetrachim.com\/it\/wp-json\/wp\/v2\/product_tag?post=100294"}],"curies":[{"name":"wp","href":"https:\/\/api.w.org\/{rel}","templated":true}]}}