{"id":100297,"date":"2023-02-21T17:29:25","date_gmt":"2023-02-21T16:29:25","guid":{"rendered":"https:\/\/www.tetrachim.com\/product\/kit-di-avviamento-master-jet-3\/"},"modified":"2026-04-10T12:19:13","modified_gmt":"2026-04-10T10:19:13","slug":"kit-di-avviamento-master-jet-3","status":"publish","type":"product","link":"https:\/\/www.tetrachim.com\/it\/prodotto\/kit-di-avviamento-master-jet-3\/","title":{"rendered":"Kit di avviamento MASTER-Jet 3"},"content":{"rendered":"<p>MASTER-JET 3 \u00e8 la pistola a spruzzo manuale a fiamma migliore della categoria. Produttivit\u00e0, versatilit\u00e0 e semplicit\u00e0 offrono un&#8217;esperienza d&#8217;uso senza pari per un dispositivo a spruzzo a fiamma manuale.<br \/>\n\u00c8 in grado di spruzzare rivestimenti ceramici, metallici e di carburo utilizzando fili, Flexicord o barre Rokide\u00ae in grandi volumi, con un motore lento\/veloce che consente di coprire zinco e acciaio senza cambiare pistola.<br \/>\nGrazie al motore brushless ad altissima longevit\u00e0 ed efficienza energetica, l&#8217;alimentazione del materiale \u00e8 precisa e riproducibile.<br \/>\nLa pistola offre un&#8217;eccellente efficienza di spruzzatura con bassi costi di investimento e un ridotto consumo di gas, che la rendono una soluzione di spruzzatura altamente conveniente per la produzione di rivestimenti per una variet\u00e0 di applicazioni.<br \/>\nLa pistola, ergonomica e molto leggera, pu\u00f2 essere utilizzata manualmente o con un robot, offrendo un&#8217;alternativa ottimale sia per il rivestimento di forme complicate che di grandi superfici.<\/p>\n","protected":false},"excerpt":{"rendered":"<p>MASTER-JET 3 \u00e8 la pistola a spruzzo manuale a fiamma migliore della categoria. Produttivit\u00e0, versatilit\u00e0 e semplicit\u00e0 offrono un&#8217;esperienza d&#8217;uso senza pari per un dispositivo a spruzzo a fiamma manuale.<\/p>\n","protected":false},"featured_media":95018,"template":"","meta":[],"product_brand":[],"product_cat":[627],"product_tag":[],"class_list":{"0":"post-100297","1":"product","2":"type-product","3":"status-publish","4":"has-post-thumbnail","6":"supplier-saint-gobain-it","7":"market-aerospaziale","8":"market-carta-tessuto","9":"market-alimentare-panetteria-industriale","10":"market-imballaggio","11":"product_cat-attrezzatura-saint-gobain","13":"first","14":"onbackorder","15":"taxable","16":"shipping-taxable","17":"purchasable","18":"product-type-simple"},"yoast_head":"<!-- This site is optimized with the Yoast SEO plugin v27.3 - https:\/\/yoast.com\/product\/yoast-seo-wordpress\/ -->\n<title>Kit di avviamento MASTER-Jet 3 - Tetrachim<\/title>\n<meta name=\"robots\" content=\"index, follow, max-snippet:-1, max-image-preview:large, max-video-preview:-1\" \/>\n<link rel=\"canonical\" href=\"https:\/\/www.tetrachim.com\/it\/prodotto\/kit-di-avviamento-master-jet-3\/\" \/>\n<meta property=\"og:locale\" content=\"it_IT\" \/>\n<meta property=\"og:type\" content=\"article\" \/>\n<meta property=\"og:title\" content=\"Kit di avviamento MASTER-Jet 3 - Tetrachim\" \/>\n<meta property=\"og:description\" content=\"MASTER-JET 3 \u00e8 la pistola a spruzzo manuale a fiamma migliore della categoria. Produttivit\u00e0, versatilit\u00e0 e semplicit\u00e0 offrono un&#039;esperienza d&#039;uso senza pari per un dispositivo a spruzzo a fiamma manuale.\" \/>\n<meta property=\"og:url\" content=\"https:\/\/www.tetrachim.com\/it\/prodotto\/kit-di-avviamento-master-jet-3\/\" \/>\n<meta property=\"og:site_name\" content=\"Tetrachim\" \/>\n<meta property=\"article:modified_time\" content=\"2026-04-10T10:19:13+00:00\" \/>\n<meta property=\"og:image\" content=\"https:\/\/www.tetrachim.com\/wp-content\/uploads\/2022\/12\/3-guns-MASTER-JET.jpg\" \/>\n\t<meta property=\"og:image:width\" content=\"640\" \/>\n\t<meta property=\"og:image:height\" content=\"540\" \/>\n\t<meta property=\"og:image:type\" content=\"image\/jpeg\" \/>\n<meta name=\"twitter:card\" content=\"summary_large_image\" \/>\n<meta name=\"twitter:site\" content=\"@Tetrachim\" \/>\n<meta name=\"twitter:label1\" content=\"Tempo di lettura stimato\" \/>\n\t<meta name=\"twitter:data1\" content=\"1 minuto\" \/>\n<script type=\"application\/ld+json\" class=\"yoast-schema-graph\">{\"@context\":\"https:\\\/\\\/schema.org\",\"@graph\":[{\"@type\":\"WebPage\",\"@id\":\"https:\\\/\\\/www.tetrachim.com\\\/it\\\/prodotto\\\/kit-di-avviamento-master-jet-3\\\/\",\"url\":\"https:\\\/\\\/www.tetrachim.com\\\/it\\\/prodotto\\\/kit-di-avviamento-master-jet-3\\\/\",\"name\":\"Kit di avviamento MASTER-Jet 3 - Tetrachim\",\"isPartOf\":{\"@id\":\"https:\\\/\\\/www.tetrachim.com\\\/it\\\/#website\"},\"primaryImageOfPage\":{\"@id\":\"https:\\\/\\\/www.tetrachim.com\\\/it\\\/prodotto\\\/kit-di-avviamento-master-jet-3\\\/#primaryimage\"},\"image\":{\"@id\":\"https:\\\/\\\/www.tetrachim.com\\\/it\\\/prodotto\\\/kit-di-avviamento-master-jet-3\\\/#primaryimage\"},\"thumbnailUrl\":\"https:\\\/\\\/www.tetrachim.com\\\/wp-content\\\/uploads\\\/2022\\\/12\\\/3-guns-MASTER-JET.jpg\",\"datePublished\":\"2023-02-21T16:29:25+00:00\",\"dateModified\":\"2026-04-10T10:19:13+00:00\",\"breadcrumb\":{\"@id\":\"https:\\\/\\\/www.tetrachim.com\\\/it\\\/prodotto\\\/kit-di-avviamento-master-jet-3\\\/#breadcrumb\"},\"inLanguage\":\"it-IT\",\"potentialAction\":[{\"@type\":\"ReadAction\",\"target\":[\"https:\\\/\\\/www.tetrachim.com\\\/it\\\/prodotto\\\/kit-di-avviamento-master-jet-3\\\/\"]}]},{\"@type\":\"ImageObject\",\"inLanguage\":\"it-IT\",\"@id\":\"https:\\\/\\\/www.tetrachim.com\\\/it\\\/prodotto\\\/kit-di-avviamento-master-jet-3\\\/#primaryimage\",\"url\":\"https:\\\/\\\/www.tetrachim.com\\\/wp-content\\\/uploads\\\/2022\\\/12\\\/3-guns-MASTER-JET.jpg\",\"contentUrl\":\"https:\\\/\\\/www.tetrachim.com\\\/wp-content\\\/uploads\\\/2022\\\/12\\\/3-guns-MASTER-JET.jpg\",\"width\":640,\"height\":540},{\"@type\":\"BreadcrumbList\",\"@id\":\"https:\\\/\\\/www.tetrachim.com\\\/it\\\/prodotto\\\/kit-di-avviamento-master-jet-3\\\/#breadcrumb\",\"itemListElement\":[{\"@type\":\"ListItem\",\"position\":1,\"name\":\"\",\"item\":\"https:\\\/\\\/www.tetrachim.com\\\/it\\\/\"},{\"@type\":\"ListItem\",\"position\":2,\"name\":\"negozio\",\"item\":\"https:\\\/\\\/www.tetrachim.com\\\/it\\\/negozio-2\\\/\"},{\"@type\":\"ListItem\",\"position\":3,\"name\":\"Kit di avviamento MASTER-Jet 3\"}]},{\"@type\":\"WebSite\",\"@id\":\"https:\\\/\\\/www.tetrachim.com\\\/it\\\/#website\",\"url\":\"https:\\\/\\\/www.tetrachim.com\\\/it\\\/\",\"name\":\"Tetrachim\",\"description\":\"Rev\u00eatements high-tech\",\"publisher\":{\"@id\":\"https:\\\/\\\/www.tetrachim.com\\\/it\\\/#organization\"},\"potentialAction\":[{\"@type\":\"SearchAction\",\"target\":{\"@type\":\"EntryPoint\",\"urlTemplate\":\"https:\\\/\\\/www.tetrachim.com\\\/it\\\/?s={search_term_string}\"},\"query-input\":{\"@type\":\"PropertyValueSpecification\",\"valueRequired\":true,\"valueName\":\"search_term_string\"}}],\"inLanguage\":\"it-IT\"},{\"@type\":\"Organization\",\"@id\":\"https:\\\/\\\/www.tetrachim.com\\\/it\\\/#organization\",\"name\":\"Tetrachim\",\"url\":\"https:\\\/\\\/www.tetrachim.com\\\/it\\\/\",\"logo\":{\"@type\":\"ImageObject\",\"inLanguage\":\"it-IT\",\"@id\":\"https:\\\/\\\/www.tetrachim.com\\\/it\\\/#\\\/schema\\\/logo\\\/image\\\/\",\"url\":\"https:\\\/\\\/www.tetrachim.com\\\/wp-content\\\/uploads\\\/2020\\\/07\\\/logo-tetrachim.png\",\"contentUrl\":\"https:\\\/\\\/www.tetrachim.com\\\/wp-content\\\/uploads\\\/2020\\\/07\\\/logo-tetrachim.png\",\"width\":244,\"height\":51,\"caption\":\"Tetrachim\"},\"image\":{\"@id\":\"https:\\\/\\\/www.tetrachim.com\\\/it\\\/#\\\/schema\\\/logo\\\/image\\\/\"},\"sameAs\":[\"https:\\\/\\\/x.com\\\/Tetrachim\",\"https:\\\/\\\/www.linkedin.com\\\/company\\\/tetrachim\\\/\"]}]}<\/script>\n<!-- \/ Yoast SEO plugin. -->","yoast_head_json":{"title":"Kit di avviamento MASTER-Jet 3 - Tetrachim","robots":{"index":"index","follow":"follow","max-snippet":"max-snippet:-1","max-image-preview":"max-image-preview:large","max-video-preview":"max-video-preview:-1"},"canonical":"https:\/\/www.tetrachim.com\/it\/prodotto\/kit-di-avviamento-master-jet-3\/","og_locale":"it_IT","og_type":"article","og_title":"Kit di avviamento MASTER-Jet 3 - Tetrachim","og_description":"MASTER-JET 3 \u00e8 la pistola a spruzzo manuale a fiamma migliore della categoria. Produttivit\u00e0, versatilit\u00e0 e semplicit\u00e0 offrono un'esperienza d'uso senza pari per un dispositivo a spruzzo a fiamma manuale.","og_url":"https:\/\/www.tetrachim.com\/it\/prodotto\/kit-di-avviamento-master-jet-3\/","og_site_name":"Tetrachim","article_modified_time":"2026-04-10T10:19:13+00:00","og_image":[{"width":640,"height":540,"url":"https:\/\/www.tetrachim.com\/wp-content\/uploads\/2022\/12\/3-guns-MASTER-JET.jpg","type":"image\/jpeg"}],"twitter_card":"summary_large_image","twitter_site":"@Tetrachim","twitter_misc":{"Tempo di lettura stimato":"1 minuto"},"schema":{"@context":"https:\/\/schema.org","@graph":[{"@type":"WebPage","@id":"https:\/\/www.tetrachim.com\/it\/prodotto\/kit-di-avviamento-master-jet-3\/","url":"https:\/\/www.tetrachim.com\/it\/prodotto\/kit-di-avviamento-master-jet-3\/","name":"Kit di avviamento MASTER-Jet 3 - Tetrachim","isPartOf":{"@id":"https:\/\/www.tetrachim.com\/it\/#website"},"primaryImageOfPage":{"@id":"https:\/\/www.tetrachim.com\/it\/prodotto\/kit-di-avviamento-master-jet-3\/#primaryimage"},"image":{"@id":"https:\/\/www.tetrachim.com\/it\/prodotto\/kit-di-avviamento-master-jet-3\/#primaryimage"},"thumbnailUrl":"https:\/\/www.tetrachim.com\/wp-content\/uploads\/2022\/12\/3-guns-MASTER-JET.jpg","datePublished":"2023-02-21T16:29:25+00:00","dateModified":"2026-04-10T10:19:13+00:00","breadcrumb":{"@id":"https:\/\/www.tetrachim.com\/it\/prodotto\/kit-di-avviamento-master-jet-3\/#breadcrumb"},"inLanguage":"it-IT","potentialAction":[{"@type":"ReadAction","target":["https:\/\/www.tetrachim.com\/it\/prodotto\/kit-di-avviamento-master-jet-3\/"]}]},{"@type":"ImageObject","inLanguage":"it-IT","@id":"https:\/\/www.tetrachim.com\/it\/prodotto\/kit-di-avviamento-master-jet-3\/#primaryimage","url":"https:\/\/www.tetrachim.com\/wp-content\/uploads\/2022\/12\/3-guns-MASTER-JET.jpg","contentUrl":"https:\/\/www.tetrachim.com\/wp-content\/uploads\/2022\/12\/3-guns-MASTER-JET.jpg","width":640,"height":540},{"@type":"BreadcrumbList","@id":"https:\/\/www.tetrachim.com\/it\/prodotto\/kit-di-avviamento-master-jet-3\/#breadcrumb","itemListElement":[{"@type":"ListItem","position":1,"name":"","item":"https:\/\/www.tetrachim.com\/it\/"},{"@type":"ListItem","position":2,"name":"negozio","item":"https:\/\/www.tetrachim.com\/it\/negozio-2\/"},{"@type":"ListItem","position":3,"name":"Kit di avviamento MASTER-Jet 3"}]},{"@type":"WebSite","@id":"https:\/\/www.tetrachim.com\/it\/#website","url":"https:\/\/www.tetrachim.com\/it\/","name":"Tetrachim","description":"Rev\u00eatements high-tech","publisher":{"@id":"https:\/\/www.tetrachim.com\/it\/#organization"},"potentialAction":[{"@type":"SearchAction","target":{"@type":"EntryPoint","urlTemplate":"https:\/\/www.tetrachim.com\/it\/?s={search_term_string}"},"query-input":{"@type":"PropertyValueSpecification","valueRequired":true,"valueName":"search_term_string"}}],"inLanguage":"it-IT"},{"@type":"Organization","@id":"https:\/\/www.tetrachim.com\/it\/#organization","name":"Tetrachim","url":"https:\/\/www.tetrachim.com\/it\/","logo":{"@type":"ImageObject","inLanguage":"it-IT","@id":"https:\/\/www.tetrachim.com\/it\/#\/schema\/logo\/image\/","url":"https:\/\/www.tetrachim.com\/wp-content\/uploads\/2020\/07\/logo-tetrachim.png","contentUrl":"https:\/\/www.tetrachim.com\/wp-content\/uploads\/2020\/07\/logo-tetrachim.png","width":244,"height":51,"caption":"Tetrachim"},"image":{"@id":"https:\/\/www.tetrachim.com\/it\/#\/schema\/logo\/image\/"},"sameAs":["https:\/\/x.com\/Tetrachim","https:\/\/www.linkedin.com\/company\/tetrachim\/"]}]}},"tiered_pricing_type":"fixed","tiered_pricing_fixed_rules":[],"tiered_pricing_product_settings":{"layout":"default","base_unit_name":{"singular":null,"plural":null},"default_variation":null},"tiered_pricing_minimum_quantity":null,"tiered_pricing_roles_data":[],"tiered_pricing_percentage_rules":[],"_links":{"self":[{"href":"https:\/\/www.tetrachim.com\/it\/wp-json\/wp\/v2\/product\/100297","targetHints":{"allow":["GET"]}}],"collection":[{"href":"https:\/\/www.tetrachim.com\/it\/wp-json\/wp\/v2\/product"}],"about":[{"href":"https:\/\/www.tetrachim.com\/it\/wp-json\/wp\/v2\/types\/product"}],"wp:featuredmedia":[{"embeddable":true,"href":"https:\/\/www.tetrachim.com\/it\/wp-json\/wp\/v2\/media\/95018"}],"wp:attachment":[{"href":"https:\/\/www.tetrachim.com\/it\/wp-json\/wp\/v2\/media?parent=100297"}],"wp:term":[{"taxonomy":"product_brand","embeddable":true,"href":"https:\/\/www.tetrachim.com\/it\/wp-json\/wp\/v2\/product_brand?post=100297"},{"taxonomy":"product_cat","embeddable":true,"href":"https:\/\/www.tetrachim.com\/it\/wp-json\/wp\/v2\/product_cat?post=100297"},{"taxonomy":"product_tag","embeddable":true,"href":"https:\/\/www.tetrachim.com\/it\/wp-json\/wp\/v2\/product_tag?post=100297"}],"curies":[{"name":"wp","href":"https:\/\/api.w.org\/{rel}","templated":true}]}}