{"id":100357,"date":"2020-11-13T22:17:02","date_gmt":"2020-11-13T21:17:02","guid":{"rendered":"https:\/\/www.tetrachim.com\/product\/958g-303-nero-onecoat\/"},"modified":"2026-04-04T19:24:18","modified_gmt":"2026-04-04T17:24:18","slug":"958g-303-nero-onecoat","status":"publish","type":"product","link":"https:\/\/www.tetrachim.com\/it\/prodotto\/958g-303-nero-onecoat\/","title":{"rendered":"958G-303 Nero Onecoat"},"content":{"rendered":"<p>Questo onecoat liquido a base di solventi \u00e8 formulato con speciali miscele di fluoroplastici e altre resine ad alte prestazioni per migliorare la tenacit\u00e0 e la resistenza all&#8217;abrasione. Poich\u00e9 i componenti del film si stratificano durante la cottura, la maggior parte delle propriet\u00e0 fluoroplastiche (come il basso attrito e il carattere antiaderente) vengono mantenute.  Le resine garantiscono l&#8217;adesione e la resistenza all&#8217;abrasione.<\/p>\n","protected":false},"excerpt":{"rendered":"<p>Rivestimento onecoat a base di PTFE a base solvente appositamente formulato per fornire un film tenace e durevole per la lubrificazione a secco, con un&#8217;eccellente resistenza alla nebbia salina. Le resine garantiscono l&#8217;adesione e la resistenza all&#8217;abrasione. Questi prodotti possono talvolta essere applicati su metallo liscio e pulito. I requisiti di cottura variano, a seconda dello specifico rivestimento, da 165\u00b0C a 315\u00b0C. Il colore cambia con le cotture pi\u00f9 elevate, diventando marrone, ma le prestazioni non ne risentono.      <\/p>\n","protected":false},"featured_media":87441,"template":"","meta":[],"product_brand":[],"product_cat":[614],"product_tag":[],"class_list":{"0":"post-100357","1":"product","2":"type-product","3":"status-publish","4":"has-post-thumbnail","6":"supplier-chemours-it","7":"market-aerospaziale","8":"market-automobile-it","9":"market-energia-elettricita","10":"property-resistenza-allusura","11":"property-lubrificazione-secca","12":"property-resistenza-alla-corrosione","13":"property-resistenza-alla-temperatura","14":"product_cat-teflon-rivestimenti-industriali","15":"product_shipping_class-pericolo","17":"first","18":"instock","19":"taxable","20":"shipping-taxable","21":"purchasable","22":"product-type-simple"},"yoast_head":"<!-- This site is optimized with the Yoast SEO plugin v27.3 - https:\/\/yoast.com\/product\/yoast-seo-wordpress\/ -->\n<title>958G-303 Nero Onecoat - Tetrachim<\/title>\n<meta name=\"robots\" content=\"index, follow, max-snippet:-1, max-image-preview:large, max-video-preview:-1\" \/>\n<link rel=\"canonical\" href=\"https:\/\/www.tetrachim.com\/it\/prodotto\/958g-303-nero-onecoat\/\" \/>\n<meta property=\"og:locale\" content=\"it_IT\" \/>\n<meta property=\"og:type\" content=\"article\" \/>\n<meta property=\"og:title\" content=\"958G-303 Nero Onecoat - Tetrachim\" \/>\n<meta property=\"og:description\" content=\"Rivestimento onecoat a base di PTFE a base solvente appositamente formulato per fornire un film tenace e durevole per la lubrificazione a secco, con un&#039;eccellente resistenza alla nebbia salina. Le resine garantiscono l&#039;adesione e la resistenza all&#039;abrasione. Questi prodotti possono talvolta essere applicati su metallo liscio e pulito. I requisiti di cottura variano, a seconda dello specifico rivestimento, da 165\u00b0C a 315\u00b0C. Il colore cambia con le cotture pi\u00f9 elevate, diventando marrone, ma le prestazioni non ne risentono.\" \/>\n<meta property=\"og:url\" content=\"https:\/\/www.tetrachim.com\/it\/prodotto\/958g-303-nero-onecoat\/\" \/>\n<meta property=\"og:site_name\" content=\"Tetrachim\" \/>\n<meta property=\"article:modified_time\" content=\"2026-04-04T17:24:18+00:00\" \/>\n<meta property=\"og:image\" content=\"https:\/\/www.tetrachim.com\/wp-content\/uploads\/2020\/09\/PackPaint4KG.jpg\" \/>\n\t<meta property=\"og:image:width\" content=\"900\" \/>\n\t<meta property=\"og:image:height\" content=\"900\" \/>\n\t<meta property=\"og:image:type\" content=\"image\/jpeg\" \/>\n<meta name=\"twitter:card\" content=\"summary_large_image\" \/>\n<meta name=\"twitter:site\" content=\"@Tetrachim\" \/>\n<script type=\"application\/ld+json\" class=\"yoast-schema-graph\">{\"@context\":\"https:\\\/\\\/schema.org\",\"@graph\":[{\"@type\":\"WebPage\",\"@id\":\"https:\\\/\\\/www.tetrachim.com\\\/it\\\/prodotto\\\/958g-303-nero-onecoat\\\/\",\"url\":\"https:\\\/\\\/www.tetrachim.com\\\/it\\\/prodotto\\\/958g-303-nero-onecoat\\\/\",\"name\":\"958G-303 Nero Onecoat - Tetrachim\",\"isPartOf\":{\"@id\":\"https:\\\/\\\/www.tetrachim.com\\\/it\\\/#website\"},\"primaryImageOfPage\":{\"@id\":\"https:\\\/\\\/www.tetrachim.com\\\/it\\\/prodotto\\\/958g-303-nero-onecoat\\\/#primaryimage\"},\"image\":{\"@id\":\"https:\\\/\\\/www.tetrachim.com\\\/it\\\/prodotto\\\/958g-303-nero-onecoat\\\/#primaryimage\"},\"thumbnailUrl\":\"https:\\\/\\\/www.tetrachim.com\\\/wp-content\\\/uploads\\\/2020\\\/09\\\/PackPaint4KG.jpg\",\"datePublished\":\"2020-11-13T21:17:02+00:00\",\"dateModified\":\"2026-04-04T17:24:18+00:00\",\"breadcrumb\":{\"@id\":\"https:\\\/\\\/www.tetrachim.com\\\/it\\\/prodotto\\\/958g-303-nero-onecoat\\\/#breadcrumb\"},\"inLanguage\":\"it-IT\",\"potentialAction\":[{\"@type\":\"ReadAction\",\"target\":[\"https:\\\/\\\/www.tetrachim.com\\\/it\\\/prodotto\\\/958g-303-nero-onecoat\\\/\"]}]},{\"@type\":\"ImageObject\",\"inLanguage\":\"it-IT\",\"@id\":\"https:\\\/\\\/www.tetrachim.com\\\/it\\\/prodotto\\\/958g-303-nero-onecoat\\\/#primaryimage\",\"url\":\"https:\\\/\\\/www.tetrachim.com\\\/wp-content\\\/uploads\\\/2020\\\/09\\\/PackPaint4KG.jpg\",\"contentUrl\":\"https:\\\/\\\/www.tetrachim.com\\\/wp-content\\\/uploads\\\/2020\\\/09\\\/PackPaint4KG.jpg\",\"width\":900,\"height\":900},{\"@type\":\"BreadcrumbList\",\"@id\":\"https:\\\/\\\/www.tetrachim.com\\\/it\\\/prodotto\\\/958g-303-nero-onecoat\\\/#breadcrumb\",\"itemListElement\":[{\"@type\":\"ListItem\",\"position\":1,\"name\":\"\",\"item\":\"https:\\\/\\\/www.tetrachim.com\\\/it\\\/\"},{\"@type\":\"ListItem\",\"position\":2,\"name\":\"negozio\",\"item\":\"https:\\\/\\\/www.tetrachim.com\\\/it\\\/negozio-2\\\/\"},{\"@type\":\"ListItem\",\"position\":3,\"name\":\"958G-303 Nero Onecoat\"}]},{\"@type\":\"WebSite\",\"@id\":\"https:\\\/\\\/www.tetrachim.com\\\/it\\\/#website\",\"url\":\"https:\\\/\\\/www.tetrachim.com\\\/it\\\/\",\"name\":\"Tetrachim\",\"description\":\"Rev\u00eatements high-tech\",\"publisher\":{\"@id\":\"https:\\\/\\\/www.tetrachim.com\\\/it\\\/#organization\"},\"potentialAction\":[{\"@type\":\"SearchAction\",\"target\":{\"@type\":\"EntryPoint\",\"urlTemplate\":\"https:\\\/\\\/www.tetrachim.com\\\/it\\\/?s={search_term_string}\"},\"query-input\":{\"@type\":\"PropertyValueSpecification\",\"valueRequired\":true,\"valueName\":\"search_term_string\"}}],\"inLanguage\":\"it-IT\"},{\"@type\":\"Organization\",\"@id\":\"https:\\\/\\\/www.tetrachim.com\\\/it\\\/#organization\",\"name\":\"Tetrachim\",\"url\":\"https:\\\/\\\/www.tetrachim.com\\\/it\\\/\",\"logo\":{\"@type\":\"ImageObject\",\"inLanguage\":\"it-IT\",\"@id\":\"https:\\\/\\\/www.tetrachim.com\\\/it\\\/#\\\/schema\\\/logo\\\/image\\\/\",\"url\":\"https:\\\/\\\/www.tetrachim.com\\\/wp-content\\\/uploads\\\/2020\\\/07\\\/logo-tetrachim.png\",\"contentUrl\":\"https:\\\/\\\/www.tetrachim.com\\\/wp-content\\\/uploads\\\/2020\\\/07\\\/logo-tetrachim.png\",\"width\":244,\"height\":51,\"caption\":\"Tetrachim\"},\"image\":{\"@id\":\"https:\\\/\\\/www.tetrachim.com\\\/it\\\/#\\\/schema\\\/logo\\\/image\\\/\"},\"sameAs\":[\"https:\\\/\\\/x.com\\\/Tetrachim\",\"https:\\\/\\\/www.linkedin.com\\\/company\\\/tetrachim\\\/\"]}]}<\/script>\n<!-- \/ Yoast SEO plugin. -->","yoast_head_json":{"title":"958G-303 Nero Onecoat - Tetrachim","robots":{"index":"index","follow":"follow","max-snippet":"max-snippet:-1","max-image-preview":"max-image-preview:large","max-video-preview":"max-video-preview:-1"},"canonical":"https:\/\/www.tetrachim.com\/it\/prodotto\/958g-303-nero-onecoat\/","og_locale":"it_IT","og_type":"article","og_title":"958G-303 Nero Onecoat - Tetrachim","og_description":"Rivestimento onecoat a base di PTFE a base solvente appositamente formulato per fornire un film tenace e durevole per la lubrificazione a secco, con un'eccellente resistenza alla nebbia salina. Le resine garantiscono l'adesione e la resistenza all'abrasione. Questi prodotti possono talvolta essere applicati su metallo liscio e pulito. I requisiti di cottura variano, a seconda dello specifico rivestimento, da 165\u00b0C a 315\u00b0C. Il colore cambia con le cotture pi\u00f9 elevate, diventando marrone, ma le prestazioni non ne risentono.","og_url":"https:\/\/www.tetrachim.com\/it\/prodotto\/958g-303-nero-onecoat\/","og_site_name":"Tetrachim","article_modified_time":"2026-04-04T17:24:18+00:00","og_image":[{"width":900,"height":900,"url":"https:\/\/www.tetrachim.com\/wp-content\/uploads\/2020\/09\/PackPaint4KG.jpg","type":"image\/jpeg"}],"twitter_card":"summary_large_image","twitter_site":"@Tetrachim","schema":{"@context":"https:\/\/schema.org","@graph":[{"@type":"WebPage","@id":"https:\/\/www.tetrachim.com\/it\/prodotto\/958g-303-nero-onecoat\/","url":"https:\/\/www.tetrachim.com\/it\/prodotto\/958g-303-nero-onecoat\/","name":"958G-303 Nero Onecoat - Tetrachim","isPartOf":{"@id":"https:\/\/www.tetrachim.com\/it\/#website"},"primaryImageOfPage":{"@id":"https:\/\/www.tetrachim.com\/it\/prodotto\/958g-303-nero-onecoat\/#primaryimage"},"image":{"@id":"https:\/\/www.tetrachim.com\/it\/prodotto\/958g-303-nero-onecoat\/#primaryimage"},"thumbnailUrl":"https:\/\/www.tetrachim.com\/wp-content\/uploads\/2020\/09\/PackPaint4KG.jpg","datePublished":"2020-11-13T21:17:02+00:00","dateModified":"2026-04-04T17:24:18+00:00","breadcrumb":{"@id":"https:\/\/www.tetrachim.com\/it\/prodotto\/958g-303-nero-onecoat\/#breadcrumb"},"inLanguage":"it-IT","potentialAction":[{"@type":"ReadAction","target":["https:\/\/www.tetrachim.com\/it\/prodotto\/958g-303-nero-onecoat\/"]}]},{"@type":"ImageObject","inLanguage":"it-IT","@id":"https:\/\/www.tetrachim.com\/it\/prodotto\/958g-303-nero-onecoat\/#primaryimage","url":"https:\/\/www.tetrachim.com\/wp-content\/uploads\/2020\/09\/PackPaint4KG.jpg","contentUrl":"https:\/\/www.tetrachim.com\/wp-content\/uploads\/2020\/09\/PackPaint4KG.jpg","width":900,"height":900},{"@type":"BreadcrumbList","@id":"https:\/\/www.tetrachim.com\/it\/prodotto\/958g-303-nero-onecoat\/#breadcrumb","itemListElement":[{"@type":"ListItem","position":1,"name":"","item":"https:\/\/www.tetrachim.com\/it\/"},{"@type":"ListItem","position":2,"name":"negozio","item":"https:\/\/www.tetrachim.com\/it\/negozio-2\/"},{"@type":"ListItem","position":3,"name":"958G-303 Nero Onecoat"}]},{"@type":"WebSite","@id":"https:\/\/www.tetrachim.com\/it\/#website","url":"https:\/\/www.tetrachim.com\/it\/","name":"Tetrachim","description":"Rev\u00eatements high-tech","publisher":{"@id":"https:\/\/www.tetrachim.com\/it\/#organization"},"potentialAction":[{"@type":"SearchAction","target":{"@type":"EntryPoint","urlTemplate":"https:\/\/www.tetrachim.com\/it\/?s={search_term_string}"},"query-input":{"@type":"PropertyValueSpecification","valueRequired":true,"valueName":"search_term_string"}}],"inLanguage":"it-IT"},{"@type":"Organization","@id":"https:\/\/www.tetrachim.com\/it\/#organization","name":"Tetrachim","url":"https:\/\/www.tetrachim.com\/it\/","logo":{"@type":"ImageObject","inLanguage":"it-IT","@id":"https:\/\/www.tetrachim.com\/it\/#\/schema\/logo\/image\/","url":"https:\/\/www.tetrachim.com\/wp-content\/uploads\/2020\/07\/logo-tetrachim.png","contentUrl":"https:\/\/www.tetrachim.com\/wp-content\/uploads\/2020\/07\/logo-tetrachim.png","width":244,"height":51,"caption":"Tetrachim"},"image":{"@id":"https:\/\/www.tetrachim.com\/it\/#\/schema\/logo\/image\/"},"sameAs":["https:\/\/x.com\/Tetrachim","https:\/\/www.linkedin.com\/company\/tetrachim\/"]}]}},"tiered_pricing_type":"fixed","tiered_pricing_fixed_rules":[],"tiered_pricing_product_settings":{"layout":"default","base_unit_name":{"singular":null,"plural":null},"default_variation":null},"tiered_pricing_minimum_quantity":null,"tiered_pricing_roles_data":[],"tiered_pricing_percentage_rules":[],"_links":{"self":[{"href":"https:\/\/www.tetrachim.com\/it\/wp-json\/wp\/v2\/product\/100357","targetHints":{"allow":["GET"]}}],"collection":[{"href":"https:\/\/www.tetrachim.com\/it\/wp-json\/wp\/v2\/product"}],"about":[{"href":"https:\/\/www.tetrachim.com\/it\/wp-json\/wp\/v2\/types\/product"}],"wp:featuredmedia":[{"embeddable":true,"href":"https:\/\/www.tetrachim.com\/it\/wp-json\/wp\/v2\/media\/87441"}],"wp:attachment":[{"href":"https:\/\/www.tetrachim.com\/it\/wp-json\/wp\/v2\/media?parent=100357"}],"wp:term":[{"taxonomy":"product_brand","embeddable":true,"href":"https:\/\/www.tetrachim.com\/it\/wp-json\/wp\/v2\/product_brand?post=100357"},{"taxonomy":"product_cat","embeddable":true,"href":"https:\/\/www.tetrachim.com\/it\/wp-json\/wp\/v2\/product_cat?post=100357"},{"taxonomy":"product_tag","embeddable":true,"href":"https:\/\/www.tetrachim.com\/it\/wp-json\/wp\/v2\/product_tag?post=100357"}],"curies":[{"name":"wp","href":"https:\/\/api.w.org\/{rel}","templated":true}]}}