{"id":100429,"date":"2021-05-25T17:13:32","date_gmt":"2021-05-25T15:13:32","guid":{"rendered":"https:\/\/www.tetrachim.com\/product\/204-ossido-di-zirconio-stabilizzato-allittrio-8\/"},"modified":"2026-05-14T01:09:13","modified_gmt":"2026-05-13T23:09:13","slug":"204-ossido-di-zirconio-stabilizzato-allittrio-8","status":"publish","type":"product","link":"https:\/\/www.tetrachim.com\/it\/prodotto\/204-ossido-di-zirconio-stabilizzato-allittrio-8\/","title":{"rendered":"#204 Ossido di zirconio stabilizzato all&#8217;ittrio 8%"},"content":{"rendered":"<p>L&#8217;ossido di zirconio stabilizzato all&#8217;ittrio 8% di Saint-Gobain #204 \u00e8 progettato con una forma sferica che produce tassi di accumulo pi\u00f9 uniformi senza intasamenti o pulsazioni nelle linee di alimentazione. Le particelle cave consentono una fusione pi\u00f9 completa e una maggiore efficienza di deposito. <\/p>\n","protected":false},"excerpt":{"rendered":"<p>#204 \u00e8 una polvere ceramica per spruzzatura termica composta dal 92% di ZrO2 e dall&#8217;8% di Y2O3 (ossido di zirconio stabilizzato con ittrio).<\/p>\n","protected":false},"featured_media":93687,"template":"","meta":[],"product_brand":[],"product_cat":[605],"product_tag":[],"class_list":{"0":"post-100429","1":"product","2":"type-product","3":"status-publish","4":"has-post-thumbnail","6":"supplier-saint-gobain-it","7":"market-aerospaziale","8":"market-automobile-it","9":"market-elettronici-semiconduttori","10":"market-energia-elettricita","11":"market-carta-tessuto","12":"property-resistenza-alla-corrosione","13":"property-resistenza-alla-temperatura","14":"property-resistenza-allusura","15":"product_cat-polveri-saint-gobain-per-spruzzatura-termica","17":"first","18":"onbackorder","19":"taxable","20":"shipping-taxable","21":"purchasable","22":"product-type-simple"},"yoast_head":"<!-- This site is optimized with the Yoast SEO plugin v27.5 - https:\/\/yoast.com\/product\/yoast-seo-wordpress\/ -->\n<title>#204 Ossido di zirconio stabilizzato all&#039;ittrio 8% - Tetrachim<\/title>\n<meta name=\"robots\" content=\"index, follow, max-snippet:-1, max-image-preview:large, max-video-preview:-1\" \/>\n<link rel=\"canonical\" href=\"https:\/\/www.tetrachim.com\/it\/prodotto\/204-ossido-di-zirconio-stabilizzato-allittrio-8\/\" \/>\n<meta property=\"og:locale\" content=\"it_IT\" \/>\n<meta property=\"og:type\" content=\"article\" \/>\n<meta property=\"og:title\" content=\"#204 Ossido di zirconio stabilizzato all&#039;ittrio 8% - Tetrachim\" \/>\n<meta property=\"og:description\" content=\"#204 \u00e8 una polvere ceramica per spruzzatura termica composta dal 92% di ZrO2 e dall&#039;8% di Y2O3 (ossido di zirconio stabilizzato con ittrio).\" \/>\n<meta property=\"og:url\" content=\"https:\/\/www.tetrachim.com\/it\/prodotto\/204-ossido-di-zirconio-stabilizzato-allittrio-8\/\" \/>\n<meta property=\"og:site_name\" content=\"Tetrachim\" \/>\n<meta property=\"article:modified_time\" content=\"2026-05-13T23:09:13+00:00\" \/>\n<meta property=\"og:image\" content=\"https:\/\/www.tetrachim.com\/wp-content\/uploads\/2021\/05\/Packshot_TSP-bottle-204.png\" \/>\n\t<meta property=\"og:image:width\" content=\"480\" \/>\n\t<meta property=\"og:image:height\" content=\"615\" \/>\n\t<meta property=\"og:image:type\" content=\"image\/png\" \/>\n<meta name=\"twitter:card\" content=\"summary_large_image\" \/>\n<meta name=\"twitter:site\" content=\"@Tetrachim\" \/>\n<script type=\"application\/ld+json\" class=\"yoast-schema-graph\">{\"@context\":\"https:\\\/\\\/schema.org\",\"@graph\":[{\"@type\":\"WebPage\",\"@id\":\"https:\\\/\\\/www.tetrachim.com\\\/it\\\/prodotto\\\/204-ossido-di-zirconio-stabilizzato-allittrio-8\\\/\",\"url\":\"https:\\\/\\\/www.tetrachim.com\\\/it\\\/prodotto\\\/204-ossido-di-zirconio-stabilizzato-allittrio-8\\\/\",\"name\":\"#204 Ossido di zirconio stabilizzato all'ittrio 8% - Tetrachim\",\"isPartOf\":{\"@id\":\"https:\\\/\\\/www.tetrachim.com\\\/it\\\/#website\"},\"primaryImageOfPage\":{\"@id\":\"https:\\\/\\\/www.tetrachim.com\\\/it\\\/prodotto\\\/204-ossido-di-zirconio-stabilizzato-allittrio-8\\\/#primaryimage\"},\"image\":{\"@id\":\"https:\\\/\\\/www.tetrachim.com\\\/it\\\/prodotto\\\/204-ossido-di-zirconio-stabilizzato-allittrio-8\\\/#primaryimage\"},\"thumbnailUrl\":\"https:\\\/\\\/www.tetrachim.com\\\/wp-content\\\/uploads\\\/2021\\\/05\\\/Packshot_TSP-bottle-204.png\",\"datePublished\":\"2021-05-25T15:13:32+00:00\",\"dateModified\":\"2026-05-13T23:09:13+00:00\",\"breadcrumb\":{\"@id\":\"https:\\\/\\\/www.tetrachim.com\\\/it\\\/prodotto\\\/204-ossido-di-zirconio-stabilizzato-allittrio-8\\\/#breadcrumb\"},\"inLanguage\":\"it-IT\",\"potentialAction\":[{\"@type\":\"ReadAction\",\"target\":[\"https:\\\/\\\/www.tetrachim.com\\\/it\\\/prodotto\\\/204-ossido-di-zirconio-stabilizzato-allittrio-8\\\/\"]}]},{\"@type\":\"ImageObject\",\"inLanguage\":\"it-IT\",\"@id\":\"https:\\\/\\\/www.tetrachim.com\\\/it\\\/prodotto\\\/204-ossido-di-zirconio-stabilizzato-allittrio-8\\\/#primaryimage\",\"url\":\"https:\\\/\\\/www.tetrachim.com\\\/wp-content\\\/uploads\\\/2021\\\/05\\\/Packshot_TSP-bottle-204.png\",\"contentUrl\":\"https:\\\/\\\/www.tetrachim.com\\\/wp-content\\\/uploads\\\/2021\\\/05\\\/Packshot_TSP-bottle-204.png\",\"width\":480,\"height\":615},{\"@type\":\"BreadcrumbList\",\"@id\":\"https:\\\/\\\/www.tetrachim.com\\\/it\\\/prodotto\\\/204-ossido-di-zirconio-stabilizzato-allittrio-8\\\/#breadcrumb\",\"itemListElement\":[{\"@type\":\"ListItem\",\"position\":1,\"name\":\"\",\"item\":\"https:\\\/\\\/www.tetrachim.com\\\/it\\\/\"},{\"@type\":\"ListItem\",\"position\":2,\"name\":\"negozio\",\"item\":\"https:\\\/\\\/www.tetrachim.com\\\/it\\\/negozio-2\\\/\"},{\"@type\":\"ListItem\",\"position\":3,\"name\":\"#204 Ossido di zirconio stabilizzato all'ittrio 8%\"}]},{\"@type\":\"WebSite\",\"@id\":\"https:\\\/\\\/www.tetrachim.com\\\/it\\\/#website\",\"url\":\"https:\\\/\\\/www.tetrachim.com\\\/it\\\/\",\"name\":\"Tetrachim\",\"description\":\"Rev\u00eatements high-tech\",\"publisher\":{\"@id\":\"https:\\\/\\\/www.tetrachim.com\\\/it\\\/#organization\"},\"potentialAction\":[{\"@type\":\"SearchAction\",\"target\":{\"@type\":\"EntryPoint\",\"urlTemplate\":\"https:\\\/\\\/www.tetrachim.com\\\/it\\\/?s={search_term_string}\"},\"query-input\":{\"@type\":\"PropertyValueSpecification\",\"valueRequired\":true,\"valueName\":\"search_term_string\"}}],\"inLanguage\":\"it-IT\"},{\"@type\":\"Organization\",\"@id\":\"https:\\\/\\\/www.tetrachim.com\\\/it\\\/#organization\",\"name\":\"Tetrachim\",\"url\":\"https:\\\/\\\/www.tetrachim.com\\\/it\\\/\",\"logo\":{\"@type\":\"ImageObject\",\"inLanguage\":\"it-IT\",\"@id\":\"https:\\\/\\\/www.tetrachim.com\\\/it\\\/#\\\/schema\\\/logo\\\/image\\\/\",\"url\":\"https:\\\/\\\/www.tetrachim.com\\\/wp-content\\\/uploads\\\/2020\\\/07\\\/logo-tetrachim.png\",\"contentUrl\":\"https:\\\/\\\/www.tetrachim.com\\\/wp-content\\\/uploads\\\/2020\\\/07\\\/logo-tetrachim.png\",\"width\":244,\"height\":51,\"caption\":\"Tetrachim\"},\"image\":{\"@id\":\"https:\\\/\\\/www.tetrachim.com\\\/it\\\/#\\\/schema\\\/logo\\\/image\\\/\"},\"sameAs\":[\"https:\\\/\\\/x.com\\\/Tetrachim\",\"https:\\\/\\\/www.linkedin.com\\\/company\\\/tetrachim\\\/\"]}]}<\/script>\n<!-- \/ Yoast SEO plugin. -->","yoast_head_json":{"title":"#204 Ossido di zirconio stabilizzato all'ittrio 8% - Tetrachim","robots":{"index":"index","follow":"follow","max-snippet":"max-snippet:-1","max-image-preview":"max-image-preview:large","max-video-preview":"max-video-preview:-1"},"canonical":"https:\/\/www.tetrachim.com\/it\/prodotto\/204-ossido-di-zirconio-stabilizzato-allittrio-8\/","og_locale":"it_IT","og_type":"article","og_title":"#204 Ossido di zirconio stabilizzato all'ittrio 8% - Tetrachim","og_description":"#204 \u00e8 una polvere ceramica per spruzzatura termica composta dal 92% di ZrO2 e dall'8% di Y2O3 (ossido di zirconio stabilizzato con ittrio).","og_url":"https:\/\/www.tetrachim.com\/it\/prodotto\/204-ossido-di-zirconio-stabilizzato-allittrio-8\/","og_site_name":"Tetrachim","article_modified_time":"2026-05-13T23:09:13+00:00","og_image":[{"width":480,"height":615,"url":"https:\/\/www.tetrachim.com\/wp-content\/uploads\/2021\/05\/Packshot_TSP-bottle-204.png","type":"image\/png"}],"twitter_card":"summary_large_image","twitter_site":"@Tetrachim","schema":{"@context":"https:\/\/schema.org","@graph":[{"@type":"WebPage","@id":"https:\/\/www.tetrachim.com\/it\/prodotto\/204-ossido-di-zirconio-stabilizzato-allittrio-8\/","url":"https:\/\/www.tetrachim.com\/it\/prodotto\/204-ossido-di-zirconio-stabilizzato-allittrio-8\/","name":"#204 Ossido di zirconio stabilizzato all'ittrio 8% - Tetrachim","isPartOf":{"@id":"https:\/\/www.tetrachim.com\/it\/#website"},"primaryImageOfPage":{"@id":"https:\/\/www.tetrachim.com\/it\/prodotto\/204-ossido-di-zirconio-stabilizzato-allittrio-8\/#primaryimage"},"image":{"@id":"https:\/\/www.tetrachim.com\/it\/prodotto\/204-ossido-di-zirconio-stabilizzato-allittrio-8\/#primaryimage"},"thumbnailUrl":"https:\/\/www.tetrachim.com\/wp-content\/uploads\/2021\/05\/Packshot_TSP-bottle-204.png","datePublished":"2021-05-25T15:13:32+00:00","dateModified":"2026-05-13T23:09:13+00:00","breadcrumb":{"@id":"https:\/\/www.tetrachim.com\/it\/prodotto\/204-ossido-di-zirconio-stabilizzato-allittrio-8\/#breadcrumb"},"inLanguage":"it-IT","potentialAction":[{"@type":"ReadAction","target":["https:\/\/www.tetrachim.com\/it\/prodotto\/204-ossido-di-zirconio-stabilizzato-allittrio-8\/"]}]},{"@type":"ImageObject","inLanguage":"it-IT","@id":"https:\/\/www.tetrachim.com\/it\/prodotto\/204-ossido-di-zirconio-stabilizzato-allittrio-8\/#primaryimage","url":"https:\/\/www.tetrachim.com\/wp-content\/uploads\/2021\/05\/Packshot_TSP-bottle-204.png","contentUrl":"https:\/\/www.tetrachim.com\/wp-content\/uploads\/2021\/05\/Packshot_TSP-bottle-204.png","width":480,"height":615},{"@type":"BreadcrumbList","@id":"https:\/\/www.tetrachim.com\/it\/prodotto\/204-ossido-di-zirconio-stabilizzato-allittrio-8\/#breadcrumb","itemListElement":[{"@type":"ListItem","position":1,"name":"","item":"https:\/\/www.tetrachim.com\/it\/"},{"@type":"ListItem","position":2,"name":"negozio","item":"https:\/\/www.tetrachim.com\/it\/negozio-2\/"},{"@type":"ListItem","position":3,"name":"#204 Ossido di zirconio stabilizzato all'ittrio 8%"}]},{"@type":"WebSite","@id":"https:\/\/www.tetrachim.com\/it\/#website","url":"https:\/\/www.tetrachim.com\/it\/","name":"Tetrachim","description":"Rev\u00eatements high-tech","publisher":{"@id":"https:\/\/www.tetrachim.com\/it\/#organization"},"potentialAction":[{"@type":"SearchAction","target":{"@type":"EntryPoint","urlTemplate":"https:\/\/www.tetrachim.com\/it\/?s={search_term_string}"},"query-input":{"@type":"PropertyValueSpecification","valueRequired":true,"valueName":"search_term_string"}}],"inLanguage":"it-IT"},{"@type":"Organization","@id":"https:\/\/www.tetrachim.com\/it\/#organization","name":"Tetrachim","url":"https:\/\/www.tetrachim.com\/it\/","logo":{"@type":"ImageObject","inLanguage":"it-IT","@id":"https:\/\/www.tetrachim.com\/it\/#\/schema\/logo\/image\/","url":"https:\/\/www.tetrachim.com\/wp-content\/uploads\/2020\/07\/logo-tetrachim.png","contentUrl":"https:\/\/www.tetrachim.com\/wp-content\/uploads\/2020\/07\/logo-tetrachim.png","width":244,"height":51,"caption":"Tetrachim"},"image":{"@id":"https:\/\/www.tetrachim.com\/it\/#\/schema\/logo\/image\/"},"sameAs":["https:\/\/x.com\/Tetrachim","https:\/\/www.linkedin.com\/company\/tetrachim\/"]}]}},"tiered_pricing_type":"fixed","tiered_pricing_fixed_rules":[],"tiered_pricing_product_settings":{"layout":"default","base_unit_name":{"singular":null,"plural":null},"default_variation":null},"tiered_pricing_minimum_quantity":null,"tiered_pricing_roles_data":[],"tiered_pricing_percentage_rules":[],"_links":{"self":[{"href":"https:\/\/www.tetrachim.com\/it\/wp-json\/wp\/v2\/product\/100429","targetHints":{"allow":["GET"]}}],"collection":[{"href":"https:\/\/www.tetrachim.com\/it\/wp-json\/wp\/v2\/product"}],"about":[{"href":"https:\/\/www.tetrachim.com\/it\/wp-json\/wp\/v2\/types\/product"}],"wp:featuredmedia":[{"embeddable":true,"href":"https:\/\/www.tetrachim.com\/it\/wp-json\/wp\/v2\/media\/93687"}],"wp:attachment":[{"href":"https:\/\/www.tetrachim.com\/it\/wp-json\/wp\/v2\/media?parent=100429"}],"wp:term":[{"taxonomy":"product_brand","embeddable":true,"href":"https:\/\/www.tetrachim.com\/it\/wp-json\/wp\/v2\/product_brand?post=100429"},{"taxonomy":"product_cat","embeddable":true,"href":"https:\/\/www.tetrachim.com\/it\/wp-json\/wp\/v2\/product_cat?post=100429"},{"taxonomy":"product_tag","embeddable":true,"href":"https:\/\/www.tetrachim.com\/it\/wp-json\/wp\/v2\/product_tag?post=100429"}],"curies":[{"name":"wp","href":"https:\/\/api.w.org\/{rel}","templated":true}]}}