{"id":100458,"date":"2020-11-13T12:13:09","date_gmt":"2020-11-13T11:13:09","guid":{"rendered":"https:\/\/www.tetrachim.com\/product\/loctite-nci-7002\/"},"modified":"2026-04-18T23:29:52","modified_gmt":"2026-04-18T21:29:52","slug":"loctite-nci-7002","status":"publish","type":"product","link":"https:\/\/www.tetrachim.com\/it\/prodotto\/loctite-nci-7002\/","title":{"rendered":"Loctite NCI 7002"},"content":{"rendered":"<p>I resistori sensibili alla forza (FSR) offrono capacit\u00e0 uniche per numerose applicazioni nei settori medico, consumer, industriale, commerciale e dell&#8217;intrattenimento. Gli FSR facilitano le funzioni di contatto e rilevamento per i sensori che rispondono con una diminuzione della resistenza quando viene applicata una forza maggiore alla superficie del sensore.  La gamma Henkels di inchiostri e materiali distanziatori conduttivi e non conduttivi per la sensibilit\u00e0 alla forza offre una soluzione completa per le applicazioni FSR e pu\u00f2 essere miscelata su misura per regolare la resistenza e la sensibilit\u00e0 desiderate. Altamente stabili e affidabili, i materiali FSR di Henkels garantiscono un funzionamento eccezionale del prodotto e un lungo ciclo di vita. <\/p>\n","protected":false},"excerpt":{"rendered":"<p>L&#8217;inchiostro serigrafico LOCTITE NCI 7002 E&amp;C \u00e8 specificamente progettato per la miscelazione con gli inchiostri stampabili LOCTITE ECI 7004HR E&amp;C e LOCTITE ECI 7004LR E&amp;C per fornire una gamma di valori di resistenza.<\/p>\n","protected":false},"featured_media":97001,"template":"","meta":[],"product_brand":[],"product_cat":[601],"product_tag":[],"class_list":{"0":"post-100458","1":"product","2":"type-product","3":"status-publish","4":"has-post-thumbnail","6":"supplier-henkel-it","7":"property-isolamento","8":"product_cat-loctite-materiali-elettronici","10":"first","11":"onbackorder","12":"taxable","13":"shipping-taxable","14":"purchasable","15":"product-type-simple"},"yoast_head":"<!-- This site is optimized with the Yoast SEO plugin v27.4 - https:\/\/yoast.com\/product\/yoast-seo-wordpress\/ -->\n<title>Loctite NCI 7002 - Tetrachim<\/title>\n<meta name=\"robots\" content=\"index, follow, max-snippet:-1, max-image-preview:large, max-video-preview:-1\" \/>\n<link rel=\"canonical\" href=\"https:\/\/www.tetrachim.com\/it\/prodotto\/loctite-nci-7002\/\" \/>\n<meta property=\"og:locale\" content=\"it_IT\" \/>\n<meta property=\"og:type\" content=\"article\" \/>\n<meta property=\"og:title\" content=\"Loctite NCI 7002 - Tetrachim\" \/>\n<meta property=\"og:description\" content=\"L&#039;inchiostro serigrafico LOCTITE NCI 7002 E&amp;C \u00e8 specificamente progettato per la miscelazione con gli inchiostri stampabili LOCTITE ECI 7004HR E&amp;C e LOCTITE ECI 7004LR E&amp;C per fornire una gamma di valori di resistenza.\" \/>\n<meta property=\"og:url\" content=\"https:\/\/www.tetrachim.com\/it\/prodotto\/loctite-nci-7002\/\" \/>\n<meta property=\"og:site_name\" content=\"Tetrachim\" \/>\n<meta property=\"article:modified_time\" content=\"2026-04-18T21:29:52+00:00\" \/>\n<meta property=\"og:image\" content=\"https:\/\/www.tetrachim.com\/wp-content\/uploads\/2020\/11\/packshot-loctite-nci-7002-ec-112369-08-2019.webp\" \/>\n\t<meta property=\"og:image:width\" content=\"600\" \/>\n\t<meta property=\"og:image:height\" content=\"600\" \/>\n\t<meta property=\"og:image:type\" content=\"image\/webp\" \/>\n<meta name=\"twitter:card\" content=\"summary_large_image\" \/>\n<meta name=\"twitter:site\" content=\"@Tetrachim\" \/>\n<meta name=\"twitter:label1\" content=\"Tempo di lettura stimato\" \/>\n\t<meta name=\"twitter:data1\" content=\"1 minuto\" \/>\n<script type=\"application\/ld+json\" class=\"yoast-schema-graph\">{\"@context\":\"https:\\\/\\\/schema.org\",\"@graph\":[{\"@type\":\"WebPage\",\"@id\":\"https:\\\/\\\/www.tetrachim.com\\\/it\\\/prodotto\\\/loctite-nci-7002\\\/\",\"url\":\"https:\\\/\\\/www.tetrachim.com\\\/it\\\/prodotto\\\/loctite-nci-7002\\\/\",\"name\":\"Loctite NCI 7002 - Tetrachim\",\"isPartOf\":{\"@id\":\"https:\\\/\\\/www.tetrachim.com\\\/it\\\/#website\"},\"primaryImageOfPage\":{\"@id\":\"https:\\\/\\\/www.tetrachim.com\\\/it\\\/prodotto\\\/loctite-nci-7002\\\/#primaryimage\"},\"image\":{\"@id\":\"https:\\\/\\\/www.tetrachim.com\\\/it\\\/prodotto\\\/loctite-nci-7002\\\/#primaryimage\"},\"thumbnailUrl\":\"https:\\\/\\\/www.tetrachim.com\\\/wp-content\\\/uploads\\\/2020\\\/11\\\/packshot-loctite-nci-7002-ec-112369-08-2019.webp\",\"datePublished\":\"2020-11-13T11:13:09+00:00\",\"dateModified\":\"2026-04-18T21:29:52+00:00\",\"breadcrumb\":{\"@id\":\"https:\\\/\\\/www.tetrachim.com\\\/it\\\/prodotto\\\/loctite-nci-7002\\\/#breadcrumb\"},\"inLanguage\":\"it-IT\",\"potentialAction\":[{\"@type\":\"ReadAction\",\"target\":[\"https:\\\/\\\/www.tetrachim.com\\\/it\\\/prodotto\\\/loctite-nci-7002\\\/\"]}]},{\"@type\":\"ImageObject\",\"inLanguage\":\"it-IT\",\"@id\":\"https:\\\/\\\/www.tetrachim.com\\\/it\\\/prodotto\\\/loctite-nci-7002\\\/#primaryimage\",\"url\":\"https:\\\/\\\/www.tetrachim.com\\\/wp-content\\\/uploads\\\/2020\\\/11\\\/packshot-loctite-nci-7002-ec-112369-08-2019.webp\",\"contentUrl\":\"https:\\\/\\\/www.tetrachim.com\\\/wp-content\\\/uploads\\\/2020\\\/11\\\/packshot-loctite-nci-7002-ec-112369-08-2019.webp\",\"width\":600,\"height\":600},{\"@type\":\"BreadcrumbList\",\"@id\":\"https:\\\/\\\/www.tetrachim.com\\\/it\\\/prodotto\\\/loctite-nci-7002\\\/#breadcrumb\",\"itemListElement\":[{\"@type\":\"ListItem\",\"position\":1,\"name\":\"\",\"item\":\"https:\\\/\\\/www.tetrachim.com\\\/it\\\/\"},{\"@type\":\"ListItem\",\"position\":2,\"name\":\"negozio\",\"item\":\"https:\\\/\\\/www.tetrachim.com\\\/it\\\/negozio-2\\\/\"},{\"@type\":\"ListItem\",\"position\":3,\"name\":\"Loctite NCI 7002\"}]},{\"@type\":\"WebSite\",\"@id\":\"https:\\\/\\\/www.tetrachim.com\\\/it\\\/#website\",\"url\":\"https:\\\/\\\/www.tetrachim.com\\\/it\\\/\",\"name\":\"Tetrachim\",\"description\":\"Rev\u00eatements high-tech\",\"publisher\":{\"@id\":\"https:\\\/\\\/www.tetrachim.com\\\/it\\\/#organization\"},\"potentialAction\":[{\"@type\":\"SearchAction\",\"target\":{\"@type\":\"EntryPoint\",\"urlTemplate\":\"https:\\\/\\\/www.tetrachim.com\\\/it\\\/?s={search_term_string}\"},\"query-input\":{\"@type\":\"PropertyValueSpecification\",\"valueRequired\":true,\"valueName\":\"search_term_string\"}}],\"inLanguage\":\"it-IT\"},{\"@type\":\"Organization\",\"@id\":\"https:\\\/\\\/www.tetrachim.com\\\/it\\\/#organization\",\"name\":\"Tetrachim\",\"url\":\"https:\\\/\\\/www.tetrachim.com\\\/it\\\/\",\"logo\":{\"@type\":\"ImageObject\",\"inLanguage\":\"it-IT\",\"@id\":\"https:\\\/\\\/www.tetrachim.com\\\/it\\\/#\\\/schema\\\/logo\\\/image\\\/\",\"url\":\"https:\\\/\\\/www.tetrachim.com\\\/wp-content\\\/uploads\\\/2020\\\/07\\\/logo-tetrachim.png\",\"contentUrl\":\"https:\\\/\\\/www.tetrachim.com\\\/wp-content\\\/uploads\\\/2020\\\/07\\\/logo-tetrachim.png\",\"width\":244,\"height\":51,\"caption\":\"Tetrachim\"},\"image\":{\"@id\":\"https:\\\/\\\/www.tetrachim.com\\\/it\\\/#\\\/schema\\\/logo\\\/image\\\/\"},\"sameAs\":[\"https:\\\/\\\/x.com\\\/Tetrachim\",\"https:\\\/\\\/www.linkedin.com\\\/company\\\/tetrachim\\\/\"]}]}<\/script>\n<!-- \/ Yoast SEO plugin. -->","yoast_head_json":{"title":"Loctite NCI 7002 - Tetrachim","robots":{"index":"index","follow":"follow","max-snippet":"max-snippet:-1","max-image-preview":"max-image-preview:large","max-video-preview":"max-video-preview:-1"},"canonical":"https:\/\/www.tetrachim.com\/it\/prodotto\/loctite-nci-7002\/","og_locale":"it_IT","og_type":"article","og_title":"Loctite NCI 7002 - Tetrachim","og_description":"L'inchiostro serigrafico LOCTITE NCI 7002 E&amp;C \u00e8 specificamente progettato per la miscelazione con gli inchiostri stampabili LOCTITE ECI 7004HR E&amp;C e LOCTITE ECI 7004LR E&amp;C per fornire una gamma di valori di resistenza.","og_url":"https:\/\/www.tetrachim.com\/it\/prodotto\/loctite-nci-7002\/","og_site_name":"Tetrachim","article_modified_time":"2026-04-18T21:29:52+00:00","og_image":[{"width":600,"height":600,"url":"https:\/\/www.tetrachim.com\/wp-content\/uploads\/2020\/11\/packshot-loctite-nci-7002-ec-112369-08-2019.webp","type":"image\/webp"}],"twitter_card":"summary_large_image","twitter_site":"@Tetrachim","twitter_misc":{"Tempo di lettura stimato":"1 minuto"},"schema":{"@context":"https:\/\/schema.org","@graph":[{"@type":"WebPage","@id":"https:\/\/www.tetrachim.com\/it\/prodotto\/loctite-nci-7002\/","url":"https:\/\/www.tetrachim.com\/it\/prodotto\/loctite-nci-7002\/","name":"Loctite NCI 7002 - Tetrachim","isPartOf":{"@id":"https:\/\/www.tetrachim.com\/it\/#website"},"primaryImageOfPage":{"@id":"https:\/\/www.tetrachim.com\/it\/prodotto\/loctite-nci-7002\/#primaryimage"},"image":{"@id":"https:\/\/www.tetrachim.com\/it\/prodotto\/loctite-nci-7002\/#primaryimage"},"thumbnailUrl":"https:\/\/www.tetrachim.com\/wp-content\/uploads\/2020\/11\/packshot-loctite-nci-7002-ec-112369-08-2019.webp","datePublished":"2020-11-13T11:13:09+00:00","dateModified":"2026-04-18T21:29:52+00:00","breadcrumb":{"@id":"https:\/\/www.tetrachim.com\/it\/prodotto\/loctite-nci-7002\/#breadcrumb"},"inLanguage":"it-IT","potentialAction":[{"@type":"ReadAction","target":["https:\/\/www.tetrachim.com\/it\/prodotto\/loctite-nci-7002\/"]}]},{"@type":"ImageObject","inLanguage":"it-IT","@id":"https:\/\/www.tetrachim.com\/it\/prodotto\/loctite-nci-7002\/#primaryimage","url":"https:\/\/www.tetrachim.com\/wp-content\/uploads\/2020\/11\/packshot-loctite-nci-7002-ec-112369-08-2019.webp","contentUrl":"https:\/\/www.tetrachim.com\/wp-content\/uploads\/2020\/11\/packshot-loctite-nci-7002-ec-112369-08-2019.webp","width":600,"height":600},{"@type":"BreadcrumbList","@id":"https:\/\/www.tetrachim.com\/it\/prodotto\/loctite-nci-7002\/#breadcrumb","itemListElement":[{"@type":"ListItem","position":1,"name":"","item":"https:\/\/www.tetrachim.com\/it\/"},{"@type":"ListItem","position":2,"name":"negozio","item":"https:\/\/www.tetrachim.com\/it\/negozio-2\/"},{"@type":"ListItem","position":3,"name":"Loctite NCI 7002"}]},{"@type":"WebSite","@id":"https:\/\/www.tetrachim.com\/it\/#website","url":"https:\/\/www.tetrachim.com\/it\/","name":"Tetrachim","description":"Rev\u00eatements high-tech","publisher":{"@id":"https:\/\/www.tetrachim.com\/it\/#organization"},"potentialAction":[{"@type":"SearchAction","target":{"@type":"EntryPoint","urlTemplate":"https:\/\/www.tetrachim.com\/it\/?s={search_term_string}"},"query-input":{"@type":"PropertyValueSpecification","valueRequired":true,"valueName":"search_term_string"}}],"inLanguage":"it-IT"},{"@type":"Organization","@id":"https:\/\/www.tetrachim.com\/it\/#organization","name":"Tetrachim","url":"https:\/\/www.tetrachim.com\/it\/","logo":{"@type":"ImageObject","inLanguage":"it-IT","@id":"https:\/\/www.tetrachim.com\/it\/#\/schema\/logo\/image\/","url":"https:\/\/www.tetrachim.com\/wp-content\/uploads\/2020\/07\/logo-tetrachim.png","contentUrl":"https:\/\/www.tetrachim.com\/wp-content\/uploads\/2020\/07\/logo-tetrachim.png","width":244,"height":51,"caption":"Tetrachim"},"image":{"@id":"https:\/\/www.tetrachim.com\/it\/#\/schema\/logo\/image\/"},"sameAs":["https:\/\/x.com\/Tetrachim","https:\/\/www.linkedin.com\/company\/tetrachim\/"]}]}},"tiered_pricing_type":"fixed","tiered_pricing_fixed_rules":[],"tiered_pricing_product_settings":{"layout":"default","base_unit_name":{"singular":null,"plural":null},"default_variation":null},"tiered_pricing_minimum_quantity":null,"tiered_pricing_roles_data":[],"tiered_pricing_percentage_rules":[],"_links":{"self":[{"href":"https:\/\/www.tetrachim.com\/it\/wp-json\/wp\/v2\/product\/100458","targetHints":{"allow":["GET"]}}],"collection":[{"href":"https:\/\/www.tetrachim.com\/it\/wp-json\/wp\/v2\/product"}],"about":[{"href":"https:\/\/www.tetrachim.com\/it\/wp-json\/wp\/v2\/types\/product"}],"wp:featuredmedia":[{"embeddable":true,"href":"https:\/\/www.tetrachim.com\/it\/wp-json\/wp\/v2\/media\/97001"}],"wp:attachment":[{"href":"https:\/\/www.tetrachim.com\/it\/wp-json\/wp\/v2\/media?parent=100458"}],"wp:term":[{"taxonomy":"product_brand","embeddable":true,"href":"https:\/\/www.tetrachim.com\/it\/wp-json\/wp\/v2\/product_brand?post=100458"},{"taxonomy":"product_cat","embeddable":true,"href":"https:\/\/www.tetrachim.com\/it\/wp-json\/wp\/v2\/product_cat?post=100458"},{"taxonomy":"product_tag","embeddable":true,"href":"https:\/\/www.tetrachim.com\/it\/wp-json\/wp\/v2\/product_tag?post=100458"}],"curies":[{"name":"wp","href":"https:\/\/api.w.org\/{rel}","templated":true}]}}