{"id":100572,"date":"2020-11-13T12:11:35","date_gmt":"2020-11-13T11:11:35","guid":{"rendered":"https:\/\/www.tetrachim.com\/product\/loctite-eci-8120-ec\/"},"modified":"2026-04-19T07:17:10","modified_gmt":"2026-04-19T05:17:10","slug":"loctite-eci-8120-ec","status":"publish","type":"product","link":"https:\/\/www.tetrachim.com\/it\/prodotto\/loctite-eci-8120-ec\/","title":{"rendered":"Loctite ECI 8120 E&amp;C"},"content":{"rendered":"<p>LOCTITE\u00ae ECI 8000 Serie E&amp;C \u00e8 un&#8217;alternativa serigrafica ai fili tradizionali quando \u00e8 richiesto un riscaldamento uniforme. La sua flessibilit\u00e0 di deposizione offre agli utenti i vantaggi di un&#8217;applicazione pi\u00f9 efficace, una maggiore latitudine di progettazione e un pi\u00f9 ampio campo di applicazione. Grazie alla funzionalit\u00e0 PTC (Positive Temperature Coefficient) che consente l&#8217;autoregolazione a una specifica temperatura di soglia, al riscaldamento uniforme e flessibile rispetto ai fili, alle caratteristiche di leggerezza e sostenibilit\u00e0, la serie LOCTITE\u00ae ECI 8000 E&amp;C \u00e8 destinata a cambiare radicalmente le applicazioni di riscaldamento per la produzione moderna.  <\/p>\n","protected":false},"excerpt":{"rendered":"<p>LOCTITE ECI 8120 E&amp;C \u00e8 un inchiostro serigrafico con coefficiente di temperatura positivo (PTC) progettato per applicazioni che richiedono riscaldatori autoregolanti. Questo materiale \u00e8 formulato per riscaldarsi rapidamente fino a una specifica temperatura di soglia e poi mantenere una temperatura costante per il dispositivo. La temperatura di autoregolazione dell&#8217;inchiostro nudo \u00e8 di circa 120\u00b0C.  <\/p>\n","protected":false},"featured_media":89893,"template":"","meta":[],"product_brand":[],"product_cat":[601],"product_tag":[],"class_list":{"0":"post-100572","1":"product","2":"type-product","3":"status-publish","4":"has-post-thumbnail","6":"supplier-henkel-it","7":"market-automobile-it","8":"market-elettronici-semiconduttori","9":"property-conduttore","10":"product_cat-loctite-materiali-elettronici","12":"first","13":"onbackorder","14":"taxable","15":"shipping-taxable","16":"purchasable","17":"product-type-simple"},"yoast_head":"<!-- This site is optimized with the Yoast SEO plugin v27.4 - https:\/\/yoast.com\/product\/yoast-seo-wordpress\/ -->\n<title>Loctite ECI 8120 E&amp;C - Tetrachim<\/title>\n<meta name=\"robots\" content=\"index, follow, max-snippet:-1, max-image-preview:large, max-video-preview:-1\" \/>\n<link rel=\"canonical\" href=\"https:\/\/www.tetrachim.com\/it\/prodotto\/loctite-eci-8120-ec\/\" \/>\n<meta property=\"og:locale\" content=\"it_IT\" \/>\n<meta property=\"og:type\" content=\"article\" \/>\n<meta property=\"og:title\" content=\"Loctite ECI 8120 E&amp;C - Tetrachim\" \/>\n<meta property=\"og:description\" content=\"LOCTITE ECI 8120 E&amp;C \u00e8 un inchiostro serigrafico con coefficiente di temperatura positivo (PTC) progettato per applicazioni che richiedono riscaldatori autoregolanti. Questo materiale \u00e8 formulato per riscaldarsi rapidamente fino a una specifica temperatura di soglia e poi mantenere una temperatura costante per il dispositivo. La temperatura di autoregolazione dell&#039;inchiostro nudo \u00e8 di circa 120\u00b0C.\" \/>\n<meta property=\"og:url\" content=\"https:\/\/www.tetrachim.com\/it\/prodotto\/loctite-eci-8120-ec\/\" \/>\n<meta property=\"og:site_name\" content=\"Tetrachim\" \/>\n<meta property=\"article:modified_time\" content=\"2026-04-19T05:17:10+00:00\" \/>\n<meta property=\"og:image\" content=\"https:\/\/www.tetrachim.com\/wp-content\/uploads\/2020\/11\/Loctite-eci-8120.png\" \/>\n\t<meta property=\"og:image:width\" content=\"2560\" \/>\n\t<meta property=\"og:image:height\" content=\"2560\" \/>\n\t<meta property=\"og:image:type\" content=\"image\/png\" \/>\n<meta name=\"twitter:card\" content=\"summary_large_image\" \/>\n<meta name=\"twitter:site\" content=\"@Tetrachim\" \/>\n<script type=\"application\/ld+json\" class=\"yoast-schema-graph\">{\"@context\":\"https:\\\/\\\/schema.org\",\"@graph\":[{\"@type\":\"WebPage\",\"@id\":\"https:\\\/\\\/www.tetrachim.com\\\/it\\\/prodotto\\\/loctite-eci-8120-ec\\\/\",\"url\":\"https:\\\/\\\/www.tetrachim.com\\\/it\\\/prodotto\\\/loctite-eci-8120-ec\\\/\",\"name\":\"Loctite ECI 8120 E&amp;C - Tetrachim\",\"isPartOf\":{\"@id\":\"https:\\\/\\\/www.tetrachim.com\\\/it\\\/#website\"},\"primaryImageOfPage\":{\"@id\":\"https:\\\/\\\/www.tetrachim.com\\\/it\\\/prodotto\\\/loctite-eci-8120-ec\\\/#primaryimage\"},\"image\":{\"@id\":\"https:\\\/\\\/www.tetrachim.com\\\/it\\\/prodotto\\\/loctite-eci-8120-ec\\\/#primaryimage\"},\"thumbnailUrl\":\"https:\\\/\\\/www.tetrachim.com\\\/wp-content\\\/uploads\\\/2020\\\/11\\\/Loctite-eci-8120.png\",\"datePublished\":\"2020-11-13T11:11:35+00:00\",\"dateModified\":\"2026-04-19T05:17:10+00:00\",\"breadcrumb\":{\"@id\":\"https:\\\/\\\/www.tetrachim.com\\\/it\\\/prodotto\\\/loctite-eci-8120-ec\\\/#breadcrumb\"},\"inLanguage\":\"it-IT\",\"potentialAction\":[{\"@type\":\"ReadAction\",\"target\":[\"https:\\\/\\\/www.tetrachim.com\\\/it\\\/prodotto\\\/loctite-eci-8120-ec\\\/\"]}]},{\"@type\":\"ImageObject\",\"inLanguage\":\"it-IT\",\"@id\":\"https:\\\/\\\/www.tetrachim.com\\\/it\\\/prodotto\\\/loctite-eci-8120-ec\\\/#primaryimage\",\"url\":\"https:\\\/\\\/www.tetrachim.com\\\/wp-content\\\/uploads\\\/2020\\\/11\\\/Loctite-eci-8120.png\",\"contentUrl\":\"https:\\\/\\\/www.tetrachim.com\\\/wp-content\\\/uploads\\\/2020\\\/11\\\/Loctite-eci-8120.png\",\"width\":2560,\"height\":2560},{\"@type\":\"BreadcrumbList\",\"@id\":\"https:\\\/\\\/www.tetrachim.com\\\/it\\\/prodotto\\\/loctite-eci-8120-ec\\\/#breadcrumb\",\"itemListElement\":[{\"@type\":\"ListItem\",\"position\":1,\"name\":\"\",\"item\":\"https:\\\/\\\/www.tetrachim.com\\\/it\\\/\"},{\"@type\":\"ListItem\",\"position\":2,\"name\":\"negozio\",\"item\":\"https:\\\/\\\/www.tetrachim.com\\\/it\\\/negozio-2\\\/\"},{\"@type\":\"ListItem\",\"position\":3,\"name\":\"Loctite ECI 8120 E&amp;C\"}]},{\"@type\":\"WebSite\",\"@id\":\"https:\\\/\\\/www.tetrachim.com\\\/it\\\/#website\",\"url\":\"https:\\\/\\\/www.tetrachim.com\\\/it\\\/\",\"name\":\"Tetrachim\",\"description\":\"Rev\u00eatements high-tech\",\"publisher\":{\"@id\":\"https:\\\/\\\/www.tetrachim.com\\\/it\\\/#organization\"},\"potentialAction\":[{\"@type\":\"SearchAction\",\"target\":{\"@type\":\"EntryPoint\",\"urlTemplate\":\"https:\\\/\\\/www.tetrachim.com\\\/it\\\/?s={search_term_string}\"},\"query-input\":{\"@type\":\"PropertyValueSpecification\",\"valueRequired\":true,\"valueName\":\"search_term_string\"}}],\"inLanguage\":\"it-IT\"},{\"@type\":\"Organization\",\"@id\":\"https:\\\/\\\/www.tetrachim.com\\\/it\\\/#organization\",\"name\":\"Tetrachim\",\"url\":\"https:\\\/\\\/www.tetrachim.com\\\/it\\\/\",\"logo\":{\"@type\":\"ImageObject\",\"inLanguage\":\"it-IT\",\"@id\":\"https:\\\/\\\/www.tetrachim.com\\\/it\\\/#\\\/schema\\\/logo\\\/image\\\/\",\"url\":\"https:\\\/\\\/www.tetrachim.com\\\/wp-content\\\/uploads\\\/2020\\\/07\\\/logo-tetrachim.png\",\"contentUrl\":\"https:\\\/\\\/www.tetrachim.com\\\/wp-content\\\/uploads\\\/2020\\\/07\\\/logo-tetrachim.png\",\"width\":244,\"height\":51,\"caption\":\"Tetrachim\"},\"image\":{\"@id\":\"https:\\\/\\\/www.tetrachim.com\\\/it\\\/#\\\/schema\\\/logo\\\/image\\\/\"},\"sameAs\":[\"https:\\\/\\\/x.com\\\/Tetrachim\",\"https:\\\/\\\/www.linkedin.com\\\/company\\\/tetrachim\\\/\"]}]}<\/script>\n<!-- \/ Yoast SEO plugin. -->","yoast_head_json":{"title":"Loctite ECI 8120 E&amp;C - Tetrachim","robots":{"index":"index","follow":"follow","max-snippet":"max-snippet:-1","max-image-preview":"max-image-preview:large","max-video-preview":"max-video-preview:-1"},"canonical":"https:\/\/www.tetrachim.com\/it\/prodotto\/loctite-eci-8120-ec\/","og_locale":"it_IT","og_type":"article","og_title":"Loctite ECI 8120 E&amp;C - Tetrachim","og_description":"LOCTITE ECI 8120 E&amp;C \u00e8 un inchiostro serigrafico con coefficiente di temperatura positivo (PTC) progettato per applicazioni che richiedono riscaldatori autoregolanti. Questo materiale \u00e8 formulato per riscaldarsi rapidamente fino a una specifica temperatura di soglia e poi mantenere una temperatura costante per il dispositivo. La temperatura di autoregolazione dell'inchiostro nudo \u00e8 di circa 120\u00b0C.","og_url":"https:\/\/www.tetrachim.com\/it\/prodotto\/loctite-eci-8120-ec\/","og_site_name":"Tetrachim","article_modified_time":"2026-04-19T05:17:10+00:00","og_image":[{"width":2560,"height":2560,"url":"https:\/\/www.tetrachim.com\/wp-content\/uploads\/2020\/11\/Loctite-eci-8120.png","type":"image\/png"}],"twitter_card":"summary_large_image","twitter_site":"@Tetrachim","schema":{"@context":"https:\/\/schema.org","@graph":[{"@type":"WebPage","@id":"https:\/\/www.tetrachim.com\/it\/prodotto\/loctite-eci-8120-ec\/","url":"https:\/\/www.tetrachim.com\/it\/prodotto\/loctite-eci-8120-ec\/","name":"Loctite ECI 8120 E&amp;C - Tetrachim","isPartOf":{"@id":"https:\/\/www.tetrachim.com\/it\/#website"},"primaryImageOfPage":{"@id":"https:\/\/www.tetrachim.com\/it\/prodotto\/loctite-eci-8120-ec\/#primaryimage"},"image":{"@id":"https:\/\/www.tetrachim.com\/it\/prodotto\/loctite-eci-8120-ec\/#primaryimage"},"thumbnailUrl":"https:\/\/www.tetrachim.com\/wp-content\/uploads\/2020\/11\/Loctite-eci-8120.png","datePublished":"2020-11-13T11:11:35+00:00","dateModified":"2026-04-19T05:17:10+00:00","breadcrumb":{"@id":"https:\/\/www.tetrachim.com\/it\/prodotto\/loctite-eci-8120-ec\/#breadcrumb"},"inLanguage":"it-IT","potentialAction":[{"@type":"ReadAction","target":["https:\/\/www.tetrachim.com\/it\/prodotto\/loctite-eci-8120-ec\/"]}]},{"@type":"ImageObject","inLanguage":"it-IT","@id":"https:\/\/www.tetrachim.com\/it\/prodotto\/loctite-eci-8120-ec\/#primaryimage","url":"https:\/\/www.tetrachim.com\/wp-content\/uploads\/2020\/11\/Loctite-eci-8120.png","contentUrl":"https:\/\/www.tetrachim.com\/wp-content\/uploads\/2020\/11\/Loctite-eci-8120.png","width":2560,"height":2560},{"@type":"BreadcrumbList","@id":"https:\/\/www.tetrachim.com\/it\/prodotto\/loctite-eci-8120-ec\/#breadcrumb","itemListElement":[{"@type":"ListItem","position":1,"name":"","item":"https:\/\/www.tetrachim.com\/it\/"},{"@type":"ListItem","position":2,"name":"negozio","item":"https:\/\/www.tetrachim.com\/it\/negozio-2\/"},{"@type":"ListItem","position":3,"name":"Loctite ECI 8120 E&amp;C"}]},{"@type":"WebSite","@id":"https:\/\/www.tetrachim.com\/it\/#website","url":"https:\/\/www.tetrachim.com\/it\/","name":"Tetrachim","description":"Rev\u00eatements high-tech","publisher":{"@id":"https:\/\/www.tetrachim.com\/it\/#organization"},"potentialAction":[{"@type":"SearchAction","target":{"@type":"EntryPoint","urlTemplate":"https:\/\/www.tetrachim.com\/it\/?s={search_term_string}"},"query-input":{"@type":"PropertyValueSpecification","valueRequired":true,"valueName":"search_term_string"}}],"inLanguage":"it-IT"},{"@type":"Organization","@id":"https:\/\/www.tetrachim.com\/it\/#organization","name":"Tetrachim","url":"https:\/\/www.tetrachim.com\/it\/","logo":{"@type":"ImageObject","inLanguage":"it-IT","@id":"https:\/\/www.tetrachim.com\/it\/#\/schema\/logo\/image\/","url":"https:\/\/www.tetrachim.com\/wp-content\/uploads\/2020\/07\/logo-tetrachim.png","contentUrl":"https:\/\/www.tetrachim.com\/wp-content\/uploads\/2020\/07\/logo-tetrachim.png","width":244,"height":51,"caption":"Tetrachim"},"image":{"@id":"https:\/\/www.tetrachim.com\/it\/#\/schema\/logo\/image\/"},"sameAs":["https:\/\/x.com\/Tetrachim","https:\/\/www.linkedin.com\/company\/tetrachim\/"]}]}},"tiered_pricing_type":"fixed","tiered_pricing_fixed_rules":[],"tiered_pricing_product_settings":{"layout":"default","base_unit_name":{"singular":null,"plural":null},"default_variation":null},"tiered_pricing_minimum_quantity":null,"tiered_pricing_roles_data":[],"tiered_pricing_percentage_rules":[],"_links":{"self":[{"href":"https:\/\/www.tetrachim.com\/it\/wp-json\/wp\/v2\/product\/100572","targetHints":{"allow":["GET"]}}],"collection":[{"href":"https:\/\/www.tetrachim.com\/it\/wp-json\/wp\/v2\/product"}],"about":[{"href":"https:\/\/www.tetrachim.com\/it\/wp-json\/wp\/v2\/types\/product"}],"wp:featuredmedia":[{"embeddable":true,"href":"https:\/\/www.tetrachim.com\/it\/wp-json\/wp\/v2\/media\/89893"}],"wp:attachment":[{"href":"https:\/\/www.tetrachim.com\/it\/wp-json\/wp\/v2\/media?parent=100572"}],"wp:term":[{"taxonomy":"product_brand","embeddable":true,"href":"https:\/\/www.tetrachim.com\/it\/wp-json\/wp\/v2\/product_brand?post=100572"},{"taxonomy":"product_cat","embeddable":true,"href":"https:\/\/www.tetrachim.com\/it\/wp-json\/wp\/v2\/product_cat?post=100572"},{"taxonomy":"product_tag","embeddable":true,"href":"https:\/\/www.tetrachim.com\/it\/wp-json\/wp\/v2\/product_tag?post=100572"}],"curies":[{"name":"wp","href":"https:\/\/api.w.org\/{rel}","templated":true}]}}